{"id":578,"date":"2025-03-01T15:20:08","date_gmt":"2025-03-01T18:20:08","guid":{"rendered":"https:\/\/portal.uern.br\/propeg\/ppgss\/?page_id=578"},"modified":"2025-03-01T15:20:08","modified_gmt":"2025-03-01T18:20:08","slug":"dissertacoes-concluidas-em-2024","status":"publish","type":"page","link":"https:\/\/portal.uern.br\/propeg\/ppgss\/dissertacoes-concluidas-em-2024\/","title":{"rendered":"Disserta\u00e7\u00f5es conclu\u00eddas em 2024"},"content":{"rendered":"<p>DISSERTA\u00c7\u00d5ES CONCLU\u00cdDAS EM 2024<\/p>\n<p><strong><br \/>\nMESTRANDO (A):\u00a0<\/strong>\u00c1lvaro Micael Duarte Fonseca<br \/>\n<strong>ORIENTADOR (A):\u00a0<\/strong>Ellany Gurgel Cosme do Nascimento<br \/>\n<strong>DISSERTA\u00c7\u00c3O CONCLU\u00cdDA:\u00a0<\/strong>PROCESSO DE PERDAS E LUTOS NO PERCURSO DE VIDA DO SUJEITO COM DOEN\u00c7A DE CHAGAS<br \/>\n<strong>DATA DA DEFESA:\u00a0<\/strong>22\/01\/2024<strong><br \/>\n<\/strong><\/p>\n<ul>\n<li><a title=\"Disserta\u00e7\u00e3o\" href=\"http:\/\/www.uern.br\/controledepaginas\/ppgss-dissertacoes-concluidas-em-2024\/arquivos\/7407dissertacao_concluida_alvaro_micael_duarte_fonseca.pdf\" target=\"_blank\" rel=\"noopener\">Trabalho Completo<\/a>\u00a0(Dispon\u00edvel para download)<\/li>\n<\/ul>\n<hr \/>\n<p><strong>MESTRANDO (A):<\/strong>\u00a0Aline Fernandes de Souza Mendes<br \/>\n<strong>ORIENTADOR (A):<\/strong>\u00a0Kalyane Kelly Duarte de Oliveira<br \/>\n<strong>DISSERTA\u00c7\u00c3O CONCLU\u00cdDA:<\/strong>\u00a0Introdu\u00e7\u00e3o de alimentos ultraprocessados para menores de 2 anos e fatores associados<br \/>\n<strong>DATA DA DEFESA:<\/strong>\u00a002\/02\/2024<\/p>\n<ul>\n<li><a title=\"Disserta\u00e7\u00e3o\" href=\"http:\/\/www.uern.br\/controledepaginas\/ppgss-dissertacoes-concluidas-em-2024\/arquivos\/7407dissertacao_concluida_aline_fernandes_de_souza_mendes.pdf\" target=\"_blank\" rel=\"noopener\">Trabalho Completo<\/a>\u00a0(Dispon\u00edvel para download)<\/li>\n<\/ul>\n<hr \/>\n<p><strong>MESTRANDO (A):<\/strong>\u00a0Nara Grazieli Martins Lima<br \/>\n<strong>ORIENTADOR (A):<\/strong>\u00a0Patricia Bittencourt Dutra dos Santos<br \/>\n<strong>DISSERTA\u00c7\u00c3O CONCLU\u00cdDA:\u00a0<\/strong>ALTERA\u00c7\u00d5ES ANGULARES NA TRAJET\u00d3RIA DE CANINOS E PR\u00c9-MOLARES SUPERIORES DE ACORDO COM O EST\u00c1GIO DE DESENVOLVIMENTO DENT\u00c1RIO EM PACIENTES COM E SEM IRRUP\u00c7\u00c3O ECT\u00d3PICA DE CANINO SUPERIOR<br \/>\n<strong>DATA DA DEFESA:<\/strong>\u00a015\/02\/2024<\/p>\n<ul>\n<li><a title=\"Disserta\u00e7\u00e3o\" href=\"http:\/\/www.uern.br\/controledepaginas\/ppgss-dissertacoes-concluidas-em-2024\/arquivos\/7407dissertacao_concluida_nara_grazieli_martins_lima.pdf\" target=\"_blank\" rel=\"noopener\">Trabalho Completo<\/a>\u00a0(Dispon\u00edvel para download)<\/li>\n<\/ul>\n<hr \/>\n<p><strong>MESTRANDO (A):<\/strong>\u00a0Maria do Socorro da Costa In\u00e1cio<br \/>\n<strong>ORIENTADOR (A):<\/strong>\u00a0Ana Clara Soares Paiva Torres<br \/>\n<strong>DISSERTA\u00c7\u00c3O CONCLU\u00cdDA:<\/strong>\u00a0Rela\u00e7\u00e3o entre les\u00f5es n\u00e3o cariosas, alfabetismo em sa\u00fade bucal e n\u00edvel educacional<br \/>\n<strong>DATA DA DEFESA:<\/strong>\u00a020\/02\/2024<\/p>\n<ul>\n<li><a title=\"Disserta\u00e7\u00e3o\" href=\"http:\/\/www.uern.br\/controledepaginas\/ppgss-dissertacoes-concluidas-em-2024\/arquivos\/7407dissertacao_concluida_maria_do_socorro_da_costa_inacio.pdf\" target=\"_blank\" rel=\"noopener\">Trabalho Completo<\/a>\u00a0(Dispon\u00edvel para download)<\/li>\n<\/ul>\n<hr \/>\n<p><strong>MESTRANDO (A):<\/strong>\u00a0Camila Fernandes Maia de Carvalho<br \/>\n<strong>ORIENTADOR (A):<\/strong>\u00a0Gl\u00eabia Alexa Cardoso<br \/>\n<strong>DISSERTA\u00c7\u00c3O CONCLU\u00cdDA:<\/strong>\u00a0RELA\u00c7\u00c3O DA MOTIVA\u00c7\u00c3O E CARGA DE TREINO COM A COMPOSI\u00c7\u00c3O CORPORAL DE PRATICANTES DE TREINAMENTO RESISTIDO<br \/>\n<strong>DATA DA DEFESA:<\/strong>\u00a020\/02\/2024<\/p>\n<ul>\n<li><a title=\"Disserta\u00e7\u00e3o\" href=\"http:\/\/www.uern.br\/controledepaginas\/ppgss-dissertacoes-concluidas-em-2024\/arquivos\/7407dissertacao_concluida_camila_fernandes_maia_de_carvalho.pdf\" target=\"_blank\" rel=\"noopener\">Trabalho Completo<\/a>\u00a0(Dispon\u00edvel para download)<\/li>\n<\/ul>\n<hr \/>\n<p><strong>MESTRANDO (A):<\/strong>\u00a0Erik Vin\u00edcius Martins J\u00e1come<br \/>\n<strong>ORIENTADOR (A):<\/strong>\u00a0Ana Clara Soares Paiva Torres<br \/>\n<strong>DISSERTA\u00c7\u00c3O CONCLU\u00cdDA:\u00a0<\/strong>Avalia\u00e7\u00e3o in vitro do potencial erosivo de bebida energ\u00e9tica modificada por varia\u00e7\u00f5es de c\u00e1lcio sobre o esmalte dent\u00e1rio<br \/>\n<strong>DATA DA DEFESA:<\/strong>\u00a021\/02\/2024<\/p>\n<ul>\n<li><a title=\"Disserta\u00e7\u00e3o\" href=\"http:\/\/www.uern.br\/controledepaginas\/ppgss-dissertacoes-concluidas-em-2024\/arquivos\/7407dissertacao_concluida_erik_vinicius_martins_jacome.pdf\" target=\"_blank\" rel=\"noopener\">Trabalho Completo<\/a>\u00a0(Dispon\u00edvel para download)<\/li>\n<\/ul>\n<hr \/>\n<p><strong>MESTRANDO (A):<\/strong>\u00a0N\u00edvia Samara Dantas de Medeiros<br \/>\n<strong>ORIENTADOR (A):<\/strong>\u00a0Maria Isabel da Concei\u00e7\u00e3o Dias Fernandes<br \/>\n<strong>DISSERTA\u00c7\u00c3O CONCLU\u00cdDA:<\/strong>\u00a0Revis\u00e3o e valida\u00e7\u00e3o do diagn\u00f3stico de enfermagem Risco de fun\u00e7\u00e3o hep\u00e1tica prejudicada em pessoas vivendo com HIV<br \/>\n<strong>DATA DA DEFESA:<\/strong>\u00a021\/02\/2024<\/p>\n<ul>\n<li><a title=\"Disserta\u00e7\u00e3o\" href=\"http:\/\/www.uern.br\/controledepaginas\/ppgss-dissertacoes-concluidas-em-2024\/arquivos\/7407dissertacao_concluida_nivia_samara_dantas_de_medeiros.pdf\" target=\"_blank\" rel=\"noopener\">Trabalho Completo<\/a>\u00a0(Dispon\u00edvel para download)<\/li>\n<\/ul>\n<hr \/>\n<p><strong>MESTRANDO (A):<\/strong>\u00a0Jos\u00e9 Antonio da Silva J\u00fanior<br \/>\n<strong>ORIENTADOR (A):<\/strong>\u00a0Ellany Gurgel Cosme do Nascimento<br \/>\n<strong>DISSERTA\u00c7\u00c3O CONCLU\u00cdDA:\u00a0<\/strong>ASSOCIA\u00c7\u00c3O ENTRE DIAGN\u00d3STICOS DE ENFERMAGEM E FATORES SOCIODEMOGR\u00c1FICOS, CL\u00cdNICOS E DE AUTOCUIDADO EM PESSOAS COM DOEN\u00c7A DE CHAGAS CR\u00d4NICA<br \/>\n<strong>DATA DA DEFESA:<\/strong>\u00a022\/02\/2024<\/p>\n<ul>\n<li><a title=\"Disserta\u00e7\u00e3o\" href=\"http:\/\/www.uern.br\/controledepaginas\/ppgss-dissertacoes-concluidas-em-2024\/arquivos\/7407dissertacao_concluida_jose_antonio_da_silva_junior.pdf\" target=\"_blank\" rel=\"noopener\">Trabalho Completo<\/a>\u00a0(Dispon\u00edvel para download)<\/li>\n<\/ul>\n<hr \/>\n<p><strong>MESTRANDO (A):<\/strong>\u00a0Nicoly Virgolino Caldeira<br \/>\n<strong>ORIENTADOR (A):<\/strong>\u00a0Maria Irany Knackfuss<br \/>\n<strong>DISSERTA\u00c7\u00c3O CONCLU\u00cdDA:<\/strong>\u00a0ESTRAT\u00c9GIA DE SA\u00daDE DA FAM\u00cdLIA NO ALTO SERT\u00c3O PARAIBANO: assist\u00eancia de enfermagem \u00e0 pessoa idosa<br \/>\n<strong>DATA DA DEFESA:<\/strong>\u00a026\/02\/2024<\/p>\n<ul>\n<li><a title=\"Disserta\u00e7\u00e3o\" href=\"http:\/\/www.uern.br\/controledepaginas\/ppgss-dissertacoes-concluidas-em-2024\/arquivos\/7407dissertacao_concluida_nicoly_virgolino_caldeira.pdf\" target=\"_blank\" rel=\"noopener\">Trabalho Completo<\/a>\u00a0(Dispon\u00edvel para download)<\/li>\n<\/ul>\n<hr \/>\n<p><strong>MESTRANDO (A):\u00a0<\/strong>Erica Galdino F\u00e9lix<br \/>\n<strong>ORIENTADOR (A):\u00a0<\/strong>Gl\u00eabia Alexa Cardoso<br \/>\n<strong>DISSERTA\u00c7\u00c3O CONCLU\u00cdDA:\u00a0<\/strong>DESENVOLVIMENTO E VALIDA\u00c7\u00c3O DO SOFTWARE FUNCTIONAL CHECK PARA O TESTE SEATED MEDICINE BALL TRHOW<br \/>\n<strong>DATA DA DEFESA:\u00a0<\/strong>05\/08\/2024<\/p>\n<ul>\n<li><a title=\"Disserta\u00e7\u00e3o\" href=\"https:\/\/drive.google.com\/file\/d\/1Vox0IYjSgi_OI8PTaFCDMZ9czFeToypC\/view?usp=sharing\" target=\"_blank\" rel=\"noopener\">Trabalho Completo<\/a>\u00a0(Dispon\u00edvel para download)<\/li>\n<\/ul>\n<hr \/>\n<p><strong>MESTRANDO (A):\u00a0<\/strong>Adson Gomes dos Santos<br \/>\n<strong>ORIENTADOR (A):\u00a0<\/strong>Fausto Pierdon\u00e1 Guzen<br \/>\n<strong>DISSERTA\u00c7\u00c3O CONCLU\u00cdDA:\u00a0<\/strong>CONHECIMENTO SOBRE O USO E DESCARTE DE EPIs PELOS PROFISSIONAIS DE UNIDADES B\u00c1SICAS DE SA\u00daDE DO RIO GRANDE DO NORTE NA PANDEMIA DA COVID-19: UMA QUEST\u00c3O DE SA\u00daDE PLANET\u00c1RIA<br \/>\n<strong>DATA DA DEFESA:\u00a0<\/strong>27\/08\/2024<\/p>\n<ul>\n<li><a title=\"Disserta\u00e7\u00e3o\" href=\"https:\/\/drive.google.com\/file\/d\/1E7KcoMmppFDmyisZRbttTeqTaIfkdKOk\/view?usp=sharing\" target=\"_blank\" rel=\"noopener\">Trabalho Completo<\/a>\u00a0(Dispon\u00edvel para download)<\/li>\n<\/ul>\n<p><strong>\u00a0<\/strong><\/p>\n","protected":false},"excerpt":{"rendered":"<p>DISSERTA\u00c7\u00d5ES CONCLU\u00cdDAS EM 2024 MESTRANDO (A):\u00a0\u00c1lvaro Micael Duarte Fonseca ORIENTADOR (A):\u00a0Ellany Gurgel Cosme do Nascimento DISSERTA\u00c7\u00c3O CONCLU\u00cdDA:\u00a0PROCESSO DE PERDAS E LUTOS NO PERCURSO DE VIDA DO SUJEITO COM DOEN\u00c7A DE CHAGAS DATA DA DEFESA:\u00a022\/01\/2024 Trabalho Completo\u00a0(Dispon\u00edvel para download) MESTRANDO (A):\u00a0Aline Fernandes de Souza Mendes ORIENTADOR (A):\u00a0Kalyane Kelly Duarte de Oliveira DISSERTA\u00c7\u00c3O CONCLU\u00cdDA:\u00a0Introdu\u00e7\u00e3o de alimentos ultraprocessados [&hellip;]<\/p>\n","protected":false},"author":17,"featured_media":0,"parent":0,"menu_order":0,"comment_status":"closed","ping_status":"closed","template":"","meta":{"footnotes":""},"class_list":["post-578","page","type-page","status-publish","hentry"],"_links":{"self":[{"href":"https:\/\/portal.uern.br\/propeg\/ppgss\/wp-json\/wp\/v2\/pages\/578","targetHints":{"allow":["GET"]}}],"collection":[{"href":"https:\/\/portal.uern.br\/propeg\/ppgss\/wp-json\/wp\/v2\/pages"}],"about":[{"href":"https:\/\/portal.uern.br\/propeg\/ppgss\/wp-json\/wp\/v2\/types\/page"}],"author":[{"embeddable":true,"href":"https:\/\/portal.uern.br\/propeg\/ppgss\/wp-json\/wp\/v2\/users\/17"}],"replies":[{"embeddable":true,"href":"https:\/\/portal.uern.br\/propeg\/ppgss\/wp-json\/wp\/v2\/comments?post=578"}],"version-history":[{"count":1,"href":"https:\/\/portal.uern.br\/propeg\/ppgss\/wp-json\/wp\/v2\/pages\/578\/revisions"}],"predecessor-version":[{"id":579,"href":"https:\/\/portal.uern.br\/propeg\/ppgss\/wp-json\/wp\/v2\/pages\/578\/revisions\/579"}],"wp:attachment":[{"href":"https:\/\/portal.uern.br\/propeg\/ppgss\/wp-json\/wp\/v2\/media?parent=578"}],"curies":[{"name":"wp","href":"https:\/\/api.w.org\/{rel}","templated":true}]}}