{"id":574,"date":"2025-03-01T15:19:00","date_gmt":"2025-03-01T18:19:00","guid":{"rendered":"https:\/\/portal.uern.br\/propeg\/ppgss\/?page_id=574"},"modified":"2025-03-01T15:19:00","modified_gmt":"2025-03-01T18:19:00","slug":"dissertacoes-concluidas-em-2022","status":"publish","type":"page","link":"https:\/\/portal.uern.br\/propeg\/ppgss\/dissertacoes-concluidas-em-2022\/","title":{"rendered":"Disserta\u00e7\u00f5es conclu\u00eddas em 2022"},"content":{"rendered":"<p>DISSERTA\u00c7\u00d5ES CONCLU\u00cdDAS EM 2022<\/p>\n<p><strong>MESTRANDO (A):\u00a0<\/strong>Ra\u00edra Kirlly Cavalcante Bezerra<br \/>\n<strong>ORIENTADOR (A):\u00a0<\/strong>Francisca Patr\u00edcia Barreto de Carvalho<br \/>\n<strong>DISSERTA\u00c7\u00c3O CONCLU\u00cdDA:\u00a0<\/strong>Preval\u00eancia de sarcopenia em idosos e sua correla\u00e7\u00e3o com a ingest\u00e3o de nutrientes diet\u00e9ticos<br \/>\n<strong>DATA DA DEFESA:<\/strong>\u00a020\/01\/2022<strong><br \/>\n<\/strong><\/p>\n<ul>\n<li><a title=\"Disserta\u00e7\u00e3o\" href=\"http:\/\/www.uern.br\/controledepaginas\/ppgss-dissertacoes-concluidas-em-2022\/arquivos\/7405dissertacao_concluida_raira_kirlly_cavalcante_bezerra.pdf\" target=\"_blank\" rel=\"noopener\">Trabalho Completo<\/a>\u00a0(Dispon\u00edvel para download)<\/li>\n<\/ul>\n<hr \/>\n<p><strong>MESTRANDO (A):\u00a0<\/strong>Elo\u00edsa Ces\u00e1rio Fernandes<br \/>\n<strong>ORIENTADOR (A):\u00a0<\/strong>Patr\u00edcia Bittencourt Dutra dos Santos<br \/>\n<strong>DISSERTA\u00c7\u00c3O CONCLU\u00cdDA:\u00a0<\/strong>Associa\u00e7\u00e3o entre hipomineraliza\u00e7\u00e3o molar-incisivo e anomalias dent\u00e1rias<br \/>\n<strong>DATA DA DEFESA:<\/strong>\u00a027\/01\/2022<strong><br \/>\n<\/strong><\/p>\n<ul>\n<li><a title=\"Disserta\u00e7\u00e3o\" href=\"http:\/\/www.uern.br\/controledepaginas\/ppgss-dissertacoes-concluidas-em-2022\/arquivos\/7405dissertacao_concluida_eloisa_cesario_fernandes.pdf\" target=\"_blank\" rel=\"noopener\">Trabalho Completo<\/a>\u00a0(Dispon\u00edvel para download)<\/li>\n<\/ul>\n<hr \/>\n<p><strong>MESTRANDO (A):<\/strong>\u00a0Mauro Bezerra do Nascimento J\u00fanior<br \/>\n<strong>ORIENTADOR\u00a0(A):<\/strong>\u00a0Patr\u00edcia Bittencourt Dutra dos Santos<br \/>\n<strong>DISSERTA\u00c7\u00c3O\u00a0CONCLU\u00cdDA:\u00a0<\/strong>Associa\u00e7\u00e3o entre mesioangula\u00e7\u00e3o de pr\u00e9-molar superior e anomalias dent\u00e1rias<strong><br \/>\nDATA DA DEFESA:\u00a0<\/strong>27\/01\/2022<\/p>\n<ul>\n<li><a title=\"Disserta\u00e7\u00e3o\" href=\"http:\/\/www.uern.br\/controledepaginas\/ppgss-dissertacoes-concluidas-em-2022\/arquivos\/7405dissertacao_concluida_mauro_bezerra_do_nascimento_junior.pdf\" target=\"_blank\" rel=\"noopener\">Trabalho Completo<\/a>\u00a0(Dispon\u00edvel para download)<\/li>\n<\/ul>\n<hr \/>\n<p><strong>MESTRANDO (A):\u00a0<\/strong>Mariana Rosado Maia Jales<br \/>\n<strong>ORIENTADOR\u00a0(A):\u00a0<\/strong>Thales Allyrio Ara\u00fajo de Medeiros Fernandes<br \/>\n<strong>DISSERTA\u00c7\u00c3O CONCLU\u00cdDA:\u00a0<\/strong>EFEITOS DO LINFOTAPING\u00ae NO LINFEDEMA RELACIONADO AO C\u00c2NCER DE MAMA: UM ENSAIO CL\u00cdNICO RANDOMIZADO<br \/>\n<strong>DATA DA DEFESA:\u00a0<\/strong>16\/02\/2022<\/p>\n<ul>\n<li><a title=\"Disserta\u00e7\u00e3o\" href=\"http:\/\/www.uern.br\/controledepaginas\/ppgss-dissertacoes-concluidas-em-2022\/arquivos\/7405dissertacao_concluida_mariana_rosado_maia_jales.pdf\" target=\"_blank\" rel=\"noopener\">Trabalho Completo<\/a>\u00a0(Dispon\u00edvel para download)<\/li>\n<\/ul>\n<hr \/>\n<p><strong>MESTRANDO (A):\u00a0<\/strong>Heloisa Alencar Duarte<br \/>\n<strong>ORIENTADOR (A):\u00a0<\/strong>Lucidio Clebeson de Oliveira<br \/>\n<strong>DISSERTA\u00c7\u00c3O CONCLU\u00cdDA:\u00a0<\/strong>Rela\u00e7\u00e3o entre doen\u00e7as cr\u00f4nicas n\u00e3o transmiss\u00edveis, estado nutricional e n\u00edvel de independ\u00eancia em idosos do munic\u00edpio de Mossor\u00f3\/RN<br \/>\n<strong>DATA DA DEFESA:\u00a0DATA DA DEFESA:\u00a0<\/strong>20\/02\/2022<\/p>\n<ul>\n<li><a title=\"Disserta\u00e7\u00e3o\" href=\"http:\/\/www.uern.br\/controledepaginas\/ppgss-dissertacoes-concluidas-em-2022\/arquivos\/7405dissertacao_concluida_heloisa_alencar_duarte.pdf\" target=\"_blank\" rel=\"noopener\">Trabalho Completo<\/a>\u00a0(Dispon\u00edvel para download)<\/li>\n<\/ul>\n<hr \/>\n<p><strong>MESTRANDO (A):\u00a0<\/strong>Jean Michel Regis Mendes<br \/>\n<strong>ORIENTADOR (A):\u00a0<\/strong>Isabela Pinheiro Cavalcanti Lima<br \/>\n<strong>DISSERTA\u00c7\u00c3O CONCLU\u00cdDA:\u00a0<\/strong>Preval\u00eancia da disfun\u00e7\u00e3o temporomandibular e qualidade de vida durante a pandemia de COVID-19: estudo transversal<br \/>\n<strong>DATA DA DEFESA:\u00a0<\/strong>22\/02\/2022<\/p>\n<ul>\n<li><a title=\"Disserta\u00e7\u00e3o\" href=\"http:\/\/www.uern.br\/controledepaginas\/ppgss-dissertacoes-concluidas-em-2022\/arquivos\/7405dissertacao_concluida_jean_michel_regis_mendes.pdf\" target=\"_blank\" rel=\"noopener\">Trabalho Completo<\/a>\u00a0(Dispon\u00edvel para download)<\/li>\n<\/ul>\n<hr \/>\n<p><strong>MESTRANDO (A):\u00a0<\/strong>Vanessa de Paiva Melo<br \/>\n<strong>ORIENTADOR (A):\u00a0<\/strong>Maria Irany Knackfuss<br \/>\n<strong>DISSERTA\u00c7\u00c3O CONCLU\u00cdDA:\u00a0<\/strong>Fatores cardiometab\u00f3licos, antropom\u00e9tricos, consumo alimentar, marcadores bioqu\u00edmicos de idosas ativas submetidas a uma educa\u00e7\u00e3o nutricional<br \/>\n<strong>DATA DA DEFESA:\u00a0<\/strong>03\/03\/2022<\/p>\n<ul>\n<li><a title=\"Disserta\u00e7\u00e3o\" href=\"http:\/\/www.uern.br\/controledepaginas\/ppgss-dissertacoes-concluidas-em-2022\/arquivos\/7405dissertacao_concluida_vanessa_de_paiva_melo.pdf\" target=\"_blank\" rel=\"noopener\">Trabalho Completo<\/a>\u00a0(Dispon\u00edvel para download)<\/li>\n<\/ul>\n<hr \/>\n<p><strong>MESTRANDO (A):\u00a0<\/strong>Marcela Lopes Bezerra Freire<br \/>\n<strong>ORIENTADOR (A):\u00a0<\/strong>Maria Irany Knackfuss<br \/>\n<strong>DISSERTA\u00c7\u00c3O CONCLU\u00cdDA:\u00a0<\/strong>COMPULS\u00c3O ALIMENTAR EM MULHERES COM SOBREPESO E OBESIDADE: An\u00e1lise dos indicadores de sa\u00fade e qualidade de vida<br \/>\n<strong>DATA DA DEFESA:\u00a0<\/strong>23\/02\/2022<\/p>\n<ul>\n<li><a title=\"Disserta\u00e7\u00e3o\" href=\"http:\/\/www.uern.br\/controledepaginas\/ppgss-dissertacoes-concluidas-em-2022\/arquivos\/7405dissertacao_concluida_marcela_lopes_bezerra_freire.pdf\" target=\"_blank\" rel=\"noopener\">Trabalho Completo<\/a>\u00a0(Dispon\u00edvel para download)<\/li>\n<\/ul>\n<hr \/>\n<p><strong>MESTRANDO (A):\u00a0<\/strong>Leonel Francisco de Oliveira Freire<br \/>\n<strong>ORIENTADOR (A):\u00a0<\/strong>Isabela Pinheiro Cavalcanti Lima<br \/>\n<strong>DISSERTA\u00c7\u00c3O CONCLU\u00cdDA:\u00a0<\/strong>Repercuss\u00f5es oromotoras e o comportamento alimentar no autismo<br \/>\n<strong>DATA DA DEFESA:\u00a0<\/strong>24\/02\/2022<\/p>\n<ul>\n<li><a title=\"Disserta\u00e7\u00e3o\" href=\"http:\/\/www.uern.br\/controledepaginas\/ppgss-dissertacoes-concluidas-em-2022\/arquivos\/7405dissertacao_concluida_leonel_francisco_de_oliveira_freire.pdf\" target=\"_blank\" rel=\"noopener\">Trabalho Completo<\/a>\u00a0(Dispon\u00edvel para download)<\/li>\n<\/ul>\n<hr \/>\n<p><strong>MESTRANDO (A):\u00a0<\/strong>Luzia Cibele de Souza Maximiano<br \/>\n<strong>ORIENTADOR (A):\u00a0<\/strong>Alcivan Nunes Vieira<br \/>\n<strong>DISSERTA\u00c7\u00c3O CONCLU\u00cdDA:\u00a0<\/strong>GRAVIDADE CL\u00cdNICA E GRAU DE DEPEND\u00caNCIA DE CUIDADOS DE ENFERMAGEM EM PACIENTES TRANSFERIDOS DA UNIDADE DE TERAPIA INTENSIVA PARA AS DEMAIS UNIDADES DE INTERNA\u00c7\u00c3O HOSPITALAR<br \/>\n<strong>DATA DA DEFESA:\u00a0<\/strong>22\/08\/2022<\/p>\n<ul>\n<li><a title=\"Disserta\u00e7\u00e3o\" href=\"http:\/\/www.uern.br\/controledepaginas\/ppgss-dissertacoes-concluidas-em-2022\/arquivos\/7405dissertacao_concluida_luzia_cibele_de_souza_maximiano.pdf\" target=\"_blank\" rel=\"noopener\">Trabalho Completo<\/a>\u00a0(Dispon\u00edvel para download)<\/li>\n<\/ul>\n<hr \/>\n<p><strong>MESTRANDO (A):\u00a0<\/strong>Ezequiel Soares da Silva<br \/>\n<strong>ORIENTADOR (A):\u00a0<\/strong>Adalberto Veronese da Costa<br \/>\n<strong>DISSERTA\u00c7\u00c3O CONCLU\u00cdDA:\u00a0<\/strong>DESENVOLVIMENTO E VALIDA\u00c7\u00c3O DE UM DISPOSITIVO DE ELETROMIOGRAFIA WIRELESS DE BAIXO CUSTO<br \/>\n<strong>DATA DA DEFESA:\u00a0<\/strong>25\/08\/2022<\/p>\n<ul>\n<li><a title=\"Disserta\u00e7\u00e3o\" href=\"http:\/\/www.uern.br\/controledepaginas\/ppgss-dissertacoes-concluidas-em-2022\/arquivos\/7405dissertacao_concluida_ezequiel_soares_da_silva.pdf\" target=\"_blank\" rel=\"noopener\">Trabalho Completo<\/a>\u00a0(Dispon\u00edvel para download)<\/li>\n<\/ul>\n<hr \/>\n<p><strong>MESTRANDO (A):\u00a0<\/strong>Priscilla Ferreira Lemos<br \/>\n<strong>ORIENTADOR (A):\u00a0<\/strong>Francisca Patr\u00edcia Barreto de Carvalho<br \/>\n<strong>DISSERTA\u00c7\u00c3O CONCLU\u00cdDA:\u00a0<\/strong>Aplica\u00e7\u00e3o de um programa de exerc\u00edcios multissensoriais e suas repercuss\u00f5es na funcionalidade de idosos<br \/>\n<strong>DATA DA DEFESA:\u00a0<\/strong>29\/08\/2022<\/p>\n<ul>\n<li><a title=\"Disserta\u00e7\u00e3o\" href=\"http:\/\/www.uern.br\/controledepaginas\/ppgss-dissertacoes-concluidas-em-2022\/arquivos\/7405dissertacao_concluida_priscilla_ferreira_lemos.pdf\" target=\"_blank\" rel=\"noopener\">Trabalho Completo<\/a>\u00a0(Dispon\u00edvel para download)<\/li>\n<\/ul>\n<hr \/>\n<p><strong>MESTRANDO (A):\u00a0<\/strong>Elihab Pereira Gomes<br \/>\n<strong>ORIENTADOR (A):\u00a0<\/strong>Jos\u00e9 Rodolfo Lopes de Paiva Cavalcanti<br \/>\n<strong>DISSERTA\u00c7\u00c3O CONCLU\u00cdDA:\u00a0<\/strong>PERFIL DOS INTERNOS DE UM HOSPITAL PSIQUI\u00c1TRICO, NO RECORTE TEMPORAL ENTRE 2014 E 2018, NO MUNIC\u00cdPIO DE MOSSOR\u00d3\/RN<br \/>\n<strong>DATA DA DEFESA:\u00a0<\/strong>30\/08\/2022<\/p>\n<ul>\n<li><a title=\"Disserta\u00e7\u00e3o\" href=\"http:\/\/www.uern.br\/controledepaginas\/ppgss-dissertacoes-concluidas-em-2022\/arquivos\/7405dissertacao_concluida_elihab_pereira_gomes.pdf\" target=\"_blank\" rel=\"noopener\">Trabalho Completo<\/a>\u00a0(Dispon\u00edvel para download)<\/li>\n<\/ul>\n<hr \/>\n<p><strong>MESTRANDO (A):\u00a0<\/strong>Francisco Medeiros de Azevedo Filho<br \/>\n<strong>ORIENTADOR (A):\u00a0<\/strong>Ivana Alice Teixeira Fonseca<br \/>\n<strong>DISSERTA\u00c7\u00c3O CONCLU\u00cdDA:\u00a0<\/strong>Efeitos da dieta com diferentes fontes lip\u00eddicas associada ao treinamento f\u00edsico no aprendizado, na mem\u00f3ria e na ansiedade<br \/>\n<strong>DATA DA DEFESA:\u00a0<\/strong>30\/08\/2022<\/p>\n<ul>\n<li><a title=\"Disserta\u00e7\u00e3o\" href=\"http:\/\/www.uern.br\/controledepaginas\/ppgss-dissertacoes-concluidas-em-2022\/arquivos\/7405dissertacao_concluida_francisco_medeiros_de_azevedo_filho.pdf\" target=\"_blank\" rel=\"noopener\">Trabalho Completo<\/a>\u00a0(Dispon\u00edvel para download)<\/li>\n<\/ul>\n<hr \/>\n<p><strong>MESTRANDO (A):\u00a0<\/strong>Patr\u00edcia Raquel Gurgel Leite Marinho<br \/>\n<strong>ORIENTADOR (A):\u00a0<\/strong>Janieiry Lima de Araujo<br \/>\n<strong>DISSERTA\u00c7\u00c3O CONCLU\u00cdDA:\u00a0<\/strong>Atua\u00e7\u00e3o dos Agentes Comunit\u00e1rios de Sa\u00fade na Pandemia da Covid19: a realidade de um munic\u00edpio do Nordeste brasileiro<br \/>\n<strong>DATA DA DEFESA:\u00a0<\/strong>20\/12\/2022<\/p>\n<ul>\n<li><a title=\"Disserta\u00e7\u00e3o\" href=\"http:\/\/www.uern.br\/controledepaginas\/ppgss-dissertacoes-concluidas-em-2022\/arquivos\/7405dissertacao_concluida_patricia_raquel_gurgel_leite_marinho.pdf\" target=\"_blank\" rel=\"noopener\">Trabalho Completo<\/a>\u00a0(Dispon\u00edvel para download)<\/li>\n<\/ul>\n","protected":false},"excerpt":{"rendered":"<p>DISSERTA\u00c7\u00d5ES CONCLU\u00cdDAS EM 2022 MESTRANDO (A):\u00a0Ra\u00edra Kirlly Cavalcante Bezerra ORIENTADOR (A):\u00a0Francisca Patr\u00edcia Barreto de Carvalho DISSERTA\u00c7\u00c3O CONCLU\u00cdDA:\u00a0Preval\u00eancia de sarcopenia em idosos e sua correla\u00e7\u00e3o com a ingest\u00e3o de nutrientes diet\u00e9ticos DATA DA DEFESA:\u00a020\/01\/2022 Trabalho Completo\u00a0(Dispon\u00edvel para download) MESTRANDO (A):\u00a0Elo\u00edsa Ces\u00e1rio Fernandes ORIENTADOR (A):\u00a0Patr\u00edcia Bittencourt Dutra dos Santos DISSERTA\u00c7\u00c3O CONCLU\u00cdDA:\u00a0Associa\u00e7\u00e3o entre hipomineraliza\u00e7\u00e3o molar-incisivo e anomalias dent\u00e1rias [&hellip;]<\/p>\n","protected":false},"author":17,"featured_media":0,"parent":0,"menu_order":0,"comment_status":"closed","ping_status":"closed","template":"","meta":{"footnotes":""},"class_list":["post-574","page","type-page","status-publish","hentry"],"_links":{"self":[{"href":"https:\/\/portal.uern.br\/propeg\/ppgss\/wp-json\/wp\/v2\/pages\/574","targetHints":{"allow":["GET"]}}],"collection":[{"href":"https:\/\/portal.uern.br\/propeg\/ppgss\/wp-json\/wp\/v2\/pages"}],"about":[{"href":"https:\/\/portal.uern.br\/propeg\/ppgss\/wp-json\/wp\/v2\/types\/page"}],"author":[{"embeddable":true,"href":"https:\/\/portal.uern.br\/propeg\/ppgss\/wp-json\/wp\/v2\/users\/17"}],"replies":[{"embeddable":true,"href":"https:\/\/portal.uern.br\/propeg\/ppgss\/wp-json\/wp\/v2\/comments?post=574"}],"version-history":[{"count":1,"href":"https:\/\/portal.uern.br\/propeg\/ppgss\/wp-json\/wp\/v2\/pages\/574\/revisions"}],"predecessor-version":[{"id":575,"href":"https:\/\/portal.uern.br\/propeg\/ppgss\/wp-json\/wp\/v2\/pages\/574\/revisions\/575"}],"wp:attachment":[{"href":"https:\/\/portal.uern.br\/propeg\/ppgss\/wp-json\/wp\/v2\/media?parent=574"}],"curies":[{"name":"wp","href":"https:\/\/api.w.org\/{rel}","templated":true}]}}