{"id":572,"date":"2025-03-01T15:18:27","date_gmt":"2025-03-01T18:18:27","guid":{"rendered":"https:\/\/portal.uern.br\/propeg\/ppgss\/?page_id=572"},"modified":"2025-03-01T15:18:27","modified_gmt":"2025-03-01T18:18:27","slug":"dissertacoes-concluidas-em-2021","status":"publish","type":"page","link":"https:\/\/portal.uern.br\/propeg\/ppgss\/dissertacoes-concluidas-em-2021\/","title":{"rendered":"Disserta\u00e7\u00f5es conclu\u00eddas em 2021"},"content":{"rendered":"<p>DISSERTA\u00c7\u00d5ES CONCLU\u00cdDAS EM 2021<\/p>\n<p><strong>MESTRANDO (A):\u00a0<\/strong>Ana Katarina Dias de Oliveira<br \/>\n<strong>ORIENTADOR (A):\u00a0<\/strong>Kalyane Kelly Duarte de Oliveira<br \/>\n<strong>DISSERTA\u00c7\u00c3O CONCLU\u00cdDA:\u00a0<\/strong>Uso de Plantas Medicinais e Fitoter\u00e1picos no Clim\u00e1t\u00e9rio e Menopausa<br \/>\n<strong>DATA DA DEFESA:<\/strong>\u00a029\/01\/2021<strong><br \/>\n<\/strong><\/p>\n<ul>\n<li><a title=\"Disserta\u00e7\u00e3o conclu\u00edda\" href=\"http:\/\/www.uern.br\/controledepaginas\/ppgss-dissertacoes-concluidas-2021\/arquivos\/6369dissertaa\u00a7a\u00a3o_conclua\u00adda_ana_katarina_dias_de_oliveira.pdf\" target=\"_blank\" rel=\"noopener\">Trabalho Completo<\/a>\u00a0(Dispon\u00edvel para download)<\/li>\n<\/ul>\n<hr \/>\n<p><strong>MESTRANDO (A):\u00a0<\/strong>Jackeline de Freitas Costa<br \/>\n<strong>ORIENTADOR (A):\u00a0<\/strong>Isabel Cristina Amaral de Sousa Rosso Nelson<br \/>\n<strong>DISSERTA\u00c7\u00c3O CONCLU\u00cdDA:\u00a0<\/strong>TENDA DO ABRA\u00c7O: Uma metodologia de cuidado guiada pelo afeto<br \/>\n<strong>DATA DA DEFESA:<\/strong>\u00a022\/02\/2021<strong><br \/>\n<\/strong><\/p>\n<ul>\n<li><a title=\"Disserta\u00e7\u00e3o conclu\u00edda\" href=\"http:\/\/www.uern.br\/controledepaginas\/ppgss-dissertacoes-concluidas-2021\/arquivos\/6369dissertaa\u00a7a\u00a3o_conclua\u00adda_jackeline_de_freitas_costa.pdf\" target=\"_blank\" rel=\"noopener\">Trabalho Completo<\/a>\u00a0(Dispon\u00edvel para download)<\/li>\n<\/ul>\n<hr \/>\n<p><strong>MESTRANDO (A):\u00a0<\/strong>Dennis Costa Furtado<br \/>\n<strong>ORIENTADOR (A):\u00a0<\/strong>Mic\u00e1ssio Fernandes de Andrade<br \/>\n<strong>DISSERTA\u00c7\u00c3O CONCLU\u00cdDA:\u00a0<\/strong>AVALIA\u00c7\u00c3O DOS N\u00cdVEIS DE C\u00c9LULAS TCD4+ E TCD8+, CARGA VIRAL E DE PAR\u00c2METROS METAB\u00d3LICOS EM PESSOAS VIVENDO COM HIV UTILIZANDO A MEDITA\u00c7\u00c3O COMO PR\u00c1TICA INTEGRATIVA E COMPLEMENTAR EM SA\u00daDE EM PER\u00cdODO PAND\u00caMICO<br \/>\n<strong>DATA DA DEFESA:<\/strong>\u00a025\/02\/2021<strong><br \/>\n<\/strong><\/p>\n<ul>\n<li><a title=\"Disserta\u00e7\u00e3o conclu\u00edda\" href=\"http:\/\/www.uern.br\/controledepaginas\/ppgss-dissertacoes-concluidas-2021\/arquivos\/6369dissertaa\u00a7a\u00a3o_conclua\u00adda_dennis_costa_furtado.pdf\" target=\"_blank\" rel=\"noopener\">Trabalho Completo<\/a>\u00a0(Dispon\u00edvel para download)<\/li>\n<\/ul>\n<hr \/>\n<p><strong>MESTRANDO (A):\u00a0<\/strong>Grin\u00e1uria de Sousa Maia Porto<br \/>\n<strong>ORIENTADOR (A):\u00a0<\/strong>Cl\u00e9ber de Mesquita Andrade<br \/>\n<strong>DISSERTA\u00c7\u00c3O CONCLU\u00cdDA:\u00a0<\/strong>PREVAL\u00caNCIA DA COINFEC\u00c7\u00c3O DO Trypanosoma cruzi EM PACIENTES COM HIV EM UMA UNIDADE DE REFER\u00caNCIA NA MESORREGI\u00c3O DO ESTADO DO RIO GRANDE DO NORTE<br \/>\n<strong>DATA DA DEFESA:<\/strong>\u00a025\/02\/2021<strong><br \/>\n<\/strong><\/p>\n<ul>\n<li><a title=\"Disserta\u00e7\u00e3o conclu\u00edda\" href=\"http:\/\/www.uern.br\/controledepaginas\/ppgss-dissertacoes-concluidas-2021\/arquivos\/6369dissertaa\u00a7a\u00a3o_conclua\u00adda_grinauria_de_sousa_maia_porto.pdf\" target=\"_blank\" rel=\"noopener\">Trabalho Completo<\/a>\u00a0(Dispon\u00edvel para download)<\/li>\n<\/ul>\n<hr \/>\n<p><strong>MESTRANDO (A):\u00a0<\/strong>Allan Frederico Medeiros da Silva<br \/>\n<strong>ORIENTADOR (A):\u00a0<\/strong>Maria Irany Knackfuss<br \/>\n<strong>DISSERTA\u00c7\u00c3O CONCLU\u00cdDA:\u00a0<\/strong>Capacidade funcional, hipertrofia e indicadores bioqu\u00edmicos de idosas submetidas ao treinamento resistido com oclus\u00e3o vascular<br \/>\n<strong>DATA DA DEFESA:<\/strong>\u00a027\/02\/2021<strong><br \/>\n<\/strong><\/p>\n<ul>\n<li>Trabalho Completo\u00a0(Dispon\u00edvel para download)<\/li>\n<\/ul>\n<hr \/>\n<p><strong>MESTRANDO (A):\u00a0<\/strong>Isabeline Maria de G\u00f3is Mendes Oliveira<br \/>\n<strong>ORIENTADOR (A):\u00a0<\/strong>Fausto Pierdon\u00e1 Guzen<br \/>\n<strong>DISSERTA\u00c7\u00c3O CONCLU\u00cdDA:\u00a0<\/strong>Avalia\u00e7\u00e3o da sa\u00fade mental de sacerdotes do Rio Grande do Norte<br \/>\n<strong>DATA DA DEFESA:<\/strong>\u00a026\/02\/2021<strong><br \/>\n<\/strong><\/p>\n<ul>\n<li><a title=\"Disserta\u00e7\u00e3o conclu\u00edda\" href=\"http:\/\/www.uern.br\/controledepaginas\/ppgss-dissertacoes-concluidas-2021\/arquivos\/6369dissertaa\u00a7a\u00a3o_conclua\u00adda_isabeline_maria_de_gois_mendes_oliveira.pdf\" target=\"_blank\" rel=\"noopener\">Trabalho Completo<\/a>\u00a0(Dispon\u00edvel para download)<\/li>\n<\/ul>\n<hr \/>\n<p><strong>MESTRANDO (A):\u00a0<\/strong>Ricardo dos Santos Cirilo<br \/>\n<strong>ORIENTADOR (A):\u00a0<\/strong>Fausto Pierdon\u00e1 Guzen<br \/>\n<strong>DISSERTA\u00c7\u00c3O CONCLU\u00cdDA:\u00a0<\/strong>Avalia\u00e7\u00e3o da sa\u00fade mental de sacerdotes do Rio Grande do Norte e o uso de medicamentos<br \/>\n<strong>DATA DA DEFESA:<\/strong>\u00a026\/02\/2021<strong><br \/>\n<\/strong><\/p>\n<ul>\n<li><a title=\"Disserta\u00e7\u00e3o conclu\u00edda\" href=\"http:\/\/www.uern.br\/controledepaginas\/ppgss-dissertacoes-concluidas-2021\/arquivos\/6369dissertaa\u00a7a\u00a3o_conclua\u00adda_ricardo_dos_santos_cirilo.pdf\" target=\"_blank\" rel=\"noopener\">Trabalho Completo<\/a>\u00a0(Dispon\u00edvel para download)<\/li>\n<\/ul>\n<hr \/>\n<p><strong>MESTRANDO (A):\u00a0<\/strong>Ayslon Ayron Paulino<br \/>\n<strong>ORIENTADOR (A):\u00a0<\/strong>Isabela Pinheiro Cavalcanti Lima<br \/>\n<strong>DISSERTA\u00c7\u00c3O CONCLU\u00cdDA:\u00a0<\/strong>Citologia esfoliativa como m\u00e9todo auxiliar no diagn\u00f3stico de c\u00e2ncer de cavidade oral<br \/>\n<strong>DATA DA DEFESA:<\/strong>\u00a022\/03\/2021<strong><br \/>\n<\/strong><\/p>\n<ul>\n<li>Trabalho Completo\u00a0(Dispon\u00edvel para download)<\/li>\n<\/ul>\n<hr \/>\n<p><strong>MESTRANDO (A):\u00a0<\/strong>Lucas Richter de Oliveira Dantas<br \/>\n<strong>ORIENTADOR (A):\u00a0<\/strong>H\u00e9cio Henrique Ara\u00fajo de Morais<br \/>\n<strong>DISSERTA\u00c7\u00c3O CONCLU\u00cdDA:\u00a0<\/strong>Ac\u00famulo de biofilme oral e fatores associados em pacientes hospitalizados<br \/>\n<strong>DATA DA DEFESA:<\/strong>\u00a026\/03\/2021<strong><br \/>\n<\/strong><\/p>\n<ul>\n<li><a title=\"Disserta\u00e7\u00e3o conclu\u00edda\" href=\"http:\/\/www.uern.br\/controledepaginas\/ppgss-dissertacoes-concluidas-2021\/arquivos\/6369dissertaa\u00a7a\u00a3o_conclua\u00adda_lucas_richter_de_oliveira_dantas.pdf\" target=\"_blank\" rel=\"noopener\">Trabalho Completo<\/a>\u00a0(Dispon\u00edvel para download)<\/li>\n<\/ul>\n<hr \/>\n<p><strong>MESTRANDO (A):\u00a0<\/strong>Arydyjany Gon\u00e7alves Nascimento<br \/>\n<strong>ORIENTADOR (A):\u00a0<\/strong>Francisca Patr\u00edcia Barreto de Carvalho<br \/>\n<strong>DISSERTA\u00c7\u00c3O CONCLU\u00cdDA:\u00a0<\/strong>Constru\u00e7\u00e3o e valida\u00e7\u00e3o de tecnologia educacional sobre hansen\u00edase para o autocuidado em idosos<br \/>\n<strong>DATA DA DEFESA:<\/strong>\u00a031\/03\/2021<strong><br \/>\n<\/strong><\/p>\n<ul>\n<li><a title=\"Disserta\u00e7\u00e3o conclu\u00edda\" href=\"http:\/\/www.uern.br\/controledepaginas\/ppgss-dissertacoes-concluidas-2021\/arquivos\/6369dissertaa\u00a7a\u00a3o_conclua\u00adda_arydyjany_goncalves_nascimento.pdf\" target=\"_blank\" rel=\"noopener\">Trabalho Completo<\/a>\u00a0(Dispon\u00edvel para download)<\/li>\n<\/ul>\n<hr \/>\n<p><strong>MESTRANDO (A):\u00a0<\/strong>Jorge Luis Torres J\u00fanior<br \/>\n<strong>ORIENTADOR (A):\u00a0<\/strong>Ivana Alice Teixeira Fonseca<br \/>\n<strong>DISSERTA\u00c7\u00c3O CONCLU\u00cdDA:\u00a0<\/strong>Fatores sociodemogr\u00e1ficos e comportamentais associados a obesidade, hipertens\u00e3o e diabetes: um estudo temporal<br \/>\n<strong>DATA DA DEFESA:<\/strong>\u00a001\/06\/2021<strong><br \/>\n<\/strong><\/p>\n<ul>\n<li><a title=\"Disserta\u00e7\u00e3o\" href=\"http:\/\/www.uern.br\/controledepaginas\/ppgss-dissertacoes-concluidas-em-2021\/arquivos\/6369dissertacao_concluida_jorge_luis_torres_junior.pdf\" target=\"_blank\" rel=\"noopener\">Trabalho Completo<\/a>\u00a0(Dispon\u00edvel para download)<\/li>\n<\/ul>\n<hr \/>\n<p><strong>MESTRANDO (A):\u00a0<\/strong>Janielma Azevedo Silva<br \/>\n<strong>ORIENTADOR (A):\u00a0<\/strong>H\u00e9cio Henrique Ara\u00fajo de Morais<br \/>\n<strong>DISSERTA\u00c7\u00c3O CONCLU\u00cdDA:\u00a0<\/strong>Estudo comparativo das altera\u00e7\u00f5es hemodin\u00e2micas entre o diazepam e o midazolam frente \u00e0 t\u00e9cnica de seda\u00e7\u00e3o consciente em extra\u00e7\u00f5es dent\u00e1rias: uma revis\u00e3o sistem\u00e1tica de ensaios cl\u00ednicos randomizados<br \/>\n<strong>DATA DA DEFESA:<\/strong>\u00a020\/08\/2021<strong><br \/>\n<\/strong><\/p>\n<ul>\n<li><a title=\"Disserta\u00e7\u00e3o\" href=\"http:\/\/www.uern.br\/controledepaginas\/ppgss-dissertacoes-concluidas-em-2021\/arquivos\/6369dissertacao_concluida_janielma_azevedo_silva.pdf\" target=\"_blank\" rel=\"noopener\">Trabalho Completo<\/a>\u00a0(Dispon\u00edvel para download)<\/li>\n<\/ul>\n<hr \/>\n<p><strong>MESTRANDO (A):\u00a0<\/strong>Liebson Henrique Bezerra Lopes<br \/>\n<strong>ORIENTADOR (A):\u00a0<\/strong>Adalberto Veronese da Costa<br \/>\n<strong>DISSERTA\u00c7\u00c3O CONCLU\u00cdDA:\u00a0<\/strong>Fluxo ventilat\u00f3rio por telemetria: desenvolvimento e valida\u00e7\u00e3o de um sistema de medi\u00e7\u00e3o<br \/>\n<strong>DATA DA DEFESA:<\/strong>\u00a027\/08\/2021<strong><br \/>\n<\/strong><\/p>\n<ul>\n<li><a title=\"Disserta\u00e7\u00e3o\" href=\"http:\/\/www.uern.br\/controledepaginas\/ppgss-dissertacoes-concluidas-em-2021\/arquivos\/6369dissertacao_concluida_liebson_henrique_bezerra_lopes.pdf\" target=\"_blank\" rel=\"noopener\">Trabalho Completo<\/a>\u00a0(Dispon\u00edvel para download)<\/li>\n<\/ul>\n<hr \/>\n<p><strong>MESTRANDO (A):\u00a0<\/strong>Danielle Christina Lino Leal<br \/>\n<strong>ORIENTADOR (A):\u00a0<\/strong>Isabela Pinheiro Cavalcanti Lima<br \/>\n<strong>DISSERTA\u00c7\u00c3O CONCLU\u00cdDA:\u00a0<\/strong>Autopercep\u00e7\u00e3o, condi\u00e7\u00f5es de sa\u00fade bucal e o impacto na qualidade de vida de universit\u00e1rios contemplados pela assist\u00eancia estudantil<br \/>\n<strong>DATA DA DEFESA:<\/strong>\u00a030\/08\/2021<strong><br \/>\n<\/strong><\/p>\n<ul>\n<li><a title=\"Disserta\u00e7\u00e3o\" href=\"http:\/\/www.uern.br\/controledepaginas\/ppgss-dissertacoes-concluidas-em-2021\/arquivos\/6369dissertacao_concluida_danielle_christina_lino_leal.pdf\" target=\"_blank\" rel=\"noopener\">Trabalho Completo<\/a>\u00a0(Dispon\u00edvel para download)<\/li>\n<\/ul>\n<hr \/>\n<p><strong>MESTRANDO (A):\u00a0<\/strong>Rita de C\u00e1ssia da Silva Medeiros<br \/>\n<strong>ORIENTADOR (A):\u00a0<\/strong>Ellany Gurgel Cosme do Nascimento<br \/>\n<strong>DISSERTA\u00c7\u00c3O CONCLU\u00cdDA:\u00a0<\/strong>Incid\u00eancia da s\u00edndrome de burnout em profissionais e trabalhadores da sa\u00fade que est\u00e3o atuando na linha de frente de combate a pandemia COVID-19<br \/>\n<strong>DATA DA DEFESA:<\/strong>\u00a031\/08\/2021<\/p>\n<ul>\n<li><a title=\"Disserta\u00e7\u00e3o\" href=\"http:\/\/www.uern.br\/controledepaginas\/ppgss-dissertacoes-concluidas-em-2021\/arquivos\/6369dissertacao_concluida_rita_de_cassia_da_silva_medeiros.pdf\" target=\"_blank\" rel=\"noopener\">Trabalho Completo<\/a>\u00a0(Dispon\u00edvel para download)<\/li>\n<\/ul>\n<hr \/>\n<p><strong>MESTRANDO (A):\u00a0<\/strong>Kalianna Pereira de Fran\u00e7a<br \/>\n<strong>ORIENTADOR (A):\u00a0<\/strong>Isabela Pinheiro Cavalcanti Lima<br \/>\n<strong>DISSERTA\u00c7\u00c3O CONCLU\u00cdDA:\u00a0Influ\u00eancia da condi\u00e7\u00e3o bucal no estado nutricional de idosos: um estudo transversal<\/strong><br \/>\n<strong>DATA DA DEFESA:<\/strong>\u00a031\/08\/2021<\/p>\n<ul>\n<li><a title=\"Disserta\u00e7\u00e3o\" href=\"http:\/\/www.uern.br\/controledepaginas\/ppgss-dissertacoes-concluidas-em-2021\/arquivos\/6369dissertacao_concluida_kalianna_pereira_de_franca.pdf\" target=\"_blank\" rel=\"noopener\">Trabalho Completo<\/a>\u00a0(Dispon\u00edvel para download)<\/li>\n<\/ul>\n<hr \/>\n<p><strong>MESTRANDO (A):\u00a0<\/strong>Kleber Luiz da Fonseca Azevedo<br \/>\n<strong>ORIENTADOR (A):\u00a0<\/strong>Eudes Euler de Souza Lucena<br \/>\n<strong>DISSERTA\u00c7\u00c3O CONCLU\u00cdDA:\u00a0<\/strong>Efic\u00e1cia do \u00e1cido asc\u00f3rbico como terapia adjuvante no tratamento de anemia em doentes renais cr\u00f4nicos em hemodi\u00e1lise<br \/>\n<strong>DATA DA DEFESA:<\/strong>\u00a030\/09\/2021<\/p>\n<ul>\n<li><a title=\"Disserta\u00e7\u00e3o\" href=\"http:\/\/www.uern.br\/controledepaginas\/ppgss-dissertacoes-concluidas-em-2021\/arquivos\/6369dissertacao_concluida_kleber_luiz_da_fonseca_azevedo.pdf\" target=\"_blank\" rel=\"noopener\">Trabalho Completo<\/a>\u00a0(Dispon\u00edvel para download)<\/li>\n<\/ul>\n<hr \/>\n<p><strong>MESTRANDO (A):\u00a0<\/strong>Jos\u00e9 Rog\u00e9cio de Sousa Almeida<br \/>\n<strong>ORIENTADOR (A):\u00a0<\/strong>Lucidio Clebeson de Oliveira<br \/>\n<strong>DISSERTA\u00c7\u00c3O CONCLU\u00cdDA:\u00a0<\/strong>Rela\u00e7\u00e3o entre depend\u00eancia funcional e aspectos cognitivos, emocionais e risco para quedas do idoso acompanhado pela estrat\u00e9gia de sa\u00fade da fam\u00edlia<br \/>\n<strong>DATA DA DEFESA:<\/strong>\u00a028\/11\/2021<\/p>\n<ul>\n<li><a title=\"Disserta\u00e7\u00e3o\" href=\"http:\/\/www.uern.br\/controledepaginas\/ppgss-dissertacoes-concluidas-em-2021\/arquivos\/6369dissertacao_concluida_jose_rogecio_de_sousa_almeida.pdf\" target=\"_blank\" rel=\"noopener\">Trabalho Completo<\/a>\u00a0(Dispon\u00edvel para download)<\/li>\n<\/ul>\n<hr \/>\n<p><strong>MESTRANDO (A):\u00a0<\/strong>Vanessa Rayane Vieira da Silva Gon\u00e7alves<br \/>\n<strong>ORIENTADOR (A):\u00a0<\/strong>Marco Aur\u00e9lio de Moura Freire<br \/>\n<strong>DISSERTA\u00c7\u00c3O CONCLU\u00cdDA:\u00a0<\/strong>Avalia\u00e7\u00e3o dos \u00edndices de suplementa\u00e7\u00e3o de vitamina A em uma Unidade B\u00e1sica de Sa\u00fade em S\u00e3o Gon\u00e7alo do Amarante\/RN<br \/>\n<strong>DATA DA DEFESA:<\/strong>\u00a029\/12\/2021<\/p>\n<ul>\n<li><a title=\"Disserta\u00e7\u00e3o\" href=\"http:\/\/www.uern.br\/controledepaginas\/ppgss-dissertacoes-concluidas-em-2021\/arquivos\/6369dissertacao_concluida_vanessa_rayane_vieira_da_silva_goncalves.pdf\" target=\"_blank\" rel=\"noopener\">Trabalho Completo<\/a>\u00a0(Dispon\u00edvel para download)<\/li>\n<\/ul>\n","protected":false},"excerpt":{"rendered":"<p>DISSERTA\u00c7\u00d5ES CONCLU\u00cdDAS EM 2021 MESTRANDO (A):\u00a0Ana Katarina Dias de Oliveira ORIENTADOR (A):\u00a0Kalyane Kelly Duarte de Oliveira DISSERTA\u00c7\u00c3O CONCLU\u00cdDA:\u00a0Uso de Plantas Medicinais e Fitoter\u00e1picos no Clim\u00e1t\u00e9rio e Menopausa DATA DA DEFESA:\u00a029\/01\/2021 Trabalho Completo\u00a0(Dispon\u00edvel para download) MESTRANDO (A):\u00a0Jackeline de Freitas Costa ORIENTADOR (A):\u00a0Isabel Cristina Amaral de Sousa Rosso Nelson DISSERTA\u00c7\u00c3O CONCLU\u00cdDA:\u00a0TENDA DO ABRA\u00c7O: Uma metodologia de cuidado [&hellip;]<\/p>\n","protected":false},"author":17,"featured_media":0,"parent":0,"menu_order":0,"comment_status":"closed","ping_status":"closed","template":"","meta":{"footnotes":""},"class_list":["post-572","page","type-page","status-publish","hentry"],"_links":{"self":[{"href":"https:\/\/portal.uern.br\/propeg\/ppgss\/wp-json\/wp\/v2\/pages\/572","targetHints":{"allow":["GET"]}}],"collection":[{"href":"https:\/\/portal.uern.br\/propeg\/ppgss\/wp-json\/wp\/v2\/pages"}],"about":[{"href":"https:\/\/portal.uern.br\/propeg\/ppgss\/wp-json\/wp\/v2\/types\/page"}],"author":[{"embeddable":true,"href":"https:\/\/portal.uern.br\/propeg\/ppgss\/wp-json\/wp\/v2\/users\/17"}],"replies":[{"embeddable":true,"href":"https:\/\/portal.uern.br\/propeg\/ppgss\/wp-json\/wp\/v2\/comments?post=572"}],"version-history":[{"count":1,"href":"https:\/\/portal.uern.br\/propeg\/ppgss\/wp-json\/wp\/v2\/pages\/572\/revisions"}],"predecessor-version":[{"id":573,"href":"https:\/\/portal.uern.br\/propeg\/ppgss\/wp-json\/wp\/v2\/pages\/572\/revisions\/573"}],"wp:attachment":[{"href":"https:\/\/portal.uern.br\/propeg\/ppgss\/wp-json\/wp\/v2\/media?parent=572"}],"curies":[{"name":"wp","href":"https:\/\/api.w.org\/{rel}","templated":true}]}}