{"id":564,"date":"2025-03-01T15:15:23","date_gmt":"2025-03-01T18:15:23","guid":{"rendered":"https:\/\/portal.uern.br\/propeg\/ppgss\/?page_id=564"},"modified":"2025-03-01T15:15:23","modified_gmt":"2025-03-01T18:15:23","slug":"dissertacoes-concluidas-em-2019","status":"publish","type":"page","link":"https:\/\/portal.uern.br\/propeg\/ppgss\/dissertacoes-concluidas-em-2019\/","title":{"rendered":"Disserta\u00e7\u00f5es conclu\u00eddas em 2019"},"content":{"rendered":"<p>DISSERTA\u00c7\u00d5ES CONCLU\u00cdDAS EM 2019<\/p>\n<p><strong>MESTRANDA:<\/strong>\u00a0Acyd\u00e1lia Madruga de Mendon\u00e7a Flor\u00eancio de Melo<br \/>\n<strong>ORIENTADOR:\u00a0<\/strong>Jos\u00e9 Rodolfo Lopes de Paiva Cavalcanti<br \/>\n<strong>DISSERTA\u00c7\u00c3O CONCLU\u00cdDA:\u00a0<\/strong>Morfofisiologia dos neur\u00f4nios dopamin\u00e9rgicos da substancia negra pars compacta de ratos wistar submetidos a exerc\u00edcio f\u00edsico e suplementa\u00e7\u00e3o com acido alfa lipoico<br \/>\n<strong>DATA DA DEFESA:<\/strong>\u00a001\/03\/2019<strong><br \/>\n<\/strong><\/p>\n<ul>\n<li><a title=\"Disserta\u00e7\u00e3o\" href=\"https:\/\/www.uern.br\/controledepaginas\/ppgss-dissertacoes-concluidas-em-2019\/arquivos\/3457dissertacao_concluida_ppgss_acydalia_madruga_de_mendonca_florencio_de_melo.pdf\" target=\"_blank\" rel=\"noopener\">Trabalho Completo<\/a>\u00a0(Dispon\u00edvel para download)<\/li>\n<\/ul>\n<hr \/>\n<p><strong>MESTRANDA:<\/strong>\u00a0Adyelle Dantas Ribeiro<br \/>\n<strong>ORIENTADOR:\u00a0<\/strong>H\u00e9cio Henrique Ara\u00fajo de Morais<br \/>\n<strong>DISSERTA\u00c7\u00c3O CONCLU\u00cdDA:\u00a0<\/strong>Avalia\u00e7\u00e3o de t\u00e9cnica exod\u00f4ntica com extrator minimamente traum\u00e1tico<br \/>\n<strong>DATA DA DEFESA:<\/strong>\u00a007\/02\/2019<strong><br \/>\n<\/strong><\/p>\n<ul>\n<li><a title=\"Disserta\u00e7\u00e3o\" href=\"https:\/\/www.uern.br\/controledepaginas\/ppgss-dissertacoes-concluidas-em-2019\/arquivos\/3457dissertacao_concluida_ppgss_adyelle_dantas_ribeiro.pdf\" target=\"_blank\" rel=\"noopener\">Trabalho Completo<\/a>\u00a0(Dispon\u00edvel para download)<\/li>\n<\/ul>\n<hr \/>\n<p><strong>MESTRANDA:<\/strong>\u00a0Alini Dantas Cust\u00f3dio<br \/>\n<strong>ORIENTADOR:\u00a0<\/strong>Marco Aur\u00e9lio de Moura Freire<br \/>\n<strong>DISSERTA\u00c7\u00c3O CONCLU\u00cdDA:\u00a0<\/strong>Caracteriza\u00e7\u00e3o epidemiol\u00f3gica dos casos de Acidente Vascular Cerebral atendidos no Centro de Reabilita\u00e7\u00e3o do Sistema \u00danico de Sa\u00fade em Mossor\u00f3\/RN<br \/>\n<strong>DATA DA DEFESA:<\/strong>\u00a018\/02\/2019<strong><br \/>\n<\/strong><\/p>\n<ul>\n<li><a title=\"Disserta\u00e7\u00e3o\" href=\"https:\/\/www.uern.br\/controledepaginas\/ppgss-dissertacoes-concluidas-em-2019\/arquivos\/3457dissertacao_concluida_ppgss_alini_dantas_custodio.pdf\" target=\"_blank\" rel=\"noopener\">Trabalho Completo<\/a>\u00a0(Dispon\u00edvel para download)<\/li>\n<\/ul>\n<hr \/>\n<p><strong>MESTRANDO:<\/strong>\u00a0Caio Victor Rodrigues de Lima<br \/>\n<strong>ORIENTADOR:\u00a0<\/strong>Humberto Jefferson de Medeiros<br \/>\n<strong>DISSERTA\u00c7\u00c3O CONCLU\u00cdDA:\u00a0<\/strong>Desenvolvimento motor e audi\u00e7\u00e3o de crian\u00e7as com sinais de transtorno do espectro do autismo<br \/>\n<strong>DATA DA DEFESA:<\/strong>\u00a019\/02\/2019<strong><br \/>\n<\/strong><\/p>\n<ul>\n<li><a title=\"Disserta\u00e7\u00e3o\" href=\"https:\/\/www.uern.br\/controledepaginas\/ppgss-dissertacoes-concluidas-em-2019\/arquivos\/3457dissertacao_concluida_ppgss_caio_victor_rodrigues_de_lima.pdf\" target=\"_blank\" rel=\"noopener\">Trabalho Completo<\/a>\u00a0(Dispon\u00edvel para download)<\/li>\n<\/ul>\n<hr \/>\n<p><strong>MESTRANDA:<\/strong>\u00a0Cinthia Mayara Rodrigues Xavier<br \/>\n<strong>ORIENTADOR:\u00a0<\/strong>H\u00e9cio Henrique Ara\u00fajo de Morais<br \/>\n<strong>DISSERTA\u00c7\u00c3O CONCLU\u00cdDA:\u00a0<\/strong>Avalia\u00e7\u00e3o da t\u00e9cnica cir\u00fargica com extrator minimamente traum\u00e1tico<br \/>\n<strong>DATA DA DEFESA:<\/strong>\u00a007\/02\/2019<strong><br \/>\n<\/strong><\/p>\n<ul>\n<li><a title=\"Disserta\u00e7\u00e3o\" href=\"https:\/\/www.uern.br\/controledepaginas\/ppgss-dissertacoes-concluidas-em-2019\/arquivos\/3457dissertacao_concluida_ppgss_cinthia_mayara_rodrigues_xavier.pdf\" target=\"_blank\" rel=\"noopener\">Trabalho Completo<\/a>\u00a0(Dispon\u00edvel para download)<\/li>\n<\/ul>\n<hr \/>\n<p><strong>MESTRANDO:<\/strong>\u00a0Danillo Alencar Roseno<br \/>\n<strong>ORIENTADOR:\u00a0<\/strong>Marco Aur\u00e9lio de Moura Freire<br \/>\n<strong>DISSERTA\u00c7\u00c3O CONCLU\u00cdDA:\u00a0<\/strong>Caracteriza\u00e7\u00e3o da s\u00edndrome de burnout em enfermeiros de cinco munic\u00edpios do sert\u00e3o paraibano<br \/>\n<strong>DATA DA DEFESA:<\/strong>\u00a019\/02\/2019<strong><br \/>\n<\/strong><\/p>\n<ul>\n<li><a title=\"Disserta\u00e7\u00e3o\" href=\"https:\/\/www.uern.br\/controledepaginas\/ppgss-dissertacoes-concluidas-em-2019\/arquivos\/3457dissertacao_concluida_ppgss_danillo_alencar_roseno.pdf\" target=\"_blank\" rel=\"noopener\">Trabalho Completo<\/a>\u00a0(Dispon\u00edvel para download)<\/li>\n<\/ul>\n<hr \/>\n<p><strong>MESTRANDO:<\/strong>\u00a0Erasmo Freitas de Souza Junior<br \/>\n<strong>ORIENTADOR:\u00a0<\/strong>H\u00e9cio Henrique Ara\u00fajo de Morais<br \/>\n<strong>DISSERTA\u00c7\u00c3O CONCLU\u00cdDA:\u00a0<\/strong>Estudo comparativo entre a dexametasona coadministrada com nimesulida e dexametasona coadministrada com paracetamol no controle da dor, edema e trismo p\u00f3s-operat\u00f3rio<br \/>\n<strong>DATA DA DEFESA:<\/strong>\u00a028\/06\/2019<strong><br \/>\n<\/strong><\/p>\n<ul>\n<li><a title=\"Disserta\u00e7\u00e3o\" href=\"https:\/\/www.uern.br\/controledepaginas\/ppgss-dissertacoes-concluidas-em-2019\/arquivos\/3457dissertacao_concluida_ppgss_erasmo_freitas_de_souza_junior.pdf\" target=\"_blank\" rel=\"noopener\">Trabalho Completo<\/a>\u00a0(Dispon\u00edvel para download)<\/li>\n<\/ul>\n<hr \/>\n<p><strong>MESTRANDA:<\/strong>\u00a0Fernanda Let\u00edcia da Costa Ara\u00fajo<br \/>\n<strong>ORIENTADOR:\u00a0<\/strong>Eudes Euler de Souza Lucena<br \/>\n<strong>DISSERTA\u00c7\u00c3O CONCLU\u00cdDA:\u00a0<\/strong>Preval\u00eancia e fatores associados \u00e0 s\u00edndrome de burnout em profissionais de enfermagem da assist\u00eancia maternoinfantil de Mossor\u00f3-RN<br \/>\n<strong>DATA DA DEFESA:<\/strong>\u00a020\/02\/2019<strong><br \/>\n<\/strong><\/p>\n<ul>\n<li><a title=\"Disserta\u00e7\u00e3o\" href=\"https:\/\/www.uern.br\/controledepaginas\/ppgss-dissertacoes-concluidas-em-2019\/arquivos\/3457dissertacao_concluida_ppgss_fernanda_leticia_da_costa_araujo.pdf\" target=\"_blank\" rel=\"noopener\">Trabalho Completo<\/a>\u00a0(Dispon\u00edvel para download)<\/li>\n<\/ul>\n<hr \/>\n<p><strong>MESTRANDO (A):\u00a0<\/strong>Fl\u00e1vio Henrique Amaral Pires V\u00e9ras<br \/>\n<strong>ORIENTADOR (A):\u00a0<\/strong>Fausto Pierdon\u00e1 Guzen<br \/>\n<strong>DISSERTA\u00c7\u00c3O CONCLU\u00cdDA:\u00a0<\/strong>Avalia\u00e7\u00e3o da dispers\u00e3o da onda P e da fra\u00e7\u00e3o de eje\u00e7\u00e3o do \u00e1trio esquerdo em pacientes com acidente vascular encef\u00e1lico isqu\u00eamico cardioemb\u00f3lico<br \/>\n<strong>DATA DA DEFESA:<\/strong>\u00a002\/12\/2019<strong><br \/>\n<\/strong><\/p>\n<ul>\n<li><a title=\"Disserta\u00e7\u00e3o conclu\u00edda\" href=\"http:\/\/www.uern.br\/controledepaginas\/ppgss-dissertacoes-concluidas-em-2019\/arquivos\/3457dissertaa\u00a7a\u00a3o_conclua\u00adda_flavio_henrique_amaral_pires_va\u00a9ras.pdf\" target=\"_blank\" rel=\"noopener\">Trabalho Completo<\/a>\u00a0(Dispon\u00edvel para download)<\/li>\n<\/ul>\n<hr \/>\n<p><strong>MESTRANDA:<\/strong>\u00a0Francisca Overl\u00e2nia Vieira Lima<br \/>\n<strong>ORIENTADOR:\u00a0<\/strong>Fausto Pierdon\u00e1 Guzen<br \/>\n<strong>DISSERTA\u00c7\u00c3O CONCLU\u00cdDA:\u00a0<\/strong>Estudo da inocula\u00e7\u00e3o de fragmentos do nervo isqui\u00e1tico na presen\u00e7a do astragalos\u00eddeo IV na regenera\u00e7\u00e3o morfofuncional da medula espinal transectada do rato<br \/>\n<strong>DATA DA DEFESA:<\/strong>\u00a028\/02\/2019<strong><br \/>\n<\/strong><\/p>\n<ul>\n<li><a title=\"Disserta\u00e7\u00e3o\" href=\"https:\/\/www.uern.br\/controledepaginas\/ppgss-dissertacoes-concluidas-em-2019\/arquivos\/3457dissertacao_concluida_ppgss_francisca_overlania_vieira_lima.pdf\" target=\"_blank\" rel=\"noopener\">Trabalho Completo<\/a>\u00a0(Dispon\u00edvel para download)<\/li>\n<\/ul>\n<hr \/>\n<p><strong>MESTRANDA:<\/strong>\u00a0Hosana Mirelle Goes e Silva Costa<br \/>\n<strong>ORIENTADORA:\u00a0<\/strong>F\u00e1tima Raquel Rosado Morais<br \/>\n<strong>DISSERTA\u00c7\u00c3O CONCLU\u00cdDA:\u00a0<\/strong>Rede de Aten\u00e7\u00e3o \u00e0s Crian\u00e7as Diagnosticadas com Microcefalia Decorrente do Zika V\u00edrus: Perspectivas Maternas<br \/>\n<strong>DATA DA DEFESA:<\/strong>\u00a018\/02\/2019<strong><br \/>\n<\/strong><\/p>\n<ul>\n<li><a title=\"Disserta\u00e7\u00e3o\" href=\"https:\/\/www.uern.br\/controledepaginas\/ppgss-dissertacoes-concluidas-em-2019\/arquivos\/3457dissertacao_concluida_ppgss_hosana_mirelle_goes_e_silva_costa.pdf\" target=\"_blank\" rel=\"noopener\">Trabalho Completo<\/a>\u00a0(Dispon\u00edvel para download)<\/li>\n<\/ul>\n<hr \/>\n<p><strong>MESTRANDA:<\/strong>\u00a0Isleania Maria Marques Moreira Rosa<br \/>\n<strong>ORIENTADOR:\u00a0<\/strong>Fausto Pierdon\u00e1 Guzen<br \/>\n<strong>DISSERTA\u00c7\u00c3O CONCLU\u00cdDA:\u00a0<\/strong>O idoso institucionalizado: uma avalia\u00e7\u00e3o cognitiva e funcional<br \/>\n<strong>DATA DA DEFESA:<\/strong>\u00a028\/02\/2019<strong><br \/>\n<\/strong><\/p>\n<ul>\n<li><a title=\"Disserta\u00e7\u00e3o\" href=\"https:\/\/www.uern.br\/controledepaginas\/ppgss-dissertacoes-concluidas-em-2019\/arquivos\/3457dissertacao_concluida_ppgss_isleania_maria_marques_moreira_rosa.pdf\" target=\"_blank\" rel=\"noopener\">Trabalho Completo<\/a>\u00a0(Dispon\u00edvel para download)<\/li>\n<\/ul>\n<hr \/>\n<p><strong>MESTRANDO (A):\u00a0<\/strong>Jili\u00e9lisson Oliveira de Sousa<br \/>\n<strong>ORIENTADOR (A):\u00a0<\/strong>Marco Aur\u00e9lio de Moura Freire<br \/>\n<strong>DISSERTA\u00c7\u00c3O CONCLU\u00cdDA:\u00a0<\/strong>Preval\u00eancia de S\u00edndrome de Burnout e avalia\u00e7\u00e3o da qualidade de vida em m\u00e9dicos que atuam em centros cir\u00fargicos de Mossor\u00f3\/RN<br \/>\n<strong>DATA DA DEFESA:<\/strong>\u00a009\/12\/2019<strong><br \/>\n<\/strong><\/p>\n<ul>\n<li><a title=\"Disserta\u00e7\u00e3o conclu\u00edda\" href=\"http:\/\/www.uern.br\/controledepaginas\/ppgss-dissertacoes-concluidas-em-2019\/arquivos\/3457dissertaa\u00a7a\u00a3o_conclua\u00adda_jilia\u00a9lisson_oliveira_de_sousa.pdf\" target=\"_blank\" rel=\"noopener\">Trabalho Completo<\/a>\u00a0(Dispon\u00edvel para download)<\/li>\n<\/ul>\n<hr \/>\n<p><strong>MESTRANDA:<\/strong>\u00a0Jussara Cristina Alves Medeiros<br \/>\n<strong>ORIENTADORA:\u00a0<\/strong>Maria Irany Knackfuss<br \/>\n<strong>DISSERTA\u00c7\u00c3O CONCLU\u00cdDA:\u00a0<\/strong>Par\u00e2metros nutricionais e qualidade de vida de mulheres com defici\u00eancia f\u00edsica motora<br \/>\n<strong>DATA DA DEFESA:<\/strong>\u00a021\/01\/2019<strong><br \/>\n<\/strong><\/p>\n<ul>\n<li><a title=\"Disserta\u00e7\u00e3o\" href=\"https:\/\/www.uern.br\/controledepaginas\/ppgss-dissertacoes-concluidas-em-2019\/arquivos\/3457dissertacao_concluida_ppgss_jussara_cristina_alves_medeiros.pdf\" target=\"_blank\" rel=\"noopener\">Trabalho Completo<\/a>\u00a0(Dispon\u00edvel para download)<\/li>\n<\/ul>\n<hr \/>\n<p><strong>MESTRANDA:<\/strong>\u00a0Kalina Fernandes Freire<br \/>\n<strong>ORIENTADOR:\u00a0<\/strong>Jos\u00e9 Rodolfo Lopes de Paiva Cavalcanti<br \/>\n<strong>DISSERTA\u00c7\u00c3O CONCLU\u00cdDA:\u00a0<\/strong>A influ\u00eancia do nado for\u00e7ado e suplementa\u00e7\u00e3o com \u00f3leo de linha\u00e7a na morfofisiologia dos neur\u00f4nios dopamin\u00e9rgicos no complexo da subst\u00e2ncia negra do rato<br \/>\n<strong>DATA DA DEFESA:<\/strong>\u00a025\/02\/2019<strong><br \/>\n<\/strong><\/p>\n<ul>\n<li><a title=\"Disserta\u00e7\u00e3o\" href=\"https:\/\/www.uern.br\/controledepaginas\/ppgss-dissertacoes-concluidas-em-2019\/arquivos\/3457dissertacao_concluida_ppgss_kalina_fernandes_freire.pdf\" target=\"_blank\" rel=\"noopener\">Trabalho Completo<\/a>\u00a0(Dispon\u00edvel para download)<\/li>\n<\/ul>\n<hr \/>\n<p><strong>MESTRANDA:<\/strong>\u00a0Kalinne Pereira de Fran\u00e7a<br \/>\n<strong>ORIENTADOR:\u00a0<\/strong>Fernando Jos\u00e9 de Oliveira N\u00f3brega<br \/>\n<strong>DISSERTA\u00c7\u00c3O CONCLU\u00cdDA:\u00a0<\/strong>Frequ\u00eancia de les\u00f5es compat\u00edveis com displasia cemento &#8211; \u00f3ssea em radiografias panor\u00e2micas de pacientes encaminhados para tratamento ortod\u00f4ntico<br \/>\n<strong>DATA DA DEFESA:<\/strong>\u00a019\/02\/2019<strong><br \/>\n<\/strong><\/p>\n<ul>\n<li><a title=\"Disserta\u00e7\u00e3o\" href=\"https:\/\/www.uern.br\/controledepaginas\/ppgss-dissertacoes-concluidas-em-2019\/arquivos\/3457dissertacao_concluida_ppgss_kalinne_pereira_de_franca.pdf\" target=\"_blank\" rel=\"noopener\">Trabalho Completo<\/a>\u00a0(Dispon\u00edvel para download)<\/li>\n<\/ul>\n<hr \/>\n<p><strong>MESTRANDA:<\/strong>\u00a0Layrlla Kateriny Moura Oliveira Lopes<br \/>\n<strong>ORIENTADORA:\u00a0<\/strong>Isabela Pinheiro Cavalcanti Lima<br \/>\n<strong>DISSERTA\u00c7\u00c3O CONCLU\u00cdDA:\u00a0<\/strong>Efeito de agentes erosivos e abrasivos sobre resinas compostas utilizadas em les\u00f5es cervicais n\u00e3o cariosas \u2013 in vitro<br \/>\n<strong>DATA DA DEFESA:<\/strong>\u00a021\/02\/2019<strong><br \/>\n<\/strong><\/p>\n<ul>\n<li><a title=\"Disserta\u00e7\u00e3o\" href=\"https:\/\/www.uern.br\/controledepaginas\/ppgss-dissertacoes-concluidas-em-2019\/arquivos\/3457dissertacao_concluida_ppgss_layrlla_kateriny_moura_oliveira_lopes.pdf\" target=\"_blank\" rel=\"noopener\">Trabalho Completo<\/a>\u00a0(Dispon\u00edvel para download)<\/li>\n<\/ul>\n<hr \/>\n<p><strong>MESTRANDA:<\/strong>\u00a0L\u00edvia Helena Morais de Freitas Melo<br \/>\n<strong>ORIENTADOR:\u00a0<\/strong>Jos\u00e9 Rodolfo Lopes de Paiva Cavalcanti<br \/>\n<strong>DISSERTA\u00c7\u00c3O CONCLU\u00cdDA:\u00a0<\/strong>A express\u00e3o da calbindina em n\u00facleos dopamin\u00e9rgicos do rato sob a influ\u00eancia do exerc\u00edcio f\u00edsico e suplementa\u00e7\u00e3o nutricional com \u00f3leo de linha\u00e7a<br \/>\n<strong>DATA DA DEFESA:<\/strong>\u00a001\/03\/2019<strong><br \/>\n<\/strong><\/p>\n<ul>\n<li><a title=\"Disserta\u00e7\u00e3o\" href=\"https:\/\/www.uern.br\/controledepaginas\/ppgss-dissertacoes-concluidas-em-2019\/arquivos\/3457dissertacao_concluida_ppgss_livia_helena_morais_de_freitas_melo.pdf\" target=\"_blank\" rel=\"noopener\">Trabalho Completo<\/a>\u00a0(Dispon\u00edvel para download)<\/li>\n<\/ul>\n<hr \/>\n<p><strong>MESTRANDA:<\/strong>\u00a0Maysa Mayran Chaves Moreira Beserra<br \/>\n<strong>ORIENTADOR:\u00a0<\/strong>Thales Allyrio Ara\u00fajo de Medeiros Fernandes<br \/>\n<strong>DISSERTA\u00c7\u00c3O CONCLU\u00cdDA:\u00a0<\/strong>Associa\u00e7\u00e3o do polimorfismo g\u00eanico da IL17A e FOXP3 com a evolu\u00e7\u00e3o cl\u00ednica da Doen\u00e7a de Chagas<br \/>\n<strong>DATA DA DEFESA:<\/strong>\u00a025\/02\/2019<strong><br \/>\n<\/strong><\/p>\n<ul>\n<li><a title=\"Disserta\u00e7\u00e3o\" href=\"https:\/\/www.uern.br\/controledepaginas\/ppgss-dissertacoes-concluidas-em-2019\/arquivos\/3457dissertacao_concluida_ppgss_maysa_mayran_chaves_moreira_beserra.pdf\" target=\"_blank\" rel=\"noopener\">Trabalho Completo<\/a>\u00a0(Dispon\u00edvel para download)<\/li>\n<\/ul>\n<hr \/>\n<p><strong>MESTRANDA:<\/strong>\u00a0Micheline Morgane Figueiredo Costa Souza<br \/>\n<strong>ORIENTADOR:\u00a0<\/strong>Jos\u00e9 Rodolfo Lopes de Paiva Cavalcanti<br \/>\n<strong>DISSERTA\u00c7\u00c3O CONCLU\u00cdDA:\u00a0<\/strong>Perfil nutricional dos idosos no munic\u00edpio de Mossor\u00f3\/RN: Problema individual e responsabilidade coletiva<br \/>\n<strong>DATA DA DEFESA:<\/strong>\u00a026\/04\/2019<strong><br \/>\n<\/strong><\/p>\n<ul>\n<li><a title=\"Disserta\u00e7\u00e3o\" href=\"https:\/\/www.uern.br\/controledepaginas\/ppgss-dissertacoes-concluidas-em-2019\/arquivos\/3457dissertacao_concluida_ppgss_micheline_morgane_figueiredo_costa_souza.pdf\" target=\"_blank\" rel=\"noopener\">Trabalho Completo<\/a>\u00a0(Dispon\u00edvel para download)<\/li>\n<\/ul>\n<hr \/>\n<p><strong>MESTRANDO:<\/strong>\u00a0Ranieri Fernandes da Silva<br \/>\n<strong>ORIENTADORA:\u00a0<\/strong>Maria Irany Knackfuss<br \/>\n<strong>DISSERTA\u00c7\u00c3O CONCLU\u00cdDA:\u00a0<\/strong>N\u00edveis s\u00e9ricos de c\u00e1lcio e vitamina D, densitometria \u00f3ssea e for\u00e7a muscular em idosas<br \/>\n<strong>DATA DA DEFESA:<\/strong>\u00a021\/01\/2019<strong><br \/>\n<\/strong><\/p>\n<ul>\n<li><a title=\"Disserta\u00e7\u00e3o\" href=\"https:\/\/www.uern.br\/controledepaginas\/ppgss-dissertacoes-concluidas-em-2019\/arquivos\/3457dissertacao_concluida_ppgss_ranieri_fernandes_da_silva.pdf\" target=\"_blank\" rel=\"noopener\">Trabalho Completo<\/a>\u00a0(Dispon\u00edvel para download)<\/li>\n<\/ul>\n<hr \/>\n<p><strong>MESTRANDA:<\/strong>\u00a0Tatiana Petrucci Neg\u00f3cio<br \/>\n<strong>ORIENTADORA:\u00a0<\/strong>Maria Irany Knackfuss<br \/>\n<strong>DISSERTA\u00c7\u00c3O CONCLU\u00cdDA:\u00a0<\/strong>Composi\u00e7\u00e3o corporal, for\u00e7a muscular e autonomia funcional de idosas<br \/>\n<strong>DATA DA DEFESA:<\/strong>\u00a021\/01\/2019<strong><br \/>\n<\/strong><\/p>\n<ul>\n<li><a title=\"Disserta\u00e7\u00e3o\" href=\"https:\/\/www.uern.br\/controledepaginas\/ppgss-dissertacoes-concluidas-em-2019\/arquivos\/3457dissertacao_concluida_ppgss_tatiana_petrucci_negocio.pdf\" target=\"_blank\" rel=\"noopener\">Trabalho Completo<\/a>\u00a0(Dispon\u00edvel para download)<\/li>\n<\/ul>\n<hr \/>\n<p><strong>MESTRANDA:<\/strong>\u00a0Tatiana Silva Damasco de Lima<br \/>\n<strong>ORIENTADOR:\u00a0<\/strong>Humberto Jefferson de Medeiros<br \/>\n<strong>DISSERTA\u00c7\u00c3O CONCLU\u00cdDA:\u00a0<\/strong>Habilidades motoras e contexto familiar de crian\u00e7as com sinais do transtorno do espectro autista<br \/>\n<strong>DATA DA DEFESA:<\/strong>\u00a019\/02\/2019<strong><br \/>\n<\/strong><\/p>\n<ul>\n<li><a title=\"Disserta\u00e7\u00e3o\" href=\"https:\/\/www.uern.br\/controledepaginas\/ppgss-dissertacoes-concluidas-em-2019\/arquivos\/3457dissertacao_concluida_ppgss_tatiana_silva_damasco_de_lima.pdf\" target=\"_blank\" rel=\"noopener\">Trabalho Completo<\/a>\u00a0(Dispon\u00edvel para download)<\/li>\n<\/ul>\n<hr \/>\n<p><strong>MESTRANDA:<\/strong>\u00a0Xiankarla de Brito Fernandes Pereira<br \/>\n<strong>ORIENTADOR:\u00a0<\/strong>Eudes Euler de Souza Lucena<br \/>\n<strong>DISSERTA\u00c7\u00c3O CONCLU\u00cdDA:\u00a0<\/strong>Preval\u00eancia e fatores associados ao D\u00e9ficit Cognitivo em idosos<br \/>\n<strong>DATA DA DEFESA:<\/strong>\u00a020\/02\/2019<strong><br \/>\n<\/strong><\/p>\n<ul>\n<li><a title=\"Disserta\u00e7\u00e3o\" href=\"https:\/\/www.uern.br\/controledepaginas\/ppgss-dissertacoes-concluidas-em-2019\/arquivos\/3457dissertacao_concluida_ppgss_xiankarla_de_brito_fernandes_pereira.pdf\" target=\"_blank\" rel=\"noopener\">Trabalho Completo<\/a>\u00a0(Dispon\u00edvel para download)<\/li>\n<\/ul>\n","protected":false},"excerpt":{"rendered":"<p>DISSERTA\u00c7\u00d5ES CONCLU\u00cdDAS EM 2019 MESTRANDA:\u00a0Acyd\u00e1lia Madruga de Mendon\u00e7a Flor\u00eancio de Melo ORIENTADOR:\u00a0Jos\u00e9 Rodolfo Lopes de Paiva Cavalcanti DISSERTA\u00c7\u00c3O CONCLU\u00cdDA:\u00a0Morfofisiologia dos neur\u00f4nios dopamin\u00e9rgicos da substancia negra pars compacta de ratos wistar submetidos a exerc\u00edcio f\u00edsico e suplementa\u00e7\u00e3o com acido alfa lipoico DATA DA DEFESA:\u00a001\/03\/2019 Trabalho Completo\u00a0(Dispon\u00edvel para download) MESTRANDA:\u00a0Adyelle Dantas Ribeiro ORIENTADOR:\u00a0H\u00e9cio Henrique Ara\u00fajo de Morais [&hellip;]<\/p>\n","protected":false},"author":17,"featured_media":0,"parent":0,"menu_order":0,"comment_status":"closed","ping_status":"closed","template":"","meta":{"footnotes":""},"class_list":["post-564","page","type-page","status-publish","hentry"],"_links":{"self":[{"href":"https:\/\/portal.uern.br\/propeg\/ppgss\/wp-json\/wp\/v2\/pages\/564","targetHints":{"allow":["GET"]}}],"collection":[{"href":"https:\/\/portal.uern.br\/propeg\/ppgss\/wp-json\/wp\/v2\/pages"}],"about":[{"href":"https:\/\/portal.uern.br\/propeg\/ppgss\/wp-json\/wp\/v2\/types\/page"}],"author":[{"embeddable":true,"href":"https:\/\/portal.uern.br\/propeg\/ppgss\/wp-json\/wp\/v2\/users\/17"}],"replies":[{"embeddable":true,"href":"https:\/\/portal.uern.br\/propeg\/ppgss\/wp-json\/wp\/v2\/comments?post=564"}],"version-history":[{"count":1,"href":"https:\/\/portal.uern.br\/propeg\/ppgss\/wp-json\/wp\/v2\/pages\/564\/revisions"}],"predecessor-version":[{"id":565,"href":"https:\/\/portal.uern.br\/propeg\/ppgss\/wp-json\/wp\/v2\/pages\/564\/revisions\/565"}],"wp:attachment":[{"href":"https:\/\/portal.uern.br\/propeg\/ppgss\/wp-json\/wp\/v2\/media?parent=564"}],"curies":[{"name":"wp","href":"https:\/\/api.w.org\/{rel}","templated":true}]}}