{"id":562,"date":"2025-03-01T15:14:53","date_gmt":"2025-03-01T18:14:53","guid":{"rendered":"https:\/\/portal.uern.br\/propeg\/ppgss\/?page_id=562"},"modified":"2025-03-01T15:14:53","modified_gmt":"2025-03-01T18:14:53","slug":"dissertacoes-concluidas-em-2018","status":"publish","type":"page","link":"https:\/\/portal.uern.br\/propeg\/ppgss\/dissertacoes-concluidas-em-2018\/","title":{"rendered":"Disserta\u00e7\u00f5es conclu\u00eddas em 2018"},"content":{"rendered":"<p>DISSERTA\u00c7\u00d5ES CONCLU\u00cdDAS EM 2018<\/p>\n<p><strong>MESTRANDA:<\/strong>\u00a0Ana Cristina Arrais<br \/>\n<strong>ORIENTADOR:\u00a0<\/strong>Jos\u00e9 Rodolfo Lopes de Paiva Cavalcanti<br \/>\n<strong>DISSERTA\u00c7\u00c3O CONCLU\u00cdDA:\u00a0<\/strong>CARACTERIZA\u00c7\u00c3O CITOARQUITET\u00d4NICA DO COMPLEXO NUCLEAR DA SUBST\u00c2NCIA NEGRA pars COMPACTA (SNc) DE RATOS WISTAR (Rattus norvegicus), EM DIFERENTES IDADES, MEDIANTE IMUNOHISTOQU\u00cdMICA CONTRA S100B<br \/>\n<strong>DATA DA DEFESA:<\/strong>\u00a025\/05\/2018<strong><br \/>\n<\/strong><\/p>\n<ul>\n<li><a title=\"Disserta\u00e7\u00e3o\" href=\"https:\/\/www.uern.br\/controledepaginas\/ppgss-dissertacoes-concluidas-turma-2016\/arquivos\/3853dissertacao_concluida_ppgss_ana_cristina_arrais.pdf\" target=\"_blank\" rel=\"noopener\">Trabalho Completo<\/a>\u00a0(Dispon\u00edvel para download)<\/li>\n<\/ul>\n<hr \/>\n<p><strong>MESTRANDA:<\/strong>\u00a0Bianca Norrara Costa Gomes da Silva<br \/>\n<strong>ORIENTADOR:\u00a0<\/strong>Marco Aur\u00e9lio de Moura Freire<br \/>\n<strong>DISSERTA\u00c7\u00c3O CONCLU\u00cdDA:\u00a0<\/strong>Efeitos da senesc\u00eancia no padr\u00e3o de express\u00e3o da enzima Tirosina hidroxilase ao longo da via mesol\u00edmbica do rato<br \/>\n<strong>DATA DA DEFESA:<\/strong>\u00a023\/02\/2018<strong><br \/>\n<\/strong><\/p>\n<ul>\n<li><a title=\"Disserta\u00e7\u00e3o\" href=\"https:\/\/www.uern.br\/controledepaginas\/ppgss-dissertacoes-concluidas-turma-2016\/arquivos\/3853dissertacao_concluida_ppgss_bianca_norrara_costa_g._da_silva.pdf\" target=\"_blank\" rel=\"noopener\">Trabalho Completo<\/a>\u00a0(Dispon\u00edvel para download)<\/li>\n<\/ul>\n<hr \/>\n<p><strong>MESTRANDO:<\/strong>\u00a0Diego Henrique Jales Benevides<br \/>\n<strong>ORIENTADOR:\u00a0<\/strong>Cl\u00e9ber de Mesquita Andrade<br \/>\n<strong>DISSERTA\u00c7\u00c3O CONCLU\u00cdDA:\u00a0<\/strong>An\u00e1lise dos investimentos da Previd\u00eancia Social e da sa\u00fade p\u00fablica em pacientes com a Doen\u00e7a de Chagas na mesorregi\u00e3o Oeste Potiguar<br \/>\n<strong>DATA DA DEFESA:<\/strong>\u00a025\/04\/2018<strong><br \/>\n<\/strong><\/p>\n<ul>\n<li><a title=\"Disserta\u00e7\u00e3o\" href=\"https:\/\/www.uern.br\/controledepaginas\/ppgss-dissertacoes-concluidas-turma-2016\/arquivos\/3853dissertacao_concluida_ppgss_diego_henrique_jales_benevides.pdf\" target=\"_blank\" rel=\"noopener\">Trabalho Completo<\/a>\u00a0(Dispon\u00edvel para download)<\/li>\n<\/ul>\n<hr \/>\n<p><strong>MESTRANDA:<\/strong>\u00a0Francisca Idalina Neta<br \/>\n<strong>ORIENTADOR:\u00a0<\/strong>Fausto Pierdon\u00e1 Guzen<br \/>\n<strong>DISSERTA\u00c7\u00c3O CONCLU\u00cdDA:\u00a0<\/strong>Comportamento pl\u00e1stico das c\u00e9lulas do c\u00f3rtex pr\u00e9-frontal em cultura ap\u00f3s tratamento com Mucuna pruriens<br \/>\n<strong>DATA DA DEFESA:<\/strong>\u00a023\/02\/2018<strong><br \/>\n<\/strong><\/p>\n<ul>\n<li><a title=\"Disserta\u00e7\u00e3o\" href=\"https:\/\/www.uern.br\/controledepaginas\/ppgss-dissertacoes-concluidas-turma-2016\/arquivos\/3853dissertacao_concluida_ppgss_francisca_idalina_neta.pdf\" target=\"_blank\" rel=\"noopener\">Trabalho Completo<\/a>\u00a0(Dispon\u00edvel para download)<\/li>\n<\/ul>\n<hr \/>\n<p><strong>MESTRANDA:<\/strong>\u00a0Geovana Samara da Silva Carvalho<br \/>\n<strong>ORIENTADORA:\u00a0<\/strong>Isabela Pinheiro Cavalcanti Lima<br \/>\n<strong>DISSERTA\u00c7\u00c3O CONCLU\u00cdDA:\u00a0<\/strong>Estudo in vitro do extrato bruto da Hyptis Suaveolens (L.) Poit. e Hyptis Mutabilis (Rich.) Brig. como poss\u00edvel inibidora do crescimento de leveduras do g\u00eanero Candida<br \/>\n<strong>DATA DA DEFESA:<\/strong>\u00a007\/02\/2018<strong><br \/>\n<\/strong><\/p>\n<ul>\n<li><a title=\"Disserta\u00e7\u00e3o\" href=\"https:\/\/www.uern.br\/controledepaginas\/ppgss-dissertacoes-concluidas-turma-2016\/arquivos\/3853dissertacao_concluida_ppgss_geovana_samara_da_s._carvalho.pdf\" target=\"_blank\" rel=\"noopener\">Trabalho Completo<\/a>\u00a0(Dispon\u00edvel para download)<\/li>\n<\/ul>\n<hr \/>\n<p><strong>MESTRANDO:<\/strong>\u00a0Gerian Lopes do Nascimento<br \/>\n<strong>ORIENTADORA:\u00a0<\/strong>Maria Irany Knackfuss<br \/>\n<strong>DISSERTA\u00c7\u00c3O CONCLU\u00cdDA:\u00a0<\/strong>Fun\u00e7\u00f5es cognitivas, qualidade de vida e atividade f\u00edsica, em pessoas que vivem com HIV\/Aids<br \/>\n<strong>DATA DA DEFESA:<\/strong>\u00a027\/02\/2018<strong><br \/>\n<\/strong><\/p>\n<ul>\n<li><a title=\"Disserta\u00e7\u00e3o\" href=\"https:\/\/www.uern.br\/controledepaginas\/ppgss-dissertacoes-concluidas-turma-2016\/arquivos\/3853dissertacao_concluida_ppgss_gerian_lopes_do_nascimento.pdf\" target=\"_blank\" rel=\"noopener\">Trabalho Completo<\/a>\u00a0(Dispon\u00edvel para download)<\/li>\n<\/ul>\n<hr \/>\n<p><strong>MESTRANDA:<\/strong>\u00a0Gl\u00e1ucya Raquel Souza da Fons\u00eaca Dutra<br \/>\n<strong>ORIENTADOR:\u00a0<\/strong>Eudes Euler de Souza Lucena<br \/>\n<strong>DISSERTA\u00c7\u00c3O CONCLU\u00cdDA:\u00a0<\/strong>Preval\u00eancia e fatores associados \u00e0s s\u00edndromes hipertensivas gestacionais na regi\u00e3o do Serid\u00f3 norteriograndense<br \/>\n<strong>DATA DA DEFESA:<\/strong>\u00a002\/02\/2018<strong><br \/>\n<\/strong><\/p>\n<ul>\n<li><a title=\"Disserta\u00e7\u00e3o\" href=\"https:\/\/www.uern.br\/controledepaginas\/ppgss-dissertacoes-concluidas-turma-2016\/arquivos\/3853dissertacao_concluida_ppgss_glaucya_raquel_souza_da_f._dutra.pdf\" target=\"_blank\" rel=\"noopener\">Trabalho Completo<\/a>\u00a0(Dispon\u00edvel para download)<\/li>\n<\/ul>\n<hr \/>\n<p><strong>MESTRANDA:<\/strong>\u00a0Ianara Mendon\u00e7a da Costa<br \/>\n<strong>ORIENTADOR:\u00a0<\/strong>Fausto Pierdon\u00e1 Guzen<br \/>\n<strong>DISSERTA\u00c7\u00c3O CONCLU\u00cdDA:\u00a0<\/strong>Comportamento pl\u00e1stico das c\u00e9lulas hipocampais em cultura ap\u00f3s tratamento com Astragalosideo IV<br \/>\n<strong>DATA DA DEFESA:<\/strong>\u00a023\/02\/2018<strong><br \/>\n<\/strong><\/p>\n<ul>\n<li><a title=\"Disserta\u00e7\u00e3o\" href=\"https:\/\/www.uern.br\/controledepaginas\/ppgss-dissertacoes-concluidas-turma-2016\/arquivos\/3853dissertacao_concluida_ppgss_ianara_mendonca_da_costa.pdf\" target=\"_blank\" rel=\"noopener\">Trabalho Completo<\/a>\u00a0(Dispon\u00edvel para download)<\/li>\n<\/ul>\n<hr \/>\n<p><strong>MESTRANDO:<\/strong>\u00a0Jos\u00e9 Leonilson Feitosa<br \/>\n<strong>ORIENTADORA:\u00a0<\/strong>Isabela Pinheiro Cavalcanti Lima<br \/>\n<strong>DISSERTA\u00c7\u00c3O CONCLU\u00cdDA:\u00a0<\/strong>Rugosidade superficial e resist\u00eancia \u00e0 flex\u00e3o de comp\u00f3sitos restauradores diretos fotoativados por diodo emissor de luz (LED)<br \/>\n<strong>DATA DA DEFESA:<\/strong>\u00a006\/02\/2018<strong><br \/>\n<\/strong><\/p>\n<ul>\n<li><a title=\"Disserta\u00e7\u00e3o\" href=\"https:\/\/www.uern.br\/controledepaginas\/ppgss-dissertacoes-concluidas-turma-2016\/arquivos\/3853dissertacao_concluida_ppgss_jose_leonilson_feitosa.pdf\" target=\"_blank\" rel=\"noopener\">Trabalho Completo<\/a>\u00a0(Dispon\u00edvel para download)<\/li>\n<\/ul>\n<hr \/>\n<p><strong>MESTRANDA:<\/strong>\u00a0Keylane de Oliveira Cavalcante<br \/>\n<strong>ORIENTADORA:\u00a0<\/strong>Isabela Pinheiro Cavalcanti Lima<br \/>\n<strong>DISSERTA\u00c7\u00c3O CONCLU\u00cdDA:\u00a0<\/strong>Avalia\u00e7\u00e3o in vitro de resist\u00eancia \u00e0 tra\u00e7\u00e3o de cateteres vesicais intermitentes<br \/>\n<strong>DATA DA DEFESA:<\/strong>\u00a006\/02\/2018<strong><br \/>\n<\/strong><\/p>\n<ul>\n<li><a title=\"Disserta\u00e7\u00e3o\" href=\"https:\/\/www.uern.br\/controledepaginas\/ppgss-dissertacoes-concluidas-turma-2016\/arquivos\/3853dissertacao_concluida_ppgss_keylane_de_oliveira_cavalcante.pdf\" target=\"_blank\" rel=\"noopener\">Trabalho Completo<\/a>\u00a0(Dispon\u00edvel para download)<\/li>\n<\/ul>\n<hr \/>\n<p><strong>MESTRANDA:<\/strong>\u00a0Lara Michelly Soares de Souza<br \/>\n<strong>ORIENTADOR:\u00a0<\/strong>Thales Allyrio Ara\u00fajo de Medeiros Fernandes<br \/>\n<strong>DISSERTA\u00c7\u00c3O CONCLU\u00cdDA:\u00a0<\/strong>Associa\u00e7\u00e3o dos gen\u00f3tipos da haptoglobina com a evolu\u00e7\u00e3o cl\u00ednica da Doen\u00e7a de Chagas<br \/>\n<strong>DATA DA DEFESA:<\/strong>\u00a001\/03\/2018<strong><br \/>\n<\/strong><\/p>\n<ul>\n<li><a title=\"Disserta\u00e7\u00e3o\" href=\"https:\/\/www.uern.br\/controledepaginas\/ppgss-dissertacoes-concluidas-turma-2016\/arquivos\/3853dissertacao_concluida_ppgss_lara_michelly_soares_de_souza.pdf\" target=\"_blank\" rel=\"noopener\">Trabalho Completo<\/a>\u00a0(Dispon\u00edvel para download)<\/li>\n<\/ul>\n<hr \/>\n<p><strong>MESTRANDA:<\/strong>\u00a0Let\u00edcia Marques Fontes<br \/>\n<strong>ORIENTADORA:\u00a0<\/strong>Isabela Pinheiro Cavalcanti Lima<br \/>\n<strong>DISSERTA\u00c7\u00c3O CONCLU\u00cdDA:\u00a0<\/strong>M\u00e9todo alternativo para obten\u00e7\u00e3o de DNA dental por meio de pulveriza\u00e7\u00e3o atrav\u00e9s de moinho de bola<br \/>\n<strong>DATA DA DEFESA:<\/strong>\u00a007\/02\/2018<strong><br \/>\n<\/strong><\/p>\n<ul>\n<li><a title=\"Disserta\u00e7\u00e3o\" href=\"https:\/\/www.uern.br\/controledepaginas\/ppgss-dissertacoes-concluidas-turma-2016\/arquivos\/3853dissertacao_concluida_ppgss_leticia_marques_marques.pdf\" target=\"_blank\" rel=\"noopener\">Trabalho Completo<\/a>\u00a0(Dispon\u00edvel para download)<\/li>\n<\/ul>\n<hr \/>\n<p><strong>MESTRANDA:<\/strong>\u00a0Mar\u00edlia Abrantes Fernandes Cavalcanti<br \/>\n<strong>ORIENTADOR:\u00a0<\/strong>Cl\u00e9ber de Mesquita Andrade<br \/>\n<strong>DISSERTA\u00c7\u00c3O CONCLU\u00cdDA:\u00a0<\/strong>QUALICHAGAS: Constru\u00e7\u00e3o e valida\u00e7\u00e3o de instrumento para avalia\u00e7\u00e3o da qualidade de vida de indiv\u00edduos acometidos por Doen\u00e7a de Chagas<br \/>\n<strong>DATA DA DEFESA:<\/strong>\u00a028\/02\/2018<strong><br \/>\n<\/strong><\/p>\n<ul>\n<li><a title=\"Disserta\u00e7\u00e3o\" href=\"https:\/\/www.uern.br\/controledepaginas\/ppgss-dissertacoes-concluidas-turma-2016\/arquivos\/3853dissertacao_concluida_ppgss_marilia_abrantes_f._cavalcanti.pdf\" target=\"_blank\" rel=\"noopener\">Trabalho Completo<\/a>\u00a0(Dispon\u00edvel para download)<\/li>\n<\/ul>\n<hr \/>\n<p><strong>MESTRANDA:<\/strong>\u00a0Mar\u00edlia Cristina Santos de Medeiros<br \/>\n<strong>ORIENTADORA:\u00a0<\/strong>Maria Irany Knackfuss<br \/>\n<strong>DISSERTA\u00c7\u00c3O CONCLU\u00cdDA:\u00a0<\/strong>Marcadores nutricionais, n\u00edvel de atividade f\u00edsica e qualidade de vida de mulheres com l\u00fapus eritematoso sist\u00eamico<br \/>\n<strong>DATA DA DEFESA:<\/strong>\u00a027\/02\/2018<strong><br \/>\n<\/strong><\/p>\n<ul>\n<li><a title=\"Disserta\u00e7\u00e3o\" href=\"https:\/\/www.uern.br\/controledepaginas\/ppgss-dissertacoes-concluidas-turma-2016\/arquivos\/3853dissertacao_concluida_ppgss_marilia_cristina_santos_de_medeiros.pdf\" target=\"_blank\" rel=\"noopener\">Trabalho Completo<\/a>\u00a0(Dispon\u00edvel para download)<\/li>\n<\/ul>\n<hr \/>\n<p><strong>MESTRANDO:<\/strong>\u00a0Nickson Melo de Morais<br \/>\n<strong>ORIENTADOR:\u00a0<\/strong>Thales Allyrio Ara\u00fajo de Medeiros Fernandes<br \/>\n<strong>DISSERTA\u00c7\u00c3O CONCLU\u00cdDA:\u00a0<\/strong>Capacidade cardiorespiratoria e sua correla\u00e7\u00e3o com as formas cl\u00ednicas e escores de risco de morte e AVE em pacientes portadores de Doen\u00e7a de Chagas<br \/>\n<strong>DATA DA DEFESA:<\/strong>\u00a016\/02\/2018<strong><br \/>\n<\/strong><\/p>\n<ul>\n<li><a title=\"Disserta\u00e7\u00e3o\" href=\"https:\/\/www.uern.br\/controledepaginas\/ppgss-dissertacoes-concluidas-turma-2016\/arquivos\/3853dissertacao_concluida_ppgss_nickson_melo_de_morais.pdf\" target=\"_blank\" rel=\"noopener\">Trabalho Completo<\/a>\u00a0(Dispon\u00edvel para download)<\/li>\n<\/ul>\n<hr \/>\n<p><strong>MESTRANDA:<\/strong>\u00a0Paloma Katlheen Moura Melo<br \/>\n<strong>ORIENTADORA:\u00a0<\/strong>Maria Irany Knackfuss<br \/>\n<strong>DISSERTA\u00c7\u00c3O CONCLU\u00cdDA:\u00a0<\/strong>Efeito da suplementa\u00e7\u00e3o do farelo de aveia no controle do perfil lip\u00eddico, glic\u00eamico e composi\u00e7\u00e3o corporal em idosos<br \/>\n<strong>DATA DA DEFESA:<\/strong>\u00a031\/10\/2018<strong><br \/>\n<\/strong><\/p>\n<ul>\n<li><a title=\"Disserta\u00e7\u00e3o\" href=\"https:\/\/www.uern.br\/controledepaginas\/ppgss-dissertacoes-concluidas-em-2018\/arquivos\/3853dissertaa\u00a7a\u00a3o_conclua\u00adda_ppgss_paloma_katlheen_moura_melo.pdf\" target=\"_blank\" rel=\"noopener\">Trabalho Completo<\/a>\u00a0(Dispon\u00edvel para download)<\/li>\n<\/ul>\n<hr \/>\n<p><strong>MESTRANDO:<\/strong>\u00a0Pedro Coelho Nogueira Di\u00f3genes<br \/>\n<strong>ORIENTADOR:\u00a0<\/strong>Jos\u00e9 Rodolfo Lopes de Paiva Cavalcanti<br \/>\n<strong>DISSERTA\u00c7\u00c3O CONCLU\u00cdDA:\u00a0<\/strong>Estudo da percuss\u00e3o venosa como sinal cl\u00ednico para localiza\u00e7\u00e3o anat\u00f4mica e avalia\u00e7\u00e3o da perviedade de veias superficiais em membros superiores<br \/>\n<strong>DATA DA DEFESA:<\/strong>\u00a023\/02\/2018<strong><br \/>\n<\/strong><\/p>\n<ul>\n<li><a title=\"Disserta\u00e7\u00e3o\" href=\"https:\/\/www.uern.br\/controledepaginas\/ppgss-dissertacoes-concluidas-em-2018\/arquivos\/3853dissertacao_concluida_ppgss_pedro_coelho_nogueira_diogenes.pdf\" target=\"_blank\" rel=\"noopener\">Trabalho Completo<\/a>\u00a0(Dispon\u00edvel para download)<\/li>\n<\/ul>\n<hr \/>\n<p><strong>MESTRANDO:<\/strong>\u00a0Starlynn Freire dos Santos<br \/>\n<strong>ORIENTADOR:\u00a0<\/strong>Fausto Pierdon\u00e1 Guzen<br \/>\n<strong>DISSERTA\u00c7\u00c3O CONCLU\u00cdDA:\u00a0<\/strong>T\u00e9cnica de cultura de c\u00e9lulas nervosas humanas coletadas de c\u00e9rebros traumatizados<br \/>\n<strong>DATA DA DEFESA:<\/strong>\u00a023\/02\/2018<strong><br \/>\n<\/strong><\/p>\n<ul>\n<li><a title=\"Disserta\u00e7\u00e3o\" href=\"https:\/\/www.uern.br\/controledepaginas\/ppgss-dissertacoes-concluidas-turma-2016\/arquivos\/3853dissertacao_concluida_ppgss_starlynn_freire_dos_santos.pdf\" target=\"_blank\" rel=\"noopener\">Trabalho Completo<\/a>\u00a0(Dispon\u00edvel para download)<\/li>\n<\/ul>\n","protected":false},"excerpt":{"rendered":"<p>DISSERTA\u00c7\u00d5ES CONCLU\u00cdDAS EM 2018 MESTRANDA:\u00a0Ana Cristina Arrais ORIENTADOR:\u00a0Jos\u00e9 Rodolfo Lopes de Paiva Cavalcanti DISSERTA\u00c7\u00c3O CONCLU\u00cdDA:\u00a0CARACTERIZA\u00c7\u00c3O CITOARQUITET\u00d4NICA DO COMPLEXO NUCLEAR DA SUBST\u00c2NCIA NEGRA pars COMPACTA (SNc) DE RATOS WISTAR (Rattus norvegicus), EM DIFERENTES IDADES, MEDIANTE IMUNOHISTOQU\u00cdMICA CONTRA S100B DATA DA DEFESA:\u00a025\/05\/2018 Trabalho Completo\u00a0(Dispon\u00edvel para download) MESTRANDA:\u00a0Bianca Norrara Costa Gomes da Silva ORIENTADOR:\u00a0Marco Aur\u00e9lio de Moura Freire [&hellip;]<\/p>\n","protected":false},"author":17,"featured_media":0,"parent":0,"menu_order":0,"comment_status":"closed","ping_status":"closed","template":"","meta":{"footnotes":""},"class_list":["post-562","page","type-page","status-publish","hentry"],"_links":{"self":[{"href":"https:\/\/portal.uern.br\/propeg\/ppgss\/wp-json\/wp\/v2\/pages\/562","targetHints":{"allow":["GET"]}}],"collection":[{"href":"https:\/\/portal.uern.br\/propeg\/ppgss\/wp-json\/wp\/v2\/pages"}],"about":[{"href":"https:\/\/portal.uern.br\/propeg\/ppgss\/wp-json\/wp\/v2\/types\/page"}],"author":[{"embeddable":true,"href":"https:\/\/portal.uern.br\/propeg\/ppgss\/wp-json\/wp\/v2\/users\/17"}],"replies":[{"embeddable":true,"href":"https:\/\/portal.uern.br\/propeg\/ppgss\/wp-json\/wp\/v2\/comments?post=562"}],"version-history":[{"count":1,"href":"https:\/\/portal.uern.br\/propeg\/ppgss\/wp-json\/wp\/v2\/pages\/562\/revisions"}],"predecessor-version":[{"id":563,"href":"https:\/\/portal.uern.br\/propeg\/ppgss\/wp-json\/wp\/v2\/pages\/562\/revisions\/563"}],"wp:attachment":[{"href":"https:\/\/portal.uern.br\/propeg\/ppgss\/wp-json\/wp\/v2\/media?parent=562"}],"curies":[{"name":"wp","href":"https:\/\/api.w.org\/{rel}","templated":true}]}}