{"id":560,"date":"2025-03-01T15:14:08","date_gmt":"2025-03-01T18:14:08","guid":{"rendered":"https:\/\/portal.uern.br\/propeg\/ppgss\/?page_id=560"},"modified":"2025-03-01T15:14:08","modified_gmt":"2025-03-01T18:14:08","slug":"dissertacoes-concluidas-em-2017","status":"publish","type":"page","link":"https:\/\/portal.uern.br\/propeg\/ppgss\/dissertacoes-concluidas-em-2017\/","title":{"rendered":"Disserta\u00e7\u00f5es conclu\u00eddas em 2017"},"content":{"rendered":"<p>DISSERTA\u00c7\u00d5ES CONCLU\u00cdDAS EM 2017<\/p>\n<p><strong>MESTRANDA:<\/strong>\u00a0<a title=\"Discentes 2015\" href=\"http:\/\/propeg.uern.br\/ppgss\/default.asp?item=ppgss-alunos-regulares-2015\" target=\"_blank\" rel=\"noopener\">Ana Paula Knackfuss Freitas Silveira<\/a><br \/>\n<strong>ORIENTADOR:\u00a0<\/strong><a title=\"Docentes\" href=\"http:\/\/propeg.uern.br\/ppgss\/default.asp?item=ppgss-docentes\" target=\"_blank\" rel=\"noopener\">Arnaldo Ten\u00f3rio da Cunha J\u00fanior<\/a><br \/>\n<strong>DISSERTA\u00c7\u00c3O CONCLU\u00cdDA:\u00a0<\/strong>Compuls\u00e3o Alimentar, Imagem Corporal e Qualidade de Vida de Mulheres com Sobrepeso e Obesidade<br \/>\n<strong>DATA DA DEFESA:<\/strong>\u00a017\/03\/2017<strong><br \/>\n<\/strong><\/p>\n<ul>\n<li>\u00a0<a title=\"Disserta\u00e7\u00e3o\" href=\"https:\/\/www.uern.br\/controledepaginas\/ppgss-dissertacoes-concluidas-em-2017\/arquivos\/3852dissertacao_concluida_ppgss_ana_paula_knackfuss_f._silveira.pdf\" target=\"_blank\" rel=\"noopener\">Trabalho Completo<\/a>\u00a0(Dispon\u00edvel para download)<\/li>\n<\/ul>\n<hr \/>\n<p><strong>MESTRANDA:\u00a0<\/strong><a title=\"Discentes 2015\" href=\"http:\/\/propeg.uern.br\/ppgss\/default.asp?item=ppgss-alunos-regulares-2015\" target=\"_blank\" rel=\"noopener\">Aracele Goncalves Vieira<\/a><strong><br \/>\nORIENTADOR:\u00a0<\/strong><a title=\"Docentes\" href=\"http:\/\/propeg.uern.br\/ppgss\/default.asp?item=ppgss-docentes\" target=\"_blank\" rel=\"noopener\">H\u00e9cio Henrique Ara\u00fajo de Morais<\/a><strong><br \/>\nDISSERTA\u00c7\u00c3O\u00a0CONCLU\u00cdDA:\u00a0<\/strong>Inocula\u00e7\u00e3o de c\u00e9lulas tronco mesenquimais na regenera\u00e7\u00e3o morfofuncional em modelo de les\u00e3o por esmagamento do nervo facial em ratos<br \/>\n<strong>DATA DA DEFESA:<\/strong>\u00a0 30\/08\/2017<strong><br \/>\n<\/strong><\/p>\n<ul>\n<li><a title=\"Disserta\u00e7\u00e3o\" href=\"https:\/\/www.uern.br\/controledepaginas\/ppgss-dissertacoes-concluidas-em-2017\/arquivos\/3852dissertacao_concluida_ppgss_aracele_goncalves_vieira.pdf\" target=\"_blank\" rel=\"noopener\">Trabalho Completo<\/a>\u00a0(Dispon\u00edvel para download)<\/li>\n<\/ul>\n<hr \/>\n<p><strong>MESTRANDO:<\/strong>\u00a0<a title=\"Discentes 2015\" href=\"http:\/\/propeg.uern.br\/ppgss\/default.asp?item=ppgss-alunos-regulares-2015\" target=\"_blank\" rel=\"noopener\">Braulio Patrick da Silva Lima<\/a><br \/>\n<strong>ORIENTADOR:<\/strong>\u00a0<a title=\"Docentes\" href=\"http:\/\/propeg.uern.br\/ppgss\/default.asp?item=ppgss-docentes\" target=\"_blank\" rel=\"noopener\">Arnaldo Ten\u00f3rio da Cunha J\u00fanior<\/a><br \/>\n<strong>DISSERTA\u00c7\u00c3O CONCLU\u00cdDA:<\/strong>\u00a0Fatores de Riscos Cardiovasculares, Composi\u00e7\u00e3o Corporal e Aptid\u00e3o F\u00edsica em Adultos Jovens Submetidos a um Programa de Treinamento Supervisionado e Treinamento Orientado Atrav\u00e9s de um Aplicativo M\u00f3vel<br \/>\n<strong>DATA DA DEFESA:<\/strong>\u00a027\/04\/2017<strong><br \/>\n<\/strong><\/p>\n<ul>\n<li>\u00a0<a title=\"Disserta\u00e7\u00e3o\" href=\"https:\/\/www.uern.br\/controledepaginas\/ppgss-dissertacoes-concluidas-em-2017\/arquivos\/3852dissertacao_concluida_ppgss_braulio_patrick_da_silva_lima.pdf\" target=\"_blank\" rel=\"noopener\">Trabalho Completo<\/a>\u00a0(Dispon\u00edvel para download)<\/li>\n<\/ul>\n<hr \/>\n<p><strong>MESTRANDA:\u00a0<\/strong><a title=\"Discentes 2015\" href=\"http:\/\/propeg.uern.br\/ppgss\/default.asp?item=ppgss-alunos-regulares-2015\" target=\"_blank\" rel=\"noopener\">Cristina Virginia Oliveira Carlos<\/a><strong><br \/>\nORIENTADORA:\u00a0<\/strong><a title=\"Docentes\" href=\"http:\/\/propeg.uern.br\/ppgss\/default.asp?item=ppgss-docentes\" target=\"_blank\" rel=\"noopener\">F\u00e1tima Raquel Rosado Morais<strong><br \/>\n<\/strong><\/a><strong>DISSERTA\u00c7\u00c3O\u00a0CONCLU\u00cdDA:\u00a0<\/strong>Orienta\u00e7\u00f5es para Viv\u00eancia do Puerp\u00e9rio: As Pr\u00e1ticas dos Enfermeiros e os Conhecimentos das Gestantes<br \/>\n<strong>DATA DA DEFESA:<\/strong>\u00a017\/04\/2017<strong><br \/>\n<\/strong><\/p>\n<ul>\n<li>\u00a0<a title=\"Disserta\u00e7\u00e3o\" href=\"https:\/\/www.uern.br\/controledepaginas\/ppgss-dissertacoes-concluidas-em-2017\/arquivos\/3852dissertacao_concluida_ppgss_cristina_virginia_oliveira_carlos.pdf\" target=\"_blank\" rel=\"noopener\">Trabalho Completo<\/a>\u00a0(Dispon\u00edvel para download)<\/li>\n<\/ul>\n<hr \/>\n<p><strong>MESTRANDO:<\/strong>\u00a0<a title=\"Discentes 2015\" href=\"http:\/\/propeg.uern.br\/ppgss\/default.asp?item=ppgss-alunos-regulares-2015\" target=\"_blank\" rel=\"noopener\">Douglas Henrique Bezerra Santos<\/a><br \/>\n<strong>ORIENTADOR:<\/strong>\u00a0<a title=\"Docentes\" href=\"http:\/\/propeg.uern.br\/ppgss\/default.asp?item=ppgss-docentes\" target=\"_blank\" rel=\"noopener\">Humberto Jefferson de Medeiros<\/a><br \/>\n<strong>DISSERTA\u00c7\u00c3O CONCLU\u00cdDA:<\/strong>\u00a0Comportamento da Coordena\u00e7\u00e3o Motora e da aptid\u00e3o f\u00edsica em escolares de diferentes est\u00e1gios maturacionais<br \/>\n<strong>DATA DA DEFESA:<\/strong>\u00a027\/04\/2017<strong><br \/>\n<\/strong><\/p>\n<ul>\n<li>\u00a0<a title=\"Disserta\u00e7\u00e3o\" href=\"https:\/\/www.uern.br\/controledepaginas\/ppgss-dissertacoes-concluidas-em-2017\/arquivos\/3852dissertacao_concluida_ppgss_douglas_henrique_bezerra_santos.pdf\" target=\"_blank\" rel=\"noopener\">Trabalho Completo<\/a>\u00a0(Dispon\u00edvel para download)<\/li>\n<\/ul>\n<hr \/>\n<p><strong>MESTRANDO:<\/strong>\u00a0<a title=\"Discentes 2015\" href=\"http:\/\/propeg.uern.br\/ppgss\/default.asp?item=ppgss-alunos-regulares-2015\" target=\"_blank\" rel=\"noopener\">Eligleidson Jose Vidal de Oliveira<\/a><br \/>\n<strong>ORIENTADOR:<\/strong>\u00a0<a title=\"Docentes\" href=\"http:\/\/propeg.uern.br\/ppgss\/default.asp?item=ppgss-docentes\" target=\"_blank\" rel=\"noopener\">Thales Allyrio Ara\u00fajo de Medeiros Fernandes<\/a><br \/>\n<strong>DISSERTA\u00c7\u00c3O CONCLU\u00cdDA:<\/strong>\u00a0An\u00e1lise da inocula\u00e7\u00e3o de c\u00e9lulas tronco mesenquimais na presen\u00e7a do astragalosideo IV na regenera\u00e7\u00e3o morfofuncional do nervo facial traumatizado<br \/>\n<strong>DATA DA DEFESA:<\/strong>\u00a031\/08\/2017<strong><br \/>\n<\/strong><\/p>\n<ul>\n<li>\u00a0<a title=\"Disserta\u00e7\u00e3o\" href=\"https:\/\/www.uern.br\/controledepaginas\/ppgss-dissertacoes-concluidas-em-2017\/arquivos\/3852dissertacao_concluida_ppgss_eligleidson_jose_vidal_de_oliveira.pdf\" target=\"_blank\" rel=\"noopener\">Trabalho Completo<\/a>\u00a0(Dispon\u00edvel para download)<\/li>\n<\/ul>\n<hr \/>\n<p><strong>MESTRANDA:<\/strong>\u00a0<a title=\"Discentes 2015\" href=\"http:\/\/propeg.uern.br\/ppgss\/default.asp?item=ppgss-alunos-regulares-2015\" target=\"_blank\" rel=\"noopener\">Flavia Cavalcante Monteiro Melo<\/a><br \/>\n<strong>ORIENTADORA:<\/strong>\u00a0<a title=\"Docentes\" href=\"http:\/\/propeg.uern.br\/ppgss\/default.asp?item=ppgss-docentes\" target=\"_blank\" rel=\"noopener\">Maria Irany Knackfuss<\/a><br \/>\n<strong>DISSERTA\u00c7\u00c3O CONCLU\u00cdDA:<\/strong>\u00a0Atividade mioel\u00e9trica, for\u00e7a, composi\u00e7\u00e3o corporal e funcionalidade de cadeirantes participantes de um programa de treinamento resistido e destreino<br \/>\n<strong>DATA DA DEFESA:<\/strong>\u00a012\/04\/2017<strong><br \/>\n<\/strong><\/p>\n<ul>\n<li><a title=\"Disserta\u00e7\u00e3o\" href=\"https:\/\/www.uern.br\/controledepaginas\/ppgss-dissertacoes-concluidas-em-2017\/arquivos\/3852dissertacao_concluida_ppgss_flavia_cavalcante_monteiro_melo.pdf\" target=\"_blank\" rel=\"noopener\">Trabalho Completo<\/a>\u00a0(Dispon\u00edvel para download)<\/li>\n<\/ul>\n<hr \/>\n<p><strong>MESTRANDO:<\/strong>\u00a0<a title=\"Discentes 2015\" href=\"http:\/\/propeg.uern.br\/ppgss\/default.asp?item=ppgss-alunos-regulares-2015\" target=\"_blank\" rel=\"noopener\">Francisco Xavier Dantas Lins<\/a><br \/>\n<strong>ORIENTADORA:<\/strong>\u00a0<a title=\"Docentes\" href=\"http:\/\/propeg.uern.br\/ppgss\/default.asp?item=ppgss-docentes\" target=\"_blank\" rel=\"noopener\">Mo\u00eamia Gomes de Oliveira Miranda<\/a><br \/>\n<strong>DISSERTA\u00c7\u00c3O CONCLU\u00cdDA:<\/strong>\u00a0Sobre a hist\u00f3ria da extens\u00e3o universit\u00e1ria: o que os textos revelam e a pr\u00e1tica desvela?<br \/>\n<strong>DATA DA DEFESA:<\/strong>\u00a031\/05\/2017<strong><br \/>\n<\/strong><\/p>\n<ul>\n<li><a title=\"Disserta\u00e7\u00e3o\" href=\"https:\/\/www.uern.br\/controledepaginas\/ppgss-dissertacoes-concluidas-em-2017\/arquivos\/3852dissertacao_concluida_ppgss_francisco_xavier_dantas_lins.pdf\" target=\"_blank\" rel=\"noopener\">Trabalho Completo<\/a>\u00a0(Dispon\u00edvel para download)<\/li>\n<\/ul>\n<hr \/>\n<p><strong>MESTRANDA:<\/strong>\u00a0<a title=\"Discentes 2015\" href=\"http:\/\/propeg.uern.br\/ppgss\/default.asp?item=ppgss-alunos-regulares-2015\" target=\"_blank\" rel=\"noopener\">Gilka Firmino Torres Barisic<\/a><br \/>\n<strong>ORIENTADOR:<\/strong>\u00a0<a title=\"Docentes\" href=\"http:\/\/propeg.uern.br\/ppgss\/default.asp?item=ppgss-docentes\" target=\"_blank\" rel=\"noopener\">Eudes Euler de Souza Lucena<\/a><br \/>\n<strong>DISSERTA\u00c7\u00c3O CONCLU\u00cdDA:<\/strong>\u00a0Preval\u00eancia de Diabetes Gestacional em Mossor\u00f3 \/ RN<br \/>\n<strong>DATA DA DEFESA:<\/strong>\u00a024\/08\/2017<strong><br \/>\n<\/strong><\/p>\n<ul>\n<li><a title=\"Disserta\u00e7\u00e3o\" href=\"https:\/\/www.uern.br\/controledepaginas\/ppgss-dissertacoes-concluidas-em-2017\/arquivos\/3852dissertacao_concluida_ppgss_gilka_firmino_torres_barisic.pdf\" target=\"_blank\" rel=\"noopener\">Trabalho Completo<\/a>\u00a0(Dispon\u00edvel para download)<\/li>\n<\/ul>\n<hr \/>\n<p><strong>MESTRANDA:<\/strong>\u00a0<a title=\"Discentes 2015\" href=\"http:\/\/propeg.uern.br\/ppgss\/default.asp?item=ppgss-alunos-regulares-2015\" target=\"_blank\" rel=\"noopener\">Hervora Santuzza Pereira Araujo<\/a><br \/>\n<strong>ORIENTADOR:<\/strong>\u00a0<a title=\"Docentes\" href=\"http:\/\/propeg.uern.br\/ppgss\/default.asp?item=ppgss-docentes\" target=\"_blank\" rel=\"noopener\">Eudes Euler de Souza Lucena<\/a><br \/>\n<strong>DISSERTA\u00c7\u00c3O CONCLU\u00cdDA:<\/strong>\u00a0Sobrevida e Fatores de Progn\u00f3stico de Pacientes com Insufici\u00eancia Renal Cr\u00f4nica de 2002 a 2009 na Cl\u00ednica do Rim no Estado do Rio Grande do Norte<br \/>\n<strong>DATA DA DEFESA:<\/strong>\u00a010\/04\/2017<strong><br \/>\n<\/strong><\/p>\n<ul>\n<li><a title=\"Disserta\u00e7\u00e3o\" href=\"https:\/\/www.uern.br\/controledepaginas\/ppgss-dissertacoes-concluidas-em-2017\/arquivos\/3852dissertacao_concluida_ppgss_hervora_santuzza_p._a._policarpo.pdf\" target=\"_blank\" rel=\"noopener\">Trabalho Completo<\/a>\u00a0(Dispon\u00edvel para download)<\/li>\n<\/ul>\n<hr \/>\n<p><strong>MESTRANDO:<\/strong>\u00a0<a title=\"Discentes 2015\" href=\"http:\/\/propeg.uern.br\/ppgss\/default.asp?item=ppgss-alunos-regulares-2015\" target=\"_blank\" rel=\"noopener\">Jos\u00e9 Garcia de Brito Neto<\/a><br \/>\n<strong>ORIENTADOR:<\/strong>\u00a0<a title=\"Docentes\" href=\"http:\/\/propeg.uern.br\/ppgss\/default.asp?item=ppgss-docentes\" target=\"_blank\" rel=\"noopener\">Thales Allyrio Ara\u00fajo de Medeiros Fernandes<\/a><br \/>\n<strong>DISSERTA\u00c7\u00c3O CONCLU\u00cdDA:<\/strong>\u00a0Influ\u00eancia do treinamento resistido prescrito por percep\u00e7\u00e3o subjetiva de esfor\u00e7o sobre a composi\u00e7\u00e3o corporal, for\u00e7a e imunidade em pessoas vivendo com HIV\/AIDS<br \/>\n<strong>DATA DA DEFESA:<\/strong>\u00a031\/08\/2017<strong><br \/>\n<\/strong><\/p>\n<ul>\n<li><a title=\"Disserta\u00e7\u00e3o\" href=\"https:\/\/www.uern.br\/controledepaginas\/ppgss-dissertacoes-concluidas-em-2017\/arquivos\/3852dissertacao_concluida_ppgss_jose_garcia_de_brito_neto.pdf\" target=\"_blank\" rel=\"noopener\">Trabalho Completo<\/a>\u00a0(Dispon\u00edvel para download)<\/li>\n<\/ul>\n<hr \/>\n<p><strong>MESTRANDA:<\/strong>\u00a0<a title=\"Discentes 2015\" href=\"http:\/\/propeg.uern.br\/ppgss\/default.asp?item=ppgss-alunos-regulares-2015\" target=\"_blank\" rel=\"noopener\">Julita Gomes Maia de Sena<\/a><br \/>\n<strong>ORIENTADOR:<\/strong>\u00a0<a title=\"Disserta\u00e7\u00e3o conclu\u00edda\" href=\"http:\/\/propeg.uern.br\/ppgss\/default.asp?item=ppgss-docentes\" target=\"_blank\" rel=\"noopener\">Thales Allyrio Ara\u00fajo de Medeiros Fernandes<\/a><br \/>\n<strong>DISSERTA\u00c7\u00c3O CONCLU\u00cdDA:<\/strong>\u00a0Qualidade de Vida: Sua Rela\u00e7\u00e3o com a Ades\u00e3o ao Tratamento Farmacol\u00f3gico e com as Dificuldades Enfrentadas por Crian\u00e7as com C\u00e2ncer e seus Cuidadores<br \/>\n<strong>DATA DA DEFESA:<\/strong>\u00a030\/06\/2017<strong><br \/>\n<\/strong><\/p>\n<ul>\n<li><a title=\"Disserta\u00e7\u00e3o\" href=\"https:\/\/www.uern.br\/controledepaginas\/ppgss-dissertacoes-concluidas-em-2017\/arquivos\/3852dissertacao_concluida_ppgss_julita_gomes_maia_de_sena.pdf\" target=\"_blank\" rel=\"noopener\">Trabalho Completo<\/a>\u00a0(Dispon\u00edvel para download)<\/li>\n<\/ul>\n<hr \/>\n<p><strong>MESTRANDA:<\/strong>\u00a0<a title=\"Discentes 2015\" href=\"http:\/\/propeg.uern.br\/ppgss\/default.asp?item=ppgss-alunos-regulares-2015\" target=\"_blank\" rel=\"noopener\">Katia Kamila Felix de Lima<\/a><br \/>\n<strong>ORIENTADOR:<\/strong>\u00a0<a title=\"Docentes\" href=\"http:\/\/propeg.uern.br\/ppgss\/default.asp?item=ppgss-docentes\" target=\"_blank\" rel=\"noopener\">Humberto Jefferson de Medeiros<\/a><br \/>\n<strong>DISSERTA\u00c7\u00c3O CONCLU\u00cdDA:<\/strong>\u00a0Comportamento de Crian\u00e7as com Transtorno do Espectro Autista Participantes de um Programa de Alfabetiza\u00e7\u00e3o Motora<br \/>\n<strong>DATA DA DEFESA:<\/strong>\u00a018\/04\/2017<strong><br \/>\n<\/strong><\/p>\n<ul>\n<li><a title=\"Disserta\u00e7\u00e3o\" href=\"https:\/\/www.uern.br\/controledepaginas\/ppgss-dissertacoes-concluidas-em-2017\/arquivos\/3852dissertacao_concluida_ppgss_katia_kamila_felix_de_lima.pdf\" target=\"_blank\" rel=\"noopener\">Trabalho Completo<\/a>\u00a0(Dispon\u00edvel para download)<\/li>\n<\/ul>\n<hr \/>\n<p><strong>MESTRANDA:<\/strong>\u00a0<a title=\"Discentes 2015\" href=\"http:\/\/propeg.uern.br\/ppgss\/default.asp?item=ppgss-alunos-regulares-2015\" target=\"_blank\" rel=\"noopener\">Maria Antonia Rego de Freitas<\/a><br \/>\n<strong>ORIENTADOR:<\/strong>\u00a0<a title=\"Docentes\" href=\"http:\/\/propeg.uern.br\/ppgss\/default.asp?item=ppgss-docentes\" target=\"_blank\" rel=\"noopener\">H\u00e9cio Henrique Ara\u00fajo de Morais<\/a><br \/>\n<strong>DISSERTA\u00c7\u00c3O CONCLU\u00cdDA:<\/strong>\u00a0Controle da Dor, Edema e Trismo no P\u00f3s Operat\u00f3rio em Cirurgias de Terceiros Molares Mandibulares: Ensaio Cl\u00ednico com dois Protocolos de Dexametasona 8mg e 12mg<br \/>\n<strong>DATA DA DEFESA:<\/strong>\u00a026\/07\/2017<strong><br \/>\n<\/strong><\/p>\n<ul>\n<li><a title=\"Disserta\u00e7\u00e3o\" href=\"https:\/\/www.uern.br\/controledepaginas\/ppgss-dissertacoes-concluidas-em-2017\/arquivos\/3852dissertacao_concluida_ppgss_maria_antonia_rego_de_freitas.pdf\" target=\"_blank\" rel=\"noopener\">Trabalho Completo<\/a>\u00a0(Dispon\u00edvel para download)<\/li>\n<\/ul>\n<hr \/>\n<p><strong>MESTRANDA:<\/strong>\u00a0<a title=\"Discentes 2015\" href=\"http:\/\/propeg.uern.br\/ppgss\/default.asp?item=ppgss-alunos-regulares-2015\" target=\"_blank\" rel=\"noopener\">Nathacia Almeida Lima<\/a><br \/>\n<strong>ORIENTADOR:<\/strong>\u00a0<a title=\"Docentes\" href=\"http:\/\/propeg.uern.br\/ppgss\/default.asp?item=ppgss-docentes\" target=\"_blank\" rel=\"noopener\">Thales Allyrio Ara\u00fajo de Medeiros Fernandes<\/a><br \/>\n<strong>DISSERTA\u00c7\u00c3O CONCLU\u00cdDA:<\/strong>\u00a0Anomalias cong\u00eanitas e vari\u00e1veis maternas em rec\u00e9m-nascidos em uma regi\u00e3o brasileira no per\u00edodo de 2002 a 2012<br \/>\n<strong>DATA DA DEFESA:<\/strong>\u00a019\/05\/2017<strong><br \/>\n<\/strong><\/p>\n<ul>\n<li><a title=\"Disserta\u00e7\u00e3o\" href=\"https:\/\/www.uern.br\/controledepaginas\/ppgss-dissertacoes-concluidas-em-2017\/arquivos\/3852dissertacao_concluida_ppgss_nathacia_almeida_lima.pdf\" target=\"_blank\" rel=\"noopener\">Trabalho Completo<\/a>\u00a0(Dispon\u00edvel para download)<\/li>\n<\/ul>\n<hr \/>\n<p><strong>MESTRANDO:<\/strong>\u00a0Stephan Barisic Junior<br \/>\n<strong>ORIENTADOR:<\/strong>\u00a0<a title=\"Docentes\" href=\"http:\/\/propeg.uern.br\/ppgss\/default.asp?item=ppgss-docentes\" target=\"_blank\" rel=\"noopener\">Fausto Pierdona Guzen<\/a><br \/>\n<strong>DISSERTA\u00c7\u00c3O CONCLU\u00cdDA:<\/strong>\u00a0Comportamento tr\u00f3fico dos cardiomi\u00f3citos em cultura ap\u00f3s adi\u00e7\u00e3o de meio condicionado dos g\u00e2nglios simp\u00e1ticos na presen\u00e7a do fator de crescimento fibrobl\u00e1stico 2<br \/>\n<strong>DATA DA DEFESA:<\/strong>\u00a024\/08\/2017<strong><br \/>\n<\/strong><\/p>\n<ul>\n<li><a title=\"Disserta\u00e7\u00e3o\" href=\"https:\/\/www.uern.br\/controledepaginas\/ppgss-dissertacoes-concluidas-em-2017\/arquivos\/3852dissertacao_concluida_ppgss_stephan_barisic_junior.pdf\" target=\"_blank\" rel=\"noopener\">Trabalho Completo<\/a>\u00a0(Dispon\u00edvel para download)<\/li>\n<\/ul>\n","protected":false},"excerpt":{"rendered":"<p>DISSERTA\u00c7\u00d5ES CONCLU\u00cdDAS EM 2017 MESTRANDA:\u00a0Ana Paula Knackfuss Freitas Silveira ORIENTADOR:\u00a0Arnaldo Ten\u00f3rio da Cunha J\u00fanior DISSERTA\u00c7\u00c3O CONCLU\u00cdDA:\u00a0Compuls\u00e3o Alimentar, Imagem Corporal e Qualidade de Vida de Mulheres com Sobrepeso e Obesidade DATA DA DEFESA:\u00a017\/03\/2017 \u00a0Trabalho Completo\u00a0(Dispon\u00edvel para download) MESTRANDA:\u00a0Aracele Goncalves Vieira ORIENTADOR:\u00a0H\u00e9cio Henrique Ara\u00fajo de Morais DISSERTA\u00c7\u00c3O\u00a0CONCLU\u00cdDA:\u00a0Inocula\u00e7\u00e3o de c\u00e9lulas tronco mesenquimais na regenera\u00e7\u00e3o morfofuncional em modelo de [&hellip;]<\/p>\n","protected":false},"author":17,"featured_media":0,"parent":0,"menu_order":0,"comment_status":"closed","ping_status":"closed","template":"","meta":{"footnotes":""},"class_list":["post-560","page","type-page","status-publish","hentry"],"_links":{"self":[{"href":"https:\/\/portal.uern.br\/propeg\/ppgss\/wp-json\/wp\/v2\/pages\/560","targetHints":{"allow":["GET"]}}],"collection":[{"href":"https:\/\/portal.uern.br\/propeg\/ppgss\/wp-json\/wp\/v2\/pages"}],"about":[{"href":"https:\/\/portal.uern.br\/propeg\/ppgss\/wp-json\/wp\/v2\/types\/page"}],"author":[{"embeddable":true,"href":"https:\/\/portal.uern.br\/propeg\/ppgss\/wp-json\/wp\/v2\/users\/17"}],"replies":[{"embeddable":true,"href":"https:\/\/portal.uern.br\/propeg\/ppgss\/wp-json\/wp\/v2\/comments?post=560"}],"version-history":[{"count":1,"href":"https:\/\/portal.uern.br\/propeg\/ppgss\/wp-json\/wp\/v2\/pages\/560\/revisions"}],"predecessor-version":[{"id":561,"href":"https:\/\/portal.uern.br\/propeg\/ppgss\/wp-json\/wp\/v2\/pages\/560\/revisions\/561"}],"wp:attachment":[{"href":"https:\/\/portal.uern.br\/propeg\/ppgss\/wp-json\/wp\/v2\/media?parent=560"}],"curies":[{"name":"wp","href":"https:\/\/api.w.org\/{rel}","templated":true}]}}