{"id":556,"date":"2025-03-01T15:10:46","date_gmt":"2025-03-01T18:10:46","guid":{"rendered":"https:\/\/portal.uern.br\/propeg\/ppgss\/?page_id=556"},"modified":"2025-03-01T15:10:46","modified_gmt":"2025-03-01T18:10:46","slug":"dissertacoes-concluidas-em-2016","status":"publish","type":"page","link":"https:\/\/portal.uern.br\/propeg\/ppgss\/dissertacoes-concluidas-em-2016\/","title":{"rendered":"Disserta\u00e7\u00f5es conclu\u00eddas em 2016"},"content":{"rendered":"<p>DISSERTA\u00c7\u00d5ES CONCLU\u00cdDAS EM 2016<\/p>\n<p><strong>DISCENTE:<\/strong>\u00a0Ana Maria de Lima Dantas<br \/>\n<strong>T\u00cdTULO DA DISSERTA\u00c7\u00c3O:<\/strong>\u00a0Percep\u00e7\u00e3o da Imagem Corporal por Candidatas \u00e0 Cirurgia Pl\u00e1stica<br \/>\n<strong>ORIENTADOR<\/strong><strong>:<\/strong>\u00a0Prof. Dr. Fausto Pierdon\u00e1 Guzen<br \/>\n<strong>DATA DA DEFESA:<\/strong>\u00a0 29\/04\/2016<strong><br \/>\n<\/strong><\/p>\n<ul>\n<li><a title=\"Disserta\u00e7\u00e3o conclu\u00edda\" href=\"https:\/\/www.uern.br\/controledepaginas\/ppgss-concluidas-turma-2014\/arquivos\/2883dissertaa\u00a7a\u00a3o_conclua\u00adda_ana_maria_de_lima_dantas.pdf\" target=\"_blank\" rel=\"noopener\">Trabalho Completo<\/a>\u00a0(Dispon\u00edvel para download)<\/li>\n<\/ul>\n<hr \/>\n<p><strong>DISCENTE:<\/strong>\u00a0Branteli Martins Machado<br \/>\n<strong>T\u00cdTULO DA DISSERTA\u00c7\u00c3O:<\/strong>\u00a0Efeitos da suplementa\u00e7\u00e3o com dosagens diferenciadas de \u00e1cidos graxos \u00f4mega 3 TEC 180 e \u00f3leo de linha\u00e7a na plasticidade de c\u00e9lulas nervosas do hipocampo de ratos em cultura<br \/>\n<strong>ORIENTADOR<\/strong><strong>:<\/strong>\u00a0Prof. Dr. Fausto Pierdon\u00e1 Guzen<br \/>\n<strong>DATA DA DEFESA:<\/strong>\u00a0 31\/10\/2016<strong><br \/>\n<\/strong><\/p>\n<ul>\n<li><a title=\"Disserta\u00e7\u00e3o\" href=\"https:\/\/www.uern.br\/controledepaginas\/ppgss-dissertacoes-concluidas-turma-2014\/arquivos\/2883dissertaa\u00a7a\u00a3o_conclua\u00adda_branteli_martins_machado.pdf\" target=\"_blank\" rel=\"noopener\">Trabalho Completo<\/a>\u00a0(Dispon\u00edvel para download)<\/li>\n<\/ul>\n<hr \/>\n<p><strong>DISCENTE:<\/strong>\u00a0Celso Louren\u00e7o de Arruda Neto<br \/>\n<strong>T\u00cdTULO DA DISSERTA\u00c7\u00c3O:<\/strong>\u00a0Caracteriza\u00e7\u00e3o do Perfil Nutricional de Gestantes de uma Comunidade de Remanescentes Quilombolas<br \/>\n<strong>ORIENTADOR<\/strong><strong>:<\/strong>\u00a0Prof. Dr. Hougelle Simpl\u00edcio Gomes Pereira<br \/>\n<strong>DATA DA DEFESA:\u00a0<\/strong>29\/04\/2016<strong><br \/>\n<\/strong><\/p>\n<ul>\n<li><a title=\"Disserta\u00e7\u00e3o conclu\u00edda\" href=\"https:\/\/www.uern.br\/controledepaginas\/ppgss-concluidas-turma-2014\/arquivos\/2883dissertaa\u00a7a\u00a3o_conclua\u00adda_celso_lourena\u00a7o_de_arruda_neto.pdf\" target=\"_blank\" rel=\"noopener\">Trabalho Completo<\/a>\u00a0(Dispon\u00edvel para download)<\/li>\n<\/ul>\n<hr \/>\n<p><strong>DISCENTE:<\/strong>\u00a0Cintia Mikaelle Cunha de Santiago<br \/>\n<strong>T\u00cdTULO DA DISSERTA\u00c7\u00c3O:<\/strong>\u00a0AVALIA\u00c7\u00c3O DA\u00a0ATEN\u00c7\u00c3O PR\u00c9-NATAL DE BAIXO RISCO NO MUNIC\u00cdPIO DE MOSSOR\u00d3-RN<br \/>\n<strong>ORIENTADORA<\/strong><strong>:<\/strong>\u00a0Prof\u00aa. Dr\u00aa. F\u00e1tima Raquel Rosado Morais<br \/>\n<strong>DATA DA DEFESA:\u00a0<\/strong>16\/02\/2016<strong><br \/>\n<\/strong><\/p>\n<ul>\n<li><a title=\"Disserta\u00e7\u00e3o conclu\u00edda\" href=\"https:\/\/www.uern.br\/controledepaginas\/ppgss-concluidas-turma-2014\/arquivos\/2883dissertaa\u00a7a\u00a3o_conclua\u00adda_cintia_mikaelle_cunha_de_santiago_nogueira.pdf\" target=\"_blank\" rel=\"noopener\">Trabalho Completo<\/a>\u00a0(Dispon\u00edvel para download)<\/li>\n<\/ul>\n<hr \/>\n<p><strong>DISCENTE:<\/strong>\u00a0Di\u00f3genes Lopes de Paiva<br \/>\n<strong>T\u00cdTULO DA DISSERTA\u00c7\u00c3O:<\/strong>\u00a0Avalia\u00e7\u00e3o Epidemiol\u00f3gica e da Resposta Terap\u00eautica em Pacientes com C\u00e2ncer de Orofaringe no Rio Grande do Norte<br \/>\n<strong>ORIENTADORA<\/strong><strong>:<\/strong>\u00a0Prof\u00aa. Dr\u00aa. Maria de Lourdes Silva de Arruda Morais<br \/>\n<strong>DATA DA DEFESA:<\/strong>\u00a028\/04\/2016<strong><br \/>\n<\/strong><\/p>\n<ul>\n<li><a title=\"Disserta\u00e7\u00e3o conclu\u00edda\" href=\"https:\/\/www.uern.br\/controledepaginas\/ppgss-concluidas-turma-2014\/arquivos\/2883dissertaa\u00a7a\u00a3o_conclua\u00adda_dia\u00b3genes_lopes_de_paiva.pdf\" target=\"_blank\" rel=\"noopener\">Trabalho Completo<\/a>\u00a0(Dispon\u00edvel para download)<\/li>\n<\/ul>\n<hr \/>\n<p><strong>DISCENTE:<\/strong>\u00a0Epaminondas Carlos de Andrade Neto<br \/>\n<strong>T\u00cdTULO DA DISSERTA\u00c7\u00c3O:<\/strong>\u00a0Fatores sociodemogr\u00e1ficos e comportamentos de risco para a sa\u00fade em universit\u00e1rios<br \/>\n<strong>ORIENTADOR<\/strong><strong>:<\/strong>\u00a0Prof. Dr. Arnaldo Ten\u00f3rio da Cunha J\u00fanior<br \/>\n<strong>DATA DA DEFESA:\u00a0<\/strong>28\/04\/2016<strong><br \/>\n<\/strong><\/p>\n<ul>\n<li><a title=\"Disserta\u00e7\u00e3o conclu\u00edda\" href=\"https:\/\/www.uern.br\/controledepaginas\/ppgss-concluidas-turma-2014\/arquivos\/2883dissertaa\u00a7a\u00a3o_conclua\u00adda_epaminondas_carlos_de_andrade_neto.pdf\" target=\"_blank\" rel=\"noopener\">Trabalho Completo<\/a>\u00a0(Dispon\u00edvel para download)<\/li>\n<\/ul>\n<hr \/>\n<p><strong>DISCENTE:<\/strong>\u00a0Evelin Karla Felix da Silva Pedrosa<br \/>\n<strong>T\u00cdTULO DA DISSERTA\u00c7\u00c3O:\u00a0<\/strong>Investiga\u00e7\u00e3o da Infec\u00e7\u00e3o por Leishmania em Doadores de Sangue<br \/>\n<strong>ORIENTADORA<\/strong><strong>:<\/strong>\u00a0Prof\u00aa. Dr\u00aa. Paula Viviane Souza de Queiroz Moreira<br \/>\n<strong>DATA DA DEFESA:\u00a0<\/strong>28\/04\/2016<strong><br \/>\n<\/strong><\/p>\n<ul>\n<li><a title=\"Disserta\u00e7\u00e3o conclu\u00edda\" href=\"https:\/\/www.uern.br\/controledepaginas\/ppgss-concluidas-turma-2014\/arquivos\/2883dissertaa\u00a7a\u00a3o_conclua\u00adda_evelin_karla_felix_da_silva.pdf\" target=\"_blank\" rel=\"noopener\">Trabalho Completo<\/a>\u00a0(Dispon\u00edvel para download)<\/li>\n<\/ul>\n<hr \/>\n<p><strong>MESTRANDA:<\/strong>\u00a0Fernanda Alves da Silva<br \/>\n<strong>ORIENTADOR:<\/strong>\u00a0<a title=\"Docentes\" href=\"http:\/\/propeg.uern.br\/ppgss\/default.asp?item=ppgss-docentes\" target=\"_blank\" rel=\"noopener\">Eduardo Jos\u00e9 Guerra Seabra<\/a><br \/>\n<strong>DISSERTA\u00c7\u00c3O CONCLU\u00cdDA:<\/strong>\u00a0Doen\u00e7a Renal Cr\u00f4nica: Avalia\u00e7\u00e3o da Qualidade de Vida Relacionada \u00e0 Sa\u00fade dos Pacientes que Realizam Tratamento Hemodial\u00edtico, no munic\u00edpio de Caic\u00f3-RN<br \/>\n<strong>DATA DA DEFESA:<\/strong>\u00a029\/09\/2016<strong><br \/>\n<\/strong><\/p>\n<ul>\n<li>Trabalho Completo (Dispon\u00edvel para download)<\/li>\n<\/ul>\n<hr \/>\n<p><strong>DISCENTE:<\/strong>\u00a0Gislainy Luciana Gomes C\u00e2mara<br \/>\n<strong>T\u00cdTULO DA DISSERTA\u00c7\u00c3O:<\/strong>\u00a0Controle Postural, Risco de Quedas e Atividade Eletromiogr\u00e1fica em Idosos Submetidos a Diferentes Programas de Exerc\u00edcios<br \/>\n<strong>ORIENTADOR<\/strong><strong>:<\/strong>\u00a0Prof. Dr. Arnaldo Ten\u00f3rio da Cunha J\u00fanior<br \/>\n<strong>DATA DA DEFESA:\u00a0<\/strong>28\/04\/2016<strong><br \/>\n<\/strong><\/p>\n<ul>\n<li><a title=\"Disserta\u00e7\u00e3o conclu\u00edda\" href=\"https:\/\/www.uern.br\/controledepaginas\/ppgss-concluidas-turma-2014\/arquivos\/2883dissertaa\u00a7a\u00a3o_conclua\u00adda_gislainy_luciana_gomes_ca\u00a2mara.pdf\" target=\"_blank\" rel=\"noopener\">Trabalho Completo<\/a>\u00a0(Dispon\u00edvel para download)<\/li>\n<\/ul>\n<hr \/>\n<p><strong>DISCENTE:<\/strong>\u00a0Isis Kelly dos Santos<br \/>\n<strong>T\u00cdTULO DA DISSERTA\u00c7\u00c3O:\u00a0<\/strong>Estilo de Vida e Padr\u00f5es do Sono de Pessoas que Vivem com e sem HIV\/AIDS<br \/>\n<strong>ORIENTADORA<\/strong><strong>:<\/strong>\u00a0Prof\u00aa. Dr\u00aa. Maria Irany Knackfuss<br \/>\n<strong>DATA DA DEFESA:\u00a0<\/strong>28\/04\/2016<strong><br \/>\n<\/strong><\/p>\n<ul>\n<li><a title=\"Disserta\u00e7\u00e3o conclu\u00edda\" href=\"https:\/\/www.uern.br\/controledepaginas\/ppgss-concluidas-turma-2014\/arquivos\/2883dissertaa\u00a7a\u00a3o_conclua\u00adda_isis_kelly_dos_santos.pdf\" target=\"_blank\" rel=\"noopener\">Trabalho Completo<\/a>\u00a0(Dispon\u00edvel para download)<\/li>\n<\/ul>\n<hr \/>\n<p><strong>DISCENTE:<\/strong>\u00a0Jos\u00e9 Breno de Alencar Pinto<br \/>\n<strong>T\u00cdTULO DA DISSERTA\u00c7\u00c3O:<\/strong>\u00a0A Metodologia da Problematiza\u00e7\u00e3o na Forma\u00e7\u00e3o do Enfermeiro: Desafios e Potencialidades<br \/>\n<strong>ORIENTADORA<\/strong><strong>:<\/strong>\u00a0Prof\u00aa. Dr\u00aa. Mo\u00eamia Gomes de Oliveira Miranda<br \/>\n<strong>DATA DA DEFESA:\u00a0<\/strong>27\/10\/2016<strong><br \/>\n<\/strong><\/p>\n<ul>\n<li><a title=\"Disserta\u00e7\u00e3o\" href=\"https:\/\/www.uern.br\/controledepaginas\/ppgss-dissertacoes-concluidas-turma-2014\/arquivos\/2883dissertaa\u00a7a\u00a3o_conclua\u00adda_josa\u00a9_breno_de_alencar_pinto.pdf\" target=\"_blank\" rel=\"noopener\">Trabalho Completo<\/a>\u00a0(Dispon\u00edvel para download)<\/li>\n<\/ul>\n<hr \/>\n<p><strong>DISCENTE:<\/strong>\u00a0Josel\u00facia da N\u00f3brega Dias<br \/>\n<strong>T\u00cdTULO DA DISSERTA\u00c7\u00c3O:<\/strong>\u00a0An\u00e1lise da Dentina Remanescente no Assoalho da Cavidade, antes e Imediatamente ap\u00f3s Preparos Cavit\u00e1rios Classe I De Black em Dentes Posteriores<br \/>\n<strong>ORIENTADORA<\/strong><strong>:<\/strong>\u00a0Prof\u00aa. Dr\u00aa. Isabela Pinheiro Cavalcanti Lima<br \/>\n<strong>DATA DA DEFESA:\u00a0<\/strong>29\/04\/2016<strong><br \/>\n<\/strong><\/p>\n<ul>\n<li><a title=\"Disserta\u00e7\u00e3o conclu\u00edda\" href=\"https:\/\/www.uern.br\/controledepaginas\/ppgss-concluidas-turma-2014\/arquivos\/2883dissertaa\u00a7a\u00a3o_conclua\u00adda_joselacia_da_na\u00b3brega_dias.pdf\" target=\"_blank\" rel=\"noopener\">Trabalho Completo<\/a>\u00a0(Dispon\u00edvel para download)<\/li>\n<\/ul>\n<hr \/>\n<p><strong>DISCENTE:<\/strong>\u00a0Juney Alexandre de Sousa Canuto<br \/>\n<strong>T\u00cdTULO DA DISSERTA\u00c7\u00c3O:\u00a0<\/strong>Sensibilidade \u00e0 amoxacilina de bact\u00e9rias aer\u00f3bias presentes em les\u00f5es de origem endod\u00f4ntica de pacientes do CEO de Mossor\u00f3\/RN<br \/>\n<strong>ORIENTADORA<\/strong><strong>:<\/strong>\u00a0Prof\u00aa. Dr\u00aa. Isabela Pinheiro Cavalcanti Lima<br \/>\n<strong>DATA DA DEFESA:\u00a0<\/strong>29\/04\/2016<strong><br \/>\n<\/strong><\/p>\n<ul>\n<li><a title=\"Disserta\u00e7\u00e3o conclu\u00edda\" href=\"https:\/\/www.uern.br\/controledepaginas\/ppgss-concluidas-turma-2014\/arquivos\/2883dissertaa\u00a7a\u00a3o_conclua\u00adda_juney_alexandre_de_sousa_canuto.pdf\" target=\"_blank\" rel=\"noopener\">Trabalho Completo<\/a>\u00a0(Dispon\u00edvel para download)<\/li>\n<\/ul>\n<hr \/>\n<p><strong>DISCENTE:<\/strong>\u00a0Kesley Pablo Morais de Azevedo<br \/>\n<strong>T\u00cdTULO DA DISSERTA\u00c7\u00c3O:<\/strong>\u00a0Matura\u00e7\u00e3o Puberal e Comportamento de Risco a Sa\u00fade em Escolares<br \/>\n<strong>ORIENTADOR<\/strong><strong>:<\/strong>\u00a0Prof. Dr. Humberto Jefferson de Medeiros<br \/>\n<strong>DATA DA DEFESA:\u00a0<\/strong>29\/04\/2016<strong><br \/>\n<\/strong><\/p>\n<ul>\n<li><a title=\"Disserta\u00e7\u00e3o conclu\u00edda\" href=\"https:\/\/www.uern.br\/controledepaginas\/ppgss-concluidas-turma-2014\/arquivos\/2883dissertaa\u00a7a\u00a3o_conclua\u00adda_kesley_pablo_morais_de_azevedo.pdf\" target=\"_blank\" rel=\"noopener\">Trabalho Completo<\/a>\u00a0(Dispon\u00edvel para download)<\/li>\n<\/ul>\n<hr \/>\n<p><strong>DISCENTE:<\/strong>\u00a0Larissa Ang\u00e9lica de Medeiros Bezerra<br \/>\n<strong>T\u00cdTULO DA DISSERTA\u00c7\u00c3O:<\/strong>\u00a0Reprograma\u00e7\u00e3o neuromuscular em pacientes com disfun\u00e7\u00e3o temporomandibular atrav\u00e9s de marca\u00e7\u00e3o de contato na placa miorrelaxante: estudo piloto<br \/>\n<strong>ORIENTADOR<\/strong><strong>:<\/strong>\u00a0Prof. Dr. Eduardo Jos\u00e9 Guerra Seabra<br \/>\n<strong>DATA DA DEFESA:\u00a0<\/strong>25\/10\/2016<strong><br \/>\n<\/strong><\/p>\n<ul>\n<li><a title=\"Disserta\u00e7\u00e3o\" href=\"https:\/\/www.uern.br\/controledepaginas\/ppgss-dissertacoes-concluidas-turma-2014\/arquivos\/2883dissertaa\u00a7a\u00a3o_conclua\u00adda_larissa_anga\u00a9lica_de_medeiros_bezerra.pdf\" target=\"_blank\" rel=\"noopener\">Trabalho Completo<\/a>\u00a0(Dispon\u00edvel para download)<\/li>\n<\/ul>\n<hr \/>\n<p><strong>DISCENTE:<\/strong>\u00a0L\u00edvia Nornyan Medeiros Silva<br \/>\n<strong>T\u00cdTULO DA DISSERTA\u00c7\u00c3O:<\/strong>\u00a0Depend\u00eancia funcional, contexto social e intera\u00e7\u00e3o familiar no cuidado ao idoso<br \/>\n<strong>ORIENTADOR<\/strong><strong>:<\/strong>\u00a0Prof. Dr. Arnaldo Ten\u00f3rio da Cunha J\u00fanior<br \/>\n<strong>DATA DA DEFESA:\u00a0<\/strong>28\/04\/2016<strong><br \/>\n<\/strong><\/p>\n<ul>\n<li><a title=\"Disserta\u00e7\u00e3o conclu\u00edda\" href=\"https:\/\/www.uern.br\/controledepaginas\/ppgss-concluidas-turma-2014\/arquivos\/2883dissertaa\u00a7a\u00a3o_conclua\u00adda_la\u00advia_nornyan_medeiros_silva.pdf\" target=\"_blank\" rel=\"noopener\">Trabalho Completo<\/a>\u00a0(Dispon\u00edvel para download)<\/li>\n<\/ul>\n<hr \/>\n<p><strong>DISCENTE:<\/strong>\u00a0Maria Priscilla Cibelle Ferreira Silva<br \/>\n<strong>T\u00cdTULO DA DISSERTA\u00c7\u00c3O:<\/strong>\u00a0Constru\u00e7\u00e3o, Valida\u00e7\u00e3o e aplica\u00e7\u00e3o de instrumento para avaliar press\u00e3o arterial no atendimento odontol\u00f3gico<br \/>\n<strong>ORIENTADORA<\/strong><strong>:<\/strong>\u00a0Prof\u00aa. Dr\u00aa. Isabela Pinheiro Cavalcanti Lima<br \/>\n<strong>DATA DA DEFESA:\u00a0<\/strong>29\/04\/2016<strong><br \/>\n<\/strong><\/p>\n<ul>\n<li><a title=\"Disserta\u00e7\u00e3o conclu\u00edda\" href=\"https:\/\/www.uern.br\/controledepaginas\/ppgss-concluidas-turma-2014\/arquivos\/2883dissertaa\u00a7a\u00a3o_conclua\u00adda_maria_priscilla_cibelle_ferreira_silva.pdf\" target=\"_blank\" rel=\"noopener\">Trabalho Completo<\/a>\u00a0(Dispon\u00edvel para download)<\/li>\n<\/ul>\n<hr \/>\n<p><strong>DISCENTE:<\/strong>\u00a0Mar\u00edlia Stefani Souza de Menezes<br \/>\n<strong>T\u00cdTULO DA DISSERTA\u00c7\u00c3O:\u00a0<\/strong>Efeito da Olmesartana na Inflama\u00e7\u00e3o Intra-Articular Induzida por Zymosan<br \/>\n<strong>ORIENTADORA<\/strong><strong>:<\/strong>\u00a0Prof\u00aa. Dr\u00aa. Caroline Addison Carvalho Xavier<br \/>\n<strong>DATA DA DEFESA:\u00a0<\/strong>27\/04\/2016<strong><br \/>\n<\/strong><\/p>\n<ul>\n<li><a title=\"Disserta\u00e7\u00e3o conclu\u00edda\" href=\"https:\/\/www.uern.br\/controledepaginas\/ppgss-concluidas-turma-2014\/arquivos\/2883dissertaa\u00a7a\u00a3o_conclua\u00adda_mara\u00adlia_stefani_souza_de_menezes.pdf\" target=\"_blank\" rel=\"noopener\">Trabalho Completo<\/a>\u00a0(Dispon\u00edvel para download)<\/li>\n<\/ul>\n<hr \/>\n<p><strong>DISCENTE:<\/strong>\u00a0Mikaely Martins Pedrosa<br \/>\n<strong>T\u00cdTULO DA DISSERTA\u00c7\u00c3O:<\/strong>\u00a0USO DO AJUSTE OCLUSAL NA TERAPIA ORTOD\u00d4NTICA: UM ESTUDO EPIDEMIOL\u00d3GICO ENTRE OS ORTODONTISTAS DO RIO GRANDE DO NORTE<br \/>\n<strong>ORIENTADOR<\/strong><strong>:<\/strong>\u00a0Prof. Dr. Eduardo Jos\u00e9 Guerra Seabra<br \/>\n<strong>DATA DA DEFESA:\u00a0<\/strong>19\/04\/2016<strong><br \/>\n<\/strong><\/p>\n<ul>\n<li><a title=\"Disserta\u00e7\u00e3o conclu\u00edda\" href=\"https:\/\/www.uern.br\/controledepaginas\/ppgss-concluidas-turma-2014\/arquivos\/2883dissertaa\u00a7a\u00a3o_conclua\u00adda_mikaely_martins_pedrosa.pdf\" target=\"_blank\" rel=\"noopener\">Trabalho Completo<\/a>\u00a0(Dispon\u00edvel para download)<\/li>\n<\/ul>\n<hr \/>\n<p><strong>DISCENTE:<\/strong>\u00a0Naligia Renata Bandeira de Lima<br \/>\n<strong>T\u00cdTULO DA DISSERTA\u00c7\u00c3O:<\/strong>\u00a0Acuidade de Carbonos Articulares no Diagn\u00f3stico de Contatos Interoclusais &#8211; An\u00e1lise Laboratorial<br \/>\n<strong>ORIENTADORA<\/strong><strong>:<\/strong>\u00a0Prof\u00aa. Dr\u00aa. Isabela Pinheiro Cavalcanti Lima<br \/>\n<strong>DATA DA DEFESA:\u00a0<\/strong>29\/04\/2016<strong><br \/>\n<\/strong><\/p>\n<ul>\n<li><a title=\"Disserta\u00e7\u00e3o conclu\u00edda\" href=\"https:\/\/www.uern.br\/controledepaginas\/ppgss-concluidas-turma-2014\/arquivos\/2883dissertaa\u00a7a\u00a3o_conclua\u00adda_naligia_renata_bandeira_de_lima.pdf\" target=\"_blank\" rel=\"noopener\">Trabalho Completo<\/a>\u00a0(Dispon\u00edvel para download)<\/li>\n<\/ul>\n<hr \/>\n<p><strong>DISCENTE:<\/strong>\u00a0Paulo Roberto Nogueira dos Santos<br \/>\n<strong>T\u00cdTULO DA DISSERTA\u00c7\u00c3O:\u00a0<\/strong>USO DA PUNICA GRANATUM L NA PREVEN\u00c7\u00c3O DA MUCOSITE ORAL EM PACIENTE SOB TRATAMENTO ONCOL\u00d3GICO<br \/>\n<strong>ORIENTADORA<\/strong><strong>:<\/strong>\u00a0Prof\u00aa. Dr\u00aa. Maria de Lourdes Silva de Arruda Morais<br \/>\n<strong>DATA DA DEFESA:\u00a0<\/strong>28\/04\/2016<strong><br \/>\n<\/strong><\/p>\n<ul>\n<li><a title=\"Disserta\u00e7\u00e3o conclu\u00edda\" href=\"https:\/\/www.uern.br\/controledepaginas\/ppgss-concluidas-turma-2014\/arquivos\/2883dissertaa\u00a7a\u00a3o_conclua\u00adda_paulo_roberto_nogueira_dos_santos.pdf\" target=\"_blank\" rel=\"noopener\">Trabalho Completo<\/a>\u00a0(Dispon\u00edvel para download)<\/li>\n<\/ul>\n<hr \/>\n<p><strong>DISCENTE:<\/strong>\u00a0Rianne Soares Pinto<br \/>\n<strong>T\u00cdTULO DA DISSERTA\u00c7\u00c3O:<\/strong>\u00a0Estado Nutricional e Marcadores de Risco Cardiovascular em Adolescentes<br \/>\n<strong>ORIENTADOR<\/strong><strong>:<\/strong>\u00a0Prof. Dr. Humberto Jefferson de Medeiros<br \/>\n<strong>DATA DA DEFESA:\u00a0<\/strong>29\/04\/2016<strong><br \/>\n<\/strong><\/p>\n<ul>\n<li><a title=\"Disserta\u00e7\u00e3o conclu\u00edda\" href=\"https:\/\/www.uern.br\/controledepaginas\/ppgss-concluidas-turma-2014\/arquivos\/2883dissertaa\u00a7a\u00a3o_conclua\u00adda_rianne_soares_pinto.pdf\" target=\"_blank\" rel=\"noopener\">Trabalho Completo<\/a>\u00a0(Dispon\u00edvel para download)<\/li>\n<\/ul>\n<hr \/>\n<p><strong>DISCENTE:<\/strong>\u00a0Samara Queiroz Fernandes Coelho<br \/>\n<strong>T\u00cdTULO DA DISSERTA\u00c7\u00c3O:<\/strong>\u00a0Efeitos da Senesc\u00eancia Sobre o Complexo Nuclear da Subst\u00e2ncia Negra pars Compacta (SNc\/A9) de Ratos Wistar (Rattus norvegicus)<br \/>\n<strong>ORIENTADOR<\/strong><strong>:<\/strong>\u00a0Prof. Dr. Fausto Pierdon\u00e1 Guzen<br \/>\n<strong>DATA DA DEFESA:\u00a0<\/strong>29\/04\/2016<strong><br \/>\n<\/strong><\/p>\n<ul>\n<li><a title=\"Disserta\u00e7\u00e3o conclu\u00edda\" href=\"https:\/\/www.uern.br\/controledepaginas\/ppgss-concluidas-turma-2014\/arquivos\/2883dissertaa\u00a7a\u00a3o_conclua\u00adda_samara_queiroz_fernandes_coelho.pdf\" target=\"_blank\" rel=\"noopener\">Trabalho Completo<\/a>\u00a0(Dispon\u00edvel para download)<\/li>\n<\/ul>\n<hr \/>\n<p><strong>DISCENTE:<\/strong>\u00a0Victor Hugo de Oliveira Segundo<br \/>\n<strong>T\u00cdTULO DA DISSERTA\u00c7\u00c3O:<\/strong>\u00a0Atividade Eletromiogr\u00e1fica e For\u00e7a Muscular de Idosos Submetidos a Diferentes Protocolos de Treinamento com Pesos<br \/>\n<strong>ORIENTADORA<\/strong><strong>:<\/strong>\u00a0Prof\u00aa. Dr\u00aa. Maria Irany Knackfuss<br \/>\n<strong>DATA DA DEFESA:\u00a0<\/strong>29\/04\/2016<strong><br \/>\n<\/strong><\/p>\n<ul>\n<li><a title=\"Disserta\u00e7\u00e3o conclu\u00edda\" href=\"https:\/\/www.uern.br\/controledepaginas\/ppgss-concluidas-turma-2014\/arquivos\/2883dissertaa\u00a7a\u00a3o_conclua\u00adda_victor_hugo_de_oliveira_segundo.pdf\" target=\"_blank\" rel=\"noopener\">Trabalho Completo<\/a>\u00a0(Dispon\u00edvel para download)<\/li>\n<\/ul>\n","protected":false},"excerpt":{"rendered":"<p>DISSERTA\u00c7\u00d5ES CONCLU\u00cdDAS EM 2016 DISCENTE:\u00a0Ana Maria de Lima Dantas T\u00cdTULO DA DISSERTA\u00c7\u00c3O:\u00a0Percep\u00e7\u00e3o da Imagem Corporal por Candidatas \u00e0 Cirurgia Pl\u00e1stica ORIENTADOR:\u00a0Prof. Dr. Fausto Pierdon\u00e1 Guzen DATA DA DEFESA:\u00a0 29\/04\/2016 Trabalho Completo\u00a0(Dispon\u00edvel para download) DISCENTE:\u00a0Branteli Martins Machado T\u00cdTULO DA DISSERTA\u00c7\u00c3O:\u00a0Efeitos da suplementa\u00e7\u00e3o com dosagens diferenciadas de \u00e1cidos graxos \u00f4mega 3 TEC 180 e \u00f3leo de linha\u00e7a [&hellip;]<\/p>\n","protected":false},"author":17,"featured_media":0,"parent":0,"menu_order":0,"comment_status":"closed","ping_status":"closed","template":"","meta":{"footnotes":""},"class_list":["post-556","page","type-page","status-publish","hentry"],"_links":{"self":[{"href":"https:\/\/portal.uern.br\/propeg\/ppgss\/wp-json\/wp\/v2\/pages\/556","targetHints":{"allow":["GET"]}}],"collection":[{"href":"https:\/\/portal.uern.br\/propeg\/ppgss\/wp-json\/wp\/v2\/pages"}],"about":[{"href":"https:\/\/portal.uern.br\/propeg\/ppgss\/wp-json\/wp\/v2\/types\/page"}],"author":[{"embeddable":true,"href":"https:\/\/portal.uern.br\/propeg\/ppgss\/wp-json\/wp\/v2\/users\/17"}],"replies":[{"embeddable":true,"href":"https:\/\/portal.uern.br\/propeg\/ppgss\/wp-json\/wp\/v2\/comments?post=556"}],"version-history":[{"count":1,"href":"https:\/\/portal.uern.br\/propeg\/ppgss\/wp-json\/wp\/v2\/pages\/556\/revisions"}],"predecessor-version":[{"id":557,"href":"https:\/\/portal.uern.br\/propeg\/ppgss\/wp-json\/wp\/v2\/pages\/556\/revisions\/557"}],"wp:attachment":[{"href":"https:\/\/portal.uern.br\/propeg\/ppgss\/wp-json\/wp\/v2\/media?parent=556"}],"curies":[{"name":"wp","href":"https:\/\/api.w.org\/{rel}","templated":true}]}}