{"id":554,"date":"2025-03-01T15:10:13","date_gmt":"2025-03-01T18:10:13","guid":{"rendered":"https:\/\/portal.uern.br\/propeg\/ppgss\/?page_id=554"},"modified":"2025-03-01T15:10:13","modified_gmt":"2025-03-01T18:10:13","slug":"dissertacoes-concluidas-em-2015","status":"publish","type":"page","link":"https:\/\/portal.uern.br\/propeg\/ppgss\/dissertacoes-concluidas-em-2015\/","title":{"rendered":"Disserta\u00e7\u00f5es Conclu\u00eddas em 2015"},"content":{"rendered":"<p>DISSERTA\u00c7\u00d5ES CONCLU\u00cdDAS EM 2015<\/p>\n<p><strong>DISCENTE:<\/strong>\u00a0Alexandre Policarpo da Silva<br \/>\n<strong>T\u00cdTULO DA DISSERTA\u00c7\u00c3O:<\/strong>\u00a0Perfil da Cobertura de Procedimentos Cir\u00fargicos Odontol\u00f3gicos na Aten\u00e7\u00e3o Secund\u00e1ria do Estado do Rio Grande do Norte<br \/>\n<strong>ORIENTADOR<\/strong><strong>:<\/strong>\u00a0Prof. Dr. Eduardo Jos\u00e9 Guerra Seabra<br \/>\n<strong>DATA DA DEFESA:<\/strong>\u00a0 26\/03\/2015<strong><br \/>\n<\/strong><\/p>\n<ul>\n<li><a title=\"Disserta\u00e7\u00e3o Conclu\u00edda\" href=\"https:\/\/www.uern.br\/controledepaginas\/ppgss-alunos-regulares-2013\/arquivos\/2858alexandre_policarpo_da_silva.pdf\" target=\"_blank\" rel=\"noopener\">Trabalho Completo<\/a>\u00a0(Dispon\u00edvel para download)<\/li>\n<\/ul>\n<hr \/>\n<p><strong>DISCENTE:<\/strong>\u00a0Am\u00e9lia Resende Leite<br \/>\n<strong>T\u00cdTULO DA DISSERTA\u00c7\u00c3O:<\/strong>\u00a0Preven\u00e7\u00e3o do HIV\/AIDS: Estrat\u00e9gias de Interven\u00e7\u00e3o Utilizadas pela Equipe da Estrat\u00e9gia Sa\u00fade da Fam\u00edlia<br \/>\n<strong>ORIENTADOR<\/strong><strong>:<\/strong>\u00a0Prof. Dr. Richardson Augusto Rosendo da Silva<br \/>\n<strong>DATA DA DEFESA:<\/strong>\u00a0 30\/03\/2015<strong><br \/>\n<\/strong><\/p>\n<ul>\n<li><a title=\"Am\u00e9lia Resende Leite\" href=\"https:\/\/www.uern.br\/controledepaginas\/ppgss-defendidas-turma-2013\/arquivos\/2873amelia_resende_leite.pdf\" target=\"_blank\" rel=\"noopener\">Trabalho Completo<\/a>\u00a0(Dispon\u00edvel para download)<\/li>\n<\/ul>\n<hr \/>\n<p><strong>DISCENTE:<\/strong>\u00a0Anassely Bezerra Bessa<br \/>\n<strong>T\u00cdTULO DA DISSERTA\u00c7\u00c3O:<\/strong>\u00a0N\u00cdVEL DE INFORMA\u00c7\u00c3O E CONDUTA TERAP\u00caUTICA DOS PROFISSIONAIS ODONT\u00d3LOGOS DA CIDADE DE PAU DOS FERROS\/RN<br \/>\n<strong>ORIENTADORA<\/strong><strong>:<\/strong>\u00a0Prof\u00aa. Dr\u00aa. Isabela Pinheiro Cavalcanti Lima<br \/>\n<strong>DATA DA DEFESA:\u00a0<\/strong>26\/03\/2015<strong><br \/>\n<\/strong><\/p>\n<ul>\n<li><a title=\"Disserta\u00e7\u00e3o Conclu\u00edda\" href=\"https:\/\/www.uern.br\/controledepaginas\/ppgss-alunos-regulares-2013\/arquivos\/2858anassely_bezerra_bessa.pdf\" target=\"_blank\" rel=\"noopener\">Trabalho Completo<\/a>\u00a0(Dispon\u00edvel para download)<\/li>\n<\/ul>\n<hr \/>\n<p><strong>DISCENTE:<\/strong>\u00a0Carla Nadja Santos de Sousa<br \/>\n<strong>T\u00cdTULO DA DISSERTA\u00c7\u00c3O:<\/strong>\u00a0Rastreamento do C\u00e2ncer de Mama: Conhecimentos, Pr\u00e1ticas e Resist\u00eancia em Mulheres Atendidas na Estrat\u00e9gia Sa\u00fade da Fam\u00edlia<br \/>\n<strong>ORIENTADORA<\/strong><strong>:<\/strong>\u00a0Prof\u00aa. Dr\u00aa. F\u00e1tima Raquel Rosado Morais<br \/>\n<strong>DATA DA DEFESA:<\/strong>\u00a0 24\/03\/2015<strong><br \/>\n<\/strong><\/p>\n<ul>\n<li><a title=\"Carla Nadja Santos de Sousa\" href=\"https:\/\/www.uern.br\/controledepaginas\/ppgss-defendidas-turma-2013\/arquivos\/2873carla_nadja_santos_de_sousa.pdf\" target=\"_blank\" rel=\"noopener\">Trabalho Completo<\/a>\u00a0(Dispon\u00edvel para download)<\/li>\n<\/ul>\n<hr \/>\n<p><strong>DISCENTE:<\/strong>\u00a0Claudielly Ferreira da Silva<br \/>\n<strong>T\u00cdTULO DA DISSERTA\u00c7\u00c3O:<\/strong>\u00a0O Compromisso Pol\u00edtico que Permeia a Forma\u00e7\u00e3o do Enfermeiro: Limites e Possibilidades<br \/>\n<strong>ORIENTADORA<\/strong><strong>:<\/strong>\u00a0Prof\u00aa. Dr\u00aa. Mo\u00eamia Gomes de Oliveira Miranda<br \/>\n<strong>DATA DA DEFESA:<\/strong>\u00a0 30\/03\/2015<strong><br \/>\n<\/strong><\/p>\n<ul>\n<li><a title=\"Disserta\u00e7\u00e3o Conclu\u00edda\" href=\"https:\/\/www.uern.br\/controledepaginas\/ppgss-alunos-regulares-2013\/arquivos\/2858claudielly_ferreira_da_silva.pdf\" target=\"_blank\" rel=\"noopener\">Trabalho Completo<\/a>\u00a0(Dispon\u00edvel para download)<\/li>\n<\/ul>\n<hr \/>\n<p><strong>DISCENTE:<\/strong>\u00a0Cl\u00e9ber Mahlmann Viana Bezerra<br \/>\n<strong>T\u00cdTULO DA DISSERTA\u00c7\u00c3O:\u00a0<\/strong>An\u00e1lise da Plasticidade Celular da Medula Espinal na Presen\u00e7a de Meio Condicionado do Nervo Isqui\u00e1tico com Adi\u00e7\u00e3o do Fator de Crescimento Fibrobl\u00e1stico &#8211; 2 em Cultura<br \/>\n<strong>ORIENTADOR<\/strong><strong>:<\/strong>\u00a0Prof. Dr. Fausto Pierdon\u00e1 Guzen<br \/>\n<strong>DATA DA DEFESA:<\/strong>\u00a0 27\/02\/2015<strong><br \/>\n<\/strong><\/p>\n<ul>\n<li><a title=\"Cl\u00e9ber Mahlmann Viana Bezerra\" href=\"https:\/\/www.uern.br\/controledepaginas\/ppgss-defendidas-turma-2013\/arquivos\/2873cleber_mahlmann_viana_bezerra.pdf\" target=\"_blank\" rel=\"noopener\">Trabalho Completo<\/a>\u00a0(Dispon\u00edvel para download)<\/li>\n<\/ul>\n<hr \/>\n<p><strong>DISCENTE:<\/strong>\u00a0Dimas Anaximandro da Rocha Morgan<br \/>\n<strong>T\u00cdTULO DA DISSERTA\u00c7\u00c3O:<\/strong>\u00a0Crian\u00e7as com S\u00edndrome de Sotos Participantes de um Programa de Alfabetiza\u00e7\u00e3o Motora<br \/>\n<strong>ORIENTADOR<\/strong><strong>:<\/strong>\u00a0Prof. Dr. Humberto Jefferson de Medeiros<br \/>\n<strong>DATA DA DEFESA:<\/strong>\u00a0 05\/02\/2015<strong><br \/>\n<\/strong><\/p>\n<ul>\n<li><a title=\"Dimas Anaximandro da Rocha Morgan\" href=\"https:\/\/www.uern.br\/controledepaginas\/ppgss-defendidas-turma-2013\/arquivos\/2873dimas_anaximandro_da_rocha_morgan.pdf\" target=\"_blank\" rel=\"noopener\">Trabalho Completo<\/a>\u00a0(Dispon\u00edvel para download)<\/li>\n<\/ul>\n<hr \/>\n<p><strong>DISCENTE:<\/strong>\u00a0F\u00e1bio Firmino de Albuquerque Gurgel<br \/>\n<strong>T\u00cdTULO DA DISSERTA\u00c7\u00c3O:<\/strong>\u00a0Amplitude dos movimentos craniomandibulares e cervicais e limiar de dor ap\u00f3s manipula\u00e7\u00e3o osteop\u00e1tica da articula\u00e7\u00e3o atlanto-axial<br \/>\n<strong>ORIENTADORA<\/strong><strong>:<\/strong>\u00a0Prof\u00aa. Dr\u00aa. Isabela Pinheiro Cavalcanti Lima<br \/>\n<strong>DATA DA DEFESA:<\/strong>\u00a0 31\/03\/2015<strong><br \/>\n<\/strong><\/p>\n<ul>\n<li><a title=\"F\u00e1bio Firmino de Albuquerque Gurgel\" href=\"https:\/\/www.uern.br\/controledepaginas\/ppgss-defendidas-turma-2013\/arquivos\/2873fabio_firmino_de_albuquerque_gurgel.pdf\" target=\"_blank\" rel=\"noopener\">Trabalho Completo<\/a>\u00a0(Dispon\u00edvel para download)<\/li>\n<\/ul>\n<hr \/>\n<p><strong>DISCENTE:<\/strong>\u00a0F\u00e1bio Romano Freire<br \/>\n<strong>T\u00cdTULO DA DISSERTA\u00c7\u00c3O:<\/strong>\u00a0Estilo de Vida, Caracter\u00edsticas Demogr\u00e1fico- Biol\u00f3gicas e N\u00edvel de Atividade F\u00edsica de Docentes do Ensino T\u00e9cnico<br \/>\n<strong>ORIENTADOR<\/strong><strong>:<\/strong>\u00a0Prof. Dr. Arnaldo Ten\u00f3rio da Cunha J\u00fanior<br \/>\n<strong>DATA DA DEFESA:<\/strong>\u00a019\/03\/2015<strong><br \/>\n<\/strong><\/p>\n<ul>\n<li><a title=\"Disserta\u00e7\u00e3o Conclu\u00edda\" href=\"https:\/\/www.uern.br\/controledepaginas\/ppgss-alunos-regulares-2013\/arquivos\/2858fabio_romano_freire.pdf\" target=\"_blank\" rel=\"noopener\">Trabalho Completo<\/a>\u00a0(Dispon\u00edvel para download)<\/li>\n<\/ul>\n<hr \/>\n<p><strong>DISCENTE:<\/strong>\u00a0Gabriele Maria Dantas Diniz<br \/>\n<strong>T\u00cdTULO DA DISSERTA\u00c7\u00c3O:<\/strong>\u00a0Ocorr\u00eancia de infec\u00e7\u00e3o assintom\u00e1tica por\u00a0<em>Leishmania chagasi\u00a0<\/em>em doadores de banco de sangue<br \/>\n<strong>ORIENTADORA<\/strong><strong>:<\/strong>\u00a0Prof\u00aa. Dr\u00aa. Paula Vivianne Souza de Queiroz Moreira<br \/>\n<strong>DATA DA DEFESA:\u00a0<\/strong>24\/03\/2015<strong><br \/>\n<\/strong><\/p>\n<ul>\n<li><a title=\"Gabriele Maria Dantas Diniz\" href=\"https:\/\/www.uern.br\/controledepaginas\/ppgss-defendidas-turma-2013\/arquivos\/2873gabriele_maria_dantas_diniz.pdf\" target=\"_blank\" rel=\"noopener\">Trabalho Completo<\/a>\u00a0(Dispon\u00edvel para download)<\/li>\n<\/ul>\n<hr \/>\n<p><strong>DISCENTE:<\/strong>\u00a0Gemma Galgani do Nascimento Santos<br \/>\n<strong>T\u00cdTULO DA DISSERTA\u00c7\u00c3O:<\/strong>\u00a0AVALIA\u00c7\u00c3O ECONOMICA VERSUS TEMPO NA REALIZA\u00c7\u00c3O DE PROCEDIMENTOS EM PACIENTES COM INDICA\u00c7\u00c3O CIRURGICA DE TUMORES CEREBRAIS<br \/>\n<strong>ORIENTADOR<\/strong><strong>:<\/strong>\u00a0Prof. Dr. Hougelle Simpl\u00edcio Gomes Pereira<br \/>\n<strong>DATA DA DEFESA:\u00a0<\/strong>30\/09\/2015<strong><br \/>\n<\/strong><\/p>\n<ul>\n<li><a title=\"Disserta\u00e7\u00e3o conclu\u00edda\" href=\"https:\/\/www.uern.br\/controledepaginas\/ppgss-dissertacoes-concluidas-turma-2013\/arquivos\/2873gemma_galgani_do_nascimento_santos.pdf\" target=\"_blank\" rel=\"noopener\">Trabalho Completo<\/a>\u00a0(Dispon\u00edvel para download)<\/li>\n<\/ul>\n<hr \/>\n<p><strong>DISCENTE:<\/strong>\u00a0Irismar Karla Sarmento de Paiva<br \/>\n<strong>T\u00cdTULO DA DISSERTA\u00c7\u00c3O:<\/strong>\u00a0Popula\u00e7\u00e3o em Situa\u00e7\u00e3o de Rua: Desafios e Perspectivas para Forma\u00e7\u00e3o do Enfermeiro<br \/>\n<strong>ORIENTADORA<\/strong><strong>:<\/strong>\u00a0Prof\u00aa. Dr\u00aa. Mo\u00eamia Gomes de Oliveira Miranda<br \/>\n<strong>DATA DA DEFESA:<\/strong>\u00a0 30\/03\/2015<strong><br \/>\n<\/strong><\/p>\n<ul>\n<li><a title=\"Irismar Karla Sarmento de Paiva\" href=\"https:\/\/www.uern.br\/controledepaginas\/ppgss-defendidas-turma-2013\/arquivos\/2873irismar_karla_sarmento_de_paiva.pdf\" target=\"_blank\" rel=\"noopener\">Trabalho Completo<\/a>\u00a0(Dispon\u00edvel para download)<\/li>\n<\/ul>\n<hr \/>\n<p><strong>DISCENTE:<\/strong>\u00a0Joelma Gomes da Silva<br \/>\n<strong>T\u00cdTULO DA DISSERTA\u00c7\u00c3O:<\/strong>\u00a0N\u00edvel de dor e qualidade de vida de pessoas que vivem com HIV\/AIDS<br \/>\n<strong>ORIENTADORA<\/strong><strong>:<\/strong>\u00a0Prof\u00aa. Dr\u00aa. Maria Irany Knackfuss<br \/>\n<strong>DEFESA:<\/strong>\u00a004\/02\/2015<strong><br \/>\n<\/strong><\/p>\n<ul>\n<li><a title=\"Joelma Gomes da Silva\" href=\"https:\/\/www.uern.br\/controledepaginas\/ppgss-defendidas-turma-2013\/arquivos\/2873joelma_gomes_da_silva.pdf\" target=\"_blank\" rel=\"noopener\">Trabalho Completo<\/a>\u00a0(Dispon\u00edvel para download)<\/li>\n<\/ul>\n<hr \/>\n<p><strong>DISCENTE:<\/strong>\u00a0Laio da Costa Dutra<br \/>\n<strong>T\u00cdTULO DA DISSERTA\u00c7\u00c3O:<\/strong>\u00a0Condi\u00e7\u00e3o Dent\u00e1ria de Pacientes com Disfun\u00e7\u00e3o Temporomandibular<br \/>\n<strong>ORIENTADOR<\/strong><strong>:<\/strong>\u00a0Prof. Dr. Eduardo Jos\u00e9 Guerra Seabra<br \/>\n<strong>DATA DA DEFESA:<\/strong>\u00a0 26\/06\/2015<strong><br \/>\n<\/strong><\/p>\n<ul>\n<li><a title=\"Disserta\u00e7\u00e3o Conclu\u00edda\" href=\"https:\/\/www.uern.br\/controledepaginas\/ppgss-alunos-regulares-2013\/arquivos\/2858laio_da_costa_dutra.pdf\" target=\"_blank\" rel=\"noopener\">Trabalho Completo<\/a>\u00a0(Dispon\u00edvel para download)<\/li>\n<\/ul>\n<hr \/>\n<p><strong>DISCENTE:<\/strong>\u00a0Linda K\u00e1tia Oliveira Sales<br \/>\n<strong>T\u00cdTULO DA DISSERTA\u00c7\u00c3O:<\/strong>\u00a0ESTUDO DA SOBREVIDA E FATORES PROGN\u00d3STICOS EM MULHERES COM C\u00c2NCER DO COLO DO \u00daTERO NO RIO GRANDE DO NORTE, BRASIL<br \/>\n<strong>ORIENTADORA<\/strong><strong>:<\/strong>\u00a0Prof\u00aa. Dr\u00aa. F\u00e1tima Raquel Rosado Morais<br \/>\n<strong>DATA DA DEFESA:\u00a0<\/strong>27\/03\/2015<strong><br \/>\n<\/strong><\/p>\n<ul>\n<li><a title=\"Disserta\u00e7\u00e3o Conclu\u00edda\" href=\"https:\/\/www.uern.br\/controledepaginas\/ppgss-alunos-regulares-2013\/arquivos\/2858linda_katia_oliveira_sales.pdf\" target=\"_blank\" rel=\"noopener\">Trabalho Completo<\/a>\u00a0(Dispon\u00edvel para download)<\/li>\n<\/ul>\n<hr \/>\n<p><strong>DISCENTE:<\/strong>\u00a0Lorena Bezerra de Oliveira<br \/>\n<strong>T\u00cdTULO DA DISSERTA\u00c7\u00c3O:<\/strong>\u00a0Impacto da Fisioterapia Motora na Reinterna\u00e7\u00e3o Hospitalar de Pacientes com Acidente Vascular Encef\u00e1lico \u2013 Coorte Hist\u00f3rico<br \/>\n<strong>ORIENTADOR<\/strong><strong>:<\/strong>\u00a0Prof. Dr. Hougelle Simpl\u00edcio Gomes Pereira<br \/>\n<strong>DATA DA DEFESA:<\/strong>\u00a0 30\/03\/2015<strong><br \/>\n<\/strong><\/p>\n<ul>\n<li><a title=\"Lorena Bezerra de Oliveira \" href=\"https:\/\/www.uern.br\/controledepaginas\/ppgss-defendidas-turma-2013\/arquivos\/2873lorena_bezerra_de_oliveira.pdf\" target=\"_blank\" rel=\"noopener\">Trabalho Completo<\/a>\u00a0(Dispon\u00edvel para download)<\/li>\n<\/ul>\n<hr \/>\n<p><strong>DISCENTE:<\/strong>\u00a0Lorenna Karen Paiva e Freitas<br \/>\n<strong>T\u00cdTULO DA DISSERTA\u00c7\u00c3O:<\/strong>\u00a0Determinantes Demogr\u00e1fico-Biol\u00f3gicos, N\u00edvel de Atividade F\u00edsica e Imagem Corporal de Adolescentes da Regi\u00e3o do Semi\u00e1rido Potiguar<br \/>\n<strong>ORIENTADOR<\/strong><strong>:<\/strong>\u00a0Prof. Dr. Arnaldo Ten\u00f3rio da Cunha J\u00fanior<br \/>\n<strong>DATA DA DEFESA:<\/strong>\u00a019\/03\/2015<strong><br \/>\n<\/strong><\/p>\n<ul>\n<li><a title=\"Lorenna Karen Paiva e Freitas\" href=\"https:\/\/www.uern.br\/controledepaginas\/ppgss-defendidas-turma-2013\/arquivos\/2873lorenna_karen_paiva_e_freitas.pdf\" target=\"_blank\" rel=\"noopener\">Trabalho Completo<\/a>\u00a0(Dispon\u00edvel para download)<\/li>\n<\/ul>\n<hr \/>\n<p><strong>DISCENTE:<\/strong>\u00a0Luciane Barreto Ara\u00fajo<br \/>\n<strong>T\u00cdTULO DA DISSERTA\u00c7\u00c3O:<\/strong>\u00a0AIDS no Estado do Rio Grande do Norte: Indicadores Epidemiol\u00f3gicos e Sociodemogr\u00e1ficos<br \/>\n<strong>ORIENTADORA<\/strong><strong>:<\/strong>\u00a0Prof\u00aa. Dr\u00aa. Maria Irany Knackfuss<br \/>\n<strong>DATA DA DEFESA:<\/strong>\u00a0 31\/03\/2015<strong><br \/>\n<\/strong><\/p>\n<ul>\n<li><a title=\"Luciane Barreto Ara\u00fajo\" href=\"https:\/\/www.uern.br\/controledepaginas\/ppgss-defendidas-turma-2013\/arquivos\/2873luciane_barreto_araa\u0161jo.pdf\" target=\"_blank\" rel=\"noopener\">Trabalho Completo<\/a>\u00a0(Dispon\u00edvel para download)<\/li>\n<\/ul>\n<hr \/>\n<p><strong>DISCENTE:<\/strong>\u00a0Lu\u00eds Carlos Barbosa Silva<br \/>\n<strong>T\u00cdTULO DA DISSERTA\u00c7\u00c3O:\u00a0<\/strong>Comportamento Alimentar e N\u00edvel de Atividade F\u00edsica de Escolares do Agreste Alagoano<br \/>\n<strong>ORIENTADOR<\/strong><strong>:<\/strong>\u00a0Prof. Dr. Arnaldo Ten\u00f3rio da Cunha J\u00fanior<br \/>\n<strong>DATA DA DEFESA:<\/strong>\u00a0 19\/03\/2015<strong><br \/>\n<\/strong><\/p>\n<ul>\n<li><a title=\"Disserta\u00e7\u00e3o conclu\u00edda\" href=\"https:\/\/www.uern.br\/controledepaginas\/ppgss-dissertacoes-concluidas-turma-2013\/arquivos\/2873lua\u00ads_carlos_barbosa_silva.pdf\" target=\"_blank\" rel=\"noopener\">Trabalho Completo<\/a>\u00a0(Dispon\u00edvel para download)<\/li>\n<\/ul>\n<hr \/>\n<p><strong>DISCENTE:<\/strong>\u00a0M\u00e1rcio Adriano Fernandes Barreto<br \/>\n<strong>T\u00cdTULO DA DISSERTA\u00c7\u00c3O:\u00a0<\/strong>Investiga\u00e7\u00e3o dos Determinantes da Infec\u00e7\u00e3o Chag\u00e1sica Gestacional em Severiano Melo &#8211; RN, Brasil<br \/>\n<strong>ORIENTADOR<\/strong><strong>:<\/strong>\u00a0Prof. Dr. Wogelsanger Oliveira Pereira<br \/>\n<strong>DATA DA DEFESA:<\/strong>\u00a0 26\/03\/2015<strong><br \/>\n<\/strong><\/p>\n<ul>\n<li><a title=\"M\u00e1rcio Adriano Fernandes Barreto\" href=\"https:\/\/www.uern.br\/controledepaginas\/ppgss-defendidas-turma-2013\/arquivos\/2873marcio_adriano_fernandes_barreto.pdf\" target=\"_blank\" rel=\"noopener\">Trabalho Completo<\/a>\u00a0(Dispon\u00edvel para download)<\/li>\n<\/ul>\n<hr \/>\n<p><strong>DISCENTE:<\/strong>\u00a0Paulo C\u00e9sar Ricarte da Silva<br \/>\n<strong>T\u00cdTULO DA DISSERTA\u00c7\u00c3O:<\/strong>\u00a0Autonomia Funcional e Comportamento Neuromuscular de Idosos<br \/>\n<strong>ORIENTADORA<\/strong><strong>:<\/strong>\u00a0Prof\u00aa. Dr\u00aa. Maria Irany Knackfuss<br \/>\n<strong>DATA DA DEFESA:<\/strong>\u00a0 31\/03\/2015<strong><br \/>\n<\/strong><\/p>\n<ul>\n<li><a title=\"Disserta\u00e7\u00e3o Conclu\u00edda\" href=\"https:\/\/www.uern.br\/controledepaginas\/ppgss-alunos-regulares-2013\/arquivos\/2858paulo_cesar_ricarte_da_silva.pdf\" target=\"_blank\" rel=\"noopener\">Trabalho Completo<\/a>\u00a0(Dispon\u00edvel para download)<\/li>\n<\/ul>\n<hr \/>\n<p><strong>DISCENTE:<\/strong>\u00a0Rejane Maria de Oliveira Holanda<br \/>\n<strong>T\u00cdTULO DA DISSERTA\u00c7\u00c3O:\u00a0<\/strong>Preval\u00eancia e Fatores Associados \u00e0 Asfixia Perinatal a Partir de uma Amostra de Nascidos Vivos<br \/>\n<strong>ORIENTADOR<\/strong><strong>:<\/strong>\u00a0Prof. Dr. Fausto Pierdon\u00e1 Guzen<br \/>\n<strong>DATA DA DEFESA:<\/strong>\u00a0 26\/03\/2015<strong><br \/>\n<\/strong><\/p>\n<ul>\n<li><a title=\"Disserta\u00e7\u00e3o Conclu\u00edda\" href=\"https:\/\/www.uern.br\/controledepaginas\/ppgss-alunos-regulares-2013\/arquivos\/2858rejane_maria_de_oliveira_holanda.pdf\" target=\"_blank\" rel=\"noopener\">Trabalho Completo<\/a>\u00a0(Dispon\u00edvel para download)<\/li>\n<\/ul>\n<hr \/>\n<p><strong>DISCENTE:<\/strong>\u00a0Renata Janice Morais Lima Ferreira Barros<br \/>\n<strong>T\u00cdTULO DA DISSERTA\u00c7\u00c3O:<\/strong>\u00a0PERFIL CLINICO E EPIDEMIOL\u00d3GICO DOS PACIENTES ADULTOS MASCULINOS ATENDIDOS EM UM HOSPITAL ONCOL\u00d3GICO DE M\u00c9DIO PORTE EM UMA CIDADE DO INTERIOR DO RIO GRANDE DO NORTE \u2013 RN<br \/>\n<strong>ORIENTADORA<\/strong><strong>:<\/strong>\u00a0Prof\u00aa. Dr\u00aa. F\u00e1tima Raquel Rosado Morais<br \/>\n<strong>DATA DA DEFESA:\u00a0<\/strong>25\/03\/2015<strong><br \/>\n<\/strong><\/p>\n<ul>\n<li><a title=\"Disserta\u00e7\u00e3o conclu\u00edda\" href=\"https:\/\/www.uern.br\/controledepaginas\/ppgss-dissertacoes-concluidas-turma-2013\/arquivos\/2873renata_janice_morais_lima_ferreira_barros.pdf\" target=\"_blank\" rel=\"noopener\">Trabalho Completo<\/a>\u00a0(Dispon\u00edvel para download)<\/li>\n<\/ul>\n<hr \/>\n<p><strong>DISCENTE:<\/strong>\u00a0R\u00e9via Ribeiro Castro<br \/>\n<strong>T\u00cdTULO DA DISSERTA\u00c7\u00c3O:<\/strong>\u00a0Elabora\u00e7\u00e3o e Valida\u00e7\u00e3o de Question\u00e1rio para Avalia\u00e7\u00e3o do Controle do HIV\/AIDS na Aten\u00e7\u00e3o B\u00e1sica<br \/>\n<strong>ORIENTADOR<\/strong><strong>:<\/strong>\u00a0Prof. Dr. Richardson Augusto Rosendo da Silva<br \/>\n<strong>DATA DA DEFESA:<\/strong>\u00a0 27\/03\/2015<strong><br \/>\n<\/strong><\/p>\n<ul>\n<li><a title=\"R\u00e9via Ribeiro Castro\" href=\"https:\/\/www.uern.br\/controledepaginas\/ppgss-defendidas-turma-2013\/arquivos\/2873revia_ribeiro_castro.pdf\" target=\"_blank\" rel=\"noopener\">Trabalho Completo<\/a>\u00a0(Dispon\u00edvel para download)<\/li>\n<\/ul>\n<hr \/>\n<p><strong>DISCENTE:<\/strong>\u00a0Rosa Ang\u00e9lica Silveira Rebou\u00e7as Barbosa<br \/>\n<strong>T\u00cdTULO DA DISSERTA\u00c7\u00c3O:<\/strong>\u00a0Qualidade de Vida, Suporte Familiar, Comorbidade e Polifarm\u00e1cia em Idosos Institucionalizados Com e Sem Sintomas de Depress\u00e3o<br \/>\n<strong>ORIENTADORA<\/strong><strong>:<\/strong>\u00a0Prof\u00aa. Dr\u00aa. Caroline Addison Carvalho Xavier de Medeiros<br \/>\n<strong>DATA DA DEFESA:<\/strong>\u00a0 23\/02\/2015<strong><br \/>\n<\/strong><\/p>\n<ul>\n<li><a title=\"Rosa Ang\u00e9lica Silveira Rebou\u00e7as Barbosa\" href=\"https:\/\/www.uern.br\/controledepaginas\/ppgss-defendidas-turma-2013\/arquivos\/2873rosa_angelica_silveira_reboua\u2021as_barbosa.pdf\" target=\"_blank\" rel=\"noopener\">Trabalho Completo<\/a>\u00a0(Dispon\u00edvel para download)<\/li>\n<\/ul>\n<hr \/>\n<p><strong>DISCENTE:<\/strong>\u00a0Sabrina Lisboa Bezerra<br \/>\n<strong>T\u00cdTULO DA DISSERTA\u00c7\u00c3O:<\/strong>\u00a0Resili\u00eancia e Qualidade de Vida das Pessoas que Vivem com HIV\/AIDS<br \/>\n<strong>ORIENTADORA<\/strong><strong>:<\/strong>\u00a0Prof\u00aa. Dr\u00aa. Maria Irany Knackfuss<br \/>\n<strong>DATA DA DEFESA:<\/strong>\u00a0 13\/03\/2015<strong><br \/>\n<\/strong><\/p>\n<ul>\n<li><a title=\"Sabrina Lisboa Bezerra\" href=\"https:\/\/www.uern.br\/controledepaginas\/ppgss-defendidas-turma-2013\/arquivos\/2873sabrina_lisboa_bezerra.pdf\" target=\"_blank\" rel=\"noopener\">Trabalho Completo<\/a>\u00a0(Dispon\u00edvel para download)<\/li>\n<\/ul>\n<hr \/>\n<p><strong>DISCENTE:<\/strong>\u00a0Salvador Viana Gomes J\u00fanior<br \/>\n<strong>T\u00cdTULO DA DISSERTA\u00c7\u00c3O:<\/strong>\u00a0Plasticidade Induzida Pela Adi\u00e7\u00e3o do Meio Condicionado de Nervo Isqui\u00e1tico na Presen\u00e7a da Metilprednisolona em Cultura da Medula Espinal de Ratos Neonatos<br \/>\n<strong>ORIENTADOR<\/strong><strong>:<\/strong>\u00a0Prof. Dr. Fausto Pierdon\u00e1 Guzen<br \/>\n<strong>DATA DA DEFESA:<\/strong>\u00a0 27\/03\/2015<strong><br \/>\n<\/strong><\/p>\n<ul>\n<li><a title=\"Disserta\u00e7\u00e3o Conclu\u00edda\" href=\"https:\/\/www.uern.br\/controledepaginas\/ppgss-alunos-regulares-2013\/arquivos\/2858salvador_viana_gomes_junior.pdf\" target=\"_blank\" rel=\"noopener\">Trabalho Completo<\/a>\u00a0(Dispon\u00edvel para download)<\/li>\n<\/ul>\n<hr \/>\n<p><strong>DISCENTE:<\/strong>\u00a0Sarah Maria Veras Bezerra<br \/>\n<strong>T\u00cdTULO DA DISSERTA\u00c7\u00c3O:<\/strong>\u00a0AVALIA\u00c7\u00c3O COMPARATIVA DA SENSIBILIDADE PARA DIAGN\u00d3STICO DA C\u00c1RIE DENT\u00c1RIA ENTRE OS \u00cdNDICES CPO-D E ICDAS II<br \/>\n<strong>ORIENTADORA<\/strong><strong>:<\/strong>\u00a0Prof\u00aa. Dr\u00aa. Isabela Pinheiro Cavalcanti Lima<br \/>\n<strong>DATA DA DEFESA:\u00a0<\/strong>27\/03\/2015<strong><br \/>\n<\/strong><\/p>\n<ul>\n<li><a title=\"Disserta\u00e7\u00e3o Conclu\u00edda\" href=\"https:\/\/www.uern.br\/controledepaginas\/ppgss-alunos-regulares-2013\/arquivos\/2858sarah_maria_veras_bezerra.pdf\" target=\"_blank\" rel=\"noopener\">Trabalho Completo<\/a>\u00a0(Dispon\u00edvel para download)<\/li>\n<\/ul>\n<hr \/>\n<p><strong>DISCENTE:<\/strong>\u00a0Ubaldo On\u00e9sio de Ara\u00fajo Silva<br \/>\n<strong>T\u00cdTULO DA DISSERTA\u00c7\u00c3O:<\/strong>\u00a0Programa Sa\u00fade na Escola: Estado Nutricional e Sa\u00fade Bucal dos Escolares, na Cidade de Mossor\u00f3\/RN<br \/>\n<strong>ORIENTADOR<\/strong><strong>:<\/strong>\u00a0Prof. Dr. Humberto Jefferson de Medeiros<br \/>\n<strong>DATA DA DEFESA:\u00a0<\/strong>04\/02\/2015<strong><br \/>\n<\/strong><\/p>\n<ul>\n<li><a title=\"Ubaldo On\u00e9sio de Ara\u00fajo Silva\" href=\"https:\/\/www.uern.br\/controledepaginas\/ppgss-defendidas-turma-2013\/arquivos\/2873ubaldo_onesio_de_araa\u0161jo_silva.pdf\" target=\"_blank\" rel=\"noopener\">Trabalho Completo<\/a>\u00a0(Dispon\u00edvel para download)<\/li>\n<\/ul>\n<hr \/>\n<p><strong>DISCENTE:<\/strong>\u00a0Yuri Victor de Medeiros Martins<br \/>\n<strong>T\u00cdTULO DA DISSERTA\u00c7\u00c3O:<\/strong>\u00a0LES\u00d5ES OROFACIAIS DECORRENTES DA PR\u00c1TICA DE ESPORTES<br \/>\n<strong>ORIENTADORA<\/strong><strong>:<\/strong>\u00a0Prof\u00aa. Dr\u00aa. Isabela Pinheiro Cavalcanti Lima<br \/>\n<strong>DATA DA DEFESA:\u00a0<\/strong>26\/03\/2015<strong><br \/>\n<\/strong><\/p>\n<ul>\n<li><a title=\"Disserta\u00e7\u00e3o Conclu\u00edda\" href=\"https:\/\/www.uern.br\/controledepaginas\/ppgss-alunos-regulares-2013\/arquivos\/2858yuri_victor_de_medeiros_martins.pdf\" target=\"_blank\" rel=\"noopener\">Trabalho Completo<\/a>\u00a0(Dispon\u00edvel para download)<\/li>\n<\/ul>\n","protected":false},"excerpt":{"rendered":"<p>DISSERTA\u00c7\u00d5ES CONCLU\u00cdDAS EM 2015 DISCENTE:\u00a0Alexandre Policarpo da Silva T\u00cdTULO DA DISSERTA\u00c7\u00c3O:\u00a0Perfil da Cobertura de Procedimentos Cir\u00fargicos Odontol\u00f3gicos na Aten\u00e7\u00e3o Secund\u00e1ria do Estado do Rio Grande do Norte ORIENTADOR:\u00a0Prof. Dr. Eduardo Jos\u00e9 Guerra Seabra DATA DA DEFESA:\u00a0 26\/03\/2015 Trabalho Completo\u00a0(Dispon\u00edvel para download) DISCENTE:\u00a0Am\u00e9lia Resende Leite T\u00cdTULO DA DISSERTA\u00c7\u00c3O:\u00a0Preven\u00e7\u00e3o do HIV\/AIDS: Estrat\u00e9gias de Interven\u00e7\u00e3o Utilizadas pela Equipe [&hellip;]<\/p>\n","protected":false},"author":17,"featured_media":0,"parent":0,"menu_order":0,"comment_status":"closed","ping_status":"closed","template":"","meta":{"footnotes":""},"class_list":["post-554","page","type-page","status-publish","hentry"],"_links":{"self":[{"href":"https:\/\/portal.uern.br\/propeg\/ppgss\/wp-json\/wp\/v2\/pages\/554","targetHints":{"allow":["GET"]}}],"collection":[{"href":"https:\/\/portal.uern.br\/propeg\/ppgss\/wp-json\/wp\/v2\/pages"}],"about":[{"href":"https:\/\/portal.uern.br\/propeg\/ppgss\/wp-json\/wp\/v2\/types\/page"}],"author":[{"embeddable":true,"href":"https:\/\/portal.uern.br\/propeg\/ppgss\/wp-json\/wp\/v2\/users\/17"}],"replies":[{"embeddable":true,"href":"https:\/\/portal.uern.br\/propeg\/ppgss\/wp-json\/wp\/v2\/comments?post=554"}],"version-history":[{"count":1,"href":"https:\/\/portal.uern.br\/propeg\/ppgss\/wp-json\/wp\/v2\/pages\/554\/revisions"}],"predecessor-version":[{"id":555,"href":"https:\/\/portal.uern.br\/propeg\/ppgss\/wp-json\/wp\/v2\/pages\/554\/revisions\/555"}],"wp:attachment":[{"href":"https:\/\/portal.uern.br\/propeg\/ppgss\/wp-json\/wp\/v2\/media?parent=554"}],"curies":[{"name":"wp","href":"https:\/\/api.w.org\/{rel}","templated":true}]}}