{"id":543,"date":"2025-02-10T19:24:41","date_gmt":"2025-02-10T22:24:41","guid":{"rendered":"https:\/\/portal.uern.br\/propeg\/ppgss\/?page_id=543"},"modified":"2026-04-13T12:02:02","modified_gmt":"2026-04-13T15:02:02","slug":"formularios-e-orientacoes","status":"publish","type":"page","link":"https:\/\/portal.uern.br\/propeg\/ppgss\/formularios-e-orientacoes\/","title":{"rendered":"Formul\u00e1rios e orienta\u00e7\u00f5es"},"content":{"rendered":"<pre><strong>- REGIMENTO DO PPGSS<\/strong><\/pre>\n<ul>\n<li>\n<pre><a title=\"Regimento do PPGSS\" href=\"http:\/\/www.uern.br\/controledepaginas\/ppgss-regimento\/arquivos\/0853regimento_do_ppgss_versao_aprovada_em_17.02.2023.pdf\" target=\"_blank\" rel=\"noopener\">Fazer download do Regimento do PPGSS<\/a><\/pre>\n<\/li>\n<\/ul>\n<hr \/>\n<pre><strong>- DOCENTES DO PROGRAMA:<\/strong><\/pre>\n<ul>\n<li>\n<pre><a title=\"Solicita\u00e7\u00e3o\" href=\"http:\/\/www.uern.br\/controledepaginas\/ppgss-formularios-e-orientacoes\/arquivos\/0939solicitacao_de_cadastro_de_coorientador_novo_padrao__.zip\" target=\"_blank\" rel=\"noopener\">Solicita\u00e7\u00e3o de Cadastro de Coorientador<\/a><\/pre>\n<\/li>\n<li>\n<pre><a title=\"Solicita\u00e7\u00e3o\" href=\"http:\/\/www.uern.br\/controledepaginas\/ppgss-formularios-e-orientacoes\/arquivos\/0939solicitacao_de_mudanca_de_projeto_novo_padrao.zip\" target=\"_blank\" rel=\"noopener\">Solicita\u00e7\u00e3o de Mudan\u00e7a de Projeto<\/a><\/pre>\n<\/li>\n<li>\n<pre><a title=\"PGCC\" href=\"https:\/\/docs.google.com\/document\/d\/1wK5Ned-2LxGrlSnNmO89VyUHAeybwNTL\/edit?usp=sharing&amp;ouid=118076732267500076666&amp;rtpof=true&amp;sd=true\" target=\"_blank\" rel=\"noopener\">Modelo de PGCC<\/a><\/pre>\n<\/li>\n<li>\n<pre><a title=\"Termo\" href=\"https:\/\/www.uern.br\/controledepaginas\/ppgss-formularios-e-orientacoes\/arquivos\/0939termo_de_autorizacao_de_deposito_da_dissertacao_novo_padrao.zip\" target=\"_blank\" rel=\"noopener\">Termo de autoriza\u00e7\u00e3o de dep\u00f3sito da Disserta\u00e7\u00e3o<\/a><\/pre>\n<\/li>\n<li>\n<pre><a title=\"Parecer\" href=\"https:\/\/www.uern.br\/controledepaginas\/ppgss-formularios-e-orientacoes\/arquivos\/0939prorrogacao_parecer_do_orientador_novo_padrao.zip\" target=\"_blank\" rel=\"noopener\">Parecer do Orientador para prorroga\u00e7\u00e3o de tempo de curso<\/a><\/pre>\n<\/li>\n<li>\n<pre><a title=\"Parecer para Trancamento\" href=\"http:\/\/www.uern.br\/controledepaginas\/\/arquivos\/0000parecer_do_orientador_para_trancamento_de_disciplina.zip\" target=\"_blank\" rel=\"noopener\">Parecer do Orientador para trancamento de\u00a0disciplina<\/a><\/pre>\n<\/li>\n<li>\n<pre><a title=\"Parecer para Trancamento\" href=\"http:\/\/www.uern.br\/controledepaginas\/ppgss-formularios-e-orientacoes\/arquivos\/0939parecer_do_orientador_para_trancamento_de_curso.zip\" target=\"_blank\" rel=\"noopener\">Parecer do Orientador para trancamento de curso<\/a><\/pre>\n<\/li>\n<li>\n<pre><a title=\"Anu\u00eancia\" href=\"https:\/\/drive.google.com\/file\/d\/1kFQN3BThDxGnHkecByduV8B5nGv4gx_Z\/view?usp=sharing\" target=\"_blank\" rel=\"noopener\">Parecer do Orientador para aproveitamento de cr\u00e9ditos<\/a><\/pre>\n<\/li>\n<li>\n<pre><a title=\"Indica\u00e7\u00e3o\" href=\"https:\/\/drive.google.com\/file\/d\/18q_fz8RkpFdEkAiaB_fSQqmWWjkDb-kl\/view?usp=sharing\" target=\"_blank\" rel=\"noopener\">Indica\u00e7\u00e3o de Banca de Qualifica\u00e7\u00e3o<\/a><\/pre>\n<\/li>\n<li>\n<pre><a title=\"Indica\u00e7\u00e3o\" href=\"https:\/\/drive.google.com\/file\/d\/1XYn6Ecv9Ieypwbg40adSX9-7dX7Mq8Ls\/view?usp=sharing\" target=\"_blank\" rel=\"noopener\">Indica\u00e7\u00e3o de Banca de Defesa<\/a><\/pre>\n<\/li>\n<li>\n<pre><a title=\"Declara\u00e7\u00e3o\" href=\"http:\/\/www.uern.br\/controledepaginas\/ppgss-formularios-e-orientacoes\/arquivos\/0939declaracao_de_avaliacao_da_versao_final_da_dissertacao_apos_modificacoes_.zip\" target=\"_blank\" rel=\"noopener\">Declara\u00e7\u00e3o de avalia\u00e7\u00e3o da vers\u00e3o final da disserta\u00e7\u00e3o ap\u00f3s modifica\u00e7\u00f5es<\/a><\/pre>\n<\/li>\n<\/ul>\n<pre><strong>AVISO: Caso n\u00e3o consiga baixar o arquivo automaticamente, clique com o bot\u00e3o contr\u00e1rio do mouse em cima do link, copie e cole em uma nova aba no seu navegador de internet.<\/strong><\/pre>\n<hr \/>\n<pre><strong>- ALUNOS REGULARES:<\/strong><\/pre>\n<ul>\n<li><a title=\"Trancamento\" href=\"https:\/\/drive.google.com\/file\/d\/1KON5pXzdQToSUk7xarT4ytgxzv7k8xju\/view?usp=sharing\" target=\"_blank\" rel=\"noopener\">Requerimento de Trancamento de curso<\/a><\/li>\n<li>\n<pre><a title=\"Requerimento\" href=\"https:\/\/drive.google.com\/file\/d\/1v2ghe-9G9CvsX18vnoF861Efzryce5Bi\/view?usp=sharing\" target=\"_blank\" rel=\"noopener\">Requerimento de desligamento do curso<\/a><\/pre>\n<\/li>\n<li>\n<pre><a title=\"Solicita\u00e7\u00e3o\" href=\"https:\/\/www.uern.br\/controledepaginas\/ppgss-formularios-e-orientacoes\/arquivos\/0939solicitacao_de_mudanca_de_orientador_novo_padrao.zip\" target=\"_blank\" rel=\"noopener\">Solicita\u00e7\u00e3o de mudan\u00e7a de Orientador<\/a><\/pre>\n<\/li>\n<li>\n<pre><a title=\"Requerimento\" href=\"https:\/\/www.uern.br\/controledepaginas\/ppgss-formularios-e-orientacoes\/arquivos\/0939prorrogacao_requerimento_do_aluno_novo_padrao.zip\" target=\"_blank\" rel=\"noopener\">Requerimento de prorroga\u00e7\u00e3o de tempo de curso<\/a><\/pre>\n<\/li>\n<li>\n<pre><a title=\"Requerimento\" href=\"https:\/\/drive.google.com\/file\/d\/1uWMmfzPbNtgxihLSZTHBNAw-ceiewPsz\/view?usp=sharing\" target=\"_blank\" rel=\"noopener\">Requerimento de Aproveitamento de Cr\u00e9ditos<\/a><\/pre>\n<\/li>\n<\/ul>\n<pre><strong>AVISO: Caso n\u00e3o consiga baixar o arquivo automaticamente, clique com o bot\u00e3o contr\u00e1rio do mouse em cima do link, copie e cole em uma nova aba no seu navegador de internet.<\/strong><\/pre>\n<hr \/>\n<pre><strong>- DOC\u00caNCIA SUPERVISIONADA:<\/strong><\/pre>\n<ul>\n<li>\n<pre><a title=\"Doc\u00eancia - Projeto\" href=\"https:\/\/www.uern.br\/controledepaginas\/ppgss-formularios-e-orientacoes\/arquivos\/0939docencia_supervisionada_projeto_novo_padrao.zip\" target=\"_blank\" rel=\"noopener\">Projeto<\/a><\/pre>\n<\/li>\n<li>\n<pre><a title=\"Doc\u00eancia - Relat\u00f3rio\" href=\"https:\/\/www.uern.br\/controledepaginas\/ppgss-formularios-e-orientacoes\/arquivos\/0939docencia_supervisionada_relatorio_novo_padrao.zip\" target=\"_blank\" rel=\"noopener\">Relat\u00f3rio<\/a><\/pre>\n<\/li>\n<\/ul>\n<hr \/>\n<pre><strong>- NORMAS PARA FORMATA\u00c7\u00c3O DAS DISSERTA\u00c7\u00d5ES - PPGSS:<\/strong><\/pre>\n<ul>\n<li>\n<pre><a title=\"Manual PPGSS\" href=\"https:\/\/www.uern.br\/controledepaginas\/ppgss-formularios-e-orientacoes\/arquivos\/0939manual_para_elaboracao_de_dissertacao_ppgss_uern_2020.pdf\" target=\"_blank\" rel=\"noopener\">Manual Normativo para Elabora\u00e7\u00e3o de Disserta\u00e7\u00f5es do PPGSS<\/a>\u00a0- VERS\u00c3O 2020<\/pre>\n<\/li>\n<\/ul>\n<hr \/>\n<pre><strong>- PARA SOLICITAR AUX\u00cdLIO FINANCEIRO PARA PESQUISA (DISCENTES):<\/strong><\/pre>\n<ul>\n<li>\n<pre><a title=\"Orienta\u00e7\u00f5es\" href=\"https:\/\/www.uern.br\/controledepaginas\/ppgss-formularios-e-orientacoes\/arquivos\/0939orientacoes_auxilio_financeiro_ao_estudante.pdf\" target=\"_blank\" rel=\"noopener\">Orienta\u00e7\u00f5es - Aux\u00edlio Financeiro ao Estudante<\/a><\/pre>\n<\/li>\n<li>\n<pre><a title=\"Requerimento\" href=\"https:\/\/www.uern.br\/controledepaginas\/ppgss-formularios-e-orientacoes\/arquivos\/0939requerimento_auxilio_financeiro_ao_estudante_.zip\" target=\"_blank\" rel=\"noopener\">Requerimento - Aux\u00edlio Financeiro ao Estudante<\/a><\/pre>\n<\/li>\n<\/ul>\n<hr \/>\n<pre><strong>- SOLICITA\u00c7\u00c3O DA QUALIFICA\u00c7\u00c3O:\r\n<\/strong>\r\n\r\nOP\u00c7\u00c3O 1: <span class=\"fontstyle0\">QUALIFICA\u00c7\u00c3O DA VERS\u00c3O PRELIMINAR DA DISSERTA\u00c7\u00c3O<\/span>\r\n\r\nDever\u00e3o ser encaminhados pelo orientador no m\u00ednimo 30 dias antes da data da Qualifica\u00e7\u00e3o, para o e-mail do Programa (<a href=\"mailto:saudesociedade@mestrado.uern.br\">saudesociedade@mestrado.uern.br<\/a>) os seguintes documentos:<\/pre>\n<ul>\n<li>\n<pre><a title=\"Indica\u00e7\u00e3o\" href=\"https:\/\/drive.google.com\/file\/d\/18q_fz8RkpFdEkAiaB_fSQqmWWjkDb-kl\/view?usp=sharing\" target=\"_blank\" rel=\"noopener\">Indica\u00e7\u00e3o de Banca de Qualifica\u00e7\u00e3o<\/a>;<\/pre>\n<\/li>\n<li>\n<pre>Vers\u00e3o PDF da Disserta\u00e7\u00e3o;<\/pre>\n<\/li>\n<li>\n<pre>Vers\u00e3o WORD da Disserta\u00e7\u00e3o.<\/pre>\n<\/li>\n<\/ul>\n<pre>OP\u00c7\u00c3O 2:\u00a0<span class=\"fontstyle0\">QUALIFICA\u00c7\u00c3O DA REVIS\u00c3O DE LITERATURA<\/span>\r\n\r\nDever\u00e3o ser encaminhados pelo orientador no m\u00ednimo 30 dias antes da data da Qualifica\u00e7\u00e3o, para o e-mail do Programa (<a href=\"mailto:saudesociedade@mestrado.uern.br\">saudesociedade@mestrado.uern.br<\/a>) os seguintes documentos:<\/pre>\n<ul>\n<li>\n<pre><a title=\"Indica\u00e7\u00e3o de Banca\" href=\"https:\/\/drive.google.com\/file\/d\/18q_fz8RkpFdEkAiaB_fSQqmWWjkDb-kl\/view?usp=sharing\" target=\"_blank\" rel=\"noopener\">Indica\u00e7\u00e3o de Banca de Qualifica\u00e7\u00e3o<\/a>;<\/pre>\n<\/li>\n<li>\n<pre>Vers\u00e3o PDF\u00a0<span class=\"fontstyle0\">da Revis\u00e3o de Literatura<\/span>;<\/pre>\n<\/li>\n<li>\n<pre>Vers\u00e3o WORD da Revis\u00e3o de Literatura.<\/pre>\n<\/li>\n<\/ul>\n<hr \/>\n<pre><strong>- SOLICITA\u00c7\u00c3O DA DEFESA:\r\n<\/strong>\r\nDever\u00e3o ser encaminhados pelo orientador no m\u00ednimo 30 dias antes da data da defesa, para o e-mail do Programa (<a href=\"mailto:saudesociedade@mestrado.uern.br\">saudesociedade@mestrado.uern.br<\/a>) os seguintes documentos:<\/pre>\n<ul>\n<li>\n<pre><a title=\"Indica\u00e7\u00e3o\" href=\"https:\/\/drive.google.com\/file\/d\/1XYn6Ecv9Ieypwbg40adSX9-7dX7Mq8Ls\/view?usp=sharing\" target=\"_blank\" rel=\"noopener\">Indica\u00e7\u00e3o de Banca de Defesa<\/a><\/pre>\n<\/li>\n<li>\n<pre>Vers\u00e3o PDF da Disserta\u00e7\u00e3o;<\/pre>\n<\/li>\n<li>\n<pre>Vers\u00e3o WORD da Disserta\u00e7\u00e3o;<\/pre>\n<\/li>\n<li>\n<pre>Carta de Submiss\u00e3o e\/ou Aceite do Artigo, ou Artigo publicado.<\/pre>\n<\/li>\n<\/ul>\n<p><strong>Obs.:<\/strong>\u00a0Estar\u00e1 apto para a Defesa o aluno que estiver sido considerado pela Banca de Qualifica\u00e7\u00e3o: \u201cRECOMENDADO PARA DEFESA\u201d e tenha encaminhado \u00e0 secretaria do PPGSS os Relat\u00f3rios de Atividades de todos os semestres cursados.<\/p>\n<hr \/>\n<p><strong>&#8211; PROCEDIMENTOS AP\u00d3S DEFESA NO SIGAA:<\/strong><\/p>\n<ul>\n<li>Acesse os tutoriais <a href=\"https:\/\/sisbc.apps.uern.br\/books\/sigaa\/chapter\/stricto-sensu\" target=\"_blank\" rel=\"noopener\">AQUI<\/a><\/li>\n<\/ul>\n<hr \/>\n<pre><strong>- FICHA CATALOGR\u00c1FICA:<\/strong><\/pre>\n<ul>\n<li>\n<pre>A ser emitida de forma eletr\u00f4nica pela Biblioteca da UERN: Leia o tutorial: <a title=\"FICHA CATALOGR\u00c1FICA\" href=\"https:\/\/sisbc.apps.uern.br\/books\/sigaa\/page\/sigaa-stricto-sensu-fase-04-solicitacao-da-ficha-catalografica\" target=\"_blank\" rel=\"noopener\"> AQUI<\/a> (A Ficha Catalogr\u00e1fica deve ser inserida na vers\u00e3o final da Disserta\u00e7\u00e3o)\r\n\r\n<\/pre>\n<\/li>\n<\/ul>\n<hr \/>\n<pre><strong>- NADA CONSTA\r\n\r\n<\/strong>Para solicita\u00e7\u00e3o de nada consta a biblioteca \u00e9 necess\u00e1rio acessar o site da UERN e\u00a0<span lang=\"pt-BR\">preencher corretamente todos os dados necess\u00e1rios.<\/span> <strong>SIGA O PASSO A PASSO:<\/strong>\u00a0<a href=\"https:\/\/portal.uern.br\/\">https:\/\/portal.uern.br\/<\/a>\u00a0\u00bb Servi\u00e7os \u00bb Biblioteca \u00bb Servi\u00e7os online \u00bb Solicita\u00e7\u00e3o de nada consta ou <strong>ACESSE O LINK DIRETO:<\/strong>\u00a0https:\/\/plataforma2125.de\/servicos\/nada-consta\/create\r\n\r\n<\/pre>\n<hr \/>\n<pre><strong>- SOLICITA\u00c7\u00c3O DO DIPLOMA<\/strong> (ap\u00f3s realizar os PROCEDIMENTOS AP\u00d3S DEFESA NO SIGAA, enviar para o e-mail: saudesociedade@mestrado.uern.br):\r\n<\/pre>\n<ul>\n<li>Vers\u00e3o digital da Disserta\u00e7\u00e3o no formato PDF;<\/li>\n<li>C\u00f3pias leg\u00edveis dos documentos: RG, CPF e Diploma da gradua\u00e7\u00e3o (frente e verso);<\/li>\n<li>Nada consta da Biblioteca Central ou setorial da UERN;<\/li>\n<li>Termo de Autoriza\u00e7\u00e3o para disponibiliza\u00e7\u00e3o de publica\u00e7\u00e3o eletr\u00f4nica na Biblioteca Digital da UERN (<a href=\"https:\/\/sisbc.apps.uern.br\/books\/sigaa\/page\/sigaa-stricto-sensu-fase-07-assinatura-do-termo-de-autorizacao-de-publicacao\" target=\"_blank\" rel=\"noopener\">tutorial<\/a>)<\/li>\n<\/ul>\n<pre><strong>Obs.:<\/strong>\u00a0O Diploma dever\u00e1 ser solicitado no m\u00e1ximo 60 dias ap\u00f3s a data da defesa, conforme consta no Regimento do PPGSS.<\/pre>\n<hr \/>\n<pre class=\"western\"><\/pre>\n","protected":false},"excerpt":{"rendered":"<p>&#8211; REGIMENTO DO PPGSS Fazer download do Regimento do PPGSS &#8211; DOCENTES DO PROGRAMA: Solicita\u00e7\u00e3o de Cadastro de Coorientador Solicita\u00e7\u00e3o de Mudan\u00e7a de Projeto Modelo de PGCC Termo de autoriza\u00e7\u00e3o de dep\u00f3sito da Disserta\u00e7\u00e3o Parecer do Orientador para prorroga\u00e7\u00e3o de tempo de curso Parecer do Orientador para trancamento de\u00a0disciplina Parecer do Orientador para trancamento de [&hellip;]<\/p>\n","protected":false},"author":17,"featured_media":0,"parent":0,"menu_order":0,"comment_status":"closed","ping_status":"closed","template":"","meta":{"footnotes":""},"class_list":["post-543","page","type-page","status-publish","hentry"],"_links":{"self":[{"href":"https:\/\/portal.uern.br\/propeg\/ppgss\/wp-json\/wp\/v2\/pages\/543","targetHints":{"allow":["GET"]}}],"collection":[{"href":"https:\/\/portal.uern.br\/propeg\/ppgss\/wp-json\/wp\/v2\/pages"}],"about":[{"href":"https:\/\/portal.uern.br\/propeg\/ppgss\/wp-json\/wp\/v2\/types\/page"}],"author":[{"embeddable":true,"href":"https:\/\/portal.uern.br\/propeg\/ppgss\/wp-json\/wp\/v2\/users\/17"}],"replies":[{"embeddable":true,"href":"https:\/\/portal.uern.br\/propeg\/ppgss\/wp-json\/wp\/v2\/comments?post=543"}],"version-history":[{"count":10,"href":"https:\/\/portal.uern.br\/propeg\/ppgss\/wp-json\/wp\/v2\/pages\/543\/revisions"}],"predecessor-version":[{"id":966,"href":"https:\/\/portal.uern.br\/propeg\/ppgss\/wp-json\/wp\/v2\/pages\/543\/revisions\/966"}],"wp:attachment":[{"href":"https:\/\/portal.uern.br\/propeg\/ppgss\/wp-json\/wp\/v2\/media?parent=543"}],"curies":[{"name":"wp","href":"https:\/\/api.w.org\/{rel}","templated":true}]}}