{"id":536,"date":"2025-02-10T19:16:01","date_gmt":"2025-02-10T22:16:01","guid":{"rendered":"https:\/\/portal.uern.br\/propeg\/ppgss\/?page_id=536"},"modified":"2026-03-13T10:26:46","modified_gmt":"2026-03-13T13:26:46","slug":"destaques","status":"publish","type":"page","link":"https:\/\/portal.uern.br\/propeg\/ppgss\/destaques\/","title":{"rendered":"Destaques"},"content":{"rendered":"<h4 class=\"western\" align=\"justify\"><b>Processo\u00a0<\/b><b>Seletivo para candidatos a alunos especiais\u00a0<\/b><b>para o semestre 2026.1<\/b> (ENCERRADO)<\/h4>\n<p>A Comiss\u00e3o de Sele\u00e7\u00e3o do Programa de P\u00f3s-Gradua\u00e7\u00e3o em Sa\u00fade e Sociedade (PPGSS) da Universidade do Estado do Rio Grande do Norte (UERN) torna p\u00fablico, pelo presente Edital, o Processo Seletivo para candidatos a alunos especiais para o semestre 2026.1.<\/p>\n<p>&#8211; <a href=\"https:\/\/drive.google.com\/file\/d\/1_xXyWXVS4LZPyTVCoX8SBLpHWjX261Vo\/view?usp=sharing\" target=\"_blank\" rel=\"noopener\">Edital 002\/2026 &#8211; PPGSS &#8211; Sele\u00e7\u00e3o de Alunos Especiais 2026.1<\/a><\/p>\n<p>&#8211; <a href=\"https:\/\/drive.google.com\/file\/d\/1PLwPgL6ZEahN9g81E8AgF4yBL6Vyx3Fd\/view?usp=sharing\" target=\"_blank\" rel=\"noopener\">ANEXO I &#8211; FORMUL\u00c1RIO DE INSCRI\u00c7\u00c3O &#8211; Sele\u00e7\u00e3o de Alunos especiais 2026.1<\/a> (arquivo compactado)<\/p>\n<p>&#8211; <a href=\"https:\/\/drive.google.com\/file\/d\/1jc-EC6Z-4z_x9Ev3UL4FAYtDsSdasog1\/view?usp=sharing\" target=\"_blank\" rel=\"noopener\">ANEXO II &#8211; Crit\u00e9rios para An\u00e1lise de Curr\u00edculo &#8211; Sele\u00e7\u00e3o de Alunos Especiais 2026.1<\/a><\/p>\n<p>&#8211; <a href=\"https:\/\/drive.google.com\/file\/d\/1TpwbDTHfWlxM7YJTa_kyjAHMS9sYu83V\/view?usp=sharing\" target=\"_blank\" rel=\"noopener\">Homologa\u00e7\u00e3o Preliminar das Inscri\u00e7\u00f5es &#8211; Sele\u00e7\u00e3o de Alunos Especiais 2026.1<\/a><\/p>\n<p>&#8211; <a href=\"https:\/\/drive.google.com\/file\/d\/1ejVpSVNzw3fG8EntxPTdLr44gC5MP05o\/view?usp=sharing\" target=\"_blank\" rel=\"noopener\">Homologa\u00e7\u00e3o Final das Inscri\u00e7\u00f5es &#8211; Sele\u00e7\u00e3o de Alunos Especiais 2026.1<\/a><\/p>\n<p>&#8211; <a href=\"https:\/\/drive.google.com\/file\/d\/19lWXIQhgz7Yx00XJ0JEUU7vPc560IHIT\/view?usp=sharing\" target=\"_blank\" rel=\"noopener\">Resultado Preliminar &#8211; Sele\u00e7\u00e3o de Alunos Especiais 2026.1<\/a><\/p>\n<p>&#8211; <a href=\"https:\/\/drive.google.com\/file\/d\/1U80RIfNNPLCl7-lP-ZLHciAMNQ6ZwwFo\/view?usp=sharing\" target=\"_blank\" rel=\"noopener\">Resultado Final &#8211; Sele\u00e7\u00e3o de Alunos Especiais 2026.1<\/a><\/p>\n<p><strong>Orienta\u00e7\u00f5es para acessar os arquivos compactados:<\/strong><\/p>\n<ol>\n<li>Clique no link do arquivo desejado;<\/li>\n<li>Na tela que abrir, clique na seta para baixo que aparece no canto direito superior;<\/li>\n<li>Procure o arquivo em seu computador ou demais dispositivos, e utilize uma ferramenta para descompactar a pasta.<\/li>\n<\/ol>\n","protected":false},"excerpt":{"rendered":"<p>Processo\u00a0Seletivo para candidatos a alunos especiais\u00a0para o semestre 2026.1 (ENCERRADO) A Comiss\u00e3o de Sele\u00e7\u00e3o do Programa de P\u00f3s-Gradua\u00e7\u00e3o em Sa\u00fade e Sociedade (PPGSS) da Universidade do Estado do Rio Grande do Norte (UERN) torna p\u00fablico, pelo presente Edital, o Processo Seletivo para candidatos a alunos especiais para o semestre 2026.1. &#8211; Edital 002\/2026 &#8211; PPGSS [&hellip;]<\/p>\n","protected":false},"author":17,"featured_media":0,"parent":0,"menu_order":0,"comment_status":"closed","ping_status":"closed","template":"","meta":{"footnotes":""},"class_list":["post-536","page","type-page","status-publish","hentry"],"_links":{"self":[{"href":"https:\/\/portal.uern.br\/propeg\/ppgss\/wp-json\/wp\/v2\/pages\/536","targetHints":{"allow":["GET"]}}],"collection":[{"href":"https:\/\/portal.uern.br\/propeg\/ppgss\/wp-json\/wp\/v2\/pages"}],"about":[{"href":"https:\/\/portal.uern.br\/propeg\/ppgss\/wp-json\/wp\/v2\/types\/page"}],"author":[{"embeddable":true,"href":"https:\/\/portal.uern.br\/propeg\/ppgss\/wp-json\/wp\/v2\/users\/17"}],"replies":[{"embeddable":true,"href":"https:\/\/portal.uern.br\/propeg\/ppgss\/wp-json\/wp\/v2\/comments?post=536"}],"version-history":[{"count":63,"href":"https:\/\/portal.uern.br\/propeg\/ppgss\/wp-json\/wp\/v2\/pages\/536\/revisions"}],"predecessor-version":[{"id":952,"href":"https:\/\/portal.uern.br\/propeg\/ppgss\/wp-json\/wp\/v2\/pages\/536\/revisions\/952"}],"wp:attachment":[{"href":"https:\/\/portal.uern.br\/propeg\/ppgss\/wp-json\/wp\/v2\/media?parent=536"}],"curies":[{"name":"wp","href":"https:\/\/api.w.org\/{rel}","templated":true}]}}