{"id":298,"date":"2024-07-04T15:39:18","date_gmt":"2024-07-04T18:39:18","guid":{"rendered":"https:\/\/portal.uern.br\/propeg\/ppgss\/?page_id=298"},"modified":"2026-04-09T11:17:12","modified_gmt":"2026-04-09T14:17:12","slug":"apresentacao","status":"publish","type":"page","link":"https:\/\/portal.uern.br\/propeg\/ppgss\/","title":{"rendered":"Apresenta\u00e7\u00e3o"},"content":{"rendered":"<div>\n<p><img fetchpriority=\"high\" decoding=\"async\" class=\"size-full wp-image-795 alignleft\" src=\"http:\/\/portal.uern.br\/propeg\/ppgss\/wp-content\/uploads\/sites\/8\/2025\/03\/PPGSS-UERN-2.png\" alt=\"\" width=\"282\" height=\"282\" srcset=\"https:\/\/portal.uern.br\/propeg\/ppgss\/wp-content\/uploads\/sites\/8\/2025\/03\/PPGSS-UERN-2.png 282w, https:\/\/portal.uern.br\/propeg\/ppgss\/wp-content\/uploads\/sites\/8\/2025\/03\/PPGSS-UERN-2-150x150.png 150w\" sizes=\"(max-width: 282px) 100vw, 282px\" \/><\/p>\n<p>O Programa de P\u00f3s-Gradua\u00e7\u00e3o em Sa\u00fade e Sociedade foi aprovado pela UERN, Resolu\u00e7\u00e3o n\u00ba. 031\/2011-CONSEPE, de 05 de outubro de 2011, e pelo Of\u00edcio 141-17\/2011\/CTC\/CAAI\/CGAA\/DAV\/CAPES, de 03 de novembro de 2011.<\/p>\n<p>O Curso de Mestrado em Sa\u00fade e Sociedade tem como objetivo formar pessoal qualificado nas diversas \u00e1reas da sa\u00fade e \u00e1reas afins, para as atividades assistenciais, de ensino e de pesquisa com objeto de estudo voltado para o campo da sa\u00fade.<\/p>\n<p>A dura\u00e7\u00e3o do Mestrado \u00e9, no m\u00e1ximo, de 24 meses e m\u00ednimo de 12 meses. As inscri\u00e7\u00f5es e sele\u00e7\u00e3o ocorrem anualmente. Atualmente temos duas modalidades de acesso ao curso de Mestrado como discente: aluno ESPECIAL e REGULAR.<\/p>\n<p><strong>ALUNO ESPECIAL<\/strong>\u00a0\u00e9 aquele candidato (com gradua\u00e7\u00e3o em qualquer \u00e1rea) que se submete a sele\u00e7\u00e3o atrav\u00e9s de Edital espec\u00edfico para cursar at\u00e9 02 (duas) disciplinas no curso de Mestrado. Nessa modalidade \u00e9 emitido apenas Declara\u00e7\u00e3o de comprova\u00e7\u00e3o de disciplina (s) cursada (s), caso o aluno obtenha frequ\u00eancia e rendimento satisfat\u00f3rio nas disciplinas para o qual foi aprovado na sele\u00e7\u00e3o.<\/p>\n<p><strong>ALUNO REGULAR<\/strong>\u00a0\u00e9 aquele candidato (com gradua\u00e7\u00e3o em qualquer \u00e1rea) que se submete a sele\u00e7\u00e3o atrav\u00e9s de Edital espec\u00edfico para ingressar no curso de mestrado, que tem dura\u00e7\u00e3o m\u00ednima de 12 meses, com carga hor\u00e1ria m\u00ednima exigida em Disciplinas de 24 cr\u00e9ditos, sendo: 09 cr\u00e9ditos em disciplinas obrigat\u00f3rias, 07 cr\u00e9ditos em disciplinas optativas e 08 cr\u00e9ditos em Elabora\u00e7\u00e3o de Disserta\u00e7\u00e3o. Nessa modalidade, ao final do curso, tendo atendido a todas as exig\u00eancias e sendo aprovado no Exame de Qualifica\u00e7\u00e3o e Defesa, o aluno obt\u00e9m o certificado de Mestre em Sa\u00fade e Sociedade.<\/p>\n<\/div>\n<p>.<\/p>\n<p>A frequ\u00eancia de aulas presenciais no mestrado \u00e9 de acordo com a disponibilidade dos docentes, que distribuem os hor\u00e1rios de aulas de acordo com seu planejamento semestral.<\/p>\n<p>.<\/p>\n<p>Os Editais de sele\u00e7\u00e3o s\u00e3o publicados geralmente seguindo esse Cronograma:<\/p>\n<p>EDITAL PARA ALUNOS ESPECIAIS: Publicado 02 (duas) vezes ao ano, geralmente nos meses de janeiro\/fevereiro e junho\/julho.<\/p>\n<p>EDITAL PARA ALUNOS REGULARES: Publicado 01 (uma) vez ao ano, geralmente nos meses de agosto\/setembro.<\/p>\n<p>.<\/p>\n<hr \/>\n<h4>Coordena\u00e7\u00e3o (junho\/2025 a maio\/2027):<\/h4>\n<ul>\n<li><strong>Coordenador: <\/strong>Prof. Dr. Thales Allyrio Ara\u00fajo de Medeiros Fernandes (thalesallyrio@uern.br)<\/li>\n<li><strong>Vice Coordenadora: <\/strong>Prof.\u00aa Dr.\u00aa Ana Clara Soares Paiva Torres (clarasoares@uern.br)<\/li>\n<\/ul>\n<p>&nbsp;<\/p>\n<hr \/>\n<h4>Representantes discentes (abril\/2026 a mar\u00e7o\/2027):<\/h4>\n<ul>\n<li>Samyla Raquel Alves Ferreira &#8211; Turma 2025 (samyla20251001376@alu.uern.br)<\/li>\n<li>Pedro Eduardo do Nascimento Fonseca &#8211; Turma 2026 (pedro20251010400@alu.uern.br)<\/li>\n<\/ul>\n<p>&nbsp;<\/p>\n<hr \/>\n<h4>Contatos:<\/h4>\n<p><strong>Endere\u00e7o:<\/strong>\u00a0Faculdade de Ci\u00eancias da Sa\u00fade &#8211; FACS (Rua Miguel Ant\u00f4nio da Silva Neto, s\/n, Aeroporto, CEP: 59607-360, Mossor\u00f3-RN).<\/p>\n<p><strong>E-mail:<\/strong>\u00a0saudesociedade@mestrado.uern.br<\/p>\n<hr \/>\n<h4>Redes sociais do PPGSS:<\/h4>\n<p><strong>FACEBOOK:<\/strong>\u00a0<a title=\"Facebook PPGSS\" href=\"https:\/\/www.facebook.com\/ppgssuern\" target=\"_blank\" rel=\"noopener\">https:\/\/www.facebook.com\/ppgssuern<\/a><\/p>\n<p><strong>INSTAGRAM:\u00a0<\/strong><a title=\"Instagram PPGSS\" href=\"https:\/\/www.instagram.com\/ppgss.mestrado.uern\/\" target=\"_blank\" rel=\"noopener\">@ppgss.mestrado.uern<\/a><\/p>\n","protected":false},"excerpt":{"rendered":"<p>O Programa de P\u00f3s-Gradua\u00e7\u00e3o em Sa\u00fade e Sociedade foi aprovado pela UERN, Resolu\u00e7\u00e3o n\u00ba. 031\/2011-CONSEPE, de 05 de outubro de 2011, e pelo Of\u00edcio 141-17\/2011\/CTC\/CAAI\/CGAA\/DAV\/CAPES, de 03 de novembro de 2011. O Curso de Mestrado em Sa\u00fade e Sociedade tem como objetivo formar pessoal qualificado nas diversas \u00e1reas da sa\u00fade e \u00e1reas afins, para as [&hellip;]<\/p>\n","protected":false},"author":1,"featured_media":0,"parent":0,"menu_order":0,"comment_status":"closed","ping_status":"closed","template":"","meta":{"footnotes":""},"class_list":["post-298","page","type-page","status-publish","hentry"],"_links":{"self":[{"href":"https:\/\/portal.uern.br\/propeg\/ppgss\/wp-json\/wp\/v2\/pages\/298","targetHints":{"allow":["GET"]}}],"collection":[{"href":"https:\/\/portal.uern.br\/propeg\/ppgss\/wp-json\/wp\/v2\/pages"}],"about":[{"href":"https:\/\/portal.uern.br\/propeg\/ppgss\/wp-json\/wp\/v2\/types\/page"}],"author":[{"embeddable":true,"href":"https:\/\/portal.uern.br\/propeg\/ppgss\/wp-json\/wp\/v2\/users\/1"}],"replies":[{"embeddable":true,"href":"https:\/\/portal.uern.br\/propeg\/ppgss\/wp-json\/wp\/v2\/comments?post=298"}],"version-history":[{"count":17,"href":"https:\/\/portal.uern.br\/propeg\/ppgss\/wp-json\/wp\/v2\/pages\/298\/revisions"}],"predecessor-version":[{"id":965,"href":"https:\/\/portal.uern.br\/propeg\/ppgss\/wp-json\/wp\/v2\/pages\/298\/revisions\/965"}],"wp:attachment":[{"href":"https:\/\/portal.uern.br\/propeg\/ppgss\/wp-json\/wp\/v2\/media?parent=298"}],"curies":[{"name":"wp","href":"https:\/\/api.w.org\/{rel}","templated":true}]}}