{"id":963,"date":"2025-03-26T10:37:54","date_gmt":"2025-03-26T13:37:54","guid":{"rendered":"https:\/\/portal.uern.br\/propeg\/ppgcn\/?page_id=963"},"modified":"2026-02-02T16:52:15","modified_gmt":"2026-02-02T19:52:15","slug":"apresentacao-2","status":"publish","type":"page","link":"https:\/\/portal.uern.br\/propeg\/ppgcn\/apresentacao-2\/","title":{"rendered":"Apresenta\u00e7\u00e3o"},"content":{"rendered":"<p><img fetchpriority=\"high\" decoding=\"async\" class=\"wp-image-1120 aligncenter\" src=\"http:\/\/portal.uern.br\/propeg\/ppgcn\/wp-content\/uploads\/sites\/12\/2025\/03\/SITE-APRESENTACAO-300x165.jpg\" alt=\"\" width=\"827\" height=\"455\" srcset=\"https:\/\/portal.uern.br\/propeg\/ppgcn\/wp-content\/uploads\/sites\/12\/2025\/03\/SITE-APRESENTACAO-300x165.jpg 300w, https:\/\/portal.uern.br\/propeg\/ppgcn\/wp-content\/uploads\/sites\/12\/2025\/03\/SITE-APRESENTACAO-768x422.jpg 768w, https:\/\/portal.uern.br\/propeg\/ppgcn\/wp-content\/uploads\/sites\/12\/2025\/03\/SITE-APRESENTACAO.jpg 930w\" sizes=\"(max-width: 827px) 100vw, 827px\" \/><\/p>\n<p style=\"text-align: justify\"><strong>O Programa de P\u00f3s-Gradua\u00e7\u00e3o em Ci\u00eancias Naturais foi implantado em 2011 e tem como objetivo promover a forma\u00e7\u00e3o de profissionais com compet\u00eancia para desenvolver atividades cient\u00edfico-tecnol\u00f3gicas interdisciplinares na \u00e1rea de Recursos Naturais, com \u00eanfase nas potencialidades regionais, visando o uso sustent\u00e1vel e a preserva\u00e7\u00e3o dos mesmos. O Curso de Doutorado em Ci\u00eancias Naturais foi aprovado em 2025. A estrutura do Programa permite atender interessados das mais diversas forma\u00e7\u00f5es profissionais, tais como: qu\u00edmicos, bi\u00f3logos, farmac\u00eauticos, engenheiros, agr\u00f4nomos, gestores ambientais, veterin\u00e1rios, entre outros, que est\u00e3o em busca de aprimoramento profissional.<\/strong><\/p>\n<p style=\"text-align: justify\"><strong>Processo de Sele\u00e7\u00e3o: Anual<\/strong><br \/>\n<strong>Conceito CAPES: 5<\/strong><br \/>\n<strong>\u00c1rea de Concentra\u00e7\u00e3o: Ci\u00eancias Ambientais<\/strong><\/p>\n<p><img decoding=\"async\" class=\"aligncenter wp-image-2016\" src=\"http:\/\/portal.uern.br\/propeg\/ppgcn\/wp-content\/uploads\/sites\/12\/2026\/02\/1000462479.jpg\" alt=\"\" width=\"213\" height=\"301\" srcset=\"https:\/\/portal.uern.br\/propeg\/ppgcn\/wp-content\/uploads\/sites\/12\/2026\/02\/1000462479.jpg 544w, https:\/\/portal.uern.br\/propeg\/ppgcn\/wp-content\/uploads\/sites\/12\/2026\/02\/1000462479-212x300.jpg 212w\" sizes=\"(max-width: 213px) 100vw, 213px\" \/><\/p>\n","protected":false},"excerpt":{"rendered":"<p>O Programa de P\u00f3s-Gradua\u00e7\u00e3o em Ci\u00eancias Naturais foi implantado em 2011 e tem como objetivo promover a forma\u00e7\u00e3o de profissionais com compet\u00eancia para desenvolver atividades cient\u00edfico-tecnol\u00f3gicas interdisciplinares na \u00e1rea de Recursos Naturais, com \u00eanfase nas potencialidades regionais, visando o uso sustent\u00e1vel e a preserva\u00e7\u00e3o dos mesmos. O Curso de Doutorado em Ci\u00eancias Naturais foi aprovado [&hellip;]<\/p>\n","protected":false},"author":21,"featured_media":0,"parent":0,"menu_order":0,"comment_status":"closed","ping_status":"closed","template":"","meta":{"footnotes":""},"class_list":["post-963","page","type-page","status-publish","hentry"],"_links":{"self":[{"href":"https:\/\/portal.uern.br\/propeg\/ppgcn\/wp-json\/wp\/v2\/pages\/963","targetHints":{"allow":["GET"]}}],"collection":[{"href":"https:\/\/portal.uern.br\/propeg\/ppgcn\/wp-json\/wp\/v2\/pages"}],"about":[{"href":"https:\/\/portal.uern.br\/propeg\/ppgcn\/wp-json\/wp\/v2\/types\/page"}],"author":[{"embeddable":true,"href":"https:\/\/portal.uern.br\/propeg\/ppgcn\/wp-json\/wp\/v2\/users\/21"}],"replies":[{"embeddable":true,"href":"https:\/\/portal.uern.br\/propeg\/ppgcn\/wp-json\/wp\/v2\/comments?post=963"}],"version-history":[{"count":14,"href":"https:\/\/portal.uern.br\/propeg\/ppgcn\/wp-json\/wp\/v2\/pages\/963\/revisions"}],"predecessor-version":[{"id":2017,"href":"https:\/\/portal.uern.br\/propeg\/ppgcn\/wp-json\/wp\/v2\/pages\/963\/revisions\/2017"}],"wp:attachment":[{"href":"https:\/\/portal.uern.br\/propeg\/ppgcn\/wp-json\/wp\/v2\/media?parent=963"}],"curies":[{"name":"wp","href":"https:\/\/api.w.org\/{rel}","templated":true}]}}