{"id":905,"date":"2024-12-12T17:33:43","date_gmt":"2024-12-12T20:33:43","guid":{"rendered":"https:\/\/portal.uern.br\/propeg\/ppgcn\/?page_id=905"},"modified":"2025-04-15T11:06:52","modified_gmt":"2025-04-15T14:06:52","slug":"pdpg-capes","status":"publish","type":"page","link":"https:\/\/portal.uern.br\/propeg\/ppgcn\/pdpg-capes\/","title":{"rendered":"PDPG\/CAPES"},"content":{"rendered":"<div class=\"titulo\">\n<p style=\"text-align: justify\"><strong>PROGRAMA DE DESENVOLVIMENTO DA P\u00d3S-GRADUA\u00c7\u00c3O (PDPG) \u2013 P\u00d3S-DOUTORADO &#8211; ESTRAT\u00c9GICO<\/strong><\/p>\n<\/div>\n<div class=\"texto\">\n<p><strong>APOIO AOS PROGRAMAS DE P\u00d3S-GRADUA\u00c7\u00c3O EMERGENTES E EM CONSOLIDA\u00c7\u00c3O<\/strong> <strong>&#8211; PDPG \u2013<\/strong> <strong>P\u00d3S-DOUTORADO ESTRAT\u00c9GICO<\/strong><\/p>\n<p><strong>OBJETIVO GERAL<\/strong><\/p>\n<p style=\"text-align: justify\">Contribuir para o aperfei\u00e7oamento do Sistema Nacional de P\u00f3s-Gradua\u00e7\u00e3o \u2013 SNPG a partir da consolida\u00e7\u00e3o dos Programas de P\u00f3s-Gradua\u00e7\u00e3o \u2013 PPGs\u00a0<em>Stricto sensu<\/em>\u00a0acad\u00eamicos \u201cEmergente\u201d e \u201cem Consolida\u00e7\u00e3o\u201d.<\/p>\n<p><strong>OBJETIVOS ESPEC\u00cdFICOS<\/strong><br \/>\n&#8211; Apoiar a consolida\u00e7\u00e3o de Programas de P\u00f3s-Gradua\u00e7\u00e3o\u00a0<em>Stricto sensu<\/em>\u00a0acad\u00eamicos.<br \/>\n&#8211; Oportunizar o aperfei\u00e7oamento de jovens doutores por meio da atua\u00e7\u00e3o no ensino e na pesquisa.<br \/>\n&#8211; Ampliar o conhecimento, a produ\u00e7\u00e3o cient\u00edfica e a ado\u00e7\u00e3o de tecnologias em PPGs que sejam considerados estrat\u00e9gicos pela IES em que est\u00e1 inserido e que demonstrem potencial de setornarem consolidados.<br \/>\n&#8211; Estimular a integra\u00e7\u00e3o e coopera\u00e7\u00e3o com outros programas e centros de pesquisa e desenvolvimento profissional relacionados \u00e0 \u00e1rea de conhecimento do programa, com vistas aodesenvolvimento do Programa de P\u00f3s-Gradua\u00e7\u00e3o.<br \/>\n&#8211; Propiciar por meio do bolsista de P\u00f3s-Doutorado aumento da efic\u00e1cia do Programa de P\u00f3s-Gradua\u00e7\u00e3o no que diz respeito \u00e0 forma\u00e7\u00e3o de mestres e doutores.<\/p>\n<p><strong>P\u00daBLICO ALVO<\/strong><\/p>\n<p style=\"text-align: justify\">Programas de P\u00f3s-Gradua\u00e7\u00e3o\u00a0<em>Stricto sensu<\/em>\u00a0acad\u00eamicos, com potencial de se tornarem consolidados, que sejam considerados estrat\u00e9gicos pela sua IES.<\/p>\n<p><strong>Bolsista PDPG\/Capes-PPGCN:\u00a0<\/strong><\/p>\n<p>KLEANE TARGINO OLIVEIRA PEREIRA (01\/01\/2023 a 31\/12\/2024)<br \/>\n<strong><a href=\"http:\/\/buscatextual.cnpq.br\/buscatextual\/visualizacv.do?id=K4043487T4&amp;tokenCaptchar=03AFY_a8Uyzw_oSMzqAfh_V1vf0B0x5elBJuVrVNlXxX9nAsHc86NLf1U4RmhBB9Vm5yl6jtauJjWHmN6vpOrUa5tPWbNcX0hLy7Doc95t4pXwqnC023su_zJboCLsZUP4kQf9s7XMrDhoby4dzypLUHv_deIO59f5cdhmQTYvLsY2M05CqqzEnKDztNoLruqU6fIG0KYsIiED9V30B-tKOj5LW5-wvpeSV0K8oiuwSwMckZfGkX9Ja7w9imD5sZXwcqKyVXQ1fEUo3MB4hyoXYAxpyP1cD39M4NQ9AXLGAeFN5wo2cgZM0KP5gcSZ3_7gBYY8vPuNB0EsY0zqxfMdbGjRG3cru2aB49As4pSaBua9dZBJv-HZ9jUlgmJcJYqUSdGm-d-sTB5C8ESQu2Vj94ZFYbjzQOiG7HTesorShrtkLjOA988f5hf_pLXxgf0pk3pUcf6X2U8zCuVCN9cQC7Y94p45bejryXV8kxPwJiGUJ7UwOOKewBIVhxDL1X5RO2ldfIcibysB7Akx15K8Af3YYMRqq8jiuw\">Curr\u00edculo Lattes<\/a><\/strong><\/p>\n<p>JEAN CARLOS DANTAS DE OLIVEIRA (12\/09\/2023 a 13\/01\/2025)<br \/>\n<a href=\"https:\/\/buscatextual.cnpq.br\/buscatextual\/visualizacv.do?id=K4439848H6&amp;tokenCaptchar=03AFcWeA4903Flztl54RG7P3nu8yBOY7TLDpaeN5veBXVFGVKQ5f7Vpaa2kn44ZD6L_oqSDF1jtzB7UZiwwyvd35zGQtXc9vj1J5efRdKu-ylOIYQX2HqGg7Afy6oYMwYgUOGXr2FtRqE37H0ifaeJ84OSRbHgzGpUyyLQYljJw6G50dcTRElfP19c6r4cE34Sv7N415wSLVkKn83aTuuEodCOzWe-f8Tww5DSAHBb_S99jj02V8yImdGT4iVzVDoBKfeKPDYbGYWnjITKeYGJAlmntcFaGUoCIjUkdQRufsnDOoNo4baDzNEei2g7WUIeLf8HjtGtBI4jhv0A6Lxqe57_3ug7zTfVhS60-xyWSPNQKg-JMM0kqHlgYlau2P01MHeQmd1qdXHPGQWAizXb-QvRSJO64Wy0znqksnrqQWib9ZRpsfBxjckSlvOIZCjRYG0uxQr-H-Sj2yIkdayP7fqIOY7VXLKQJxVsgDihJggTXJpJJFqSP3-43CR5KB6CMU2g2y4zG1kX89Agrus5ieM4uJxgnTt5-PKSgUqsgySxWWCaL8MbzNYGouyD1-5awW83by1ohn3d\"><strong>Curr\u00edculo Lattes<\/strong><\/a><\/p>\n<p>LUCIANO DE FREITAS BARROS NETO (14\/01\/2025 a 11\/09\/2025)<br \/>\n<strong><a href=\"https:\/\/buscatextual.cnpq.br\/buscatextual\/visualizacv.do?id=K4496168Z7&amp;tokenCaptchar=03AFcWeA4Sxxm88rySZTe7f6ueJFTqZDuGZ_jqd91uSj2pMFNjz6rdUByUYic33yS-3fEWoIAOfCtwyUEIAMG14r4c1ZsZ64fnZTh-tSwdPdiYY4mbb2pdBuYToW-JasF9J0SUM5T5aRgYJIMxl_n2Wx-h5Axrfj4AdpiuiDImrOy6UQMNm6P9SHCpcVTotIzqJyQ8QdOu6omzwx6Ojj_LYZ7_tSTqhObbH7jtM5TJDDpOiTdKnXqISPxP9VlCDxwV6TsJeMTczpY5jWKETbtXyZIQK2idg95htJ5GKnRZolmZIYcxkPzPTYskOA4JbjVZH6hvJDU78o9vHQqX2uSz4fzVuEXQh4I3CysnrBZTcYyK3BCupApCKDQAVO2Lq1Neqdh0HOfD_x2LtJCAy9RnQhO2HZrTqm7MZMVn5uEJT1VKTORBjQDIyCH1rL27ffnm7dkmAPoL4YLBmAFOZUo388ZGrsddNyVf1-wE_vXW-2QbgmbW9HVcLGPj05PuTq22lA0uGpC2o3NyQ45ii3Ex1ptgKhBrtX0hGKsYd_xcp6NsqF0xW_KSsWz_oApqKvjqtQteEru8I3ZBxLBjLaGYRiGLu5-5AXUO79Z9phjDaWjcPfDNnbXlwtvlWvRCYBCaXgvyufNDF1xrJiFUIQQHMoAOmAGyTeKoMODNrQC6KUMiczGJYokHtL2VSKMaGLYKGAe4GfRHZoMYOLukT02gPbPBm6_fUWmOIisJFvfw0KB17MCtdykfsrSK-FC-CxvLRNCt_RYhnHO72BQCWyh2h24BApuRNaLF9iCLAXsa3cf6-Vq5wmHjm6Da5fq0YOLkzM_IEcG7nAwY82cWfCihUUbdAgplwr02t9psPEDNR7i4QUUZar7ltFTc5dGZVX-XoA_fVVpI8ETC_pifEIYKaZmOtdK7NLyKzjJPyc0dJP4j0BBlV9haypHMG-NRYYdoVgDSokt_IKub4YNZO51vry9xRmkZnRNISqlsJWAftR1OdQVGz4qkTBX8VD-cLdoxcO_MUrAEHTLD\">Curr\u00edculo Lattes<\/a><\/strong><\/p>\n<\/div>\n","protected":false},"excerpt":{"rendered":"<p>PROGRAMA DE DESENVOLVIMENTO DA P\u00d3S-GRADUA\u00c7\u00c3O (PDPG) \u2013 P\u00d3S-DOUTORADO &#8211; ESTRAT\u00c9GICO APOIO AOS PROGRAMAS DE P\u00d3S-GRADUA\u00c7\u00c3O EMERGENTES E EM CONSOLIDA\u00c7\u00c3O &#8211; PDPG \u2013 P\u00d3S-DOUTORADO ESTRAT\u00c9GICO OBJETIVO GERAL Contribuir para o aperfei\u00e7oamento do Sistema Nacional de P\u00f3s-Gradua\u00e7\u00e3o \u2013 SNPG a partir da consolida\u00e7\u00e3o dos Programas de P\u00f3s-Gradua\u00e7\u00e3o \u2013 PPGs\u00a0Stricto sensu\u00a0acad\u00eamicos \u201cEmergente\u201d e \u201cem Consolida\u00e7\u00e3o\u201d. OBJETIVOS ESPEC\u00cdFICOS &#8211; [&hellip;]<\/p>\n","protected":false},"author":21,"featured_media":0,"parent":0,"menu_order":0,"comment_status":"closed","ping_status":"closed","template":"","meta":{"footnotes":""},"class_list":["post-905","page","type-page","status-publish","hentry"],"_links":{"self":[{"href":"https:\/\/portal.uern.br\/propeg\/ppgcn\/wp-json\/wp\/v2\/pages\/905","targetHints":{"allow":["GET"]}}],"collection":[{"href":"https:\/\/portal.uern.br\/propeg\/ppgcn\/wp-json\/wp\/v2\/pages"}],"about":[{"href":"https:\/\/portal.uern.br\/propeg\/ppgcn\/wp-json\/wp\/v2\/types\/page"}],"author":[{"embeddable":true,"href":"https:\/\/portal.uern.br\/propeg\/ppgcn\/wp-json\/wp\/v2\/users\/21"}],"replies":[{"embeddable":true,"href":"https:\/\/portal.uern.br\/propeg\/ppgcn\/wp-json\/wp\/v2\/comments?post=905"}],"version-history":[{"count":11,"href":"https:\/\/portal.uern.br\/propeg\/ppgcn\/wp-json\/wp\/v2\/pages\/905\/revisions"}],"predecessor-version":[{"id":1517,"href":"https:\/\/portal.uern.br\/propeg\/ppgcn\/wp-json\/wp\/v2\/pages\/905\/revisions\/1517"}],"wp:attachment":[{"href":"https:\/\/portal.uern.br\/propeg\/ppgcn\/wp-json\/wp\/v2\/media?parent=905"}],"curies":[{"name":"wp","href":"https:\/\/api.w.org\/{rel}","templated":true}]}}