{"id":892,"date":"2024-12-12T17:24:58","date_gmt":"2024-12-12T20:24:58","guid":{"rendered":"https:\/\/portal.uern.br\/propeg\/ppgcn\/?page_id=892"},"modified":"2026-03-30T16:52:58","modified_gmt":"2026-03-30T19:52:58","slug":"linhas-de-pesquisa","status":"publish","type":"page","link":"https:\/\/portal.uern.br\/propeg\/ppgcn\/linhas-de-pesquisa\/","title":{"rendered":"Linhas de Pesquisa"},"content":{"rendered":"<p><strong>1. DIAGN\u00d3STICO E CONSERVA\u00c7\u00c3O AMBIENTAL<\/strong><\/p>\n<p>A linha aborda estudos de diagn\u00f3stico e monitoramento dos recursos naturais, e avalia\u00e7\u00e3o dos efeitos causados pela atividade humana sobre o ambiente, gerando dados que ir\u00e3o subsidiar a sua recupera\u00e7\u00e3o e uso sustent\u00e1vel. As \u00e1reas de pesquisa envolvendo essa linha e seus respectivos professores s\u00e3o:<\/p>\n<p>&nbsp;<\/p>\n<table width=\"873\" cellspacing=\"1\" cellpadding=\"5\" bgcolor=\"#ffffff\">\n<colgroup>\n<col width=\"213\" \/>\n<col width=\"392\" \/>\n<col width=\"235\" \/><\/colgroup>\n<tbody>\n<tr>\n<td bgcolor=\"#82c940\"><strong>\u00c1rea de Atua\u00e7\u00e3o<\/strong><\/td>\n<td bgcolor=\"#82c940\"><strong>Descri\u00e7\u00e3o<\/strong><\/td>\n<td bgcolor=\"#82c940\"><strong>Docentes Respons\u00e1veis<\/strong><\/td>\n<\/tr>\n<tr>\n<td bgcolor=\"#bddea5\">&#8211; Diagn\u00f3stico e Monitoramento Ambiental, com \u00canfase nos Aspectos F\u00edsicos, qu\u00edmicos e Biol\u00f3gicos<\/td>\n<td bgcolor=\"#bddea5\">\n<p style=\"text-align: justify\">As pesquisas abordam o diagn\u00f3stico e o monitoramento de recursos naturais (bi\u00f3tico e abi\u00f3tico), atrav\u00e9s de an\u00e1lises laboratoriais e de campo, de forma a definir sua composi\u00e7\u00e3o e, consequentemente, os efeitos que seus constituintes podem causar ao ambiente e \u00e0 vida, bem como atrav\u00e9s de estudos que permitam determinar a diversidade e as \u00e1reas de ocorr\u00eancia de esp\u00e9cies biol\u00f3gicas, tais como peixes e plantas nativas da regi\u00e3o, com vistas ao seu uso sustent\u00e1vel.<\/p>\n<\/td>\n<td bgcolor=\"#bddea5\">Profa. Dra. Danielle Peretti Filgueira<br \/>\nProf. Dr. Ramiro Gustavo Valera Camacho<\/td>\n<\/tr>\n<tr>\n<td bgcolor=\"#bddea5\">&#8211; Polui\u00e7\u00e3o e contamina\u00e7\u00e3o de corpos h\u00eddricos subterr\u00e2neos e superficiais<\/p>\n<p>&#8211;\u00a0Gest\u00e3o de bacias hidrogr\u00e1ficas e aquiferos<\/p>\n<p>&#8211; Geoprocessamento aplicado aos recursos Naturais<\/td>\n<td bgcolor=\"#bddea5\">\n<div><\/div>\n<p style=\"text-align: justify\">Estudos de risco e de vulnerabilidade \u00e0 contamina\u00e7\u00e3o da \u00e1gua subterr\u00e2nea em meio urbano e rural, identifica\u00e7\u00e3o de mecanismos de intera\u00e7\u00e3o sociedade-natureza que impacte na qualidade da \u00e1gua, e comprometimento de seu uso em reservat\u00f3rios superficiais e subterr\u00e2neos.<\/p>\n<p style=\"text-align: justify\">Manejo, an\u00e1lise e planejamento para gest\u00e3o de bacias hidrogr\u00e1ficas e aquiferos, estudos de quantifica\u00e7\u00e3o de reservas e caracteriza\u00e7\u00e3o f\u00edsica de reservat\u00f3rios.<\/p>\n<p style=\"text-align: justify\">Aplica\u00e7\u00e3o da ferramenta do geoprocessamento na gest\u00e3o, prospec\u00e7\u00e3o de recursos naturais, bem como de problemas ambientais diversos, como desertifica\u00e7\u00e3o, detec\u00e7\u00e3o de uso, cobertura e ocupa\u00e7\u00e3o do solo e controle para salubridade ambiental (saneamento b\u00e1sico e estudos de dispers\u00e3o epidemiol\u00f3gica).<\/p>\n<\/td>\n<td bgcolor=\"#bddea5\">Prof. Dr. Filipe da Silva Peixoto<\/td>\n<\/tr>\n<tr>\n<td bgcolor=\"#bddea5\">&#8211; Educa\u00e7\u00e3o Ambiental e Reciclagem de Res\u00edduos<\/p>\n<p>&nbsp;<\/td>\n<td bgcolor=\"#bddea5\">\n<p style=\"text-align: justify\">As atividades abordam a rela\u00e7\u00e3o entre a necessidade de reciclagem de res\u00edduos s\u00f3lidos e a educa\u00e7\u00e3o ambiental. O objetivo \u00e9 detectar os problemas envolvidos na deposi\u00e7\u00e3o inadequada dos res\u00edduos, na falta de saneamento b\u00e1sico, no descumprimento de leis, etc&#8230;, fornecer subs\u00eddios ao poder p\u00fablico e \u00e0 pr\u00f3pria sociedade para as consequ\u00eancias destes atos e propor solu\u00e7\u00f5es que minimizem estes problemas.<\/p>\n<\/td>\n<td bgcolor=\"#bddea5\">Prof. Dr. Ramiro Gustavo Valera Camacho<br \/>\nProfa. Dra. Anne Gabriella Dias Santos Caldeira<br \/>\nProf. Dr. Vin\u00edcius Patr\u00edcio Santos Caldeira<\/td>\n<\/tr>\n<tr>\n<td bgcolor=\"#bddea5\">&#8211; Recupera\u00e7\u00e3o de \u00c1reas Degradadas<\/td>\n<td bgcolor=\"#bddea5\">\n<p style=\"text-align: justify\">Processos de forma\u00e7\u00e3o de \u00e1reas degradadas e agentes de degrada\u00e7\u00e3o. Caracteriza\u00e7\u00e3o e diagn\u00f3stico de \u00e1reas degradadas. Reabilita\u00e7\u00e3o, reposi\u00e7\u00e3o, restaura\u00e7\u00e3o, recupera\u00e7\u00e3o. Regenera\u00e7\u00e3o natural. T\u00e9cnicas de recupera\u00e7\u00e3o envolvendo medidas f\u00edsicas, biol\u00f3gicas e f\u00edsico-biol\u00f3gicas. Planejamento para Recupera\u00e7\u00e3o de \u00c1reas Degradadas. Pr\u00e1ticas vegetativas para o controle da eros\u00e3o e recupera\u00e7\u00e3o de \u00e1reas degradadas. Estrat\u00e9gias de recupera\u00e7\u00e3o com enfoque hol\u00edstico.<\/p>\n<\/td>\n<td bgcolor=\"#bddea5\">Prof. Dr. Ramiro Gustavo Valera Camacho<\/td>\n<\/tr>\n<tr>\n<td bgcolor=\"#bddea5\">&#8211; Vulnerabilidades, Riscos e Zoneamento Ambiental<\/td>\n<td bgcolor=\"#bddea5\">\n<p style=\"text-align: justify\">An\u00e1lise, numa perspectiva temporal e espacial, dos processos antr\u00f3picos imprescind\u00edveis para o entendimento da organiza\u00e7\u00e3o do espa\u00e7o e suas transforma\u00e7\u00f5es nas diversas escalas geogr\u00e1ficas. Metodologias de zoneamento ambiental. Zoneamento ecol\u00f3gico-econ\u00f4mico.<\/p>\n<\/td>\n<td bgcolor=\"#bddea5\">Prof. Dr. Alfredo Marcelo Grigio<\/td>\n<\/tr>\n<tr>\n<td bgcolor=\"#bddea5\">&#8211; Ecologia da Paisagem<\/td>\n<td bgcolor=\"#bddea5\">\n<p style=\"text-align: justify\">An\u00e1lise da estrutura, fragmenta\u00e7\u00e3o e mudan\u00e7as de paisagem. T\u00e9cnicas e dados de sensoriamento remoto e geoprocessamento para an\u00e1lise da estrutura, fragmenta\u00e7\u00e3o e mudan\u00e7as de paisagem. Impactos de fragmenta\u00e7\u00e3o\/altera\u00e7\u00e3o dos ecossistemas naturais.<\/p>\n<\/td>\n<td bgcolor=\"#bddea5\">Prof. Dr. Alfredo Marcelo Grigio<\/p>\n<p>Prof. Dr. Marco Antonio Diodato<\/td>\n<\/tr>\n<tr>\n<td bgcolor=\"#bddea5\">&#8211; Geoprocessamento aplicado aos Recursos Naturais<\/td>\n<td bgcolor=\"#bddea5\">\n<p style=\"text-align: justify\">O geoprocessamento vem ao encontro das novas tend\u00eancias que propiciam uma an\u00e1lise mais apurada e aprofundada dos recursos naturais, melhorando, assim, a integra\u00e7\u00e3o, o relacionamento e o conhecimento sobre esses recursos. A utiliza\u00e7\u00e3o do geoprocessamento tem se intensificado, tanto por institui\u00e7\u00f5es p\u00fablicas quanto por empresas privadas por subsidiar eficientemente a tomada de decis\u00e3o dos planejadores e gestores e, consequentemente, verifica-se uma crescente demanda por profissionais que dominem essa tecnologia. Sendo assim, a forma\u00e7\u00e3o de um profissional na \u00e1rea de Ci\u00eancias Naturais, com concentra\u00e7\u00e3o em Recursos Naturais, deve contemplar tanto uma forma\u00e7\u00e3o te\u00f3rica, como tamb\u00e9m uma forma\u00e7\u00e3o t\u00e9cnica quanto \u00e0 utiliza\u00e7\u00e3o das ferramentas de Geoprocessamento aplicado aos estudos de diagn\u00f3stico e monitoramento ambiental.<\/p>\n<\/td>\n<td bgcolor=\"#bddea5\">Prof. Dr. Alfredo Marcelo Grigio<\/td>\n<\/tr>\n<tr>\n<td bgcolor=\"#bddea5\"><strong><br \/>\n<\/strong>&#8211; Ecologia de Ecossistemas Aqu\u00e1ticos continentais (rios, lagoas e a\u00e7udes)- Ecologia Tr\u00f3fica de Peixes<\/td>\n<td bgcolor=\"#bddea5\">\n<p style=\"text-align: justify\">Estudos sobre os ecossistemas aqu\u00e1ticos dulc\u00edcolas como rios, riachos, lagoas, reservat\u00f3rios e plan\u00edcie de inunda\u00e7\u00e3o, buscando entender a estrutura\u00e7\u00e3o e o funcionamento dos mesmos. As atividades consistem na investiga\u00e7\u00e3o da dieta das esp\u00e9cies, identifica\u00e7\u00e3o do h\u00e1bito alimentar e da estrutura tr\u00f3fica dos diferentes habitat e na an\u00e1lise morfol\u00f3gica dos peixes.<\/p>\n<\/td>\n<td bgcolor=\"#bddea5\">Profa. Dra. Danielle Peretti Filgueira<\/td>\n<\/tr>\n<tr>\n<td bgcolor=\"#bddea5\">&#8211; Sistemas ambientais e planejamento<\/td>\n<td bgcolor=\"#bddea5\">\n<p style=\"text-align: justify\">Aplica\u00e7\u00e3o da abordagem sist\u00eamica nos estudos ambientais, visando reconhecer os processos naturais e as interfer\u00eancias antr\u00f3picas na din\u00e2mica das paisagens. Avalia\u00e7\u00e3o do estado de conserva\u00e7\u00e3o e da din\u00e2mica ambiental em \u00e1reas litor\u00e2neas e semi\u00e1ridas. Aplica\u00e7\u00e3o dos conhecimentos na proposi\u00e7\u00e3o de alternativas de conserva\u00e7\u00e3o da natureza como a institui\u00e7\u00e3o de unidades de conserva\u00e7\u00e3o, zoneamentos ambientais e urbanos e planejamento e gest\u00e3o de bacias hidrogr\u00e1ficas.<\/p>\n<\/td>\n<td bgcolor=\"#bddea5\">Prof. Dr. Rodrigo Guimar\u00e3es de Carvalho<\/td>\n<\/tr>\n<tr>\n<td bgcolor=\"#bddea5\">&#8211; Diagn\u00f3stico e Monitoramento Ambiental, com \u00canfase nos Aspectos F\u00edsicos, Qu\u00edmicos e Biol\u00f3gicos em Ambientes Marinhos<\/td>\n<td bgcolor=\"#bddea5\"><\/td>\n<td bgcolor=\"#bddea5\">Prof. Dr.\u00a0Fl\u00e1vio Jos\u00e9 de Lima Silva<\/td>\n<\/tr>\n<tr>\n<td bgcolor=\"#bddea5\">&#8211;\u00a0Carateriza\u00e7\u00e3o e diagn\u00f3stico da Biodiversidade, Ecologia e Contexto Paleloambiental de Biotas Pret\u00e9ritas, com \u00eanfase em vertebrados do per\u00edodo Quatern\u00e1rio<\/td>\n<td bgcolor=\"#bddea5\">\n<p style=\"text-align: justify\">Determina\u00e7\u00e3o da composi\u00e7\u00e3o taxon\u00f4mica de assembleias fossil\u00edferas e suas implica\u00e7\u00f5es ecol\u00f3gicas, biogeogr\u00e1ficas e biocronol\u00f3gicas; reconstru\u00e7\u00e3o da ecol\u00f3gica de esp\u00e9cies e biotas pret\u00e9ritas e seus respectivos contextos paleoambientais, especialmente durante o per\u00edodo Quatern\u00e1rio; diagnose dos processos formativos de assembleias fossil\u00edferas de vertebrados do Quatern\u00e1rio e suas implica\u00e7\u00f5es para o entendimento a ecologia e ambientes do passado.<\/p>\n<\/td>\n<td bgcolor=\"#bddea5\">Prof. Dr. Kleberson de Oliveira Porpino<\/td>\n<\/tr>\n<tr>\n<td bgcolor=\"#bddea5\">&#8211; Aplica\u00e7\u00e3o de M\u00e9todos Paleontol\u00f3gicos para Diagn\u00f3sticos e Resolu\u00e7\u00e3o de Problemas Atuais de Ecologia, Conserva\u00e7\u00e3o e Mudan\u00e7as Ambientais.<\/td>\n<td bgcolor=\"#bddea5\">\n<p style=\"text-align: justify\">Utiliza\u00e7\u00e3o de m\u00e9todos da tafonomia e outras \u00e1reas da paleontologia para estudo de restos org\u00e2nicos recentes em contexto ecol\u00f3gico; paleobiologia da conserva\u00e7\u00e3o.<\/p>\n<\/td>\n<td bgcolor=\"#bddea5\">Prof. Dr. Kleberson de Oliveira Porpino<\/td>\n<\/tr>\n<tr>\n<td bgcolor=\"#bddea5\">&#8211; An\u00e1lise de \u00c1reas Protegidas<\/td>\n<td bgcolor=\"#bddea5\">\n<p style=\"text-align: justify\">Estudos ambientais integrados visando a delimita\u00e7\u00e3o e caracteriza\u00e7\u00e3o de espa\u00e7os com potencial para a cria\u00e7\u00e3o de Unidades de Conserva\u00e7\u00e3o; An\u00e1lise ambiental e gest\u00e3o de Unidades de Conserva\u00e7\u00e3o j\u00e1 institu\u00eddas; Estudos de ordenamento do uso do solo e\u00a0Zoneamento Ambiental em Unidades de Conserva\u00e7\u00e3o.<\/p>\n<\/td>\n<td bgcolor=\"#bddea5\">Prof. Dr. Rodrigo Guimar\u00e3es de Carvalho<\/td>\n<\/tr>\n<tr>\n<td bgcolor=\"#bddea5\">&#8211; Gest\u00e3o Integrada da Zona Costeira<\/td>\n<td bgcolor=\"#bddea5\">\n<p style=\"text-align: justify\">Din\u00e2mica socioambiental da Zona Costeira; Indicadores socioecon\u00f4micos e ambientais para o monitoramento da Zona Costeira emersa; Impactos ambientais de empreendimentos na Zona Costeira; Zoneamento Ecol\u00f3gico-Econ\u00f4mico da Zona Costeira.<\/p>\n<\/td>\n<td bgcolor=\"#bddea5\">Prof. Dr. Rodrigo Guimar\u00e3es de Carvalho<\/td>\n<\/tr>\n<\/tbody>\n<\/table>\n<p>&nbsp;<\/p>\n<p><strong><a name=\"topico2\"><\/a>2. TECNOLOGIA AMBIENTAL<\/strong><\/p>\n<p>A linha aborda o estudo e o desenvolvimento de tecnologias ambientais que possam ser utilizadas no diagn\u00f3stico e monitoramento ambiental, nas pr\u00e1ticas de conserva\u00e7\u00e3o e na aplicabilidade sustent\u00e1vel dos recursos naturais. As \u00e1reas de pesquisa envolvendo essa linha e seus respectivos professores s\u00e3o:<\/p>\n<p>&nbsp;<\/p>\n<table width=\"873\" cellspacing=\"1\" cellpadding=\"5\" bgcolor=\"#ffffff\">\n<colgroup>\n<col width=\"213\" \/>\n<col width=\"392\" \/>\n<col width=\"235\" \/><\/colgroup>\n<tbody>\n<tr>\n<td bgcolor=\"#82c940\"><strong>\u00c1rea de Atua\u00e7\u00e3o<\/strong><\/td>\n<td bgcolor=\"#82c940\"><strong>Descri\u00e7\u00e3o<\/strong><\/td>\n<td bgcolor=\"#82c940\"><strong>Docentes Respons\u00e1veis<\/strong><\/td>\n<\/tr>\n<tr>\n<td bgcolor=\"#bddea5\">&#8211; Desenvolvimento e An\u00e1lise da Qualidade de Biocombust\u00edveis<strong><br \/>\n<\/strong><\/td>\n<td bgcolor=\"#bddea5\">\n<p style=\"text-align: justify\">A pesquisa aborda a caracteriza\u00e7\u00e3o de \u00f3leos vegetais obtidos de mat\u00e9rias alternativas, principalmente as que sejam vi\u00e1veis no semi-\u00e1rido e ainda n\u00e3o exploradas na produ\u00e7\u00e3o de biodiesel, e sua caracteriza\u00e7\u00e3o de acordo com os padr\u00f5es recomendados pela ANP. Tamb\u00e9m atua no desenvolvimento e otimiza\u00e7\u00e3o de novos catalisadores para a produ\u00e7\u00e3o de biodiesel e reuso de seus subprodutos.<\/p>\n<\/td>\n<td bgcolor=\"#bddea5\">Profa. Dra. Anne Gabriella Dias Santos Caldeira<br \/>\nProf. Dr. Vin\u00edcius Patr\u00edcio Santos Caldeira<\/td>\n<\/tr>\n<tr>\n<td bgcolor=\"#bddea5\">&#8211; Fisiologia Vegetal, com enfoque nos fatores de estresse<\/p>\n<p>&#8211; Propaga\u00e7\u00e3o de Plantas<\/td>\n<td bgcolor=\"#bddea5\">\n<p style=\"text-align: justify\">As linhas abordam a\u00a0Fisiologia do estresse (h\u00eddrico e salino) e sua rela\u00e7\u00e3o com a produ\u00e7\u00e3o de metab\u00f3litos secund\u00e1rios, assim como a\u00a0Propaga\u00e7\u00e3o vegetativa de plantas (estaquia e cultura de tecidos vegetais).<\/p>\n<\/td>\n<td bgcolor=\"#bddea5\">Profa. Dra. Cynthia Cavalcanti de Albuquerque<\/td>\n<\/tr>\n<tr>\n<td bgcolor=\"#bddea5\">&#8211; Desenvolvimento de sensores e metodologias eletroanal\u00edticas para a detec\u00e7\u00e3o e quantifica\u00e7\u00e3o de esp\u00e9cies de relev\u00e2ncia ambiental<\/td>\n<td bgcolor=\"#bddea5\">\n<p style=\"text-align: justify\">As pesquisas abordam o desenvolvimento de sensores e metodologias de an\u00e1lise simples, r\u00e1pidas e de baixos custos, usando m\u00e9todos eletroqu\u00edmicos, para a determina\u00e7\u00e3o de compostos de relev\u00e2ncia ambiental. Os trabalhos envolvem a constru\u00e7\u00e3o de eletrodos modificados com (nano)materiais, org\u00e2nicos ou inorg\u00e2nicos, com vistas ao desenvolvimento de sensores eletroqu\u00edmicos com potencialidades para aplica\u00e7\u00f5es em matrizes ambientais.<\/p>\n<\/td>\n<td bgcolor=\"#bddea5\">Profa. Dra. Suely Souza Leal de Castro<\/td>\n<\/tr>\n<tr>\n<td bgcolor=\"#bddea5\">&#8211; Degrada\u00e7\u00e3o de poluentes ambientais\/contaminantes emergentes por processos oxidativos avan\u00e7ados (eletroqu\u00edmicos, fotocatal\u00edticos, Fenton e outros).<\/p>\n<p>&#8211; Tratamento de \u00e1guas e efluentes por processos oxidativos avan\u00e7ados (eletroqu\u00edmicos, fotocatal\u00edticos, Fenton e outros).<\/p>\n<p>&nbsp;<\/td>\n<td bgcolor=\"#bddea5\">\n<p style=\"text-align: justify\">As pesquisas abordam o desenvolvimento de metodologias de i) degrada\u00e7\u00e3o de compostos org\u00e2nicos persistentes, provenientes das atividades econ\u00f4micas realizadas na regi\u00e3o e\/ou das utilizadas como bens de consumo pela popula\u00e7\u00e3o; e ii) tratamento de \u00e1guas e efluentes reais, dom\u00e9sticos e industriais, contendo compostos t\u00f3xicos. Esses compostos, na maioria das vezes persistentes, t\u00eam como destino final os recursos h\u00eddricos, prejudicando a qualidade de suas \u00e1guas e, consequentemente, a sa\u00fade da popula\u00e7\u00e3o e a biota aqu\u00e1tica. As pesquisas s\u00e3o realizadas sob a \u00f3tica da sustentabilidade ambiental.<\/p>\n<\/td>\n<td bgcolor=\"#bddea5\">Profa. Dra. Suely Souza Leal de Castro<\/td>\n<\/tr>\n<tr>\n<td bgcolor=\"#bddea5\">&#8211; Educa\u00e7\u00e3o Ambiental e Reciclagem de Res\u00edduos<\/p>\n<p>&nbsp;<\/td>\n<td bgcolor=\"#bddea5\">\n<p style=\"text-align: justify\">As atividades abordam a rela\u00e7\u00e3o entre a necessidade de reciclagem de res\u00edduos s\u00f3lidos e a educa\u00e7\u00e3o ambiental. O objetivo \u00e9 detectar os problemas envolvidos na deposi\u00e7\u00e3o inadequada dos res\u00edduos, na falta de saneamento b\u00e1sico, no descumprimento de leis, etc&#8230;, fornecer subs\u00eddios ao poder p\u00fablico e \u00e0 pr\u00f3pria sociedade para as consequ\u00eancias destes atos e propor solu\u00e7\u00f5es que minimizem estes problemas.<\/p>\n<\/td>\n<td bgcolor=\"#bddea5\">Prof. Dr. Ramiro Gustavo Valera Camacho<br \/>\nProfa. Dra. Anne Gabriella Dias Santos Caldeira<br \/>\nProf. Dr. Vin\u00edcius Patr\u00edcio Santos Caldeira<\/td>\n<\/tr>\n<tr>\n<td bgcolor=\"#bddea5\">&#8211; (Bio)s\u00edntese de (nano)materiais para aplica\u00e7\u00f5es em sensores eletroanal\u00edticos e em processos oxidativos avan\u00e7ados (eletroqu\u00edmicos, fotocatal\u00edticos e Fenton).<\/td>\n<td bgcolor=\"#bddea5\">\n<p style=\"text-align: justify\">As pesquisas abordam a produ\u00e7\u00e3o de nanopart\u00edculas de carbono, met\u00e1licas, de \u00f3xidos met\u00e1licos etc.; de nanocomp\u00f3sitos de \u00f3xidos met\u00e1licos e metais, dentre outros, usando m\u00e9todos f\u00edsico-qu\u00edmicos (rea\u00e7\u00f5es por combust\u00e3o em solu\u00e7\u00e3o), biol\u00f3gicos (sob a\u00e7\u00e3o de extratos de plantas, \u00f3leos essenciais e outros, conhecidos como bioss\u00edntese ou s\u00edntese verde) e eletroqu\u00edmicos. Produ\u00e7\u00f5es de materiais via rotas ambientalmente respons\u00e1veis representam estrat\u00e9gias extremamente relevantes, pois, al\u00e9m de gerar m\u00ednimos impactos ambientais, apresentam baixos custos e favorecem a escalabilidade. Os nanomateriais s\u00e3o aplicados na detec\u00e7\u00e3o\/quantifica\u00e7\u00e3o\/degrada\u00e7\u00e3o de poluentes\/contaminantes ambientais e ou no tratamento de \u00e1guas e efluentes.<\/p>\n<\/td>\n<td bgcolor=\"#bddea5\">Profa. Dra. Suely Souza Leal de Castro<\/td>\n<\/tr>\n<tr>\n<td bgcolor=\"#bddea5\">&#8211; Isolamento, caracteriza\u00e7\u00e3o e aplica\u00e7\u00e3o biol\u00f3gica de produtos naturais de plantas da Caatinga.<\/td>\n<td bgcolor=\"#bddea5\">\n<p style=\"text-align: justify\">As pesquisas abordam m\u00e9todos de extra\u00e7\u00e3o, purifica\u00e7\u00e3o e caracteriza\u00e7\u00e3o de prote\u00ednas e composto bioativos (extratos, \u00f3leos essenciais e metab\u00f3litos secund\u00e1rios) a partir de plantas da Caatinga. Os estudos envolvem ainda a aplica\u00e7\u00e3o das mol\u00e9culas isoladas em ensaios de atividade antimicrobiana (antibacteriana e antif\u00fangica), antioxidante e antitumoral, com o objetivo de identificar novas mol\u00e9culas biologicamente ativas com potencial biol\u00f3gico para serem aplicados na sa\u00fade e agricultura.<\/p>\n<\/td>\n<td bgcolor=\"#bddea5\">Prof. Dr. Mayron Alves de Vasconcelos<\/p>\n<p>Prof. Dr. Leandro Bezerra de Lima<\/td>\n<\/tr>\n<tr>\n<td bgcolor=\"#bddea5\">&#8211; Cat\u00e1lise Heterog\u00eanea<\/p>\n<p>&#8211; Desenvolvimento de Catalisadores ambientalmente corretos e suas aplica\u00e7\u00f5es em processos ambientais<\/p>\n<p>&#8211; Cat\u00e1lise aplicada a processos ambientais<\/td>\n<td bgcolor=\"#bddea5\">\n<p style=\"text-align: justify\">As pesquisas abordam o desenvolvimento e otimiza\u00e7\u00e3o de catalisadores heterog\u00eaneos aplicados em processos industriais visando \u00e0 preserva\u00e7\u00e3o do meio ambiente. Avalia\u00e7\u00e3o das propriedades fis\u00edco-qu\u00edmicas dos catalisadores direcionando suas caracter\u00edsticas estruturais de acordo com cada aplica\u00e7\u00e3o. Foco principal no desenvolvimento de novos catalisadores heterog\u00eaneos, que tanto em seus procedimentos de s\u00edntese como no processo industrial aplicado empregue o m\u00ednimo poss\u00edvel de reativos que contaminem e degradem o meio ambiente.<\/p>\n<\/td>\n<td bgcolor=\"#bddea5\">Profa. Dra. Anne Gabriella Dias Santos Caldeira<br \/>\nProf. Dr. Vin\u00edcius Patr\u00edcio Santos CaldeiraProf. Dr. Jo\u00e3o Maria Soares<\/td>\n<\/tr>\n<\/tbody>\n<\/table>\n<p>&nbsp;<\/p>\n<p>&nbsp;<\/p>\n","protected":false},"excerpt":{"rendered":"<p>1. DIAGN\u00d3STICO E CONSERVA\u00c7\u00c3O AMBIENTAL A linha aborda estudos de diagn\u00f3stico e monitoramento dos recursos naturais, e avalia\u00e7\u00e3o dos efeitos causados pela atividade humana sobre o ambiente, gerando dados que ir\u00e3o subsidiar a sua recupera\u00e7\u00e3o e uso sustent\u00e1vel. As \u00e1reas de pesquisa envolvendo essa linha e seus respectivos professores s\u00e3o: &nbsp; \u00c1rea de Atua\u00e7\u00e3o Descri\u00e7\u00e3o [&hellip;]<\/p>\n","protected":false},"author":21,"featured_media":0,"parent":0,"menu_order":0,"comment_status":"closed","ping_status":"closed","template":"","meta":{"footnotes":""},"class_list":["post-892","page","type-page","status-publish","hentry"],"_links":{"self":[{"href":"https:\/\/portal.uern.br\/propeg\/ppgcn\/wp-json\/wp\/v2\/pages\/892","targetHints":{"allow":["GET"]}}],"collection":[{"href":"https:\/\/portal.uern.br\/propeg\/ppgcn\/wp-json\/wp\/v2\/pages"}],"about":[{"href":"https:\/\/portal.uern.br\/propeg\/ppgcn\/wp-json\/wp\/v2\/types\/page"}],"author":[{"embeddable":true,"href":"https:\/\/portal.uern.br\/propeg\/ppgcn\/wp-json\/wp\/v2\/users\/21"}],"replies":[{"embeddable":true,"href":"https:\/\/portal.uern.br\/propeg\/ppgcn\/wp-json\/wp\/v2\/comments?post=892"}],"version-history":[{"count":23,"href":"https:\/\/portal.uern.br\/propeg\/ppgcn\/wp-json\/wp\/v2\/pages\/892\/revisions"}],"predecessor-version":[{"id":2123,"href":"https:\/\/portal.uern.br\/propeg\/ppgcn\/wp-json\/wp\/v2\/pages\/892\/revisions\/2123"}],"wp:attachment":[{"href":"https:\/\/portal.uern.br\/propeg\/ppgcn\/wp-json\/wp\/v2\/media?parent=892"}],"curies":[{"name":"wp","href":"https:\/\/api.w.org\/{rel}","templated":true}]}}