{"id":890,"date":"2024-12-12T17:24:03","date_gmt":"2024-12-12T20:24:03","guid":{"rendered":"https:\/\/portal.uern.br\/propeg\/ppgcn\/?page_id=890"},"modified":"2025-04-08T15:32:41","modified_gmt":"2025-04-08T18:32:41","slug":"internacionalizacao","status":"publish","type":"page","link":"https:\/\/portal.uern.br\/propeg\/ppgcn\/internacionalizacao\/","title":{"rendered":"Internacionaliza\u00e7\u00e3o"},"content":{"rendered":"<p style=\"text-align: justify\">O Programa de P\u00f3s-Gradua\u00e7\u00e3o em Ci\u00eancias Naturais (PPGCN) iniciou suas iniciativas de internacionaliza\u00e7\u00e3o em 2013, com a assinatura de um conv\u00eanio de coopera\u00e7\u00e3o com a Universidad Rey Juan Carlos, da Espanha. Em junho do mesmo ano, pesquisadores dessa universidade visitaram a UERN. Como resultado dessa parceria, em julho de 2015, o professor Dr. \u00c1ngel Peral Yuste proferiu uma palestra na UERN sobre o desenvolvimento de materiais de catalisadores zeol\u00edticos para a reciclagem de pl\u00e1sticos em combust\u00edveis, dentro da \u00e1rea de Qu\u00edmica de Cat\u00e1lise Ambiental.<\/p>\n<p style=\"text-align: justify\">Em 2017, Francisco Gustavo Hayala Silveira Pinto, aluno do Programa de P\u00f3s-gradua\u00e7\u00e3o em Ci\u00eancias Naturais (PPGCN), realizou um est\u00e1gio no Laborat\u00f3rio de S\u00f3lidos Porosos da Universidad Nacional de San Luis, na Argentina, onde teve uma experi\u00eancia de aprendizado significativa. Esse interc\u00e2mbio foi resultado de uma colabora\u00e7\u00e3o entre docentes do PPGCN e professores argentinos. Em 2019, o PPGCN consolidou conv\u00eanios com universidades internacionais, como a Universidad de Castilla de La Mancha (Espanha), o Instituto de Qu\u00edmica da Universidade de Poitiers (Fran\u00e7a) e a Universit\u00e0 Degli Studi di Cagliari (It\u00e1lia), criando oportunidades para interc\u00e2mbios e colabora\u00e7\u00f5es em pesquisa. Em janeiro de 2020, a professora Dra. Danyelle Medeiros de Ara\u00fajo participou de um est\u00e1gio na Espanha, o que promete impulsionar ainda mais as pesquisas do PPGCN e facilitar a produ\u00e7\u00e3o conjunta de publica\u00e7\u00f5es cient\u00edficas.<\/p>\n<p style=\"text-align: justify\">Em 2022, a UERN implementou o Plano Estrat\u00e9gico de Internacionaliza\u00e7\u00e3o, visando aumentar a conscientiza\u00e7\u00e3o sobre a import\u00e2ncia da internacionaliza\u00e7\u00e3o, promover a mobilidade acad\u00eamica, e fortalecer a comunica\u00e7\u00e3o internacional da comunidade universit\u00e1ria. O plano tamb\u00e9m busca dar visibilidade \u00e0s atividades da UERN e fomentar colabora\u00e7\u00f5es em redes internacionais. Nesse contexto, foi firmado um acordo de coopera\u00e7\u00e3o com a Universidad Mayor de San Sim\u00f3n, na Bol\u00edvia, para interc\u00e2mbios e projetos conjuntos.<\/p>\n<p style=\"text-align: justify\">O per\u00edodo de 2021 a 2024 foi marcado pela internacionaliza\u00e7\u00e3o do PPGCN, com o professor Vin\u00edcius Patr\u00edcio Santos Caldeira realizando um est\u00e1gio p\u00f3s-doutoral na Espanha, focando na transforma\u00e7\u00e3o de biomassa em combust\u00edveis renov\u00e1veis. Essa experi\u00eancia resultou em um conv\u00eanio com o Instituto Madrile\u00f1o de Estudios Avanzados. Em 2024, o aluno Antony Jeov\u00e1 Teixeira da Silva realizou um est\u00e1gio na Universit\u00e9 de Poitiers.<\/p>\n<p style=\"text-align: justify\">Al\u00e9m disso, o projeto CAPES\/COFECUB possibilitou miss\u00f5es de pesquisadores da UERN \u00e0 Fran\u00e7a, promovendo a coopera\u00e7\u00e3o cient\u00edfica e a apresenta\u00e7\u00e3o de pesquisas. Essas iniciativas contribu\u00edram para aumentar a visibilidade do PPGCN no cen\u00e1rio internacional e expandir as oportunidades de interc\u00e2mbio e desenvolvimento de novos projetos.<\/p>\n<p style=\"text-align: justify\">A UERN conta com a Diretoria de Rela\u00e7\u00f5es Internacionais e Interinstitucionais (DIRI), respons\u00e1vel pelo planejamento, execu\u00e7\u00e3o e avalia\u00e7\u00e3o da pol\u00edtica institucional de internacionaliza\u00e7\u00e3o, promovendo a inser\u00e7\u00e3o internacional da IES em conson\u00e2ncia com o PDI. Essa diretoria foi fundamental para a aprova\u00e7\u00e3o da proposta do PPGCN no Programa Fulbright.<\/p>\n","protected":false},"excerpt":{"rendered":"<p>O Programa de P\u00f3s-Gradua\u00e7\u00e3o em Ci\u00eancias Naturais (PPGCN) iniciou suas iniciativas de internacionaliza\u00e7\u00e3o em 2013, com a assinatura de um conv\u00eanio de coopera\u00e7\u00e3o com a Universidad Rey Juan Carlos, da Espanha. Em junho do mesmo ano, pesquisadores dessa universidade visitaram a UERN. Como resultado dessa parceria, em julho de 2015, o professor Dr. \u00c1ngel Peral [&hellip;]<\/p>\n","protected":false},"author":21,"featured_media":0,"parent":0,"menu_order":0,"comment_status":"closed","ping_status":"closed","template":"","meta":{"footnotes":""},"class_list":["post-890","page","type-page","status-publish","hentry"],"_links":{"self":[{"href":"https:\/\/portal.uern.br\/propeg\/ppgcn\/wp-json\/wp\/v2\/pages\/890","targetHints":{"allow":["GET"]}}],"collection":[{"href":"https:\/\/portal.uern.br\/propeg\/ppgcn\/wp-json\/wp\/v2\/pages"}],"about":[{"href":"https:\/\/portal.uern.br\/propeg\/ppgcn\/wp-json\/wp\/v2\/types\/page"}],"author":[{"embeddable":true,"href":"https:\/\/portal.uern.br\/propeg\/ppgcn\/wp-json\/wp\/v2\/users\/21"}],"replies":[{"embeddable":true,"href":"https:\/\/portal.uern.br\/propeg\/ppgcn\/wp-json\/wp\/v2\/comments?post=890"}],"version-history":[{"count":14,"href":"https:\/\/portal.uern.br\/propeg\/ppgcn\/wp-json\/wp\/v2\/pages\/890\/revisions"}],"predecessor-version":[{"id":1397,"href":"https:\/\/portal.uern.br\/propeg\/ppgcn\/wp-json\/wp\/v2\/pages\/890\/revisions\/1397"}],"wp:attachment":[{"href":"https:\/\/portal.uern.br\/propeg\/ppgcn\/wp-json\/wp\/v2\/media?parent=890"}],"curies":[{"name":"wp","href":"https:\/\/api.w.org\/{rel}","templated":true}]}}