{"id":878,"date":"2024-12-12T17:17:10","date_gmt":"2024-12-12T20:17:10","guid":{"rendered":"https:\/\/portal.uern.br\/propeg\/ppgcn\/?page_id=878"},"modified":"2024-12-12T17:17:10","modified_gmt":"2024-12-12T20:17:10","slug":"defesas-de-dissertacao","status":"publish","type":"page","link":"https:\/\/portal.uern.br\/propeg\/ppgcn\/defesas-de-dissertacao\/","title":{"rendered":"Defesas de Disserta\u00e7\u00e3o"},"content":{"rendered":"<div class=\"titulo\">No dia 12 de mar\u00e7o de 2019, ocorreu a Defesa da 100\u00aa Disserta\u00e7\u00e3o do PPGCN.<\/div>\n<div class=\"texto\">\n<p><strong>Discente:<\/strong>\u00a0Adriano Assun\u00e7\u00e3o de Assis.<br \/>\n<strong>T\u00edtulo:<\/strong>\u00a0\u201cCaracteriza\u00e7\u00e3o dos Sistemas Socioecol\u00f3gicos de Comunidades Quilombolas Localizadas na Regi\u00e3o do Semi\u00e1rido Brasileiro\u201d.<br \/>\n<strong>Orientadora:<\/strong>\u00a0Profa. Dra. M\u00e1rcia Regina Farias da Silva.<\/p>\n<p>&nbsp;<\/p>\n<p><img fetchpriority=\"high\" decoding=\"async\" src=\"https:\/\/www.uern.br\/controledepaginas\/mestrado-eventos\/imagens\/0643439a6661_27da_42b7_92c9_cec4403a9202.jpg\" alt=\"\" width=\"600\" height=\"400\" \/><\/p>\n<p>&nbsp;<\/p>\n<p><img decoding=\"async\" src=\"https:\/\/www.uern.br\/controledepaginas\/mestrado-eventos\/imagens\/064305cd2b67_8391_4d07_a9d3_4c240e771290.jpg\" alt=\"\" width=\"600\" height=\"600\" \/><\/p>\n<p>&nbsp;<\/p>\n<p><img decoding=\"async\" src=\"https:\/\/www.uern.br\/controledepaginas\/mestrado-eventos\/imagens\/06430c11baa8_a64e_42a4_b9cf_4922b91dbb9f.jpg\" alt=\"\" width=\"600\" height=\"400\" \/><\/p>\n<p>&nbsp;<\/p>\n<p><img loading=\"lazy\" decoding=\"async\" src=\"https:\/\/www.uern.br\/controledepaginas\/mestrado-eventos\/imagens\/0643abd4a205_b351_400f_9e0d_3d31bc24c5df.jpg\" alt=\"\" width=\"600\" height=\"400\" \/><\/p>\n<\/div>\n","protected":false},"excerpt":{"rendered":"<p>No dia 12 de mar\u00e7o de 2019, ocorreu a Defesa da 100\u00aa Disserta\u00e7\u00e3o do PPGCN. Discente:\u00a0Adriano Assun\u00e7\u00e3o de Assis. T\u00edtulo:\u00a0\u201cCaracteriza\u00e7\u00e3o dos Sistemas Socioecol\u00f3gicos de Comunidades Quilombolas Localizadas na Regi\u00e3o do Semi\u00e1rido Brasileiro\u201d. Orientadora:\u00a0Profa. Dra. M\u00e1rcia Regina Farias da Silva. &nbsp; &nbsp; &nbsp; &nbsp;<\/p>\n","protected":false},"author":21,"featured_media":0,"parent":0,"menu_order":0,"comment_status":"closed","ping_status":"closed","template":"","meta":{"footnotes":""},"class_list":["post-878","page","type-page","status-publish","hentry"],"_links":{"self":[{"href":"https:\/\/portal.uern.br\/propeg\/ppgcn\/wp-json\/wp\/v2\/pages\/878","targetHints":{"allow":["GET"]}}],"collection":[{"href":"https:\/\/portal.uern.br\/propeg\/ppgcn\/wp-json\/wp\/v2\/pages"}],"about":[{"href":"https:\/\/portal.uern.br\/propeg\/ppgcn\/wp-json\/wp\/v2\/types\/page"}],"author":[{"embeddable":true,"href":"https:\/\/portal.uern.br\/propeg\/ppgcn\/wp-json\/wp\/v2\/users\/21"}],"replies":[{"embeddable":true,"href":"https:\/\/portal.uern.br\/propeg\/ppgcn\/wp-json\/wp\/v2\/comments?post=878"}],"version-history":[{"count":1,"href":"https:\/\/portal.uern.br\/propeg\/ppgcn\/wp-json\/wp\/v2\/pages\/878\/revisions"}],"predecessor-version":[{"id":879,"href":"https:\/\/portal.uern.br\/propeg\/ppgcn\/wp-json\/wp\/v2\/pages\/878\/revisions\/879"}],"wp:attachment":[{"href":"https:\/\/portal.uern.br\/propeg\/ppgcn\/wp-json\/wp\/v2\/media?parent=878"}],"curies":[{"name":"wp","href":"https:\/\/api.w.org\/{rel}","templated":true}]}}