{"id":874,"date":"2024-12-12T17:15:00","date_gmt":"2024-12-12T20:15:00","guid":{"rendered":"https:\/\/portal.uern.br\/propeg\/ppgcn\/?page_id=874"},"modified":"2025-04-10T12:21:27","modified_gmt":"2025-04-10T15:21:27","slug":"estagio-de-docencia","status":"publish","type":"page","link":"https:\/\/portal.uern.br\/propeg\/ppgcn\/estagio-de-docencia\/","title":{"rendered":"Est\u00e1gio de Doc\u00eancia"},"content":{"rendered":"<p style=\"text-align: justify\">O Est\u00e1gio de Doc\u00eancia \u00e9 parte integrante da forma\u00e7\u00e3o do p\u00f3s-graduando, objetivando a prepara\u00e7\u00e3o para a doc\u00eancia e a qualifica\u00e7\u00e3o do ensino de gradua\u00e7\u00e3o, sendo aconselh\u00e1vel para todos os alunos do curso de Mestrado em Ci\u00eancias Naturais.<\/p>\n<div class=\"texto\">\n<p><strong><em>Orienta\u00e7\u00f5es:<\/em><\/strong><\/p>\n<ol>\n<li>As atividades do est\u00e1gio devem ser compat\u00edveis com a \u00e1rea de pesquisa do programa;<\/li>\n<li>Os p\u00f3s-graduandos devem elaborar um Plano de Trabalho, sob a orienta\u00e7\u00e3o de seu respectivo professor orientador, referente \u00e0, no m\u00ednimo, 30 horas\/aula de uma disciplina da Gradua\u00e7\u00e3o, tendo como base o conte\u00fado a ser ministrado;<\/li>\n<li>O Plano de Trabalho dever\u00e1 ser encaminhado \u00e0 Coordena\u00e7\u00e3o do Programa antes do final do semestre anterior ao da Pr\u00e1tica da Doc\u00eancia;<\/li>\n<li>O Plano de Trabalho dever\u00e1 ter a anu\u00eancia do orientador e do Departamento Acad\u00eamico ao qual a disciplina \u00e9 ofertada;<\/li>\n<li>Ap\u00f3s a anu\u00eancia, o respectivo Plano de Trabalho dever\u00e1 ser encaminhado \u00e0 SPG, onde a matr\u00edcula na disciplina \u201cEst\u00e1gio de doc\u00eancia\u201d ser\u00e1 efetivada;<\/li>\n<li>O est\u00e1gio dever\u00e1 ser desenvolvido sob a supervis\u00e3o permanente de um Professor;<\/li>\n<li>No final do est\u00e1gio, o p\u00f3s-graduando dever\u00e1 encaminhar \u00e0 SPG o Relat\u00f3rio de Est\u00e1gio, com ci\u00eancia e conceito do professor respons\u00e1vel pela disciplina.<\/li>\n<\/ol>\n<p>&nbsp;<\/p>\n<p><strong> <a class=\"cor\" href=\"https:\/\/sigaa.uern.br\/sigaa\/verProducao?idProducao=2211283&amp;key=1fdc58276e3eecc20e4550c44cb424bc\" target=\"_blank\" rel=\"noopener\">Est\u00e1gio de Doc\u00eancia &#8211; Requerimento de Matr\u00edcula<\/a><\/strong><\/p>\n<p><strong><a class=\"cor\" href=\"https:\/\/sigaa.uern.br\/sigaa\/verProducao?idProducao=2211285&amp;key=26b1e9f90d33b2cae4c81d461689ed46\" target=\"_blank\" rel=\"noopener\">Est\u00e1gio de Doc\u00eancia &#8211; Plano de Trabalho<\/a><\/strong><\/p>\n<p><strong><a class=\"cor\" href=\"https:\/\/sigaa.uern.br\/sigaa\/verProducao?idProducao=2211288&amp;key=558b063aa028da2dd94312929f25d161\" target=\"_blank\" rel=\"noopener\">Est\u00e1gio de Doc\u00eancia &#8211; Relat\u00f3rio<\/a><\/strong><\/p>\n<\/div>\n","protected":false},"excerpt":{"rendered":"<p>O Est\u00e1gio de Doc\u00eancia \u00e9 parte integrante da forma\u00e7\u00e3o do p\u00f3s-graduando, objetivando a prepara\u00e7\u00e3o para a doc\u00eancia e a qualifica\u00e7\u00e3o do ensino de gradua\u00e7\u00e3o, sendo aconselh\u00e1vel para todos os alunos do curso de Mestrado em Ci\u00eancias Naturais. Orienta\u00e7\u00f5es: As atividades do est\u00e1gio devem ser compat\u00edveis com a \u00e1rea de pesquisa do programa; Os p\u00f3s-graduandos devem [&hellip;]<\/p>\n","protected":false},"author":21,"featured_media":0,"parent":0,"menu_order":0,"comment_status":"closed","ping_status":"closed","template":"","meta":{"footnotes":""},"class_list":["post-874","page","type-page","status-publish","hentry"],"_links":{"self":[{"href":"https:\/\/portal.uern.br\/propeg\/ppgcn\/wp-json\/wp\/v2\/pages\/874","targetHints":{"allow":["GET"]}}],"collection":[{"href":"https:\/\/portal.uern.br\/propeg\/ppgcn\/wp-json\/wp\/v2\/pages"}],"about":[{"href":"https:\/\/portal.uern.br\/propeg\/ppgcn\/wp-json\/wp\/v2\/types\/page"}],"author":[{"embeddable":true,"href":"https:\/\/portal.uern.br\/propeg\/ppgcn\/wp-json\/wp\/v2\/users\/21"}],"replies":[{"embeddable":true,"href":"https:\/\/portal.uern.br\/propeg\/ppgcn\/wp-json\/wp\/v2\/comments?post=874"}],"version-history":[{"count":10,"href":"https:\/\/portal.uern.br\/propeg\/ppgcn\/wp-json\/wp\/v2\/pages\/874\/revisions"}],"predecessor-version":[{"id":1443,"href":"https:\/\/portal.uern.br\/propeg\/ppgcn\/wp-json\/wp\/v2\/pages\/874\/revisions\/1443"}],"wp:attachment":[{"href":"https:\/\/portal.uern.br\/propeg\/ppgcn\/wp-json\/wp\/v2\/media?parent=874"}],"curies":[{"name":"wp","href":"https:\/\/api.w.org\/{rel}","templated":true}]}}