{"id":865,"date":"2024-12-12T17:01:41","date_gmt":"2024-12-12T20:01:41","guid":{"rendered":"https:\/\/portal.uern.br\/propeg\/ppgcn\/?page_id=865"},"modified":"2025-04-07T10:09:26","modified_gmt":"2025-04-07T13:09:26","slug":"documentos-do-programa","status":"publish","type":"page","link":"https:\/\/portal.uern.br\/propeg\/ppgcn\/documentos-do-programa\/","title":{"rendered":"Documentos do Programa"},"content":{"rendered":"<p><a style=\"font-size: serif;color: #0000ff;letter-spacing: 0px\" href=\"http:\/\/portal.uern.br\/propeg\/ppgcn\/wp-content\/uploads\/sites\/12\/2025\/04\/REGIMENTO-DO-PPGCN-2024-1.pdf\"><strong><strong>REGIMENTO INTERNO DO PPGCN<\/strong><\/strong><\/a><\/p>\n<div class=\"texto\">\n<p><strong><a style=\"font-size: serif;color: #0000ff;letter-spacing: 0px\" href=\"https:\/\/www.uern.br\/controledepaginas\/mestrado-documentos\/arquivos\/0645norma_01_credenciamento_e_descredenciamento_corrigida_final.pdf\"><strong>Instru\u00e7\u00e3o Normativa 01\/2019 &#8211; Regulamenta crit\u00e9rios para credenciamento, descredenciamento e recredenciamento de Docentes no PPGCN<\/strong><\/a><\/p>\n<p><strong><a style=\"font-size: serif;color: #0000ff;letter-spacing: 0px\" href=\"https:\/\/www.uern.br\/controledepaginas\/mestrado-documentos\/arquivos\/0645norma_02_para_concessao_de_bolsa.pdf\"><strong>Instru\u00e7\u00e3o Normativa 02\/2019 &#8211; Estabelece as normas para concess\u00e3o e manuten\u00e7\u00e3o de bolsas no PPGCN<\/strong><\/a><\/p>\n<p><strong><a style=\"font-size: serif;color: #0000ff;letter-spacing: 0px\" href=\"https:\/\/www.uern.br\/controledepaginas\/mestrado-documentos\/arquivos\/0645norma_03_aproveitamento.pdf\"><strong>Instru\u00e7\u00e3o Normativa 03\/2019 &#8211; Estabelece normas para aproveitamento de cr\u00e9ditos no PPGCN<\/strong><\/a><\/p>\n<p><strong><a style=\"font-size: serif;color: #0000ff;letter-spacing: 0px\" href=\"https:\/\/www.uern.br\/controledepaginas\/mestrado-documentos\/arquivos\/0645norma_04_proficiencia.pdf\"><strong>Instru\u00e7\u00e3o Normativa 04\/2019 &#8211; Estabelece as normas para o Exame de Sufici\u00eancia no PPGCN<\/strong><\/a><\/p>\n<p><strong><a style=\"font-size: serif;color: #0000ff;letter-spacing: 0px\" href=\"https:\/\/www.uern.br\/controledepaginas\/mestrado-documentos\/arquivos\/0645normas_05_dissertacao_final.pdf\"><strong>Instru\u00e7\u00e3o Normativa 05\/2019 &#8211; Estabelece as normas para Exame de Qualifica\u00e7\u00e3o e Defesa de Disserta\u00e7\u00e3o do PPGCN<\/strong><\/a><\/p>\n<p><strong><a style=\"font-size: serif;color: #0000ff;letter-spacing: 0px\" href=\"https:\/\/www.uern.br\/controledepaginas\/mestrado-documentos\/arquivos\/0645resolucao_ciencias_naturais.pdf\" target=\"_blank\" rel=\"noopener\"><strong>Resolu\u00e7\u00e3o n.\u00ba 02\/2009-CONSEPE<\/strong><\/a><\/p>\n<p><a style=\"font-size: serif;color: #0000ff;letter-spacing: 0px\" href=\"https:\/\/www.uern.br\/controledepaginas\/mestrado-documentos\/arquivos\/0645reconhecimento_mec.pdf\"><strong>Reconhecimento do Curso de Mestrado &#8211; MEC<\/strong><\/a><\/p>\n<p><strong><a style=\"font-size: serif;color: #0000ff;letter-spacing: 0px\" href=\"http:\/\/portal.uern.br\/propeg\/ppgcn\/wp-content\/uploads\/sites\/12\/2025\/04\/SEI_SEAD-32727140-Resolucao-Consepe-Homologacao.pdf\">Resolu\u00e7\u00e3o n\u00b0 03\/2025-CONSEPE<\/a><\/strong><\/p>\n<p><strong><a style=\"font-size: serif;color: #0000ff;letter-spacing: 0px\" href=\"http:\/\/portal.uern.br\/propeg\/ppgcn\/wp-content\/uploads\/sites\/12\/2025\/04\/PORTARIA_MEC_N__213.pdf\">Reconhecimento do curso de Doutorado &#8211; MEC<\/a><\/strong><\/p>\n<\/div>\n","protected":false},"excerpt":{"rendered":"<p>REGIMENTO INTERNO DO PPGCN Instru\u00e7\u00e3o Normativa 01\/2019 &#8211; Regulamenta crit\u00e9rios para credenciamento, descredenciamento e recredenciamento de Docentes no PPGCN Instru\u00e7\u00e3o Normativa 02\/2019 &#8211; Estabelece as normas para concess\u00e3o e manuten\u00e7\u00e3o de bolsas no PPGCN Instru\u00e7\u00e3o Normativa 03\/2019 &#8211; Estabelece normas para aproveitamento de cr\u00e9ditos no PPGCN Instru\u00e7\u00e3o Normativa 04\/2019 &#8211; Estabelece as normas para o [&hellip;]<\/p>\n","protected":false},"author":21,"featured_media":0,"parent":0,"menu_order":0,"comment_status":"closed","ping_status":"closed","template":"","meta":{"footnotes":""},"class_list":["post-865","page","type-page","status-publish","hentry"],"_links":{"self":[{"href":"https:\/\/portal.uern.br\/propeg\/ppgcn\/wp-json\/wp\/v2\/pages\/865","targetHints":{"allow":["GET"]}}],"collection":[{"href":"https:\/\/portal.uern.br\/propeg\/ppgcn\/wp-json\/wp\/v2\/pages"}],"about":[{"href":"https:\/\/portal.uern.br\/propeg\/ppgcn\/wp-json\/wp\/v2\/types\/page"}],"author":[{"embeddable":true,"href":"https:\/\/portal.uern.br\/propeg\/ppgcn\/wp-json\/wp\/v2\/users\/21"}],"replies":[{"embeddable":true,"href":"https:\/\/portal.uern.br\/propeg\/ppgcn\/wp-json\/wp\/v2\/comments?post=865"}],"version-history":[{"count":16,"href":"https:\/\/portal.uern.br\/propeg\/ppgcn\/wp-json\/wp\/v2\/pages\/865\/revisions"}],"predecessor-version":[{"id":1325,"href":"https:\/\/portal.uern.br\/propeg\/ppgcn\/wp-json\/wp\/v2\/pages\/865\/revisions\/1325"}],"wp:attachment":[{"href":"https:\/\/portal.uern.br\/propeg\/ppgcn\/wp-json\/wp\/v2\/media?parent=865"}],"curies":[{"name":"wp","href":"https:\/\/api.w.org\/{rel}","templated":true}]}}