{"id":862,"date":"2024-12-12T16:53:57","date_gmt":"2024-12-12T19:53:57","guid":{"rendered":"https:\/\/portal.uern.br\/propeg\/ppgcn\/?page_id=862"},"modified":"2025-11-11T13:01:05","modified_gmt":"2025-11-11T16:01:05","slug":"diploma","status":"publish","type":"page","link":"https:\/\/portal.uern.br\/propeg\/ppgcn\/diploma\/","title":{"rendered":"Diploma"},"content":{"rendered":"<div class=\"titulo\">S\u00e3o requisitos para a obten\u00e7\u00e3o do grau de Mestre:<\/div>\n<div class=\"texto\">\n<p>I \u2013 integraliza\u00e7\u00e3o obrigat\u00f3ria de, no m\u00ednimo, 45 cr\u00e9ditos;<\/p>\n<p style=\"text-align: justify\">II \u2013 aprova\u00e7\u00e3o em exame de sufici\u00eancia em l\u00edngua inglesa, at\u00e9, no m\u00e1ximo, o 3\u00ba\u00a0semestre letivo, a contar da primeira matr\u00edcula no curso;<\/p>\n<p style=\"text-align: justify\">III \u2013 aprova\u00e7\u00e3o no Exame de Qualifica\u00e7\u00e3o;<\/p>\n<p style=\"text-align: justify\">IV \u2013 aprova\u00e7\u00e3o, em Defesa P\u00fablica, da Disserta\u00e7\u00e3o;<\/p>\n<p style=\"text-align: justify\">V \u2013 apresenta\u00e7\u00e3o de documenta\u00e7\u00e3o que ateste a submiss\u00e3o de um artigo\u00a0cient\u00edfico, resultante da disserta\u00e7\u00e3o, a um peri\u00f3dico cient\u00edfico;<\/p>\n<p style=\"text-align: justify\">VI \u2013 em substitui\u00e7\u00e3o ao artigo cient\u00edfico, ser\u00e1 aceita a comprova\u00e7\u00e3o de solicita\u00e7\u00e3o de patente, oriunda da disserta\u00e7\u00e3o, ao Instituto Nacional da Propriedade Intelectual (INPI).<\/p>\n<p style=\"text-align: justify\"><strong><strong><a style=\"font-size: serif;color: #0000ff;letter-spacing: 0px\" href=\"http:\/\/portal.uern.br\/propeg\/ppgcn\/wp-content\/uploads\/sites\/12\/2025\/03\/Diploma-2.pdf\">Documentos Necess\u00e1rios<\/a><\/strong><\/strong><\/p>\n<p><a href=\"http:\/\/portal.uern.br\/propeg\/ppgcn\/wp-content\/uploads\/sites\/12\/2025\/11\/Requerimento_de_diploma.doc\"><strong>Diploma &#8211; Formul\u00e1rio<\/strong><\/a><\/p>\n<\/div>\n","protected":false},"excerpt":{"rendered":"<p>S\u00e3o requisitos para a obten\u00e7\u00e3o do grau de Mestre: I \u2013 integraliza\u00e7\u00e3o obrigat\u00f3ria de, no m\u00ednimo, 45 cr\u00e9ditos; II \u2013 aprova\u00e7\u00e3o em exame de sufici\u00eancia em l\u00edngua inglesa, at\u00e9, no m\u00e1ximo, o 3\u00ba\u00a0semestre letivo, a contar da primeira matr\u00edcula no curso; III \u2013 aprova\u00e7\u00e3o no Exame de Qualifica\u00e7\u00e3o; IV \u2013 aprova\u00e7\u00e3o, em Defesa P\u00fablica, da [&hellip;]<\/p>\n","protected":false},"author":21,"featured_media":0,"parent":0,"menu_order":0,"comment_status":"closed","ping_status":"closed","template":"","meta":{"footnotes":""},"class_list":["post-862","page","type-page","status-publish","hentry"],"_links":{"self":[{"href":"https:\/\/portal.uern.br\/propeg\/ppgcn\/wp-json\/wp\/v2\/pages\/862","targetHints":{"allow":["GET"]}}],"collection":[{"href":"https:\/\/portal.uern.br\/propeg\/ppgcn\/wp-json\/wp\/v2\/pages"}],"about":[{"href":"https:\/\/portal.uern.br\/propeg\/ppgcn\/wp-json\/wp\/v2\/types\/page"}],"author":[{"embeddable":true,"href":"https:\/\/portal.uern.br\/propeg\/ppgcn\/wp-json\/wp\/v2\/users\/21"}],"replies":[{"embeddable":true,"href":"https:\/\/portal.uern.br\/propeg\/ppgcn\/wp-json\/wp\/v2\/comments?post=862"}],"version-history":[{"count":26,"href":"https:\/\/portal.uern.br\/propeg\/ppgcn\/wp-json\/wp\/v2\/pages\/862\/revisions"}],"predecessor-version":[{"id":1946,"href":"https:\/\/portal.uern.br\/propeg\/ppgcn\/wp-json\/wp\/v2\/pages\/862\/revisions\/1946"}],"wp:attachment":[{"href":"https:\/\/portal.uern.br\/propeg\/ppgcn\/wp-json\/wp\/v2\/media?parent=862"}],"curies":[{"name":"wp","href":"https:\/\/api.w.org\/{rel}","templated":true}]}}