{"id":858,"date":"2024-12-12T16:28:42","date_gmt":"2024-12-12T19:28:42","guid":{"rendered":"https:\/\/portal.uern.br\/propeg\/ppgcn\/?page_id=858"},"modified":"2025-04-07T10:11:39","modified_gmt":"2025-04-07T13:11:39","slug":"convenios-e-parcerias","status":"publish","type":"page","link":"https:\/\/portal.uern.br\/propeg\/ppgcn\/convenios-e-parcerias\/","title":{"rendered":"Conv\u00eanios e Parcerias"},"content":{"rendered":"<div class=\"titulo\"><img decoding=\"async\" class=\"aligncenter\" src=\"https:\/\/www.uern.br\/controledepaginas\/mestrado-convenios\/imagens\/0637parceria1.jpg\" alt=\"\" width=\"100\" height=\"100\" \/><\/div>\n<div class=\"texto\">\n<p style=\"text-align: justify\">As coopera\u00e7\u00f5es e interc\u00e2mbios estabelecidos com pesquisadores de outras Institui\u00e7\u00f5es, abaixo relacionados, envolvem discuss\u00f5es t\u00e9cnicas, identifica\u00e7\u00e3o de esp\u00e9cies, realiza\u00e7\u00e3o de an\u00e1lises, transfer\u00eancias de tecnologias, revis\u00e3o e publica\u00e7\u00e3o conjunta de trabalhos, interc\u00e2mbio de estudantes e professores, realiza\u00e7\u00e3o de cursos e confer\u00eancias<\/p>\n<p>&nbsp;<\/p>\n<p><strong>INSTITUI\u00c7\u00c3O:<\/strong><br \/>\nUniversidad Rey Juan Carlos &#8211; Espanha<br \/>\n<strong>Colaboradores:<\/strong><br \/>\nProf. Dr. Rafael Garc\u00eda Mu\u00f1oz<br \/>\nProf. Dr. David Serrano Granados<\/p>\n<p><strong>INSTITUI\u00c7\u00c3O:<\/strong><br \/>\nUniversidade Federal Rural do Semi-\u00c1rido<br \/>\n<strong>Colaboradores:<\/strong><br \/>\nProf. Paulo S\u00e9rgio Lima e Silva<br \/>\nGrupo: Melhoramento Gen\u00e9tico e Ambiental do Milho<\/p>\n<p>Prof. Benito Soto Blanco<br \/>\nGrupo: Patologia Cl\u00ednica e Toxicologia de Plantas<\/p>\n<p>&nbsp;<\/p>\n<p><strong>INSTITUI\u00c7\u00c3O:<br \/>\n<\/strong>Universidade Federal do Rio Grande do Norte<br \/>\n<strong>Colaboradores:<\/strong><br \/>\nProf. Antonio Souza de Ara\u00fajo<br \/>\nGrupo: Combust\u00edveis e Materiais<\/p>\n<p>Prof. Carlos Alberto Mart\u00ednez-Huitle<br \/>\nGrupo:\u00a0Qu\u00edmica Anal\u00edtica e Meio Ambiente<\/p>\n<p>Profa. Maria de F\u00e1tima Vit\u00f3ria de Moura<br \/>\nGrupo: Qu\u00edmica anal\u00edtica e Meio ambiente<\/p>\n<p>Profa. K\u00e1tia Castanho Scortecci<br \/>\nGrupo: Gen\u00e9tica Vegetal<\/p>\n<p>Prof. Venerando Eust\u00e1quio Amaro<br \/>\nGrupo: Ci\u00eancias do Mar e Ambiental e Base de pesquisa Geodin\u00e2mica<\/p>\n<p>Prof\u00aa Maria do Livramento Miranda Clementino<br \/>\nGrupo: Estado e Pol\u00edticas P\u00fablicas e Observat\u00f3rio das Metr\u00f3poles<\/p>\n<p>&nbsp;<\/p>\n<p><strong>INSTITUI\u00c7\u00c3O:<\/strong><br \/>\nUniversidade Federal do Amazonas<br \/>\n<strong>Colaborador:<\/strong><br \/>\nProf. Valdir F. Veiga Junior<br \/>\nGrupo: Qu\u00edmica Anal\u00edtica de Produtos e Recursos Naturais<\/p>\n<p>&nbsp;<\/p>\n<p><strong>INSTITUI\u00c7\u00c3O:<\/strong><br \/>\nUniversidade de S\u00e3o Paulo<br \/>\n<strong>Colaborador:<\/strong><br \/>\nProfa. Maria Lucia Zaidan Dagli<br \/>\nGrupo: Oncologia Experimental<\/p>\n<p>&nbsp;<\/p>\n<p><strong>INSTITUI\u00c7\u00c3O:<\/strong><br \/>\nInstituto de Qu\u00edmica de S\u00e3o Carlos\/Universidade de S\u00e3o Paulo<br \/>\n<strong>Colaborador:<\/strong><br \/>\nProf. Artur de Jesus Motheo<br \/>\nGrupo: Eletroqu\u00edmica Interfacial<\/p>\n<p>&nbsp;<\/p>\n<p><strong>INSTITUI\u00c7\u00c3O:<\/strong><br \/>\nUniversidade Federal de S\u00e3o Carlos<br \/>\n<strong>Colaboradores:<\/strong><br \/>\nProf. Adhemar Colla Ruvolo Filho<br \/>\nProf. Carlos Ventura D&#8217;alkaine<br \/>\nGrupo: Eletroqu\u00edmica e Pol\u00edmeros<\/p>\n<p>&nbsp;<\/p>\n<p><strong>INSTITUI\u00c7\u00c3O:<\/strong><br \/>\nUniversidade Federal Rural de Pernambuco<br \/>\n<strong>Colaboradores:<\/strong><br \/>\nProf\u00aa Lilia Willadino<br \/>\nProf\u00aa Terezinha Rangel C\u00e2mara<br \/>\nProf\u00aa Cl\u00e1udia Ulisses de Carvalho Silva<br \/>\nGrupo: Fisiologia de plantas in vitro e in vivo<\/p>\n<p>&nbsp;<\/p>\n<p><strong>INSTITUI\u00c7\u00c3O:<\/strong><br \/>\nUniversidade Federal do Mato Grosso do Sul<br \/>\n<strong>Colaborador:<\/strong><br \/>\nProf. Ant\u00f4nio Concei\u00e7\u00e3o Paranhos Filho<br \/>\nGrupo: Geotecnologias para Aplica\u00e7\u00f5es Ambientais<\/p>\n<p>&nbsp;<\/p>\n<p><strong>INSTITUI\u00c7\u00c3O:<br \/>\n<\/strong>Universidade Federal de Alagoas<br \/>\n<strong>Colaborador:<\/strong><br \/>\nProfa. Carmem L\u00facia de Paiva e Silva Zanta<br \/>\nGrupo: Eletroqu\u00edmica<\/p>\n<\/div>\n","protected":false},"excerpt":{"rendered":"<p>As coopera\u00e7\u00f5es e interc\u00e2mbios estabelecidos com pesquisadores de outras Institui\u00e7\u00f5es, abaixo relacionados, envolvem discuss\u00f5es t\u00e9cnicas, identifica\u00e7\u00e3o de esp\u00e9cies, realiza\u00e7\u00e3o de an\u00e1lises, transfer\u00eancias de tecnologias, revis\u00e3o e publica\u00e7\u00e3o conjunta de trabalhos, interc\u00e2mbio de estudantes e professores, realiza\u00e7\u00e3o de cursos e confer\u00eancias &nbsp; INSTITUI\u00c7\u00c3O: Universidad Rey Juan Carlos &#8211; Espanha Colaboradores: Prof. Dr. Rafael Garc\u00eda Mu\u00f1oz Prof. [&hellip;]<\/p>\n","protected":false},"author":21,"featured_media":0,"parent":0,"menu_order":0,"comment_status":"closed","ping_status":"closed","template":"","meta":{"footnotes":""},"class_list":["post-858","page","type-page","status-publish","hentry"],"_links":{"self":[{"href":"https:\/\/portal.uern.br\/propeg\/ppgcn\/wp-json\/wp\/v2\/pages\/858","targetHints":{"allow":["GET"]}}],"collection":[{"href":"https:\/\/portal.uern.br\/propeg\/ppgcn\/wp-json\/wp\/v2\/pages"}],"about":[{"href":"https:\/\/portal.uern.br\/propeg\/ppgcn\/wp-json\/wp\/v2\/types\/page"}],"author":[{"embeddable":true,"href":"https:\/\/portal.uern.br\/propeg\/ppgcn\/wp-json\/wp\/v2\/users\/21"}],"replies":[{"embeddable":true,"href":"https:\/\/portal.uern.br\/propeg\/ppgcn\/wp-json\/wp\/v2\/comments?post=858"}],"version-history":[{"count":2,"href":"https:\/\/portal.uern.br\/propeg\/ppgcn\/wp-json\/wp\/v2\/pages\/858\/revisions"}],"predecessor-version":[{"id":1326,"href":"https:\/\/portal.uern.br\/propeg\/ppgcn\/wp-json\/wp\/v2\/pages\/858\/revisions\/1326"}],"wp:attachment":[{"href":"https:\/\/portal.uern.br\/propeg\/ppgcn\/wp-json\/wp\/v2\/media?parent=858"}],"curies":[{"name":"wp","href":"https:\/\/api.w.org\/{rel}","templated":true}]}}