{"id":713,"date":"2024-12-11T08:16:59","date_gmt":"2024-12-11T11:16:59","guid":{"rendered":"https:\/\/portal.uern.br\/propeg\/ppgcn\/?page_id=713"},"modified":"2026-03-23T12:21:06","modified_gmt":"2026-03-23T15:21:06","slug":"bolsas","status":"publish","type":"page","link":"https:\/\/portal.uern.br\/propeg\/ppgcn\/bolsas\/","title":{"rendered":"Bolsas"},"content":{"rendered":"<p style=\"text-align: justify\"><strong>O Programa de P\u00f3s-gradua\u00e7\u00e3o em Ci\u00eancias Naturais \u00e9 contemplado com bolsas da CAPES, CNPq e FAPERN, as quais s\u00e3o distribu\u00eddas dependendo da disponibilidade e da classifica\u00e7\u00e3o do candidato no Exame de Sele\u00e7\u00e3o, desde que n\u00e3o possua v\u00ednculo empregat\u00edcio e\u00a0n\u00e3o acumule bolsas.<\/strong><\/p>\n<div class=\"texto\">\n<p>\u00a0<strong><a href=\"https:\/\/www.uern.br\/controledepaginas\/mestrado-bolsas\/arquivos\/0615portaria_076_regulamentods_(1).pdf\">Portaria N\u00ba 76, de 14 de abril de 2010.\u00a0Regulamento do Programa de Demanda Social<\/a><\/strong><\/p>\n<p><strong>Mestrado<\/strong><\/p>\n<table style=\"height: 659px;width: 78.392%\" width=\"600\" cellspacing=\"2\" cellpadding=\"0\">\n<tbody>\n<tr style=\"height: 37px\">\n<td style=\"height: 37px;width: 9.90633%\" bgcolor=\"#82c940\" width=\"73\"><strong>N\u00b0<\/strong><\/td>\n<td style=\"height: 37px;width: 56.3127%\" bgcolor=\"#82c940\" width=\"250\"><strong>Nome<\/strong><\/td>\n<td style=\"height: 37px;width: 39.4735%\" bgcolor=\"#82c940\" width=\"173\"><strong>Programa<\/strong><\/td>\n<\/tr>\n<tr style=\"height: 37px\">\n<td style=\"height: 37px;width: 9.90633%\" bgcolor=\"#bddea5\" width=\"73\"><strong>01<\/strong><\/td>\n<td style=\"height: 37px;width: 56.3127%\" bgcolor=\"#bddea5\" width=\"250\"><strong>BEATRIZ FERREIRA PAULINO<\/strong><\/td>\n<td style=\"height: 37px;width: 39.4735%\" bgcolor=\"#bddea5\" width=\"150\"><strong>CAPES-DS<\/strong><\/td>\n<\/tr>\n<tr style=\"height: 37px\">\n<td style=\"height: 37px;width: 9.90633%\" bgcolor=\"#bddea5\" width=\"73\"><strong>02<\/strong><\/td>\n<td style=\"height: 37px;width: 56.3127%\" bgcolor=\"#bddea5\" width=\"250\"><strong>DAVI LEITE ETELVINO<\/strong><\/td>\n<td style=\"height: 37px;width: 39.4735%\" bgcolor=\"#bddea5\" width=\"150\"><strong>CAPES-DS<\/strong><\/td>\n<\/tr>\n<tr style=\"height: 73px\">\n<td style=\"height: 36px;width: 9.90633%\" bgcolor=\"#bddea5\" width=\"73\"><strong>03<\/strong><\/td>\n<td style=\"height: 36px;width: 56.3127%\" bgcolor=\"#bddea5\" width=\"250\"><strong>LINA VIT\u00d3RIA PINHEIRO DA N\u00d3BREGA<\/strong><\/td>\n<td style=\"height: 36px;width: 39.4735%\" bgcolor=\"#bddea5\" width=\"150\"><strong>CAPES-DS<\/strong><\/td>\n<\/tr>\n<tr style=\"height: 37px\">\n<td style=\"height: 37px;width: 9.90633%\" bgcolor=\"#bddea5\" width=\"73\"><strong>04<\/strong><\/td>\n<td style=\"height: 37px;width: 56.3127%\" bgcolor=\"#bddea5\" width=\"250\"><strong>MARCOS VINICIUS BARROS BESERRA<\/strong><\/td>\n<td style=\"height: 37px;width: 39.4735%\" bgcolor=\"#bddea5\" width=\"150\"><strong>CAPES-DS<\/strong><\/td>\n<\/tr>\n<tr style=\"height: 37px\">\n<td style=\"height: 37px;width: 9.90633%\" bgcolor=\"#bddea5\" width=\"73\"><strong>05<\/strong><\/td>\n<td style=\"height: 37px;width: 56.3127%\" bgcolor=\"#bddea5\" width=\"250\"><strong>MARIA GRACIELE DA SILVA<\/strong><\/td>\n<td style=\"height: 37px;width: 39.4735%\" bgcolor=\"#bddea5\" width=\"150\"><strong>CAPES-DS<\/strong><\/td>\n<\/tr>\n<tr style=\"height: 37px\">\n<td style=\"height: 37px;width: 9.90633%\" bgcolor=\"#bddea5\" width=\"73\"><strong>06<\/strong><\/td>\n<td style=\"height: 37px;width: 56.3127%\" bgcolor=\"#bddea5\" width=\"250\"><strong>MARIANA FERREIRA LIMA DIAS<\/strong><\/td>\n<td style=\"height: 37px;width: 39.4735%\" bgcolor=\"#bddea5\" width=\"150\"><strong>CAPES-DS<\/strong><\/td>\n<\/tr>\n<tr style=\"height: 37px\">\n<td style=\"height: 37px;width: 9.90633%\" bgcolor=\"#bddea5\" width=\"73\"><strong>07<\/strong><\/td>\n<td style=\"height: 37px;width: 56.3127%\" bgcolor=\"#bddea5\" width=\"250\"><strong>RUTH BATISTA DE ANDRADE<\/strong><\/td>\n<td style=\"height: 37px;width: 39.4735%\" bgcolor=\"#bddea5\" width=\"150\"><strong>CAPES-DS<\/strong><\/td>\n<\/tr>\n<tr style=\"height: 73px\">\n<td style=\"height: 42px;width: 9.90633%\" bgcolor=\"#bddea5\" width=\"73\"><strong>08<\/strong><\/td>\n<td style=\"height: 42px;width: 56.3127%\" bgcolor=\"#bddea5\" width=\"250\"><strong>SUELL\u00c9N VIT\u00d3RIA SANTOS DE OLIVEIRA<\/strong><\/td>\n<td style=\"height: 42px;width: 39.4735%\" bgcolor=\"#bddea5\" width=\"150\"><strong>PIBPG\/CNPq &#8211; ciclo 2024<\/strong><\/td>\n<\/tr>\n<tr style=\"height: 37px\">\n<td style=\"height: 37px;width: 9.90633%\" bgcolor=\"#bddea5\" width=\"73\"><strong>09<\/strong><\/td>\n<td style=\"height: 37px;width: 56.3127%\" bgcolor=\"#bddea5\" width=\"250\"><strong>ANA BEATRIZ SILVA GIR\u00c3O<\/strong><\/td>\n<td style=\"height: 37px;width: 39.4735%\" bgcolor=\"#bddea5\" width=\"150\"><strong>CAPES-DS<\/strong><\/td>\n<\/tr>\n<tr style=\"height: 37px\">\n<td style=\"height: 37px;width: 9.90633%\" bgcolor=\"#bddea5\" width=\"73\"><strong>10<\/strong><\/td>\n<td style=\"height: 37px;width: 56.3127%\" bgcolor=\"#bddea5\" width=\"250\"><strong>ANNE LAYANNE MEDEIROS DE SOUZA<\/strong><\/td>\n<td style=\"height: 37px;width: 39.4735%\" bgcolor=\"#bddea5\" width=\"150\"><strong>CAPES-DS<\/strong><\/td>\n<\/tr>\n<tr style=\"height: 37px\">\n<td style=\"height: 37px;width: 9.90633%\" bgcolor=\"#bddea5\" width=\"73\"><strong>11<\/strong><\/td>\n<td style=\"height: 37px;width: 56.3127%\" bgcolor=\"#bddea5\" width=\"250\"><strong>JOANNA GABRIELLY GOMES DE SOUZA<\/strong><\/td>\n<td style=\"height: 37px;width: 39.4735%\" bgcolor=\"#bddea5\" width=\"150\"><strong>CAPES-DS<\/strong><\/td>\n<\/tr>\n<tr style=\"height: 73px\">\n<td style=\"height: 41px;width: 9.90633%\" bgcolor=\"#bddea5\" width=\"73\"><strong>12<\/strong><\/td>\n<td style=\"height: 41px;width: 56.3127%\" bgcolor=\"#bddea5\" width=\"250\"><strong>LARA FABIANA LOPES CASTRO<\/strong><\/td>\n<td style=\"height: 41px;width: 39.4735%\" bgcolor=\"#bddea5\" width=\"150\"><strong>CAPES-DS<\/strong><\/td>\n<\/tr>\n<tr style=\"height: 37px\">\n<td style=\"height: 37px;width: 9.90633%\" bgcolor=\"#bddea5\" width=\"73\"><strong>13<\/strong><\/td>\n<td style=\"height: 37px;width: 56.3127%\" bgcolor=\"#bddea5\" width=\"250\"><strong>MATHEUS LUIZ DE ALMEIDA LEMOS<\/strong><\/td>\n<td style=\"height: 37px;width: 39.4735%\" bgcolor=\"#bddea5\" width=\"150\"><strong>CAPES-DS<\/strong><\/td>\n<\/tr>\n<tr style=\"height: 37px\">\n<td style=\"height: 37px;width: 9.90633%\" bgcolor=\"#bddea5\" width=\"73\"><strong>14<\/strong><\/td>\n<td style=\"height: 37px;width: 56.3127%\" bgcolor=\"#bddea5\" width=\"250\"><strong>SILVANA NUNES BARRETO<\/strong><\/td>\n<td style=\"height: 37px;width: 39.4735%\" bgcolor=\"#bddea5\" width=\"150\"><strong>CAPES-DS<\/strong><\/td>\n<\/tr>\n<tr style=\"height: 37px\">\n<td style=\"height: 37px;width: 9.90633%\" bgcolor=\"#bddea5\" width=\"73\"><strong>15<\/strong><\/td>\n<td style=\"height: 37px;width: 56.3127%\" bgcolor=\"#bddea5\" width=\"250\"><strong>WESLEN ISMAEL DE MIRANDA DA SILVA<\/strong><\/td>\n<td style=\"height: 37px;width: 39.4735%\" bgcolor=\"#bddea5\" width=\"150\"><strong>CAPES-DS<\/strong><\/td>\n<\/tr>\n<tr style=\"height: 73px\">\n<td style=\"height: 22px;width: 9.90633%\" bgcolor=\"#bddea5\" width=\"73\"><strong>16<\/strong><\/td>\n<td style=\"height: 22px;width: 56.3127%\" bgcolor=\"#bddea5\" width=\"250\"><strong>TIAGO ANDR\u00c9 DE OLIVEIRA<\/strong><\/td>\n<td style=\"height: 22px;width: 39.4735%\" bgcolor=\"#bddea5\" width=\"150\"><strong>PIBPG\/CNPq &#8211; ciclo 2024<\/strong><\/td>\n<\/tr>\n<tr style=\"height: 37px\">\n<td style=\"height: 37px;width: 9.90633%\" bgcolor=\"#bddea5\" width=\"73\"><strong>17<\/strong><\/td>\n<td style=\"height: 37px;width: 56.3127%\" bgcolor=\"#bddea5\" width=\"250\"><strong>GABRIELLE MARINHO DOS SANTOS<\/strong><\/td>\n<td style=\"height: 37px;width: 39.4735%\" bgcolor=\"#bddea5\" width=\"150\"><strong>PDPG-FAPIII<\/strong><\/td>\n<\/tr>\n<\/tbody>\n<\/table>\n<p><strong>Doutorado<\/strong><\/p>\n<table style=\"height: 382px;width: 78.1448%\" width=\"600\" cellspacing=\"2\" cellpadding=\"0\">\n<tbody>\n<tr style=\"height: 37px\">\n<td style=\"height: 10px;width: 9.71338%\" bgcolor=\"#82c940\" width=\"73\"><strong>N\u00ba<\/strong><\/td>\n<td style=\"height: 10px;width: 61.639%\" bgcolor=\"#82c940\" width=\"250\"><strong>Nome<\/strong><\/td>\n<td style=\"height: 10px;width: 33.9378%\" bgcolor=\"#82c940\" width=\"150\"><strong>Programa<\/strong><\/td>\n<\/tr>\n<tr style=\"height: 45px\">\n<td style=\"height: 37px;width: 9.71338%\" bgcolor=\"#bddea5\" width=\"73\"><strong>01<\/strong><\/td>\n<td style=\"height: 37px;width: 61.639%\" bgcolor=\"#bddea5\" width=\"250\"><strong>Antony Jeov\u00e1 Teixeira da Silva<\/strong><\/td>\n<td style=\"height: 37px;width: 33.9378%\" bgcolor=\"#bddea5\" width=\"150\">\n<p align=\"justify\"><strong><span style=\"font-size: medium\"><span style=\"font-size: small\">PIBPG\/CNPQ<\/span><\/span><\/strong><\/p>\n<\/td>\n<\/tr>\n<tr style=\"height: 42px\">\n<td style=\"width: 9.71338%;height: 42px\"><strong>02<\/strong><\/td>\n<td style=\"width: 61.639%;height: 42px\"><strong>Antonia Larissa Santos do Nascimento<\/strong><\/td>\n<td style=\"width: 33.9378%;height: 42px\"><strong><span style=\"font-size: medium\"><span style=\"font-size: small\">PIBPG\/CNPQ<\/span><\/span><\/strong><\/td>\n<\/tr>\n<tr style=\"height: 42px\">\n<td style=\"height: 37px;width: 9.71338%\" bgcolor=\"#bddea5\" width=\"250\"><strong>03<\/strong><\/td>\n<td style=\"height: 37px;width: 61.639%\" bgcolor=\"#bddea5\" width=\"250\"><strong>Alessandra Raiany de Oliveira<\/strong><\/td>\n<td style=\"height: 37px;width: 9.71338%\" bgcolor=\"#bddea5\" width=\"250\"><strong>CAPES-DS<\/strong><\/td>\n<\/tr>\n<tr style=\"height: 42px\">\n<td style=\"width: 9.71338%;height: 41px\"><strong>04<\/strong><\/td>\n<td style=\"width: 61.639%;height: 41px\"><strong>Jefferson Lhankaster Targino Guerra Filho<\/strong><\/td>\n<td style=\"width: 33.9378%;height: 41px\"><strong>CAPES-DS<\/strong><\/td>\n<\/tr>\n<tr style=\"height: 42px\">\n<td style=\"height: 37px;width: 9.71338%\" bgcolor=\"#bddea5\" width=\"250\"><strong>05<\/strong><\/td>\n<td style=\"height: 37px;width: 9.71338%\" bgcolor=\"#bddea5\" width=\"250\"><strong>Jo\u00e3o Batista Costa Neto<\/strong><\/td>\n<td style=\"height: 37px;width: 9.71338%\" bgcolor=\"#bddea5\" width=\"250\"><strong>CAPES-DS<\/strong><\/td>\n<\/tr>\n<tr style=\"height: 42px\">\n<td style=\"width: 9.71338%;height: 42px\"><strong>06<\/strong><\/td>\n<td style=\"width: 61.639%;height: 42px\"><strong>Lucas Emanuel Marinheiro de Oliveira<\/strong><\/td>\n<td style=\"width: 33.9378%;height: 42px\"><strong>CAPES-DS<\/strong><\/td>\n<\/tr>\n<tr style=\"height: 42px\">\n<td style=\"height: 37px;width: 9.71338%\" bgcolor=\"#bddea5\" width=\"250\"><strong>07<\/strong><\/td>\n<td style=\"height: 37px;width: 9.71338%\" bgcolor=\"#bddea5\" width=\"250\"><strong>Maria Dayanne Vieira<\/strong><\/td>\n<td style=\"height: 37px;width: 9.71338%\" bgcolor=\"#bddea5\" width=\"250\"><strong><strong>CAPES-DS<\/strong><\/strong><\/td>\n<\/tr>\n<tr style=\"height: 42px\">\n<td style=\"width: 9.71338%;height: 42px\"><strong>08<\/strong><\/td>\n<td style=\"width: 61.639%;height: 42px\"><strong>Manoel Victor Dantas de Souza<\/strong><\/td>\n<td style=\"width: 33.9378%;height: 42px\"><strong>CAPES-DS<\/strong><\/td>\n<\/tr>\n<tr style=\"height: 42px\">\n<td style=\"height: 37px;width: 9.71338%\" bgcolor=\"#bddea5\" width=\"250\"><strong>09<\/strong><\/td>\n<td style=\"height: 37px;width: 9.71338%\" bgcolor=\"#bddea5\" width=\"250\"><strong><strong>Sarah Rosannia Medeiros de Lima<\/strong><\/strong><\/td>\n<td style=\"height: 37px;width: 9.71338%\" bgcolor=\"#bddea5\" width=\"250\"><strong><strong>CAPES-DS<\/strong><\/strong><\/td>\n<\/tr>\n<\/tbody>\n<\/table>\n<\/div>\n","protected":false},"excerpt":{"rendered":"<p>O Programa de P\u00f3s-gradua\u00e7\u00e3o em Ci\u00eancias Naturais \u00e9 contemplado com bolsas da CAPES, CNPq e FAPERN, as quais s\u00e3o distribu\u00eddas dependendo da disponibilidade e da classifica\u00e7\u00e3o do candidato no Exame de Sele\u00e7\u00e3o, desde que n\u00e3o possua v\u00ednculo empregat\u00edcio e\u00a0n\u00e3o acumule bolsas. \u00a0Portaria N\u00ba 76, de 14 de abril de 2010.\u00a0Regulamento do Programa de Demanda Social [&hellip;]<\/p>\n","protected":false},"author":21,"featured_media":0,"parent":0,"menu_order":0,"comment_status":"closed","ping_status":"closed","template":"","meta":{"footnotes":""},"class_list":["post-713","page","type-page","status-publish","hentry"],"_links":{"self":[{"href":"https:\/\/portal.uern.br\/propeg\/ppgcn\/wp-json\/wp\/v2\/pages\/713","targetHints":{"allow":["GET"]}}],"collection":[{"href":"https:\/\/portal.uern.br\/propeg\/ppgcn\/wp-json\/wp\/v2\/pages"}],"about":[{"href":"https:\/\/portal.uern.br\/propeg\/ppgcn\/wp-json\/wp\/v2\/types\/page"}],"author":[{"embeddable":true,"href":"https:\/\/portal.uern.br\/propeg\/ppgcn\/wp-json\/wp\/v2\/users\/21"}],"replies":[{"embeddable":true,"href":"https:\/\/portal.uern.br\/propeg\/ppgcn\/wp-json\/wp\/v2\/comments?post=713"}],"version-history":[{"count":32,"href":"https:\/\/portal.uern.br\/propeg\/ppgcn\/wp-json\/wp\/v2\/pages\/713\/revisions"}],"predecessor-version":[{"id":2109,"href":"https:\/\/portal.uern.br\/propeg\/ppgcn\/wp-json\/wp\/v2\/pages\/713\/revisions\/2109"}],"wp:attachment":[{"href":"https:\/\/portal.uern.br\/propeg\/ppgcn\/wp-json\/wp\/v2\/media?parent=713"}],"curies":[{"name":"wp","href":"https:\/\/api.w.org\/{rel}","templated":true}]}}