{"id":705,"date":"2024-12-11T08:02:54","date_gmt":"2024-12-11T11:02:54","guid":{"rendered":"https:\/\/portal.uern.br\/propeg\/ppgcn\/?page_id=705"},"modified":"2025-03-28T11:15:45","modified_gmt":"2025-03-28T14:15:45","slug":"banco-de-palestras","status":"publish","type":"page","link":"https:\/\/portal.uern.br\/propeg\/ppgcn\/banco-de-palestras\/","title":{"rendered":"Banco de Palestras"},"content":{"rendered":"<p style=\"text-align: justify\"><strong>Proposta:<\/strong> O Banco de Palestras foi elaborado pelo PPGCN como um banco de dados para disponibilizar palestras gratuitas \u00e0 comunidade acad\u00eamica e \u00e0 sociedade como um todo. Os(as) palestrantes integram o corpo docente do PPGCN e possuem qualifica\u00e7\u00e3o nos mais diversos temas relativos \u00e0s Ci\u00eancias Ambientais, propiciando conhecimento e troca de experi\u00eancias. De acordo com a procura, as solicita\u00e7\u00f5es ser\u00e3o organizadas conforme disponibilidade do(a) palestrante, sendo a divulga\u00e7\u00e3o das datas realizada no site do PPGCN e nos eventos.<\/p>\n<p style=\"text-align: justify\"><strong>Objetivo:<\/strong> Promover a divulga\u00e7\u00e3o do conhecimento cient\u00edfico de forma gratuita e acess\u00edvel para a sociedade, seja na tem\u00e1tica de ci\u00eancias ambientais ou em outras \u00e1reas.<\/p>\n<p><strong>In\u00edcio:<\/strong> J\u00e1 em vigor.<\/p>\n<p><strong>Organiza\u00e7\u00e3o:<\/strong> Mediante solicita\u00e7\u00e3o ao PPGCN.<\/p>\n<p style=\"text-align: justify\"><strong>Palestrante:<\/strong> Profa. Dra. Cynthia Cavalcanti de Albuquerque<br \/>\n<strong>T\u00edtulo da Palestra:<\/strong> Fitorremedia\u00e7\u00e3o: Uma alternativa para minimizar os impactos gerados pela salinidade.<br \/>\n<strong>Descri\u00e7\u00e3o:<\/strong> A salinidade do solo tem impacto significativo para a agricultura e uma alternativa vi\u00e1vel, seria a utiliza\u00e7\u00e3o de plantas tolerantes para extrair os sais do solo. Com base nesse contexto, a palestra visa abordar sobre os impactos causados pela salinidade na maioria das esp\u00e9cies vegetais e como o processo da fitorremedia\u00e7\u00e3o pode minimizar esse problema.<\/p>\n<p style=\"text-align: justify\"><strong>Palestrante:<\/strong> Profa. Dra. Anne Gabriella Dias Santos Caldeira<br \/>\n<strong>T\u00edtulo da Palestra:<\/strong> Mulheres na Ci\u00eancia.<br \/>\n<strong>Descri\u00e7\u00e3o:<\/strong> Essa palestra tem como objetivo divulgar a participa\u00e7\u00e3o das mulheres nas Ci\u00eancias Exatas.<\/p>\n<p style=\"text-align: justify\"><strong>Palestrante:<\/strong> Profa. Dra. Anne Gabriella Dias Santos Caldeira<br \/>\n<strong>T\u00edtulo da Palestra:<\/strong> Biocombust\u00edveis.<br \/>\n<strong>Descri\u00e7\u00e3o:<\/strong> Essa palestra tem como objetivo relatar os principais tipos de biocombust\u00edveis, suas aplicabilidades, hist\u00f3rico e panorama atual.<\/p>\n<p style=\"text-align: justify\"><strong>Palestrante:<\/strong> Profa. Dra. Anne Gabriella Dias Santos Caldeira<br \/>\n<strong>T\u00edtulo da Palestra:<\/strong> Cat\u00e1lise aplicada a processos ambientais.<br \/>\n<strong>Descri\u00e7\u00e3o:<\/strong> Essa palestra tem como objetivo principal relatar os catalisadores porosos, suas obten\u00e7\u00f5es e aplica\u00e7\u00f5es em processos ambientais.<\/p>\n<p style=\"text-align: justify\"><strong>Palestrante:<\/strong> Prof. Dr. Vin\u00edcius Patr\u00edcio Santos Caldeira<br \/>\n<strong>T\u00edtulo da Palestra:<\/strong> Caracteriza\u00e7\u00e3o Textural de Nanomateriais sob Adsor\u00e7\u00e3o de Gases.<br \/>\n<strong>Descri\u00e7\u00e3o:<\/strong> Abordar conhecimentos introdut\u00f3rios sobre a adsor\u00e7\u00e3o de gases para a finalidade de caracterizar as propriedades texturais, ou seja, porosidade e \u00e1rea espec\u00edfica, de materiais com estrutura nanom\u00e9trica. A partir desta t\u00e9cnica, desde do ponto de vista experimental, desenvolver conceitos e modelos b\u00e1sicos te\u00f3ricos para interpretar as isotermas de adsor\u00e7\u00e3o e distribui\u00e7\u00f5es de tamanho de poros.<\/p>\n<p style=\"text-align: justify\"><strong>Palestrante:<\/strong> Prof. Dr. Vin\u00edcius Patr\u00edcio Santos Caldeira<br \/>\n<strong>T\u00edtulo da Palestra:<\/strong> Tratamento de \u00c1guas e Efluentes por Processos de Adsor\u00e7\u00e3o.<br \/>\n<strong>Descri\u00e7\u00e3o:<\/strong> Apresentar as perspectivas atuais para o tratamento de \u00e1guas e efluentes visando o controle dos danos ambientais e melhoria da qualidade de vida das pessoas. Assim como, abordar os conhecimentos sobre os processos adequados aos variados tipos de efluentes produzidos no pa\u00eds, principalmente os processos de adsor\u00e7\u00e3o.<\/p>\n","protected":false},"excerpt":{"rendered":"<p>Proposta: O Banco de Palestras foi elaborado pelo PPGCN como um banco de dados para disponibilizar palestras gratuitas \u00e0 comunidade acad\u00eamica e \u00e0 sociedade como um todo. Os(as) palestrantes integram o corpo docente do PPGCN e possuem qualifica\u00e7\u00e3o nos mais diversos temas relativos \u00e0s Ci\u00eancias Ambientais, propiciando conhecimento e troca de experi\u00eancias. De acordo com [&hellip;]<\/p>\n","protected":false},"author":21,"featured_media":0,"parent":0,"menu_order":0,"comment_status":"closed","ping_status":"closed","template":"","meta":{"footnotes":""},"class_list":["post-705","page","type-page","status-publish","hentry"],"_links":{"self":[{"href":"https:\/\/portal.uern.br\/propeg\/ppgcn\/wp-json\/wp\/v2\/pages\/705","targetHints":{"allow":["GET"]}}],"collection":[{"href":"https:\/\/portal.uern.br\/propeg\/ppgcn\/wp-json\/wp\/v2\/pages"}],"about":[{"href":"https:\/\/portal.uern.br\/propeg\/ppgcn\/wp-json\/wp\/v2\/types\/page"}],"author":[{"embeddable":true,"href":"https:\/\/portal.uern.br\/propeg\/ppgcn\/wp-json\/wp\/v2\/users\/21"}],"replies":[{"embeddable":true,"href":"https:\/\/portal.uern.br\/propeg\/ppgcn\/wp-json\/wp\/v2\/comments?post=705"}],"version-history":[{"count":8,"href":"https:\/\/portal.uern.br\/propeg\/ppgcn\/wp-json\/wp\/v2\/pages\/705\/revisions"}],"predecessor-version":[{"id":1085,"href":"https:\/\/portal.uern.br\/propeg\/ppgcn\/wp-json\/wp\/v2\/pages\/705\/revisions\/1085"}],"wp:attachment":[{"href":"https:\/\/portal.uern.br\/propeg\/ppgcn\/wp-json\/wp\/v2\/media?parent=705"}],"curies":[{"name":"wp","href":"https:\/\/api.w.org\/{rel}","templated":true}]}}