{"id":642,"date":"2024-12-03T16:26:35","date_gmt":"2024-12-03T19:26:35","guid":{"rendered":"https:\/\/portal.uern.br\/propeg\/ppgcn\/?page_id=642"},"modified":"2025-08-05T11:58:46","modified_gmt":"2025-08-05T14:58:46","slug":"auxilio-financeiro","status":"publish","type":"page","link":"https:\/\/portal.uern.br\/propeg\/ppgcn\/auxilio-financeiro\/","title":{"rendered":"Aux\u00edlio Financeiro"},"content":{"rendered":"<p style=\"text-align: justify\">O Aux\u00edlio Financeiro a Projeto Educacional ou de Pesquisa (AUXPE) \u00e9 um instrumento de transfer\u00eancia de recursos financeiros consignados no or\u00e7amento da Capes ao docente ou pesquisador respons\u00e1vel pela execu\u00e7\u00e3o de projeto educacional ou de pesquisa, individual ou coletivo, ou evento afim, aprovado pela institui\u00e7\u00e3o \u00e0 cuja execu\u00e7\u00e3o e acompanhamento estar\u00e1 vinculada, e pela Capes, com vistas ao desenvolvimento de a\u00e7\u00e3o abrangida por programa desta Funda\u00e7\u00e3o ou da institui\u00e7\u00e3o parceira, para a qual seja demonstrada a necessidade da gest\u00e3o individual dos recursos.<\/p>\n<div class=\"texto\"><strong>Modelos de Requerimentos para Solicita\u00e7\u00e3o de recursos pelo AUXPE<\/strong><br \/>\n<strong><span style=\"font-size: serif;color: #0000ff;letter-spacing: 0px\"><a href=\"http:\/\/portal.uern.br\/propeg\/ppgcn\/wp-content\/uploads\/sites\/12\/2025\/03\/Requerimento-Diaria-Interna-Eventos-e-Aula-de-Campo.doc\">Professor Interno: Eventos e Aulas de Campo<\/a><\/span><\/strong><br \/>\n<strong><a href=\"http:\/\/portal.uern.br\/propeg\/ppgcn\/wp-content\/uploads\/sites\/12\/2025\/03\/Requerimento-Diarias-Realizacao-de-Analises.doc\">Professor Interno: An\u00e1lises em Laborat\u00f3rio de outra IES<\/a><\/strong><br \/>\n<strong><a href=\"http:\/\/portal.uern.br\/propeg\/ppgcn\/wp-content\/uploads\/sites\/12\/2025\/03\/Carta-de-disponibilidade-de-Laboratorio-Modelo.doc\">Modelo de Carta de Disponibilidade de Laborat\u00f3rio<\/a><\/strong><br \/>\n<strong><a href=\"http:\/\/portal.uern.br\/propeg\/ppgcn\/wp-content\/uploads\/sites\/12\/2025\/03\/Requerimento-Diaria-Professor-Externo.doc\">Professor Externo<\/a><\/strong><br \/>\n<a href=\"http:\/\/portal.uern.br\/propeg\/ppgcn\/wp-content\/uploads\/sites\/12\/2025\/08\/Requerimento_Auxlio_Financeiro_para_discentes-1.doc\"><strong>Aux\u00edlio Financeiro para Estudantes<\/strong><\/a><br \/>\n<strong><a href=\"http:\/\/portal.uern.br\/propeg\/ppgcn\/wp-content\/uploads\/sites\/12\/2025\/03\/auxpe-jun13-recibomodelo-a-doc-1.doc\">Recibo A<\/a><\/strong><br \/>\n<strong><span style=\"font-size: serif;color: #0000ff;letter-spacing: 0px\"><a href=\"http:\/\/portal.uern.br\/propeg\/ppgcn\/wp-content\/uploads\/sites\/12\/2025\/03\/auxpe-jun13-recibomodelo-b-doc.doc\">Recibo B<\/a><\/span><\/strong><\/div>\n<div><strong><a class=\"cor\" href=\"https:\/\/sigaa.uern.br\/sigaa\/verProducao?idProducao=2210865&amp;key=767e8d0c519e6a3d41e0bd188b79d96b\" target=\"_blank\" rel=\"noopener\">Relat\u00f3rio de Viagem<\/a><\/strong><\/div>\n<div><\/div>\n<div><span style=\"text-align: justify\">Ap\u00f3s o retorno da viagem, o(a) Professor(a) dever\u00e1 encaminhar ao PPGCN o Recibo A devidamente preenchido e assinado, o Relat\u00f3rio de Viagem e a comprova\u00e7\u00e3o de participa\u00e7\u00e3o no evento (certificado, declara\u00e7\u00e3o, etc.), no prazo de 5 dias \u00fateis.<\/span><\/div>\n<div class=\"texto\">\n<p style=\"text-align: justify\">Ap\u00f3s o retorno da viagem, o(a) Aluno(a) dever\u00e1 encaminhar ao PPGCN,\u00a0o Recibo A devidamente preenchido e assinado e\u00a0a comprova\u00e7\u00e3o de participa\u00e7\u00e3o no evento (certificado, declara\u00e7\u00e3o, etc.), no prazo de 5 dias \u00fateis.<\/p>\n<\/div>\n","protected":false},"excerpt":{"rendered":"<p>O Aux\u00edlio Financeiro a Projeto Educacional ou de Pesquisa (AUXPE) \u00e9 um instrumento de transfer\u00eancia de recursos financeiros consignados no or\u00e7amento da Capes ao docente ou pesquisador respons\u00e1vel pela execu\u00e7\u00e3o de projeto educacional ou de pesquisa, individual ou coletivo, ou evento afim, aprovado pela institui\u00e7\u00e3o \u00e0 cuja execu\u00e7\u00e3o e acompanhamento estar\u00e1 vinculada, e pela Capes, [&hellip;]<\/p>\n","protected":false},"author":21,"featured_media":0,"parent":0,"menu_order":0,"comment_status":"closed","ping_status":"closed","template":"","meta":{"footnotes":""},"class_list":["post-642","page","type-page","status-publish","hentry"],"_links":{"self":[{"href":"https:\/\/portal.uern.br\/propeg\/ppgcn\/wp-json\/wp\/v2\/pages\/642","targetHints":{"allow":["GET"]}}],"collection":[{"href":"https:\/\/portal.uern.br\/propeg\/ppgcn\/wp-json\/wp\/v2\/pages"}],"about":[{"href":"https:\/\/portal.uern.br\/propeg\/ppgcn\/wp-json\/wp\/v2\/types\/page"}],"author":[{"embeddable":true,"href":"https:\/\/portal.uern.br\/propeg\/ppgcn\/wp-json\/wp\/v2\/users\/21"}],"replies":[{"embeddable":true,"href":"https:\/\/portal.uern.br\/propeg\/ppgcn\/wp-json\/wp\/v2\/comments?post=642"}],"version-history":[{"count":24,"href":"https:\/\/portal.uern.br\/propeg\/ppgcn\/wp-json\/wp\/v2\/pages\/642\/revisions"}],"predecessor-version":[{"id":1798,"href":"https:\/\/portal.uern.br\/propeg\/ppgcn\/wp-json\/wp\/v2\/pages\/642\/revisions\/1798"}],"wp:attachment":[{"href":"https:\/\/portal.uern.br\/propeg\/ppgcn\/wp-json\/wp\/v2\/media?parent=642"}],"curies":[{"name":"wp","href":"https:\/\/api.w.org\/{rel}","templated":true}]}}