{"id":631,"date":"2024-12-03T15:55:36","date_gmt":"2024-12-03T18:55:36","guid":{"rendered":"https:\/\/portal.uern.br\/propeg\/ppgcn\/?page_id=631"},"modified":"2025-03-28T09:15:32","modified_gmt":"2025-03-28T12:15:32","slug":"autoavaliacao-e-planejamento-estrategico","status":"publish","type":"page","link":"https:\/\/portal.uern.br\/propeg\/ppgcn\/autoavaliacao-e-planejamento-estrategico\/","title":{"rendered":"Autoavalia\u00e7\u00e3o e Planejamento Estrat\u00e9gico"},"content":{"rendered":"<p style=\"text-align: justify\">O PPGCN compreende que a Autoavalia\u00e7\u00e3o integralizar\u00e1 um processo de conhecimento interno sobre o desempenho de suas atividades, possibilitando gerir de forma atualizada e otimizada todas as suas a\u00e7\u00f5es, sempre com perspectivas de evolu\u00e7\u00e3o e progresso. De modo semelhante, o Planejamento Estrat\u00e9gico faz parte do processo de meta-avalia\u00e7\u00e3o do Programa, onde a conectividade com o relat\u00f3rio anual de Autoavalia\u00e7\u00e3o \u00e9 essencial para identificar as nossas potencialidades e fraquezas e, assim, alcan\u00e7ar um sistema gerencial de a\u00e7\u00f5es para conquistar as metas planificadas. Ambos os Projetos (Autoavalia\u00e7\u00e3o e Planejamento Estrat\u00e9gico) est\u00e3o fundamentados no funcionamento do Programa, sendo elaborados a partir das atividades no curso de Mestrado em Ci\u00eancias Naturais e, principalmente, tendo como foco o monitoramento da qualidade do Programa, da forma\u00e7\u00e3o discente e da atua\u00e7\u00e3o dos egressos.<\/p>\n<div class=\"texto\">\n<p style=\"text-align: justify\">Abaixo, est\u00e3o disponibilizados para consulta, o Projeto de Autoavalia\u00e7\u00e3o (2020), o Planejamento Estrat\u00e9gico (2020-2028) e o Relat\u00f3rio de Autoavalia\u00e7\u00e3o.<\/p>\n<p><a href=\"http:\/\/portal.uern.br\/propeg\/ppgcn\/wp-content\/uploads\/sites\/12\/2025\/03\/6341final_aa_ppgcn_3.pdf\" target=\"_blank\" rel=\"noopener\"><span style=\"font-size: serif;color: #0000ff;letter-spacing: 0px\"><strong><strong>Projeto de Autoavalia\u00e7\u00e3o<\/strong><\/strong><\/span><\/a><\/p>\n<p><a style=\"font-size: serif;color: #0000ff;letter-spacing: 0px\" href=\"http:\/\/portal.uern.br\/propeg\/ppgcn\/wp-content\/uploads\/sites\/12\/2025\/03\/6341ppgcn_planejamento_estrata\u00a9gico_3.pdf\" target=\"_blank\" rel=\"noopener\"><strong><strong>Planejamento Estrat\u00e9gico<\/strong><\/strong><\/a><\/p>\n<p><a style=\"font-size: serif;color: #0000ff;letter-spacing: 0px\" href=\"http:\/\/portal.uern.br\/propeg\/ppgcn\/wp-content\/uploads\/sites\/12\/2025\/03\/6341ppgcn_projeto_de_autoavaliaa\u00a7ao_3.pdf\" target=\"_blank\" rel=\"noopener\"><strong><strong>Relat\u00f3rio de Autoavalia\u00e7\u00e3o<\/strong><\/strong><\/a><\/p>\n<\/div>\n","protected":false},"excerpt":{"rendered":"<p>O PPGCN compreende que a Autoavalia\u00e7\u00e3o integralizar\u00e1 um processo de conhecimento interno sobre o desempenho de suas atividades, possibilitando gerir de forma atualizada e otimizada todas as suas a\u00e7\u00f5es, sempre com perspectivas de evolu\u00e7\u00e3o e progresso. De modo semelhante, o Planejamento Estrat\u00e9gico faz parte do processo de meta-avalia\u00e7\u00e3o do Programa, onde a conectividade com o [&hellip;]<\/p>\n","protected":false},"author":21,"featured_media":0,"parent":0,"menu_order":0,"comment_status":"closed","ping_status":"closed","template":"","meta":{"footnotes":""},"class_list":["post-631","page","type-page","status-publish","hentry"],"_links":{"self":[{"href":"https:\/\/portal.uern.br\/propeg\/ppgcn\/wp-json\/wp\/v2\/pages\/631","targetHints":{"allow":["GET"]}}],"collection":[{"href":"https:\/\/portal.uern.br\/propeg\/ppgcn\/wp-json\/wp\/v2\/pages"}],"about":[{"href":"https:\/\/portal.uern.br\/propeg\/ppgcn\/wp-json\/wp\/v2\/types\/page"}],"author":[{"embeddable":true,"href":"https:\/\/portal.uern.br\/propeg\/ppgcn\/wp-json\/wp\/v2\/users\/21"}],"replies":[{"embeddable":true,"href":"https:\/\/portal.uern.br\/propeg\/ppgcn\/wp-json\/wp\/v2\/comments?post=631"}],"version-history":[{"count":11,"href":"https:\/\/portal.uern.br\/propeg\/ppgcn\/wp-json\/wp\/v2\/pages\/631\/revisions"}],"predecessor-version":[{"id":1052,"href":"https:\/\/portal.uern.br\/propeg\/ppgcn\/wp-json\/wp\/v2\/pages\/631\/revisions\/1052"}],"wp:attachment":[{"href":"https:\/\/portal.uern.br\/propeg\/ppgcn\/wp-json\/wp\/v2\/media?parent=631"}],"curies":[{"name":"wp","href":"https:\/\/api.w.org\/{rel}","templated":true}]}}