{"id":594,"date":"2024-12-02T10:43:59","date_gmt":"2024-12-02T13:43:59","guid":{"rendered":"https:\/\/portal.uern.br\/propeg\/ppgcn\/?page_id=594"},"modified":"2025-04-15T11:27:05","modified_gmt":"2025-04-15T14:27:05","slug":"area-de-concentracao","status":"publish","type":"page","link":"https:\/\/portal.uern.br\/propeg\/ppgcn\/area-de-concentracao\/","title":{"rendered":"\u00c1rea de Concentra\u00e7\u00e3o"},"content":{"rendered":"<h6><strong>RECURSOS NATURAIS<\/strong><\/h6>\n<p style=\"text-align: justify\"><strong>A \u00e1rea aborda estudos interdisciplinares de diagn\u00f3stico e conserva\u00e7\u00e3o ambiental, e de desenvolvimento e aplica\u00e7\u00e3o de tecnologias ambientais, abrangendo os recursos h\u00eddricos, ed\u00e1ficos, biol\u00f3gicos e minerais, bem como sua rela\u00e7\u00e3o com o homem.<\/strong><\/p>\n<table style=\"height: 329px\" width=\"813\" cellspacing=\"2\" cellpadding=\"2\" bgcolor=\"#ffffff\">\n<colgroup>\n<col width=\"173\" \/>\n<col width=\"252\" \/><\/colgroup>\n<tbody>\n<tr>\n<td bgcolor=\"#82c940\" width=\"120\"><strong>LINHAS DE PESQUISA<\/strong><\/td>\n<td bgcolor=\"#82c940\" width=\"200\"><strong>DESCRI\u00c7\u00c3O<\/strong><\/td>\n<\/tr>\n<tr>\n<td bgcolor=\"#bddea5\" width=\"120\">\n<h6><strong>Diagn\u00f3stico e Conserva\u00e7\u00e3o Ambiental<\/strong><\/h6>\n<\/td>\n<td bgcolor=\"#bddea5\" width=\"200\">\n<h6 style=\"text-align: justify\"><strong>A linha aborda estudos de diagn\u00f3stico e monitoramento dos recursos naturais, e avalia\u00e7\u00e3o dos efeitos causados pela atividade humana sobre o ambiente, gerando dados que subsidiar\u00e3o a sua recupera\u00e7\u00e3o e uso sustent\u00e1vel.<\/strong><\/h6>\n<\/td>\n<\/tr>\n<tr>\n<td style=\"text-align: left\" bgcolor=\"#bddea5\" width=\"120\">\n<h6><strong>Tecnologia Ambiental<\/strong><\/h6>\n<\/td>\n<td style=\"text-align: left\" bgcolor=\"#bddea5\" width=\"200\">\n<h6 style=\"text-align: justify\"><strong>A linha aborda o estudo e o desenvolvimento de tecnologias ambientais que possam ser utilizadas no diagn\u00f3stico e monitoramento ambiental, nas pr\u00e1ticas de conserva\u00e7\u00e3o e na aplicabilidade sustent\u00e1vel dos recursos naturais.<\/strong><\/h6>\n<\/td>\n<\/tr>\n<\/tbody>\n<\/table>\n<p>&nbsp;<\/p>\n","protected":false},"excerpt":{"rendered":"<p>RECURSOS NATURAIS A \u00e1rea aborda estudos interdisciplinares de diagn\u00f3stico e conserva\u00e7\u00e3o ambiental, e de desenvolvimento e aplica\u00e7\u00e3o de tecnologias ambientais, abrangendo os recursos h\u00eddricos, ed\u00e1ficos, biol\u00f3gicos e minerais, bem como sua rela\u00e7\u00e3o com o homem. LINHAS DE PESQUISA DESCRI\u00c7\u00c3O Diagn\u00f3stico e Conserva\u00e7\u00e3o Ambiental A linha aborda estudos de diagn\u00f3stico e monitoramento dos recursos naturais, e [&hellip;]<\/p>\n","protected":false},"author":21,"featured_media":0,"parent":0,"menu_order":0,"comment_status":"closed","ping_status":"closed","template":"","meta":{"footnotes":""},"class_list":["post-594","page","type-page","status-publish","hentry"],"_links":{"self":[{"href":"https:\/\/portal.uern.br\/propeg\/ppgcn\/wp-json\/wp\/v2\/pages\/594","targetHints":{"allow":["GET"]}}],"collection":[{"href":"https:\/\/portal.uern.br\/propeg\/ppgcn\/wp-json\/wp\/v2\/pages"}],"about":[{"href":"https:\/\/portal.uern.br\/propeg\/ppgcn\/wp-json\/wp\/v2\/types\/page"}],"author":[{"embeddable":true,"href":"https:\/\/portal.uern.br\/propeg\/ppgcn\/wp-json\/wp\/v2\/users\/21"}],"replies":[{"embeddable":true,"href":"https:\/\/portal.uern.br\/propeg\/ppgcn\/wp-json\/wp\/v2\/comments?post=594"}],"version-history":[{"count":73,"href":"https:\/\/portal.uern.br\/propeg\/ppgcn\/wp-json\/wp\/v2\/pages\/594\/revisions"}],"predecessor-version":[{"id":978,"href":"https:\/\/portal.uern.br\/propeg\/ppgcn\/wp-json\/wp\/v2\/pages\/594\/revisions\/978"}],"wp:attachment":[{"href":"https:\/\/portal.uern.br\/propeg\/ppgcn\/wp-json\/wp\/v2\/media?parent=594"}],"curies":[{"name":"wp","href":"https:\/\/api.w.org\/{rel}","templated":true}]}}