{"id":569,"date":"2024-12-02T09:53:27","date_gmt":"2024-12-02T12:53:27","guid":{"rendered":"https:\/\/portal.uern.br\/propeg\/ppgcn\/?page_id=569"},"modified":"2025-11-13T10:44:56","modified_gmt":"2025-11-13T13:44:56","slug":"processos-seletivos","status":"publish","type":"page","link":"https:\/\/portal.uern.br\/propeg\/ppgcn\/processos-seletivos\/","title":{"rendered":"Processos Seletivos"},"content":{"rendered":"<p><span style=\"font-size: serif;color: #0000ff;letter-spacing: 0px\"><strong>EDITAL 03\/2025 &#8211; SELE\u00c7\u00c3O 2026 &#8211; DOUTORADO EM CI\u00caNCIAS NATURAIS<\/strong><\/span><\/p>\n<p>&nbsp;<\/p>\n<p>&nbsp;<\/p>\n<p>&nbsp;<\/p>\n","protected":false},"excerpt":{"rendered":"<p>EDITAL 03\/2025 &#8211; SELE\u00c7\u00c3O 2026 &#8211; DOUTORADO EM CI\u00caNCIAS NATURAIS &nbsp; &nbsp; &nbsp;<\/p>\n","protected":false},"author":21,"featured_media":0,"parent":0,"menu_order":0,"comment_status":"closed","ping_status":"closed","template":"","meta":{"footnotes":""},"class_list":["post-569","page","type-page","status-publish","hentry"],"_links":{"self":[{"href":"https:\/\/portal.uern.br\/propeg\/ppgcn\/wp-json\/wp\/v2\/pages\/569","targetHints":{"allow":["GET"]}}],"collection":[{"href":"https:\/\/portal.uern.br\/propeg\/ppgcn\/wp-json\/wp\/v2\/pages"}],"about":[{"href":"https:\/\/portal.uern.br\/propeg\/ppgcn\/wp-json\/wp\/v2\/types\/page"}],"author":[{"embeddable":true,"href":"https:\/\/portal.uern.br\/propeg\/ppgcn\/wp-json\/wp\/v2\/users\/21"}],"replies":[{"embeddable":true,"href":"https:\/\/portal.uern.br\/propeg\/ppgcn\/wp-json\/wp\/v2\/comments?post=569"}],"version-history":[{"count":47,"href":"https:\/\/portal.uern.br\/propeg\/ppgcn\/wp-json\/wp\/v2\/pages\/569\/revisions"}],"predecessor-version":[{"id":1951,"href":"https:\/\/portal.uern.br\/propeg\/ppgcn\/wp-json\/wp\/v2\/pages\/569\/revisions\/1951"}],"wp:attachment":[{"href":"https:\/\/portal.uern.br\/propeg\/ppgcn\/wp-json\/wp\/v2\/media?parent=569"}],"curies":[{"name":"wp","href":"https:\/\/api.w.org\/{rel}","templated":true}]}}