{"id":1956,"date":"2025-11-13T10:52:32","date_gmt":"2025-11-13T13:52:32","guid":{"rendered":"https:\/\/portal.uern.br\/propeg\/ppgcn\/?page_id=1956"},"modified":"2026-03-13T08:39:22","modified_gmt":"2026-03-13T11:39:22","slug":"selecao-de-doutorado","status":"publish","type":"page","link":"https:\/\/portal.uern.br\/propeg\/ppgcn\/selecao-de-doutorado\/","title":{"rendered":"Sele\u00e7\u00e3o de Doutorado"},"content":{"rendered":"<p><a href=\"http:\/\/portal.uern.br\/propeg\/ppgcn\/wp-content\/uploads\/sites\/12\/2026\/03\/SEI_39981848_Termo_Aditivo-14-Convocacao-Segunda-Chamada.pdf\"><strong>ADITIVO 14\/2026 &#8211; CONVOCA\u00c7\u00c3O PARA MATR\u00cdCULAS &#8211; SEGUNDA CHAMADA<\/strong><\/a><\/p>\n<p><a href=\"http:\/\/portal.uern.br\/propeg\/ppgcn\/wp-content\/uploads\/sites\/12\/2026\/03\/SEI_39807337_Termo_Aditivo-13-Convocacao-Matriculas.pdf\"><strong>ADITIVO 13\/2026 &#8211; CONVOCA\u00c7\u00c3O PARA MATR\u00cdCULAS<\/strong><\/a><\/p>\n<p><a href=\"http:\/\/portal.uern.br\/propeg\/ppgcn\/wp-content\/uploads\/sites\/12\/2026\/03\/SEI_39772516_Termo_Aditivo-12.pdf\"><strong>ADITIVO 12\/2026 &#8211; RESULTADO FINAL<\/strong><\/a><\/p>\n<p><a href=\"http:\/\/portal.uern.br\/propeg\/ppgcn\/wp-content\/uploads\/sites\/12\/2026\/03\/SEI_39764417_Termo_Aditivo-11.pdf\"><strong>ADITIVO 11\/2026 &#8211; RESULTADO REAN\u00c1LISE DOS CURR\u00cdCULOS<\/strong><\/a><\/p>\n<p><a href=\"http:\/\/portal.uern.br\/propeg\/ppgcn\/wp-content\/uploads\/sites\/12\/2026\/03\/SEI_39734407_Termo_Aditivo-10.pdf\"><strong>ADITIVO 10\/2026 &#8211; RESULTADO HETEROIDENTIFICA\u00c7\u00c3O<\/strong><\/a><\/p>\n<p><a href=\"http:\/\/portal.uern.br\/propeg\/ppgcn\/wp-content\/uploads\/sites\/12\/2026\/03\/SEI_39729286_Termo_Aditivo-9.pdf\"><strong>ADITIVO 09\/2026 &#8211; RESULTADO JUNTA M\u00c9DICA<\/strong><\/a><\/p>\n<p><a href=\"http:\/\/portal.uern.br\/propeg\/ppgcn\/wp-content\/uploads\/sites\/12\/2026\/03\/8-Resultado-Curriculos_Termo_Aditivo-8.pdf\"><strong>ADITIVO 08\/2026 &#8211; RESULTADO CURR\u00cdCULOS<\/strong><\/a><\/p>\n<p><a href=\"http:\/\/portal.uern.br\/propeg\/ppgcn\/wp-content\/uploads\/sites\/12\/2026\/02\/SEI_39635950_Termo_Aditivo-07-Heteroidentificacao.pdf\"><strong>ADITIVO 07\/2026 &#8211; CONVOCA\u00c7\u00c3O PARA HETEROIDENTIFICA\u00c7\u00c3O<\/strong><\/a><\/p>\n<p><a href=\"http:\/\/portal.uern.br\/propeg\/ppgcn\/wp-content\/uploads\/sites\/12\/2026\/02\/Aditivo-06-Convocacao-Pericia-Doutorado.pdf\"><strong>ADITIVO 06\/2026 &#8211; CONVOCA\u00c7\u00c3O PARA PER\u00cdCIA M\u00c9DICA<\/strong><\/a><\/p>\n<p><a href=\"http:\/\/portal.uern.br\/propeg\/ppgcn\/wp-content\/uploads\/sites\/12\/2026\/02\/Aditivo-05-Resultado-Defesa-de-Projeto-e-Entrevista.pdf\"><strong>ADITIVO 05\/2026 &#8211; RESULTADO DEFESA DO PROJETO E ENTREVISTA<\/strong><\/a><\/p>\n<p><a href=\"http:\/\/portal.uern.br\/propeg\/ppgcn\/wp-content\/uploads\/sites\/12\/2026\/02\/Aditivo-04-Convocacao-Defesa-de-Projeto-e-Entrevista.pdf\"><strong>ADITIVO 04\/2026 &#8211; CONVOCA\u00c7\u00c3O DEFESA DO PROJETO E ENTREVISTA<\/strong><\/a><\/p>\n<p><a href=\"http:\/\/portal.uern.br\/propeg\/ppgcn\/wp-content\/uploads\/sites\/12\/2026\/02\/Aditivo-03-Resultado-Projetos-Doutorado.pdf\"><strong>ADITIVO 03\/2026 &#8211; RESULTADO DA AVALIA\u00c7\u00c3O DO PROJETO DE PESQUISA &#8211; DOUTORADO<\/strong><\/a><\/p>\n<p><a href=\"http:\/\/portal.uern.br\/propeg\/ppgcn\/wp-content\/uploads\/sites\/12\/2026\/01\/SEI_38978019_Termo_Aditivo.pdf\"><strong>ADITIVO 02\/2026 &#8211; HOMOLOGA\u00c7\u00c3O FINAL DAS INSCRI\u00c7\u00d5ES &#8211; DOUTORADO<\/strong><\/a><\/p>\n<p><a href=\"http:\/\/portal.uern.br\/propeg\/ppgcn\/wp-content\/uploads\/sites\/12\/2026\/01\/Aditivo-01-Doutorado.pdf\"><strong>ADITIVO 01\/2026 &#8211; HOMOLOGA\u00c7\u00c3O DAS INSCRI\u00c7\u00d5ES &#8211; DOUTORADO<\/strong><\/a><\/p>\n<p><strong><a href=\"http:\/\/portal.uern.br\/propeg\/ppgcn\/wp-content\/uploads\/sites\/12\/2025\/11\/Edital_Doutorado_PPGCN_2026.pdf\">EDITAL 03\/2025 &#8211; PPGCN &#8211; SELE\u00c7\u00c3O DE DOUTORADO DO PPGCN<\/a><\/strong><\/p>\n<p><a href=\"http:\/\/portal.uern.br\/propeg\/ppgcn\/wp-content\/uploads\/sites\/12\/2026\/01\/Tutorial-Inscricao-Processo-Seletivo-PPGCN.pdf\"><strong>TUTORIAL PARA INSCRI\u00c7\u00d5ES<\/strong><\/a><\/p>\n<p><img fetchpriority=\"high\" decoding=\"async\" class=\"aligncenter wp-image-1994\" src=\"http:\/\/portal.uern.br\/propeg\/ppgcn\/wp-content\/uploads\/sites\/12\/2025\/12\/SELECAO-2026-Folder-724x1024.jpg\" alt=\"\" width=\"495\" height=\"700\" srcset=\"https:\/\/portal.uern.br\/propeg\/ppgcn\/wp-content\/uploads\/sites\/12\/2025\/12\/SELECAO-2026-Folder-724x1024.jpg 724w, https:\/\/portal.uern.br\/propeg\/ppgcn\/wp-content\/uploads\/sites\/12\/2025\/12\/SELECAO-2026-Folder-212x300.jpg 212w, https:\/\/portal.uern.br\/propeg\/ppgcn\/wp-content\/uploads\/sites\/12\/2025\/12\/SELECAO-2026-Folder-768x1086.jpg 768w, https:\/\/portal.uern.br\/propeg\/ppgcn\/wp-content\/uploads\/sites\/12\/2025\/12\/SELECAO-2026-Folder-1086x1536.jpg 1086w, https:\/\/portal.uern.br\/propeg\/ppgcn\/wp-content\/uploads\/sites\/12\/2025\/12\/SELECAO-2026-Folder.jpg 1241w\" sizes=\"(max-width: 495px) 100vw, 495px\" \/><\/p>\n<p>&nbsp;<\/p>\n","protected":false},"excerpt":{"rendered":"<p>ADITIVO 14\/2026 &#8211; CONVOCA\u00c7\u00c3O PARA MATR\u00cdCULAS &#8211; SEGUNDA CHAMADA ADITIVO 13\/2026 &#8211; CONVOCA\u00c7\u00c3O PARA MATR\u00cdCULAS ADITIVO 12\/2026 &#8211; RESULTADO FINAL ADITIVO 11\/2026 &#8211; RESULTADO REAN\u00c1LISE DOS CURR\u00cdCULOS ADITIVO 10\/2026 &#8211; RESULTADO HETEROIDENTIFICA\u00c7\u00c3O ADITIVO 09\/2026 &#8211; RESULTADO JUNTA M\u00c9DICA ADITIVO 08\/2026 &#8211; RESULTADO CURR\u00cdCULOS ADITIVO 07\/2026 &#8211; CONVOCA\u00c7\u00c3O PARA HETEROIDENTIFICA\u00c7\u00c3O ADITIVO 06\/2026 &#8211; CONVOCA\u00c7\u00c3O PARA PER\u00cdCIA [&hellip;]<\/p>\n","protected":false},"author":21,"featured_media":0,"parent":0,"menu_order":0,"comment_status":"closed","ping_status":"closed","template":"","meta":{"footnotes":""},"class_list":["post-1956","page","type-page","status-publish","hentry"],"_links":{"self":[{"href":"https:\/\/portal.uern.br\/propeg\/ppgcn\/wp-json\/wp\/v2\/pages\/1956","targetHints":{"allow":["GET"]}}],"collection":[{"href":"https:\/\/portal.uern.br\/propeg\/ppgcn\/wp-json\/wp\/v2\/pages"}],"about":[{"href":"https:\/\/portal.uern.br\/propeg\/ppgcn\/wp-json\/wp\/v2\/types\/page"}],"author":[{"embeddable":true,"href":"https:\/\/portal.uern.br\/propeg\/ppgcn\/wp-json\/wp\/v2\/users\/21"}],"replies":[{"embeddable":true,"href":"https:\/\/portal.uern.br\/propeg\/ppgcn\/wp-json\/wp\/v2\/comments?post=1956"}],"version-history":[{"count":27,"href":"https:\/\/portal.uern.br\/propeg\/ppgcn\/wp-json\/wp\/v2\/pages\/1956\/revisions"}],"predecessor-version":[{"id":2092,"href":"https:\/\/portal.uern.br\/propeg\/ppgcn\/wp-json\/wp\/v2\/pages\/1956\/revisions\/2092"}],"wp:attachment":[{"href":"https:\/\/portal.uern.br\/propeg\/ppgcn\/wp-json\/wp\/v2\/media?parent=1956"}],"curies":[{"name":"wp","href":"https:\/\/api.w.org\/{rel}","templated":true}]}}