{"id":1952,"date":"2025-11-13T10:46:12","date_gmt":"2025-11-13T13:46:12","guid":{"rendered":"https:\/\/portal.uern.br\/propeg\/ppgcn\/?page_id=1952"},"modified":"2026-03-19T12:21:27","modified_gmt":"2026-03-19T15:21:27","slug":"selecao-de-mestrado","status":"publish","type":"page","link":"https:\/\/portal.uern.br\/propeg\/ppgcn\/selecao-de-mestrado\/","title":{"rendered":"Sele\u00e7\u00e3o de Mestrado"},"content":{"rendered":"<p><a href=\"http:\/\/portal.uern.br\/propeg\/ppgcn\/wp-content\/uploads\/sites\/12\/2026\/03\/Alunos-Especiais-Matriculas-para-Alunos-Especiais-2026.1.pdf\"><strong>MATR\u00cdCULA ALUNOS ESPECIAIS<\/strong><\/a><\/p>\n<p><a href=\"http:\/\/portal.uern.br\/propeg\/ppgcn\/wp-content\/uploads\/sites\/12\/2026\/03\/SEI_39933927_Termo_Aditivo-16.pdf\"><strong>ADITIVO 16\/2026 &#8211; ALTERA\u00c7\u00c3O CONVOCA\u00c7\u00c3O PARA MATR\u00cdCULAS &#8211; SEGUNDA CHAMADA<\/strong><\/a><\/p>\n<p><a href=\"http:\/\/portal.uern.br\/propeg\/ppgcn\/wp-content\/uploads\/sites\/12\/2026\/03\/SEI_39895503_Termo_Aditivo-15.pdf\"><strong>ADITIVO 15\/2026 &#8211; CONVOCA\u00c7\u00c3O PARA MATR\u00cdCULAS &#8211; SEGUNDA CHAMADA<\/strong><\/a><\/p>\n<p><a href=\"http:\/\/portal.uern.br\/propeg\/ppgcn\/wp-content\/uploads\/sites\/12\/2026\/03\/SEI_39805070_Termo_Aditivo-14.pdf\"><strong>ADITIVO 14\/2026 &#8211; CONVOCA\u00c7\u00c3O PARA MATR\u00cdCULAS<\/strong><\/a><\/p>\n<p><a href=\"http:\/\/portal.uern.br\/propeg\/ppgcn\/wp-content\/uploads\/sites\/12\/2026\/03\/SEI_39736900_Termo_Aditivo-13.pdf\"><strong>ADITIVO 13\/2026 \u2013 RESULTADO HETEROIDENTIFICA\u00c7\u00c3O<\/strong><\/a><\/p>\n<p><a href=\"http:\/\/portal.uern.br\/propeg\/ppgcn\/wp-content\/uploads\/sites\/12\/2026\/03\/SEI_39735176_Termo_Aditivo-12.pdf\"><strong>ADITIVO 12\/2026 \u2013 RESULTADO JUNTA M\u00c9DICA<\/strong><\/a><\/p>\n<p><a href=\"http:\/\/portal.uern.br\/propeg\/ppgcn\/wp-content\/uploads\/sites\/12\/2026\/02\/SEI_39682788_Termo_Aditivo-11.pdf\"><strong>ADITIVO 11\/2026 &#8211; RESULTADO FINAL<\/strong><\/a><\/p>\n<p><a href=\"http:\/\/portal.uern.br\/propeg\/ppgcn\/wp-content\/uploads\/sites\/12\/2026\/02\/SEI_39635704_Termo_Aditivo-10-1.pdf\"><strong>ADITIVO 10\/2026 &#8211; CONVOCA\u00c7\u00c3O PARA HETEROIDENTIFICA\u00c7\u00c3O<\/strong><\/a><\/p>\n<p><a href=\"http:\/\/portal.uern.br\/propeg\/ppgcn\/wp-content\/uploads\/sites\/12\/2026\/02\/SEI_39618159_Termo_Aditivo-9.pdf\"><strong>ADITIVO 09\/2026 &#8211; RESULTADO DA AN\u00c1LISE DOS CURR\u00cdCULOS<\/strong><\/a><\/p>\n<p><a href=\"http:\/\/portal.uern.br\/propeg\/ppgcn\/wp-content\/uploads\/sites\/12\/2026\/02\/SEI_39584072_Termo_Aditivo-8.pdf\"><strong>ADITIVO 08\/2026 &#8211; CONVOCA\u00c7\u00c3O PARA PER\u00cdCIA<\/strong><\/a><\/p>\n<p><a href=\"http:\/\/portal.uern.br\/propeg\/ppgcn\/wp-content\/uploads\/sites\/12\/2026\/02\/SEI_39515508_Termo_Aditivo-07.pdf\"><strong>ADITIVO 07\/2026 &#8211; RESULTADO ENTREVISTAS<\/strong><\/a><\/p>\n<p><strong><a href=\"http:\/\/portal.uern.br\/propeg\/ppgcn\/wp-content\/uploads\/sites\/12\/2026\/02\/SEI_39332350_Termo_Aditivo.pdf\">ADITIVO 06\/2026 &#8211; CONVOCA\u00c7\u00c3O PARA ENTREVISTAS<\/a><\/strong><\/p>\n<p><strong><a href=\"http:\/\/portal.uern.br\/propeg\/ppgcn\/wp-content\/uploads\/sites\/12\/2026\/02\/SEI_39332469_Termo_Aditivo.pdf\">ADITIVO 05\/2026 &#8211; RESULTADO FINAL PROVA ESCRITA<\/a><\/strong><\/p>\n<p><a href=\"http:\/\/portal.uern.br\/propeg\/ppgcn\/wp-content\/uploads\/sites\/12\/2026\/02\/Termo-Aditivo-04-2026-Mestrado.pdf\"><strong>ADITIVO 04\/2026 &#8211; RESULTADO PROVA ESCRITA &#8211; MESTRADO<\/strong><\/a><\/p>\n<p><a href=\"http:\/\/portal.uern.br\/propeg\/ppgcn\/wp-content\/uploads\/sites\/12\/2026\/02\/Termo-Aditivo-03-2026-Mestrado.pdf\"><strong>ADITIVO 03\/2026 &#8211; LOCAL DA PROVA ESCRITA &#8211; MESTRADO<\/strong><\/a><\/p>\n<p><a href=\"http:\/\/portal.uern.br\/propeg\/ppgcn\/wp-content\/uploads\/sites\/12\/2026\/01\/Aditivo-02-2026-Mestrado.pdf\"><strong>ADITIVO 02\/2026 &#8211; HOMOLOGA\u00c7\u00c3O FINAL DAS INSCRI\u00c7\u00d5ES &#8211; MESTRADO<\/strong><\/a><\/p>\n<p><a href=\"http:\/\/portal.uern.br\/propeg\/ppgcn\/wp-content\/uploads\/sites\/12\/2026\/01\/Termo_Aditivo-01-Mestrado.pdf\"><strong>ADITIVO 01\/2026 &#8211; HOMOLOGA\u00c7\u00c3O DAS INSCRI\u00c7\u00d5ES &#8211; MESTRADO<\/strong><\/a><\/p>\n<p><strong><a href=\"http:\/\/portal.uern.br\/propeg\/ppgcn\/wp-content\/uploads\/sites\/12\/2025\/11\/Edital-Selecao-Mestrado-2026-PPGCN-UERN.pdf\">EDITAL 02\/2025 &#8211; PPGCN &#8211; SELE\u00c7\u00c3O DE MESTRADO<\/a><\/strong><\/p>\n<p><a href=\"http:\/\/portal.uern.br\/propeg\/ppgcn\/wp-content\/uploads\/sites\/12\/2026\/01\/Tutorial-Inscricao-Processo-Seletivo-PPGCN.pdf\"><strong>TUTORIAL PARA INSCRI\u00c7\u00d5ES<\/strong><\/a><\/p>\n<p><img fetchpriority=\"high\" decoding=\"async\" class=\"aligncenter wp-image-1994\" src=\"http:\/\/portal.uern.br\/propeg\/ppgcn\/wp-content\/uploads\/sites\/12\/2025\/12\/SELECAO-2026-Folder-724x1024.jpg\" alt=\"\" width=\"536\" height=\"758\" srcset=\"https:\/\/portal.uern.br\/propeg\/ppgcn\/wp-content\/uploads\/sites\/12\/2025\/12\/SELECAO-2026-Folder-724x1024.jpg 724w, https:\/\/portal.uern.br\/propeg\/ppgcn\/wp-content\/uploads\/sites\/12\/2025\/12\/SELECAO-2026-Folder-212x300.jpg 212w, https:\/\/portal.uern.br\/propeg\/ppgcn\/wp-content\/uploads\/sites\/12\/2025\/12\/SELECAO-2026-Folder-768x1086.jpg 768w, https:\/\/portal.uern.br\/propeg\/ppgcn\/wp-content\/uploads\/sites\/12\/2025\/12\/SELECAO-2026-Folder-1086x1536.jpg 1086w, https:\/\/portal.uern.br\/propeg\/ppgcn\/wp-content\/uploads\/sites\/12\/2025\/12\/SELECAO-2026-Folder.jpg 1241w\" sizes=\"(max-width: 536px) 100vw, 536px\" \/><\/p>\n","protected":false},"excerpt":{"rendered":"<p>MATR\u00cdCULA ALUNOS ESPECIAIS ADITIVO 16\/2026 &#8211; ALTERA\u00c7\u00c3O CONVOCA\u00c7\u00c3O PARA MATR\u00cdCULAS &#8211; SEGUNDA CHAMADA ADITIVO 15\/2026 &#8211; CONVOCA\u00c7\u00c3O PARA MATR\u00cdCULAS &#8211; SEGUNDA CHAMADA ADITIVO 14\/2026 &#8211; CONVOCA\u00c7\u00c3O PARA MATR\u00cdCULAS ADITIVO 13\/2026 \u2013 RESULTADO HETEROIDENTIFICA\u00c7\u00c3O ADITIVO 12\/2026 \u2013 RESULTADO JUNTA M\u00c9DICA ADITIVO 11\/2026 &#8211; RESULTADO FINAL ADITIVO 10\/2026 &#8211; CONVOCA\u00c7\u00c3O PARA HETEROIDENTIFICA\u00c7\u00c3O ADITIVO 09\/2026 &#8211; RESULTADO DA [&hellip;]<\/p>\n","protected":false},"author":21,"featured_media":0,"parent":0,"menu_order":0,"comment_status":"closed","ping_status":"closed","template":"","meta":{"footnotes":""},"class_list":["post-1952","page","type-page","status-publish","hentry"],"_links":{"self":[{"href":"https:\/\/portal.uern.br\/propeg\/ppgcn\/wp-json\/wp\/v2\/pages\/1952","targetHints":{"allow":["GET"]}}],"collection":[{"href":"https:\/\/portal.uern.br\/propeg\/ppgcn\/wp-json\/wp\/v2\/pages"}],"about":[{"href":"https:\/\/portal.uern.br\/propeg\/ppgcn\/wp-json\/wp\/v2\/types\/page"}],"author":[{"embeddable":true,"href":"https:\/\/portal.uern.br\/propeg\/ppgcn\/wp-json\/wp\/v2\/users\/21"}],"replies":[{"embeddable":true,"href":"https:\/\/portal.uern.br\/propeg\/ppgcn\/wp-json\/wp\/v2\/comments?post=1952"}],"version-history":[{"count":34,"href":"https:\/\/portal.uern.br\/propeg\/ppgcn\/wp-json\/wp\/v2\/pages\/1952\/revisions"}],"predecessor-version":[{"id":2100,"href":"https:\/\/portal.uern.br\/propeg\/ppgcn\/wp-json\/wp\/v2\/pages\/1952\/revisions\/2100"}],"wp:attachment":[{"href":"https:\/\/portal.uern.br\/propeg\/ppgcn\/wp-json\/wp\/v2\/media?parent=1952"}],"curies":[{"name":"wp","href":"https:\/\/api.w.org\/{rel}","templated":true}]}}