{"id":1869,"date":"2025-10-24T10:06:58","date_gmt":"2025-10-24T13:06:58","guid":{"rendered":"https:\/\/portal.uern.br\/propeg\/ppgcn\/?page_id=1869"},"modified":"2026-03-30T16:23:10","modified_gmt":"2026-03-30T19:23:10","slug":"alunos-regulares-doutorado","status":"publish","type":"page","link":"https:\/\/portal.uern.br\/propeg\/ppgcn\/alunos-regulares-doutorado\/","title":{"rendered":"Alunos Regulares Doutorado"},"content":{"rendered":"<p><strong>Turma 2026<\/strong><\/p>\n<table style=\"border-collapse: collapse;width: 95.4914%;height: 171px\">\n<tbody>\n<tr style=\"height: 24px\">\n<td style=\"width: 31.9303%;height: 10px;border-style: solid;border-color: #000000;background-color: #82c940\"><span style=\"color: #ffffff;font-size: 14pt\"><strong>Aluno<\/strong><\/span><\/td>\n<td style=\"width: 32.0244%;height: 10px;border-color: #000000;border-style: solid;background-color: #82c940\"><span style=\"color: #ffffff;font-size: 14pt\"><strong style=\"text-align: center\">Orientador<\/strong><\/span><\/td>\n<td style=\"width: 31.5276%;height: 10px;border-color: #000000;border-style: solid;background-color: #82c940\"><span style=\"color: #ffffff;font-size: 14pt\"><strong style=\"text-align: center\">Linha de Pesquisa<\/strong><\/span><\/td>\n<\/tr>\n<tr style=\"height: 24px\">\n<td style=\"width: 31.9303%;background-color: #bddea5;border-color: #000000;height: 13px\">ALESSANDRA RAIANY DE OLIVEIRA<\/td>\n<td style=\"width: 32.0244%;background-color: #bddea5;border-color: #000000;height: 13px\">Dr. KEURISON FIGUEREDO MAGALH\u00c3ES<\/td>\n<td style=\"width: 31.5276%;background-color: #bddea5;border-color: #000000;height: 13px\">Tecnologia Ambiental<\/td>\n<\/tr>\n<tr style=\"height: 24px\">\n<td style=\"width: 31.9303%;border-color: #000000;height: 10px\">FRANCISCA MAGALY DE FARIAS SILVA<\/td>\n<td style=\"width: 32.0244%;border-color: #000000;height: 10px\">Dra. SUELY SOUZA LEAL DE CASTRO<\/td>\n<td style=\"width: 31.5276%;border-color: #000000;height: 10px\">Tecnologia Ambiental<\/td>\n<\/tr>\n<tr style=\"height: 24px\">\n<td style=\"width: 31.9303%;background-color: #bddea5;border-color: #000000;height: 13px\">JEFFERSON LHANKASTER TARGINO GUERRA FILHO<\/td>\n<td style=\"width: 32.0244%;background-color: #bddea5;border-color: #000000;height: 13px\">Dr. VINICIUS PATRICIO SANTOS CALDEIRA<\/td>\n<td style=\"width: 31.5276%;background-color: #bddea5;border-color: #000000;height: 13px\">Tecnologia Ambiental<\/td>\n<\/tr>\n<tr style=\"height: 24px\">\n<td style=\"width: 31.9303%;border-color: #000000;height: 10px\">JO\u00c3O BATISTA COSTA NETO<\/td>\n<td style=\"width: 32.0244%;border-color: #000000;height: 10px\">Dra. CYNTHIA CAVALCANTI DE ALBUQUERQUE<\/td>\n<td style=\"width: 31.5276%;border-color: #000000;height: 10px\">Tecnologia Ambiental<\/td>\n<\/tr>\n<tr style=\"height: 24px\">\n<td style=\"width: 31.9303%;background-color: #bddea5;border-color: #000000;height: 13px\">J\u00d4NNATA FERNANDES DE OLIVEIRA<\/td>\n<td style=\"width: 32.0244%;background-color: #bddea5;border-color: #000000;height: 13px\">Dra. DANIELLE PERETTI FILGUEIRA<\/td>\n<td style=\"width: 31.5276%;background-color: #bddea5;border-color: #000000;height: 13px\">Diagn\u00f3stico e Conserva\u00e7\u00e3o Ambiental<\/td>\n<\/tr>\n<tr style=\"height: 24px\">\n<td style=\"width: 31.9303%;border-color: #000000;height: 10px\">LUCAS EMANUEL MARINHEIRO DE OLIVEIRA<\/td>\n<td style=\"width: 32.0244%;border-color: #000000;height: 10px\">Dr. RAMIRO GUSTAVO VALERA CAMACHO<\/td>\n<td style=\"width: 31.5276%;border-color: #000000;height: 10px\">Diagn\u00f3stico e Conserva\u00e7\u00e3o Ambiental<\/td>\n<\/tr>\n<tr style=\"height: 24px\">\n<td style=\"width: 31.9303%;background-color: #bddea5;border-color: #000000;height: 13px\">MANOEL VICTOR DANTAS DE SOUZA<\/td>\n<td style=\"width: 32.0244%;background-color: #bddea5;border-color: #000000;height: 13px\">Dr. RAMIRO GUSTAVO VALERA CAMACHO<\/td>\n<td style=\"width: 31.5276%;background-color: #bddea5;border-color: #000000;height: 13px\">Diagn\u00f3stico e Conserva\u00e7\u00e3o Ambiental<\/td>\n<\/tr>\n<tr style=\"height: 24px\">\n<td style=\"width: 31.9303%;border-color: #000000;height: 10px\">MARIA DAYANNE VIEIRA<\/td>\n<td style=\"width: 32.0244%;border-color: #000000;height: 10px\">Dr. Filipe da Silva Peixoto<\/td>\n<td style=\"width: 31.5276%;border-color: #000000;height: 10px\">Diagn\u00f3stico e Conserva\u00e7\u00e3o Ambiental<\/td>\n<\/tr>\n<tr style=\"height: 24px\">\n<td style=\"width: 31.9303%;background-color: #bddea5;border-color: #000000;height: 13px\">MARIA DE F\u00c1TIMA ROCHA GONDIM<\/td>\n<td style=\"width: 32.0244%;background-color: #bddea5;border-color: #000000;height: 13px\">Dr. Filipe da Silva Peixoto<\/td>\n<td style=\"width: 31.5276%;background-color: #bddea5;border-color: #000000;height: 13px\">Diagn\u00f3stico e Conserva\u00e7\u00e3o Ambiental<\/td>\n<\/tr>\n<tr style=\"height: 24px\">\n<td style=\"width: 31.9303%;border-color: #000000;height: 10px\">SALAH MOHAMED YUSEF<\/td>\n<td style=\"width: 32.0244%;border-color: #000000;height: 10px\">Dr. Jo\u00e3o Maria Soares<\/td>\n<td style=\"width: 31.5276%;border-color: #000000;height: 10px\">Tecnologia Ambiental<\/td>\n<\/tr>\n<tr style=\"height: 24px\">\n<td style=\"width: 31.9303%;background-color: #bddea5;border-color: #000000;height: 13px\">SARAH ROSANNIA MEDEIROS DE LIMA<\/td>\n<td style=\"width: 32.0244%;background-color: #bddea5;border-color: #000000;height: 13px\">Dr. MARCO ANTONIO DIODATO<\/td>\n<td style=\"width: 31.5276%;background-color: #bddea5;border-color: #000000;height: 13px\">Diagn\u00f3stico e Conserva\u00e7\u00e3o Ambiental<\/td>\n<\/tr>\n<tr style=\"height: 24px\">\n<td style=\"width: 31.9303%;border-color: #000000;height: 10px\">THIAGO MENDES FERNANDES<\/td>\n<td style=\"width: 32.0244%;border-color: #000000;height: 10px\">Dra. CYNTHIA CAVALCANTI DE ALBUQUERQUE<\/td>\n<td style=\"width: 31.5276%;border-color: #000000;height: 10px\">Tecnologia Ambiental<\/td>\n<\/tr>\n<tr style=\"height: 24px\">\n<td style=\"width: 31.9303%;background-color: #bddea5;border-color: #000000;height: 13px\">WANDERSON LAERTE DE OLIVEIRA CARVALHO<\/td>\n<td style=\"width: 32.0244%;background-color: #bddea5;border-color: #000000;height: 13px\">Dra. Anne Gabriella Dias Santos Caldeira<\/td>\n<td style=\"width: 31.5276%;background-color: #bddea5;border-color: #000000;height: 13px\">Tecnologia Ambiental<\/td>\n<\/tr>\n<tr style=\"height: 24px\">\n<td style=\"width: 31.9303%;border-color: #000000;height: 10px\">WESLLEY MISAEL BEZERRA DAMASIO<\/td>\n<td style=\"width: 32.0244%;border-color: #000000;height: 10px\">Dr. ALFREDO MARCELO GRIGIO<\/td>\n<td style=\"width: 31.5276%;border-color: #000000;height: 10px\">Diagn\u00f3stico e Conserva\u00e7\u00e3o Ambiental<\/td>\n<\/tr>\n<\/tbody>\n<\/table>\n<p><strong>Turma 2025.2<\/strong><\/p>\n<table style=\"border-collapse: collapse;width: 95.4914%;height: 33px\">\n<tbody>\n<tr style=\"height: 24px\">\n<td style=\"width: 31.9303%;height: 10px;border-style: solid;border-color: #000000;background-color: #82c940\"><span style=\"color: #ffffff;font-size: 14pt\"><strong>Aluno<\/strong><\/span><\/td>\n<td style=\"width: 32.0244%;height: 10px;border-color: #000000;border-style: solid;background-color: #82c940\"><span style=\"color: #ffffff;font-size: 14pt\"><strong style=\"text-align: center\">Orientador<\/strong><\/span><\/td>\n<td style=\"width: 31.5276%;height: 10px;border-color: #000000;border-style: solid;background-color: #82c940\"><span style=\"color: #ffffff;font-size: 14pt\"><strong style=\"text-align: center\">Linha de Pesquisa<\/strong><\/span><\/td>\n<\/tr>\n<tr style=\"height: 24px\">\n<td style=\"width: 31.9303%;background-color: #bddea5;border-color: #000000;height: 13px\">Antony Jeov\u00e1 Teixeira da Silva<\/td>\n<td style=\"width: 32.0244%;background-color: #bddea5;border-color: #000000;height: 13px\">Dra. Anne Gabriella Dias Santos Caldeira<\/td>\n<td style=\"width: 31.5276%;background-color: #bddea5;border-color: #000000;height: 13px\">Tecnologia Ambiental<\/td>\n<\/tr>\n<tr style=\"height: 24px\">\n<td style=\"width: 31.9303%;border-color: #000000;height: 10px\">Antonia Larissa Santos do Nascimento<\/td>\n<td style=\"width: 32.0244%;border-color: #000000;height: 10px\">Dr. Jo\u00e3o Maria Soares<\/td>\n<td style=\"width: 31.5276%;border-color: #000000;height: 10px\">Tecnologia Ambiental<\/td>\n<\/tr>\n<\/tbody>\n<\/table>\n","protected":false},"excerpt":{"rendered":"<p>Turma 2026 Aluno Orientador Linha de Pesquisa ALESSANDRA RAIANY DE OLIVEIRA Dr. KEURISON FIGUEREDO MAGALH\u00c3ES Tecnologia Ambiental FRANCISCA MAGALY DE FARIAS SILVA Dra. SUELY SOUZA LEAL DE CASTRO Tecnologia Ambiental JEFFERSON LHANKASTER TARGINO GUERRA FILHO Dr. VINICIUS PATRICIO SANTOS CALDEIRA Tecnologia Ambiental JO\u00c3O BATISTA COSTA NETO Dra. CYNTHIA CAVALCANTI DE ALBUQUERQUE Tecnologia Ambiental J\u00d4NNATA FERNANDES [&hellip;]<\/p>\n","protected":false},"author":21,"featured_media":0,"parent":0,"menu_order":0,"comment_status":"closed","ping_status":"closed","template":"","meta":{"footnotes":""},"class_list":["post-1869","page","type-page","status-publish","hentry"],"_links":{"self":[{"href":"https:\/\/portal.uern.br\/propeg\/ppgcn\/wp-json\/wp\/v2\/pages\/1869","targetHints":{"allow":["GET"]}}],"collection":[{"href":"https:\/\/portal.uern.br\/propeg\/ppgcn\/wp-json\/wp\/v2\/pages"}],"about":[{"href":"https:\/\/portal.uern.br\/propeg\/ppgcn\/wp-json\/wp\/v2\/types\/page"}],"author":[{"embeddable":true,"href":"https:\/\/portal.uern.br\/propeg\/ppgcn\/wp-json\/wp\/v2\/users\/21"}],"replies":[{"embeddable":true,"href":"https:\/\/portal.uern.br\/propeg\/ppgcn\/wp-json\/wp\/v2\/comments?post=1869"}],"version-history":[{"count":12,"href":"https:\/\/portal.uern.br\/propeg\/ppgcn\/wp-json\/wp\/v2\/pages\/1869\/revisions"}],"predecessor-version":[{"id":2116,"href":"https:\/\/portal.uern.br\/propeg\/ppgcn\/wp-json\/wp\/v2\/pages\/1869\/revisions\/2116"}],"wp:attachment":[{"href":"https:\/\/portal.uern.br\/propeg\/ppgcn\/wp-json\/wp\/v2\/media?parent=1869"}],"curies":[{"name":"wp","href":"https:\/\/api.w.org\/{rel}","templated":true}]}}