{"id":1452,"date":"2025-04-11T10:53:52","date_gmt":"2025-04-11T13:53:52","guid":{"rendered":"https:\/\/portal.uern.br\/propeg\/ppgcn\/?page_id=1452"},"modified":"2025-10-13T11:10:38","modified_gmt":"2025-10-13T14:10:38","slug":"doutorado","status":"publish","type":"page","link":"https:\/\/portal.uern.br\/propeg\/ppgcn\/doutorado\/","title":{"rendered":"Doutorado"},"content":{"rendered":"<p style=\"text-align: justify\"><strong>O Curso apresenta uma matriz curricular flex\u00edvel, que proporciona um cen\u00e1rio acad\u00eamico e cient\u00edfico apropriado para que a interdisciplinaridade possa ser alcan\u00e7ada. O n\u00facleo de\u00a0<span style=\"text-decoration: underline\">Disciplinas Obrigat\u00f3rias<\/span>\u00a0visa o in\u00edcio dos processos de unifica\u00e7\u00e3o de linguagens, centrando a forma\u00e7\u00e3o do aluno em Recursos Naturais, e o conjunto de\u00a0<span style=\"text-decoration: underline\">Disciplinas\u00a0<\/span><\/strong><span style=\"text-decoration: underline\"><strong>Optativas<\/strong><\/span><strong>\u00a0(<\/strong><strong>Complementares<\/strong><strong>)\u00a0permite que as atividades de forma\u00e7\u00e3o sejam flexibilizadas, dependendo do conhecimento a ser desenvolvido, ou seja, ajustando-se \u00e0s necessidades da forma\u00e7\u00e3o, em fun\u00e7\u00e3o do projeto de pesquisa de cada um. Durante o tempo de dura\u00e7\u00e3o do Curso (04 anos), o aluno deve cumprir 15 cr\u00e9ditos em disciplinas obrigat\u00f3rias e, no m\u00ednimo, 20 cr\u00e9ditos em disciplinas optativas, al\u00e9m da elabora\u00e7\u00e3o da Tese.<\/strong><\/p>\n<h2 style=\"text-align: left\"><span style=\"color: #191970\"><strong>Obrigat\u00f3rias<\/strong><\/span><\/h2>\n<table style=\"height: 192px;width: 90.4565%\" width=\"752\" cellspacing=\"1\" cellpadding=\"1\" bgcolor=\"#ffffff\">\n<colgroup>\n<col width=\"480\" \/>\n<col width=\"50\" \/>\n<col width=\"50\" \/> <\/colgroup>\n<colgroup>\n<col width=\"50\" \/><\/colgroup>\n<tbody>\n<tr>\n<td style=\"width: 64.1043%\" bgcolor=\"#ffffff\" width=\"500\"><strong>DISCIPLINA<\/strong><\/td>\n<td style=\"width: 10.7299%\" bgcolor=\"#ffffff\" width=\"50\"><strong>C\u00d3DIGO<\/strong><\/td>\n<td style=\"width: 9.2601%\" bgcolor=\"#ffffff\" width=\"30\"><strong>CR\u00c9DITOS<\/strong><\/td>\n<td style=\"width: 12.8621%\" bgcolor=\"#ffffff\" width=\"50\"><strong>EMENTA<\/strong><\/td>\n<\/tr>\n<tr>\n<td style=\"width: 64.1043%\" bgcolor=\"#bddea5\" width=\"500\"><strong>SEMIN\u00c1RIOS DE DOUTORADO I<\/strong><\/td>\n<td style=\"width: 10.7299%\" bgcolor=\"#bddea5\" width=\"50\"><strong>PCN0062<\/strong><\/td>\n<td style=\"width: 9.2601%\" bgcolor=\"#bddea5\" width=\"30\"><strong>02<\/strong><\/td>\n<td style=\"text-align: center;width: 12.8621%\" bgcolor=\"#bddea5\" width=\"50\"><strong><a style=\"font-size: serif;color: #0000ff;letter-spacing: 0px\" href=\"http:\/\/portal.uern.br\/propeg\/ppgcn\/wp-content\/uploads\/sites\/12\/2025\/04\/Seminarios-Doutorado-I.pdf\"><strong>Download<\/strong><\/a><\/strong><\/td>\n<\/tr>\n<tr>\n<td style=\"width: 64.1043%\" width=\"500\"><strong>SEMIN\u00c1RIOS DE DOUTORADO II<\/strong><\/td>\n<td style=\"width: 10.7299%\" width=\"50\"><strong>PCN0063<\/strong><\/td>\n<td style=\"width: 9.2601%\" width=\"30\"><strong>02<\/strong><\/td>\n<td style=\"text-align: center;width: 12.8621%\" width=\"50\"><strong><a style=\"font-size: serif;color: #0000ff;letter-spacing: 0px\" href=\"http:\/\/portal.uern.br\/propeg\/ppgcn\/wp-content\/uploads\/sites\/12\/2025\/04\/Seminarios-Doutorado-II.pdf\"><strong>Download<\/strong><\/a><br \/>\n<\/strong><\/td>\n<\/tr>\n<tr>\n<td style=\"width: 64.1043%\" bgcolor=\"#bddea5\" width=\"500\"><strong>IMPACTOS SOBRE OS SISTEMAS AMBIENTAIS<\/strong><\/td>\n<td style=\"width: 10.7299%\" bgcolor=\"#bddea5\" width=\"50\"><strong>PCN0061<\/strong><\/td>\n<td style=\"width: 9.2601%\" bgcolor=\"#bddea5\" width=\"30\"><strong>04<\/strong><\/td>\n<td style=\"text-align: center;width: 12.8621%\" bgcolor=\"#bddea5\" width=\"50\"><strong><a style=\"font-size: serif;color: #0000ff;letter-spacing: 0px\" href=\"http:\/\/portal.uern.br\/propeg\/ppgcn\/wp-content\/uploads\/sites\/12\/2025\/04\/Impactos.pdf\"><strong>Download<\/strong><\/a><\/strong><\/td>\n<\/tr>\n<tr>\n<td style=\"width: 64.1043%\" width=\"500\"><strong>RECURSOS NATURAIS<\/strong><\/td>\n<td style=\"width: 10.7299%\" width=\"50\"><strong>PCN0046<\/strong><\/td>\n<td style=\"width: 9.2601%\" width=\"30\"><strong>04<\/strong><\/td>\n<td style=\"text-align: center;width: 12.8621%\" width=\"50\"><strong><a style=\"font-size: serif;color: #0000ff;letter-spacing: 0px\" href=\"http:\/\/portal.uern.br\/propeg\/ppgcn\/wp-content\/uploads\/sites\/12\/2025\/04\/Recursos-Naturais.pdf\"><strong>Download<\/strong><\/a><\/strong><\/td>\n<\/tr>\n<tr>\n<td style=\"width: 64.1043%\" bgcolor=\"#bddea5\" width=\"500\"><strong>T\u00c9CNICAS DE COLETA E PREPARA\u00c7\u00c3O DE AMOSTRAS AMBIENTAIS<\/strong><\/td>\n<td style=\"width: 10.7299%\" bgcolor=\"#bddea5\" width=\"50\"><strong>PCN0049<\/strong><\/td>\n<td style=\"width: 9.2601%\" bgcolor=\"#bddea5\" width=\"30\"><strong>03<\/strong><\/td>\n<td style=\"text-align: center;width: 12.8621%\" bgcolor=\"#bddea5\" width=\"50\"><strong><a style=\"font-size: serif;color: #0000ff;letter-spacing: 0px\" href=\"http:\/\/portal.uern.br\/propeg\/ppgcn\/wp-content\/uploads\/sites\/12\/2025\/04\/Tecnicas-de-Coleta.pdf\"><strong>Download<\/strong><\/a><\/strong><\/td>\n<\/tr>\n<\/tbody>\n<\/table>\n<h2 style=\"text-align: left\"><span style=\"color: #191970\"><strong>Optativas<\/strong><\/span><\/h2>\n<table style=\"height: 781px;width: 90.5286%\" width=\"751\" cellspacing=\"1\" cellpadding=\"1\" bgcolor=\"#ffffff\">\n<colgroup>\n<col width=\"480\" \/>\n<col width=\"50\" \/>\n<col width=\"50\" \/>\n<col width=\"50\" \/> <\/colgroup>\n<tbody>\n<tr style=\"height: 28px\">\n<td style=\"height: 28px\" bgcolor=\"#ffffff\" width=\"480\"><strong>DISCIPLINA<\/strong><\/td>\n<td style=\"height: 28px\" bgcolor=\"#ffffff\" width=\"50\"><strong>C\u00d3DIGO<\/strong><\/td>\n<td style=\"height: 28px\" bgcolor=\"#ffffff\" width=\"50\"><strong>CR\u00c9DITOS<\/strong><\/td>\n<td style=\"height: 28px\" bgcolor=\"#ffffff\" width=\"50\"><strong>EMENTA<\/strong><\/td>\n<\/tr>\n<tr style=\"height: 28px\">\n<td style=\"height: 28px\" bgcolor=\"#bddea5\" width=\"480\"><strong>\u00a0CAT\u00c1LISE APLICADA A PROCESSOS AMBIENTAIS<\/strong><\/td>\n<td style=\"height: 28px\" bgcolor=\"#bddea5\" width=\"50\"><strong>PCN0007<\/strong><\/td>\n<td style=\"height: 28px\" bgcolor=\"#bddea5\" width=\"50\"><strong>04<\/strong><\/td>\n<td style=\"text-align: center;height: 28px\" bgcolor=\"#bddea5\" width=\"50\"><strong><a style=\"font-size: serif;color: #0000ff;letter-spacing: 0px\" href=\"http:\/\/portal.uern.br\/propeg\/ppgcn\/wp-content\/uploads\/sites\/12\/2025\/05\/Catalise.pdf\"><strong>Download<\/strong><\/a><\/strong><\/td>\n<\/tr>\n<tr style=\"height: 28px\">\n<td style=\"height: 28px\" width=\"480\"><strong>ECOLOGIA, COMPORTAMENTO E FISIOLOGIA ANIMAL<\/strong><\/td>\n<td style=\"height: 28px\" width=\"50\"><strong>PCN0009<\/strong><\/td>\n<td style=\"height: 28px\" width=\"50\"><strong>03<\/strong><\/td>\n<td style=\"text-align: center;height: 28px\" width=\"50\"><strong><a style=\"font-size: serif;color: #0000ff;letter-spacing: 0px\" href=\"http:\/\/portal.uern.br\/propeg\/ppgcn\/wp-content\/uploads\/sites\/12\/2025\/05\/Ecologia-Comportamento.pdf\"><strong>Download<\/strong><\/a><\/strong><\/td>\n<\/tr>\n<tr style=\"height: 28px\">\n<td style=\"height: 28px\" bgcolor=\"#bddea5\" width=\"480\"><strong>ECOLOGIA DA PAISAGEM<\/strong><\/td>\n<td style=\"height: 28px\" bgcolor=\"#bddea5\" width=\"50\"><strong>PCN0010<\/strong><\/td>\n<td style=\"height: 28px\" bgcolor=\"#bddea5\" width=\"50\"><strong>04<\/strong><\/td>\n<td style=\"text-align: center;height: 28px\" bgcolor=\"#bddea5\" width=\"50\"><strong><a style=\"font-size: serif;color: #0000ff;letter-spacing: 0px\" href=\"http:\/\/portal.uern.br\/propeg\/ppgcn\/wp-content\/uploads\/sites\/12\/2025\/05\/Ecologia-da-Paisagem.pdf\"><strong>Download<\/strong><\/a><\/strong><\/td>\n<\/tr>\n<tr style=\"height: 28px\">\n<td style=\"height: 28px\" width=\"480\"><strong>ECOLOGIA DE AMBIENTES AQU\u00c1TICOS CONTINENTAIS<\/strong><\/td>\n<td style=\"height: 28px\" width=\"50\"><strong>PCN0011<\/strong><\/td>\n<td style=\"height: 28px\" width=\"50\"><strong>04<\/strong><\/td>\n<td style=\"text-align: center;height: 28px\" width=\"50\"><strong><a style=\"font-size: serif;color: #0000ff;letter-spacing: 0px\" href=\"http:\/\/portal.uern.br\/propeg\/ppgcn\/wp-content\/uploads\/sites\/12\/2025\/05\/Ecologia-de-Ambientes.pdf\"><strong>Download<\/strong><\/a><\/strong><\/td>\n<\/tr>\n<tr style=\"height: 28px\">\n<td style=\"height: 28px\" bgcolor=\"#bddea5\" width=\"480\"><strong>ESTAT\u00cdSTICA EXPERIMENTAL APLICADA \u00c0S CI\u00caNCIAS NATURAIS<\/strong><\/td>\n<td style=\"height: 28px\" bgcolor=\"#bddea5\" width=\"50\"><strong>PCN0012<\/strong><\/td>\n<td style=\"height: 28px\" bgcolor=\"#bddea5\" width=\"50\"><strong>04<\/strong><\/td>\n<td style=\"text-align: center;height: 28px\" bgcolor=\"#bddea5\" width=\"50\"><strong><a style=\"font-size: serif;color: #0000ff;letter-spacing: 0px\" href=\"http:\/\/portal.uern.br\/propeg\/ppgcn\/wp-content\/uploads\/sites\/12\/2025\/05\/ESTATISTICA-EXPERIMENTAL.pdf\"><strong>Download<\/strong><\/a><\/strong><\/td>\n<\/tr>\n<tr style=\"height: 28px\">\n<td style=\"height: 28px\" width=\"480\"><strong>GEOPROCESSAMENTO APLICADO AOS RECURSOS NATURAIS<\/strong><\/td>\n<td style=\"height: 28px\" width=\"50\"><strong>PCN0015<\/strong><\/td>\n<td style=\"height: 28px\" width=\"50\"><strong>04<\/strong><\/td>\n<td style=\"text-align: center;height: 28px\" width=\"50\"><strong><a style=\"font-size: serif;color: #0000ff;letter-spacing: 0px\" href=\"http:\/\/portal.uern.br\/propeg\/ppgcn\/wp-content\/uploads\/sites\/12\/2025\/05\/GEOPROCESSAMENTO-APLICADO-AOS-RECURSOS-NATURAIS.pdf\"><strong>Download<\/strong><\/a><\/strong><\/td>\n<\/tr>\n<tr style=\"height: 28px\">\n<td style=\"height: 28px\" bgcolor=\"#bddea5\" width=\"480\"><strong>MONITORAMENTO AMBIENTAL DE VERTEBRADOS MARINHOS<\/strong><\/td>\n<td style=\"height: 28px\" bgcolor=\"#bddea5\" width=\"50\"><strong>PCN0020<\/strong><\/td>\n<td style=\"height: 28px\" bgcolor=\"#bddea5\" width=\"50\"><strong>04<\/strong><\/td>\n<td style=\"text-align: center;height: 28px\" bgcolor=\"#bddea5\" width=\"50\"><strong><a style=\"font-size: serif;color: #0000ff;letter-spacing: 0px\" href=\"http:\/\/portal.uern.br\/propeg\/ppgcn\/wp-content\/uploads\/sites\/12\/2025\/05\/Monitoramento-Ambiental.pdf\"><strong>Download<\/strong><\/a><\/strong><\/td>\n<\/tr>\n<tr style=\"height: 28px\">\n<td style=\"height: 28px\" width=\"480\"><strong>PALEOECOLOGIA E PALEOAMBIENTES<\/strong><\/td>\n<td style=\"height: 28px\" width=\"50\"><strong>PCN0021<\/strong><\/td>\n<td style=\"height: 28px\" width=\"50\"><strong>04<\/strong><\/td>\n<td style=\"text-align: center;height: 28px\" width=\"50\"><strong><a style=\"font-size: serif;color: #0000ff;letter-spacing: 0px\" href=\"http:\/\/portal.uern.br\/propeg\/ppgcn\/wp-content\/uploads\/sites\/12\/2025\/05\/PALEOECOLOGIA-E-PALEOAMBIENTES.pdf\"><strong>Download<\/strong><\/a><\/strong><\/td>\n<\/tr>\n<tr style=\"height: 28px\">\n<td style=\"height: 28px\" bgcolor=\"#bddea5\" width=\"480\"><strong>PLANEJAMENTO E GEST\u00c3O AMBIENTAL<\/strong><\/td>\n<td style=\"height: 28px\" bgcolor=\"#bddea5\" width=\"50\"><strong>PCN0022<\/strong><\/td>\n<td style=\"height: 28px\" bgcolor=\"#bddea5\" width=\"50\"><strong>04<\/strong><\/td>\n<td style=\"text-align: center;height: 28px\" bgcolor=\"#bddea5\" width=\"50\"><strong><a style=\"font-size: serif;color: #0000ff;letter-spacing: 0px\" href=\"http:\/\/portal.uern.br\/propeg\/ppgcn\/wp-content\/uploads\/sites\/12\/2025\/05\/PLANEJAMENTO-E-GESTAO-AMBIENTAL.pdf\"><strong>Download<\/strong><\/a><\/strong><\/td>\n<\/tr>\n<tr style=\"height: 55px\">\n<td style=\"height: 55px\" width=\"480\"><strong>PRODU\u00c7\u00c3O, CARACTERIZA\u00c7\u00c3O E AVALIA\u00c7\u00c3O DE BIOCOMBUST\u00cdVEIS<\/strong><\/td>\n<td style=\"height: 55px\" width=\"50\"><strong>PCN0023<\/strong><\/td>\n<td style=\"height: 55px\" width=\"50\"><strong>04<\/strong><\/td>\n<td style=\"text-align: center;height: 55px\" width=\"50\"><strong><a style=\"font-size: serif;color: #0000ff;letter-spacing: 0px\" href=\"http:\/\/portal.uern.br\/propeg\/ppgcn\/wp-content\/uploads\/sites\/12\/2025\/05\/PRODUCAO-CARACTERIZACAO-E-AVALIACAO-DE-BIOCOMBUSTIVEIS.pdf\"><strong>Download<\/strong><\/a><\/strong><\/td>\n<\/tr>\n<tr style=\"height: 55px\">\n<td style=\"height: 55px\" bgcolor=\"#bddea5\" width=\"480\"><strong>TAXONOMIA, EVOLU\u00c7\u00c3O E DISTRIBUI\u00c7\u00c3O GEOGR\u00c1FICA DE PLANTAS<\/strong><\/td>\n<td style=\"height: 55px\" bgcolor=\"#bddea5\" width=\"50\"><strong>PCN0026<\/strong><\/td>\n<td style=\"height: 55px\" bgcolor=\"#bddea5\" width=\"50\"><strong>04<\/strong><\/td>\n<td style=\"text-align: center;height: 55px\" bgcolor=\"#bddea5\" width=\"50\"><strong><a style=\"font-size: serif;color: #0000ff;letter-spacing: 0px\" href=\"http:\/\/portal.uern.br\/propeg\/ppgcn\/wp-content\/uploads\/sites\/12\/2025\/05\/TAXONOMIA-EVOLUCAO-E-DISTRIBUICAO.pdf\"><strong>Download<\/strong><\/a><\/strong><\/td>\n<\/tr>\n<tr style=\"height: 55px\">\n<td style=\"height: 55px\" width=\"480\"><strong>T\u00c9CNICAS ELETROQU\u00cdMICAS DE AN\u00c1LISE DA QUALIDADE AMBIENTAL<\/strong><\/td>\n<td style=\"height: 55px\" width=\"50\"><strong>PCN0028<\/strong><\/td>\n<td style=\"height: 55px\" width=\"50\"><strong>04<\/strong><\/td>\n<td style=\"text-align: center;height: 55px\" width=\"50\"><strong><a style=\"font-size: serif;color: #0000ff;letter-spacing: 0px\" href=\"http:\/\/portal.uern.br\/propeg\/ppgcn\/wp-content\/uploads\/sites\/12\/2025\/05\/TECNICAS-ELETROQUIMICAS-DE-ANALISE-DA-QUALIDADE-AMBIENTAL.pdf\"><strong>Download<\/strong><\/a><\/strong><\/td>\n<\/tr>\n<tr style=\"height: 28px\">\n<td style=\"height: 28px\" bgcolor=\"#bddea5\" width=\"480\"><strong>TRATAMENTO DE \u00c1GUAS E EFLUENTES<\/strong><\/td>\n<td style=\"height: 28px\" bgcolor=\"#bddea5\" width=\"50\"><strong>PCN0032<\/strong><\/td>\n<td style=\"height: 28px\" bgcolor=\"#bddea5\" width=\"50\"><strong>04<\/strong><\/td>\n<td style=\"text-align: center;height: 28px\" bgcolor=\"#bddea5\" width=\"50\"><strong><a style=\"font-size: serif;color: #0000ff;letter-spacing: 0px\" href=\"http:\/\/portal.uern.br\/propeg\/ppgcn\/wp-content\/uploads\/sites\/12\/2025\/05\/TRATAMENTO-DE-AGUAS-E-EFLUENTES.pdf\"><strong>Download<\/strong><\/a><\/strong><\/td>\n<\/tr>\n<tr style=\"height: 28px\">\n<td style=\"height: 28px\" width=\"480\"><strong>M\u00c9TODOS DE CARACTERIZA\u00c7\u00c3O DE MATERIAIS<\/strong><\/td>\n<td style=\"height: 28px\" width=\"50\"><strong>PCN0050<\/strong><\/td>\n<td style=\"height: 28px\" width=\"50\"><strong>04<\/strong><\/td>\n<td style=\"text-align: center;height: 28px\" width=\"50\"><strong><a style=\"font-size: serif;color: #0000ff;letter-spacing: 0px\" href=\"http:\/\/portal.uern.br\/propeg\/ppgcn\/wp-content\/uploads\/sites\/12\/2025\/05\/METODOS-DE-CARACTERIZACAO-DE-MATERIAIS.pdf\"><strong>Download<\/strong><\/a><\/strong><\/td>\n<\/tr>\n<tr style=\"height: 28px\">\n<td style=\"height: 28px\" bgcolor=\"#bddea5\" width=\"480\"><strong>ESPECTROSCOPIA \u00d3PTICA APLICADA A ESTUDOS AMBIENTAIS<\/strong><\/td>\n<td style=\"height: 28px\" bgcolor=\"#bddea5\" width=\"50\"><strong>PCN0051<\/strong><\/td>\n<td style=\"height: 28px\" bgcolor=\"#bddea5\" width=\"50\"><strong>04<\/strong><\/td>\n<td style=\"text-align: center;height: 28px\" bgcolor=\"#bddea5\" width=\"50\"><strong><a style=\"font-size: serif;color: #0000ff;letter-spacing: 0px\" href=\"http:\/\/portal.uern.br\/propeg\/ppgcn\/wp-content\/uploads\/sites\/12\/2025\/05\/ESPECTROSCOPIA-OPTICA.pdf\"><strong>Download<\/strong><\/a><\/strong><\/td>\n<\/tr>\n<tr style=\"height: 28px\">\n<td style=\"height: 28px\" width=\"480\"><strong>M\u00c9TODOS F\u00cdSICOS DE AN\u00c1LISE ORG\u00c2NICA<\/strong><\/td>\n<td style=\"height: 28px\" width=\"50\"><strong>PCN0052<\/strong><\/td>\n<td style=\"height: 28px\" width=\"50\"><strong>04<\/strong><\/td>\n<td style=\"text-align: center;height: 28px\" width=\"50\"><strong><a style=\"font-size: serif;color: #0000ff;letter-spacing: 0px\" href=\"http:\/\/portal.uern.br\/propeg\/ppgcn\/wp-content\/uploads\/sites\/12\/2025\/05\/METODOS-FISICOS-DE-ANALISE-ORGANICA.pdf\"><strong>Download<\/strong><\/a><\/strong><\/td>\n<\/tr>\n<tr style=\"height: 28px\">\n<td style=\"height: 28px\" bgcolor=\"#bddea5\" width=\"480\"><strong>FISIOLOGIA VEGETAL E FATORES DE ESTRESSE<\/strong><\/td>\n<td style=\"height: 28px\" bgcolor=\"#bddea5\" width=\"50\"><strong>PCN0053<\/strong><\/td>\n<td style=\"height: 28px\" bgcolor=\"#bddea5\" width=\"50\"><strong>04<\/strong><\/td>\n<td style=\"text-align: center;height: 28px\" bgcolor=\"#bddea5\" width=\"50\"><strong><a style=\"font-size: serif;color: #0000ff;letter-spacing: 0px\" href=\"http:\/\/portal.uern.br\/propeg\/ppgcn\/wp-content\/uploads\/sites\/12\/2025\/05\/FISIOLOGIA-VEGETAL-E-FATORES-DE-ESTRESSE.pdf\"><strong>Download<\/strong><\/a><\/strong><\/td>\n<\/tr>\n<tr style=\"height: 28px\">\n<td style=\"height: 28px\" width=\"480\"><strong>RESTAURA\u00c7\u00c3O ECOL\u00d3GICA DE \u00c1REAS DEGRADADAS<\/strong><\/td>\n<td style=\"height: 28px\" width=\"50\"><strong>PCN0024<\/strong><\/td>\n<td style=\"height: 28px\" width=\"50\"><strong>04<\/strong><\/td>\n<td style=\"text-align: center;height: 28px\" width=\"50\"><strong><a style=\"font-size: serif;color: #0000ff;letter-spacing: 0px\" href=\"http:\/\/portal.uern.br\/propeg\/ppgcn\/wp-content\/uploads\/sites\/12\/2025\/05\/Restauracao-ecologica.pdf\"><strong>Download<\/strong><\/a><\/strong><\/td>\n<\/tr>\n<tr style=\"height: 28px\">\n<td style=\"height: 28px\" bgcolor=\"#bddea5\" width=\"480\"><strong>POLUI\u00c7\u00c3O E CONTAMINA\u00c7\u00c3O DAS \u00c1GUAS SUBTERR\u00c2NEAS<\/strong><\/td>\n<td style=\"height: 28px\" bgcolor=\"#bddea5\" width=\"50\"><strong>PCN0054<\/strong><\/td>\n<td style=\"height: 28px\" bgcolor=\"#bddea5\" width=\"50\"><strong>04<\/strong><\/td>\n<td style=\"text-align: center;height: 28px\" bgcolor=\"#bddea5\" width=\"50\"><strong><a style=\"font-size: serif;color: #0000ff;letter-spacing: 0px\" href=\"http:\/\/portal.uern.br\/propeg\/ppgcn\/wp-content\/uploads\/sites\/12\/2025\/05\/POLUICAO-E-CONTAMINACAO-DAS-AGUAS-SUBTERRANEAS.pdf\"><strong>Download<\/strong><\/a><\/strong><\/td>\n<\/tr>\n<tr style=\"height: 28px\">\n<td style=\"height: 28px\" width=\"480\"><strong>PUBLICA\u00c7\u00c3O E REDA\u00c7\u00c3O CIENT\u00cdFICA<\/strong><\/td>\n<td style=\"height: 28px\" width=\"50\"><strong>PCN0047<\/strong><\/td>\n<td style=\"height: 28px\" width=\"50\"><strong>04<\/strong><\/td>\n<td style=\"text-align: center;height: 28px\" width=\"50\"><strong><a style=\"font-size: serif;color: #0000ff;letter-spacing: 0px\" href=\"http:\/\/portal.uern.br\/propeg\/ppgcn\/wp-content\/uploads\/sites\/12\/2025\/04\/Publicacao-Doutorado.pdf\"><strong>Download<\/strong><\/a><\/strong><\/td>\n<\/tr>\n<tr style=\"height: 28px\">\n<td style=\"height: 28px\" bgcolor=\"#bddea5\" width=\"480\"><strong>T\u00d3PICOS ESPECIAIS EM RECURSOS NATURAIS I<\/strong><\/td>\n<td style=\"height: 28px\" bgcolor=\"#bddea5\" width=\"50\"><strong>PCN0055<\/strong><\/td>\n<td style=\"height: 28px\" bgcolor=\"#bddea5\" width=\"50\"><strong>04<\/strong><\/td>\n<td style=\"text-align: center;height: 28px\" bgcolor=\"#bddea5\" width=\"50\"><strong><a style=\"font-size: serif;color: #0000ff;letter-spacing: 0px\" href=\"http:\/\/portal.uern.br\/propeg\/ppgcn\/wp-content\/uploads\/sites\/12\/2025\/05\/TOPICOS-ESPECIAIS-EM-RECURSOS-NATURAIS-I.pdf\"><strong>Download<\/strong><\/a><\/strong><\/td>\n<\/tr>\n<tr style=\"height: 28px\">\n<td style=\"height: 28px\" width=\"480\"><strong>T\u00d3PICOS ESPECIAIS EM RECURSOS NATURAIS II<\/strong><\/td>\n<td style=\"height: 28px\" width=\"50\"><strong>PCN0056<\/strong><\/td>\n<td style=\"height: 28px\" width=\"50\"><strong>04<\/strong><\/td>\n<td style=\"text-align: center;height: 28px\" width=\"50\"><strong><a style=\"font-size: serif;color: #0000ff;letter-spacing: 0px\" href=\"http:\/\/portal.uern.br\/propeg\/ppgcn\/wp-content\/uploads\/sites\/12\/2025\/05\/TOPICOS-ESPECIAIS-EM-RECURSOS-NATURAIS-II.pdf\"><strong>Download<\/strong><\/a><\/strong><\/td>\n<\/tr>\n<tr style=\"height: 28px\">\n<td style=\"height: 28px\" bgcolor=\"#bddea5\" width=\"480\"><strong>T\u00d3PICOS ESPECIAIS EM RECURSOS NATURAIS III<\/strong><\/td>\n<td style=\"height: 28px\" bgcolor=\"#bddea5\" width=\"50\"><strong>PCN0057<\/strong><\/td>\n<td style=\"height: 28px\" bgcolor=\"#bddea5\" width=\"50\"><strong>03<\/strong><\/td>\n<td style=\"text-align: center;height: 28px\" bgcolor=\"#bddea5\" width=\"50\"><strong><a style=\"font-size: serif;color: #0000ff;letter-spacing: 0px\" href=\"http:\/\/portal.uern.br\/propeg\/ppgcn\/wp-content\/uploads\/sites\/12\/2025\/05\/TOPICOS-ESPECIAIS-EM-RECURSOS-NATURAIS-III.pdf\"><strong>Download<\/strong><\/a><\/strong><\/td>\n<\/tr>\n<tr style=\"height: 28px\">\n<td style=\"height: 28px\" width=\"480\"><strong>T\u00d3PICOS ESPECIAIS EM RECURSOS NATURAIS IV<\/strong><\/td>\n<td style=\"height: 28px\" width=\"50\"><strong>PCN0058<\/strong><\/td>\n<td style=\"height: 28px\" width=\"50\"><strong>02<\/strong><\/td>\n<td style=\"text-align: center;height: 28px\" width=\"50\"><strong><a style=\"font-size: serif;color: #0000ff;letter-spacing: 0px\" href=\"http:\/\/portal.uern.br\/propeg\/ppgcn\/wp-content\/uploads\/sites\/12\/2025\/10\/TOPICOS-ESPECIAIS-EM-RECURSOS-NATURAIS-IV.pdf\"><strong>Download<\/strong><\/a><\/strong><\/td>\n<\/tr>\n<\/tbody>\n<\/table>\n","protected":false},"excerpt":{"rendered":"<p>O Curso apresenta uma matriz curricular flex\u00edvel, que proporciona um cen\u00e1rio acad\u00eamico e cient\u00edfico apropriado para que a interdisciplinaridade possa ser alcan\u00e7ada. O n\u00facleo de\u00a0Disciplinas Obrigat\u00f3rias\u00a0visa o in\u00edcio dos processos de unifica\u00e7\u00e3o de linguagens, centrando a forma\u00e7\u00e3o do aluno em Recursos Naturais, e o conjunto de\u00a0Disciplinas\u00a0Optativas\u00a0(Complementares)\u00a0permite que as atividades de forma\u00e7\u00e3o sejam flexibilizadas, dependendo do [&hellip;]<\/p>\n","protected":false},"author":21,"featured_media":0,"parent":0,"menu_order":0,"comment_status":"closed","ping_status":"closed","template":"","meta":{"footnotes":""},"class_list":["post-1452","page","type-page","status-publish","hentry"],"_links":{"self":[{"href":"https:\/\/portal.uern.br\/propeg\/ppgcn\/wp-json\/wp\/v2\/pages\/1452","targetHints":{"allow":["GET"]}}],"collection":[{"href":"https:\/\/portal.uern.br\/propeg\/ppgcn\/wp-json\/wp\/v2\/pages"}],"about":[{"href":"https:\/\/portal.uern.br\/propeg\/ppgcn\/wp-json\/wp\/v2\/types\/page"}],"author":[{"embeddable":true,"href":"https:\/\/portal.uern.br\/propeg\/ppgcn\/wp-json\/wp\/v2\/users\/21"}],"replies":[{"embeddable":true,"href":"https:\/\/portal.uern.br\/propeg\/ppgcn\/wp-json\/wp\/v2\/comments?post=1452"}],"version-history":[{"count":42,"href":"https:\/\/portal.uern.br\/propeg\/ppgcn\/wp-json\/wp\/v2\/pages\/1452\/revisions"}],"predecessor-version":[{"id":1863,"href":"https:\/\/portal.uern.br\/propeg\/ppgcn\/wp-json\/wp\/v2\/pages\/1452\/revisions\/1863"}],"wp:attachment":[{"href":"https:\/\/portal.uern.br\/propeg\/ppgcn\/wp-json\/wp\/v2\/media?parent=1452"}],"curies":[{"name":"wp","href":"https:\/\/api.w.org\/{rel}","templated":true}]}}