{"id":1425,"date":"2025-04-10T11:50:09","date_gmt":"2025-04-10T14:50:09","guid":{"rendered":"https:\/\/portal.uern.br\/propeg\/ppgcn\/?page_id=1425"},"modified":"2025-11-18T11:24:06","modified_gmt":"2025-11-18T14:24:06","slug":"formularios","status":"publish","type":"page","link":"https:\/\/portal.uern.br\/propeg\/ppgcn\/formularios\/","title":{"rendered":"Formul\u00e1rios"},"content":{"rendered":"<p><strong><a class=\"cor\" href=\"https:\/\/sigaa.uern.br\/sigaa\/verProducao?idProducao=2210879&amp;key=ca7a034818032fb59b11fde8b4264c88\" target=\"_blank\" rel=\"noopener\">Alunos Ingressantes &#8211; Matr\u00edcula em Disciplinas<\/a><\/strong><\/p>\n<p><strong><a class=\"cor\" href=\"https:\/\/sigaa.uern.br\/sigaa\/verProducao?idProducao=2210878&amp;key=c68a14969c9c172e451fa9c15dacf2de\" target=\"_blank\" rel=\"noopener\">Alunos Ingressantes &#8211; Matr\u00edcula no Programa<\/a><\/strong><\/p>\n<p><strong><a class=\"cor\" href=\"https:\/\/sigaa.uern.br\/sigaa\/verProducao?idProducao=2210890&amp;key=fad666d812e2d49a3be176b7f26f56bc\" target=\"_blank\" rel=\"noopener\">Alunos Regulares &#8211; Aproveitamento de Cr\u00e9ditos<\/a><\/strong><\/p>\n<p><strong><a class=\"cor\" href=\"https:\/\/sigaa.uern.br\/sigaa\/verProducao?idProducao=2210882&amp;key=d40c63ea746e69b4467e9f1f9446135a\" target=\"_blank\" rel=\"noopener\">Alunos Regulares &#8211; Matr\u00edcula em Disciplinas<\/a><\/strong><\/p>\n<p><strong><a class=\"cor\" href=\"https:\/\/sigaa.uern.br\/sigaa\/verProducao?idProducao=2210883&amp;key=000e3ec1fc6378efbfaae4f0dd4fb9b2\" target=\"_blank\" rel=\"noopener\">Alunos Regulares &#8211; Projeto de Pesquisa<\/a><\/strong><\/p>\n<p><strong><a class=\"cor\" href=\"https:\/\/sigaa.uern.br\/sigaa\/verProducao?idProducao=2210888&amp;key=9bccde76050709ceb45b37e43d1e2863\" target=\"_blank\" rel=\"noopener\">Alunos Regulares &#8211; Prorroga\u00e7\u00e3o Defesa<\/a><\/strong><\/p>\n<p><strong><a class=\"cor\" href=\"https:\/\/sigaa.uern.br\/sigaa\/verProducao?idProducao=2210889&amp;key=4116e5e2a4cc210b38f784065c78141c\" target=\"_blank\" rel=\"noopener\">Alunos Regulares &#8211; Prorroga\u00e7\u00e3o Qualifica\u00e7\u00e3o<\/a><\/strong><\/p>\n<p><strong><a class=\"cor\" href=\"https:\/\/sigaa.uern.br\/sigaa\/verProducao?idProducao=2240820&amp;key=5cb9d414b5b627207aa9f7e9082f23c9\" target=\"_blank\" rel=\"noopener\">Alunos Regulares &#8211; Relat\u00f3rio de Atividades<\/a><\/strong><\/p>\n<p><strong><a class=\"cor\" href=\"https:\/\/sigaa.uern.br\/sigaa\/verProducao?idProducao=2210886&amp;key=8ab5fe1d1c45745567fbdf5b5bd22993\" target=\"_blank\" rel=\"noopener\">Alunos Regulares &#8211; Trancamento Matr\u00edcula em Disciplinas<\/a><\/strong><\/p>\n<p><strong><a class=\"cor\" href=\"https:\/\/sigaa.uern.br\/sigaa\/verProducao?idProducao=2210887&amp;key=b7ae71c7dd9930ca3368bd74166ce776\" target=\"_blank\" rel=\"noopener\">Alunos Regulares &#8211; Trancamento Matr\u00edcula no Programa<\/a><\/strong><\/p>\n<p><strong><a class=\"cor\" href=\"https:\/\/sigaa.uern.br\/sigaa\/verProducao?idProducao=2210891&amp;key=d07db732cb6afd92e0e7bf07dd73bfab\" target=\"_blank\" rel=\"noopener\">Alunos Regulares &#8211; Transfer\u00eancia de Orienta\u00e7\u00e3o<\/a><\/strong><\/p>\n<p><a href=\"http:\/\/portal.uern.br\/propeg\/ppgcn\/wp-content\/uploads\/sites\/12\/2025\/11\/Solicitao_de_Defesa_de_DissertaCAO.doc\"><strong>Defesa Disserta\u00e7\u00e3o de Mestrado<\/strong><\/a><\/p>\n<p><strong><a class=\"cor\" href=\"https:\/\/sigaa.uern.br\/sigaa\/verProducao?idProducao=2205642&amp;key=18a9394385c651e659da362255d30697\" target=\"_blank\" rel=\"noopener\">Defesa Projeto<\/a><\/strong><\/p>\n<p><a href=\"http:\/\/portal.uern.br\/propeg\/ppgcn\/wp-content\/uploads\/sites\/12\/2025\/11\/Solicitao_de_Qualificacao_.docx\"><strong>Qualifica\u00e7\u00e3o<\/strong><\/a><\/p>\n<p><strong><a class=\"cor\" href=\"https:\/\/sigaa.uern.br\/sigaa\/verProducao?idProducao=2205645&amp;key=68904f1bf34c5887f662a4b4a848b7c7\" target=\"_blank\" rel=\"noopener\">Formaliza\u00e7\u00e3o de Coorientador<\/a><\/strong><\/p>\n","protected":false},"excerpt":{"rendered":"<p>Alunos Ingressantes &#8211; Matr\u00edcula em Disciplinas Alunos Ingressantes &#8211; Matr\u00edcula no Programa Alunos Regulares &#8211; Aproveitamento de Cr\u00e9ditos Alunos Regulares &#8211; Matr\u00edcula em Disciplinas Alunos Regulares &#8211; Projeto de Pesquisa Alunos Regulares &#8211; Prorroga\u00e7\u00e3o Defesa Alunos Regulares &#8211; Prorroga\u00e7\u00e3o Qualifica\u00e7\u00e3o Alunos Regulares &#8211; Relat\u00f3rio de Atividades Alunos Regulares &#8211; Trancamento Matr\u00edcula em Disciplinas Alunos Regulares [&hellip;]<\/p>\n","protected":false},"author":21,"featured_media":0,"parent":0,"menu_order":0,"comment_status":"closed","ping_status":"closed","template":"","meta":{"footnotes":""},"class_list":["post-1425","page","type-page","status-publish","hentry"],"_links":{"self":[{"href":"https:\/\/portal.uern.br\/propeg\/ppgcn\/wp-json\/wp\/v2\/pages\/1425","targetHints":{"allow":["GET"]}}],"collection":[{"href":"https:\/\/portal.uern.br\/propeg\/ppgcn\/wp-json\/wp\/v2\/pages"}],"about":[{"href":"https:\/\/portal.uern.br\/propeg\/ppgcn\/wp-json\/wp\/v2\/types\/page"}],"author":[{"embeddable":true,"href":"https:\/\/portal.uern.br\/propeg\/ppgcn\/wp-json\/wp\/v2\/users\/21"}],"replies":[{"embeddable":true,"href":"https:\/\/portal.uern.br\/propeg\/ppgcn\/wp-json\/wp\/v2\/comments?post=1425"}],"version-history":[{"count":15,"href":"https:\/\/portal.uern.br\/propeg\/ppgcn\/wp-json\/wp\/v2\/pages\/1425\/revisions"}],"predecessor-version":[{"id":1989,"href":"https:\/\/portal.uern.br\/propeg\/ppgcn\/wp-json\/wp\/v2\/pages\/1425\/revisions\/1989"}],"wp:attachment":[{"href":"https:\/\/portal.uern.br\/propeg\/ppgcn\/wp-json\/wp\/v2\/media?parent=1425"}],"curies":[{"name":"wp","href":"https:\/\/api.w.org\/{rel}","templated":true}]}}