{"id":1354,"date":"2025-04-07T10:55:00","date_gmt":"2025-04-07T13:55:00","guid":{"rendered":"https:\/\/portal.uern.br\/propeg\/ppgcn\/?page_id=1354"},"modified":"2026-03-10T09:03:38","modified_gmt":"2026-03-10T12:03:38","slug":"horarios","status":"publish","type":"page","link":"https:\/\/portal.uern.br\/propeg\/ppgcn\/horarios\/","title":{"rendered":"Hor\u00e1rios"},"content":{"rendered":"<p><a href=\"http:\/\/portal.uern.br\/propeg\/ppgcn\/wp-content\/uploads\/sites\/12\/2026\/03\/Hora\u0301rio_2026.1.pdf\"><strong>HOR\u00c1RIO 2026.1<\/strong><\/a><\/p>\n<p><strong><a style=\"font-size: serif;color: #0000ff;letter-spacing: 0px\" href=\"http:\/\/portal.uern.br\/propeg\/ppgcn\/wp-content\/uploads\/sites\/12\/2025\/08\/Horario_2025.2.pdf\"><strong>HOR\u00c1RIO 2025.2<\/strong><\/a><\/strong><\/p>\n<p><strong><a style=\"font-size: serif;color: #0000ff;letter-spacing: 0px\" href=\"http:\/\/portal.uern.br\/propeg\/ppgcn\/wp-content\/uploads\/sites\/12\/2025\/04\/Horario_2025.1.pdf\"><strong>HOR\u00c1RIO 2025.1<\/strong><\/a><\/strong><\/p>\n","protected":false},"excerpt":{"rendered":"<p>HOR\u00c1RIO 2026.1 HOR\u00c1RIO 2025.2 HOR\u00c1RIO 2025.1<\/p>\n","protected":false},"author":21,"featured_media":0,"parent":0,"menu_order":0,"comment_status":"closed","ping_status":"closed","template":"","meta":{"footnotes":""},"class_list":["post-1354","page","type-page","status-publish","hentry"],"_links":{"self":[{"href":"https:\/\/portal.uern.br\/propeg\/ppgcn\/wp-json\/wp\/v2\/pages\/1354","targetHints":{"allow":["GET"]}}],"collection":[{"href":"https:\/\/portal.uern.br\/propeg\/ppgcn\/wp-json\/wp\/v2\/pages"}],"about":[{"href":"https:\/\/portal.uern.br\/propeg\/ppgcn\/wp-json\/wp\/v2\/types\/page"}],"author":[{"embeddable":true,"href":"https:\/\/portal.uern.br\/propeg\/ppgcn\/wp-json\/wp\/v2\/users\/21"}],"replies":[{"embeddable":true,"href":"https:\/\/portal.uern.br\/propeg\/ppgcn\/wp-json\/wp\/v2\/comments?post=1354"}],"version-history":[{"count":10,"href":"https:\/\/portal.uern.br\/propeg\/ppgcn\/wp-json\/wp\/v2\/pages\/1354\/revisions"}],"predecessor-version":[{"id":2085,"href":"https:\/\/portal.uern.br\/propeg\/ppgcn\/wp-json\/wp\/v2\/pages\/1354\/revisions\/2085"}],"wp:attachment":[{"href":"https:\/\/portal.uern.br\/propeg\/ppgcn\/wp-json\/wp\/v2\/media?parent=1354"}],"curies":[{"name":"wp","href":"https:\/\/api.w.org\/{rel}","templated":true}]}}