{"id":933,"date":"2025-07-01T14:07:48","date_gmt":"2025-07-01T17:07:48","guid":{"rendered":"https:\/\/portal.uern.br\/propeg\/posensino\/?page_id=933"},"modified":"2026-02-10T11:50:11","modified_gmt":"2026-02-10T14:50:11","slug":"turma-2023","status":"publish","type":"page","link":"https:\/\/portal.uern.br\/propeg\/posensino\/turma-2023\/","title":{"rendered":"Turma 2023"},"content":{"rendered":"<p style=\"font-family: calibri\" align=\"justify\"><strong>Seguem abaixo as disserta\u00e7\u00f5es produzidas pelos alunos da oitava turma do POSENSINO:<\/strong><\/p>\n<ul style=\"font-family: calibri\">\n<li><a href=\"https:\/\/repositorio.ufersa.edu.br\/items\/82713df2-1f4a-4657-a3f1-c5eeb573af28\">Adriana Schneider Muller Konzen<\/a><\/li>\n<li><a href=\"https:\/\/repositorio.ufersa.edu.br\/items\/0bed41c2-783d-4990-8c90-e21aa0eb5733\">Ana Sabrina Costa Oliveira Paix\u00e3o<\/a><\/li>\n<li><a href=\"https:\/\/repositorio.ufersa.edu.br\/items\/a5723ef2-1d10-4ff8-90fe-be7d7330b4bd\">Ana Paula de Oliveira<\/a><\/li>\n<li><a href=\"https:\/\/repositorio.ufersa.edu.br\/items\/4ae3b818-e6cd-4505-99db-717bce8fec7d\">Carla Moura Dutra<\/a><\/li>\n<li><a href=\"https:\/\/repositorio.ufersa.edu.br\/items\/f1450e0c-c33c-4401-b385-db4c431f7e9e\">Clara Wesllyane Morais da Silva<\/a><\/li>\n<li>Francisca Miliana Pereira<\/li>\n<li><a href=\"https:\/\/repositorio.ufersa.edu.br\/items\/825f3113-47aa-453c-828c-b6a1c837f468\">Fernanda Sheila Medeiros da Silva<\/a><\/li>\n<li><a href=\"https:\/\/repositorio.ufersa.edu.br\/items\/66e523da-69c7-43c0-8fd5-81ccebe538b5\">Igo Delanio Bezerra de Medeiros<\/a><\/li>\n<li><a href=\"https:\/\/repositorio.ufersa.edu.br\/items\/c8b8692c-4a1e-4847-ace8-48674c9f26ed\">Jo\u00e3o Batista Sena Neto<\/a><\/li>\n<li><a href=\"https:\/\/repositorio.ufersa.edu.br\/items\/2836d781-278a-4d10-a5fa-1f8248a501cf\">Layanne Nayara de Menezes Souza Nascimento<\/a><\/li>\n<li><a href=\"https:\/\/repositorio.ufersa.edu.br\/items\/c5c76369-492f-470a-9360-d9620774a1ee\">Lyanka Leonara da Costa Amaral<\/a><\/li>\n<li><a href=\"https:\/\/repositorio.ufersa.edu.br\/items\/c6325965-2686-446c-be64-c4b8b52d65b9\">Nadja Daniella Oliveira<\/a><\/li>\n<li><a href=\"https:\/\/repositorio.ufersa.edu.br\/items\/65966c91-0cb7-4fd9-9638-6183273a0c64\">Priscila Rusalina Medeiros de Oliveira<\/a><\/li>\n<li><a href=\"https:\/\/repositorio.ufersa.edu.br\/items\/9e8ce13d-a7cf-4008-9a34-6a22010f33c1\">Ros\u00e2ngela de Medeiros Pereira<\/a><\/li>\n<li><a href=\"https:\/\/repositorio.ufersa.edu.br\/items\/1bd3fc68-d7b6-441b-9946-327bb4df1ca9\">Rosinilva Maciel Farias<\/a><\/li>\n<li><a href=\"https:\/\/repositorio.ufersa.edu.br\/items\/640059ef-cb19-41b9-b5b3-3681085e0537\">Thadeu Cortez de Paiva<\/a><\/li>\n<\/ul>\n","protected":false},"excerpt":{"rendered":"<p>Seguem abaixo as disserta\u00e7\u00f5es produzidas pelos alunos da oitava turma do POSENSINO: Adriana Schneider Muller Konzen Ana Sabrina Costa Oliveira Paix\u00e3o Ana Paula de Oliveira Carla Moura Dutra Clara Wesllyane Morais da Silva Francisca Miliana Pereira Fernanda Sheila Medeiros da Silva Igo Delanio Bezerra de Medeiros Jo\u00e3o Batista Sena Neto Layanne Nayara de Menezes Souza [&hellip;]<\/p>\n","protected":false},"author":22,"featured_media":0,"parent":0,"menu_order":0,"comment_status":"closed","ping_status":"closed","template":"","meta":{"footnotes":""},"class_list":["post-933","page","type-page","status-publish","hentry"],"_links":{"self":[{"href":"https:\/\/portal.uern.br\/propeg\/posensino\/wp-json\/wp\/v2\/pages\/933","targetHints":{"allow":["GET"]}}],"collection":[{"href":"https:\/\/portal.uern.br\/propeg\/posensino\/wp-json\/wp\/v2\/pages"}],"about":[{"href":"https:\/\/portal.uern.br\/propeg\/posensino\/wp-json\/wp\/v2\/types\/page"}],"author":[{"embeddable":true,"href":"https:\/\/portal.uern.br\/propeg\/posensino\/wp-json\/wp\/v2\/users\/22"}],"replies":[{"embeddable":true,"href":"https:\/\/portal.uern.br\/propeg\/posensino\/wp-json\/wp\/v2\/comments?post=933"}],"version-history":[{"count":10,"href":"https:\/\/portal.uern.br\/propeg\/posensino\/wp-json\/wp\/v2\/pages\/933\/revisions"}],"predecessor-version":[{"id":1092,"href":"https:\/\/portal.uern.br\/propeg\/posensino\/wp-json\/wp\/v2\/pages\/933\/revisions\/1092"}],"wp:attachment":[{"href":"https:\/\/portal.uern.br\/propeg\/posensino\/wp-json\/wp\/v2\/media?parent=933"}],"curies":[{"name":"wp","href":"https:\/\/api.w.org\/{rel}","templated":true}]}}