{"id":735,"date":"2025-05-07T15:03:01","date_gmt":"2025-05-07T18:03:01","guid":{"rendered":"https:\/\/portal.uern.br\/propeg\/posensino\/?page_id=735"},"modified":"2025-07-02T13:59:58","modified_gmt":"2025-07-02T16:59:58","slug":"turma-2022","status":"publish","type":"page","link":"https:\/\/portal.uern.br\/propeg\/posensino\/turma-2022\/","title":{"rendered":"Turma 2022"},"content":{"rendered":"<p style=\"font-family: calibri\" align=\"justify\"><strong>Seguem abaixo as disserta\u00e7\u00f5es produzidas pelos alunos da s\u00e9tima turma do POSENSINO:<\/strong><\/p>\n<ul style=\"font-family: calibri\">\n<li><a href=\"https:\/\/sucupira-legado.capes.gov.br\/sucupira\/public\/consultas\/coleta\/trabalhoConclusao\/viewTrabalhoConclusao.jsf?popup=true&amp;id_trabalho=15145943\">Afonso Jampierry Silveira de Almeida<\/a><\/li>\n<li><a href=\"https:\/\/sucupira-legado.capes.gov.br\/sucupira\/public\/consultas\/coleta\/trabalhoConclusao\/viewTrabalhoConclusao.jsf?popup=true&amp;id_trabalho=16572522\">Ana Karoliny de Souza Silveira<\/a><\/li>\n<li><a href=\"https:\/\/sucupira-legado.capes.gov.br\/sucupira\/public\/consultas\/coleta\/trabalhoConclusao\/viewTrabalhoConclusao.jsf?popup=true&amp;id_trabalho=14490598\">Areillen Ronney Rocha Reges<\/a><\/li>\n<li><a href=\"https:\/\/sucupira-legado.capes.gov.br\/sucupira\/public\/consultas\/coleta\/trabalhoConclusao\/viewTrabalhoConclusao.jsf?popup=true&amp;id_trabalho=16670303\">C\u00edntia Talita Aureliano de Souza Albano<\/a><\/li>\n<li><a href=\"https:\/\/sucupira-legado.capes.gov.br\/sucupira\/public\/consultas\/coleta\/trabalhoConclusao\/viewTrabalhoConclusao.jsf?popup=true&amp;id_trabalho=15149844\">Cl\u00e1udia Karina Soares de Mac\u00eado<\/a><\/li>\n<li><a href=\"https:\/\/sucupira-legado.capes.gov.br\/sucupira\/public\/consultas\/coleta\/trabalhoConclusao\/viewTrabalhoConclusao.jsf?popup=true&amp;id_trabalho=15273376\">Daniely Aliny da Silva Barros<\/a><\/li>\n<li><a href=\"https:\/\/sucupira-legado.capes.gov.br\/sucupira\/public\/consultas\/coleta\/trabalhoConclusao\/viewTrabalhoConclusao.jsf?popup=true&amp;id_trabalho=15163933\">\u00c9lida Karla Alves de Brito<\/a><\/li>\n<li><a href=\"https:\/\/sucupira-legado.capes.gov.br\/sucupira\/public\/consultas\/coleta\/trabalhoConclusao\/viewTrabalhoConclusao.jsf?popup=true&amp;id_trabalho=15167984\">Elton Souza de Melo<\/a><\/li>\n<li><a href=\"https:\/\/sucupira-legado.capes.gov.br\/sucupira\/public\/consultas\/coleta\/trabalhoConclusao\/viewTrabalhoConclusao.jsf?popup=true&amp;id_trabalho=14641291\">Fernanda Alves Cavalcante<\/a><\/li>\n<li><a href=\"https:\/\/sucupira-legado.capes.gov.br\/sucupira\/public\/consultas\/coleta\/trabalhoConclusao\/viewTrabalhoConclusao.jsf?popup=true&amp;id_trabalho=15140183\">Francisca Gomes da Silva<\/a><\/li>\n<li><a href=\"https:\/\/sucupira-legado.capes.gov.br\/sucupira\/public\/consultas\/coleta\/trabalhoConclusao\/viewTrabalhoConclusao.jsf?popup=true&amp;id_trabalho=15140169\">Francisco Mailson de Lima Cavalcante<\/a><\/li>\n<li><a href=\"https:\/\/sucupira-legado.capes.gov.br\/sucupira\/public\/consultas\/coleta\/trabalhoConclusao\/viewTrabalhoConclusao.jsf?popup=true&amp;id_trabalho=15156352\">Francisco Mateus Alexandre de Lima<\/a><\/li>\n<li><a href=\"https:\/\/sucupira-legado.capes.gov.br\/sucupira\/public\/consultas\/coleta\/trabalhoConclusao\/viewTrabalhoConclusao.jsf?popup=true&amp;id_trabalho=15012816\">Ismael Costa da Silva<\/a><\/li>\n<li><a href=\"https:\/\/sucupira-legado.capes.gov.br\/sucupira\/public\/consultas\/coleta\/trabalhoConclusao\/viewTrabalhoConclusao.jsf?popup=true&amp;id_trabalho=16153516\">Izabel Maria Nunes do Nascimento<\/a><\/li>\n<li><a href=\"https:\/\/sucupira-legado.capes.gov.br\/sucupira\/public\/consultas\/coleta\/trabalhoConclusao\/viewTrabalhoConclusao.jsf?popup=true&amp;id_trabalho=15149283\">Jessica Danielly Silva<\/a><\/li>\n<li><a href=\"https:\/\/sucupira-legado.capes.gov.br\/sucupira\/public\/consultas\/coleta\/trabalhoConclusao\/viewTrabalhoConclusao.jsf?popup=true&amp;id_trabalho=15429980\">Jo\u00e3o Jeisiano Salvador da Silva Fernandes<\/a><\/li>\n<li><a href=\"https:\/\/sucupira-legado.capes.gov.br\/sucupira\/public\/consultas\/coleta\/trabalhoConclusao\/viewTrabalhoConclusao.jsf?popup=true&amp;id_trabalho=15420926\">Juliana Kallyne Torres Marinho<\/a><\/li>\n<li><a href=\"https:\/\/sucupira-legado.capes.gov.br\/sucupira\/public\/consultas\/coleta\/trabalhoConclusao\/viewTrabalhoConclusao.jsf?popup=true&amp;id_trabalho=15459865\">Lorena Feitosa Costa<\/a><\/li>\n<li><a href=\"https:\/\/sucupira-legado.capes.gov.br\/sucupira\/public\/consultas\/coleta\/trabalhoConclusao\/viewTrabalhoConclusao.jsf?popup=true&amp;id_trabalho=14985284\">Maria Alice Almeida Sales do Nascimento<\/a><\/li>\n<li><a href=\"https:\/\/sucupira-legado.capes.gov.br\/sucupira\/public\/consultas\/coleta\/trabalhoConclusao\/viewTrabalhoConclusao.jsf?popup=true&amp;id_trabalho=15159281\">Maria da Sa\u00fade Pinto da Costa<\/a><\/li>\n<li><a href=\"https:\/\/repositorio.apps.uern.br\/jspui\/handle\/123456789\/1381\">Maria Izabel de Oliveira Cardoso<\/a><\/li>\n<li><a href=\"https:\/\/sucupira-legado.capes.gov.br\/sucupira\/public\/consultas\/coleta\/trabalhoConclusao\/viewTrabalhoConclusao.jsf?popup=true&amp;id_trabalho=15405357\">Marlison Diego Melo da Silva<\/a><\/li>\n<li><a href=\"https:\/\/sucupira-legado.capes.gov.br\/sucupira\/public\/consultas\/coleta\/trabalhoConclusao\/viewTrabalhoConclusao.jsf?popup=true&amp;id_trabalho=15402239\">Matheus Klisman de Castro e Silva<\/a><\/li>\n<li><a href=\"https:\/\/sucupira-legado.capes.gov.br\/sucupira\/public\/consultas\/coleta\/trabalhoConclusao\/viewTrabalhoConclusao.jsf?popup=true&amp;id_trabalho=15127787\">Maxsuel Allson de Paiva Galv\u00e3o<\/a><\/li>\n<li><a href=\"https:\/\/sucupira-legado.capes.gov.br\/sucupira\/public\/consultas\/coleta\/trabalhoConclusao\/viewTrabalhoConclusao.jsf?popup=true&amp;id_trabalho=15624257\">Maysa Almeida e Almeida<\/a><\/li>\n<li><a href=\"https:\/\/sucupira-legado.capes.gov.br\/sucupira\/public\/consultas\/coleta\/trabalhoConclusao\/viewTrabalhoConclusao.jsf?popup=true&amp;id_trabalho=15702022\">Pollyana Raquel de Morais Arcanjo<\/a><\/li>\n<li><a href=\"https:\/\/sucupira-legado.capes.gov.br\/sucupira\/public\/consultas\/coleta\/trabalhoConclusao\/viewTrabalhoConclusao.jsf?popup=true&amp;id_trabalho=15140105\">Ramon Roseno Alves<\/a><\/li>\n<li><a href=\"https:\/\/sucupira-legado.capes.gov.br\/sucupira\/public\/consultas\/coleta\/trabalhoConclusao\/viewTrabalhoConclusao.jsf?popup=true&amp;id_trabalho=15166288\">Sabrina Loiola de Morais<\/a><\/li>\n<li><a href=\"https:\/\/sucupira-legado.capes.gov.br\/sucupira\/public\/consultas\/coleta\/trabalhoConclusao\/viewTrabalhoConclusao.jsf?popup=true&amp;id_trabalho=15701328\">Sarah Apoliana da Silva Bandeira<\/a><\/li>\n<li><a href=\"https:\/\/sucupira-legado.capes.gov.br\/sucupira\/public\/consultas\/coleta\/trabalhoConclusao\/viewTrabalhoConclusao.jsf?popup=true&amp;id_trabalho=16121155\">Valter Carlos de Menezes<\/a><\/li>\n<li><a href=\"https:\/\/sucupira-legado.capes.gov.br\/sucupira\/public\/consultas\/coleta\/trabalhoConclusao\/viewTrabalhoConclusao.jsf?popup=true&amp;id_trabalho=14991040\">Vanessa de Fran\u00e7a Almeida Gurgel<\/a><\/li>\n<li><a href=\"https:\/\/sucupira-legado.capes.gov.br\/sucupira\/public\/consultas\/coleta\/trabalhoConclusao\/viewTrabalhoConclusao.jsf?popup=true&amp;id_trabalho=15145995\">V\u00e2nia Karla Dantas Ricardo de Melo<\/a><\/li>\n<li><a href=\"https:\/\/sucupira-legado.capes.gov.br\/sucupira\/public\/consultas\/coleta\/trabalhoConclusao\/viewTrabalhoConclusao.jsf?popup=true&amp;id_trabalho=15014267\">Wyllamy Samuel da Costa<\/a><\/li>\n<\/ul>\n","protected":false},"excerpt":{"rendered":"<p>Seguem abaixo as disserta\u00e7\u00f5es produzidas pelos alunos da s\u00e9tima turma do POSENSINO: Afonso Jampierry Silveira de Almeida Ana Karoliny de Souza Silveira Areillen Ronney Rocha Reges C\u00edntia Talita Aureliano de Souza Albano Cl\u00e1udia Karina Soares de Mac\u00eado Daniely Aliny da Silva Barros \u00c9lida Karla Alves de Brito Elton Souza de Melo Fernanda Alves Cavalcante Francisca [&hellip;]<\/p>\n","protected":false},"author":22,"featured_media":0,"parent":0,"menu_order":0,"comment_status":"closed","ping_status":"closed","template":"","meta":{"footnotes":""},"class_list":["post-735","page","type-page","status-publish","hentry"],"_links":{"self":[{"href":"https:\/\/portal.uern.br\/propeg\/posensino\/wp-json\/wp\/v2\/pages\/735","targetHints":{"allow":["GET"]}}],"collection":[{"href":"https:\/\/portal.uern.br\/propeg\/posensino\/wp-json\/wp\/v2\/pages"}],"about":[{"href":"https:\/\/portal.uern.br\/propeg\/posensino\/wp-json\/wp\/v2\/types\/page"}],"author":[{"embeddable":true,"href":"https:\/\/portal.uern.br\/propeg\/posensino\/wp-json\/wp\/v2\/users\/22"}],"replies":[{"embeddable":true,"href":"https:\/\/portal.uern.br\/propeg\/posensino\/wp-json\/wp\/v2\/comments?post=735"}],"version-history":[{"count":5,"href":"https:\/\/portal.uern.br\/propeg\/posensino\/wp-json\/wp\/v2\/pages\/735\/revisions"}],"predecessor-version":[{"id":953,"href":"https:\/\/portal.uern.br\/propeg\/posensino\/wp-json\/wp\/v2\/pages\/735\/revisions\/953"}],"wp:attachment":[{"href":"https:\/\/portal.uern.br\/propeg\/posensino\/wp-json\/wp\/v2\/media?parent=735"}],"curies":[{"name":"wp","href":"https:\/\/api.w.org\/{rel}","templated":true}]}}