{"id":733,"date":"2025-05-07T15:02:18","date_gmt":"2025-05-07T18:02:18","guid":{"rendered":"https:\/\/portal.uern.br\/propeg\/posensino\/?page_id=733"},"modified":"2025-07-09T10:04:49","modified_gmt":"2025-07-09T13:04:49","slug":"turma-2021","status":"publish","type":"page","link":"https:\/\/portal.uern.br\/propeg\/posensino\/turma-2021\/","title":{"rendered":"Turma 2021"},"content":{"rendered":"<p style=\"font-family: calibri\" align=\"justify\"><strong>Seguem abaixo as disserta\u00e7\u00f5es produzidas pelos alunos da sexta turma do POSENSINO:<\/strong><\/p>\n<ul style=\"font-family: calibri\">\n<li><a href=\"https:\/\/sucupira-legado.capes.gov.br\/sucupira\/public\/consultas\/coleta\/trabalhoConclusao\/viewTrabalhoConclusao.jsf?popup=true&amp;id_trabalho=13824150\">Alberto Assis Magalh\u00e3es<\/a><\/li>\n<li><a href=\"https:\/\/sucupira-legado.capes.gov.br\/sucupira\/public\/consultas\/coleta\/trabalhoConclusao\/viewTrabalhoConclusao.jsf?popup=true&amp;id_trabalho=14342092\">Amanda Aparecida da Costa<\/a><\/li>\n<li><a href=\"https:\/\/sucupira-legado.capes.gov.br\/sucupira\/public\/consultas\/coleta\/trabalhoConclusao\/viewTrabalhoConclusao.jsf?popup=true&amp;id_trabalho=15143844\">Ana L\u00facia Costa de Mac\u00eado<\/a><\/li>\n<li><a href=\"https:\/\/sucupira-legado.capes.gov.br\/sucupira\/public\/consultas\/coleta\/trabalhoConclusao\/viewTrabalhoConclusao.jsf?popup=true&amp;id_trabalho=13859957\">Ana Paula Vieira Vila\u00e7a<\/a><\/li>\n<li><a href=\"https:\/\/repositorio.ufersa.edu.br\/items\/44442a42-170c-40b2-8a05-2dbc256b3846\">Antonio Anderson Brito do Nascimento<\/a><\/li>\n<li><a href=\"https:\/\/sucupira-legado.capes.gov.br\/sucupira\/public\/consultas\/coleta\/trabalhoConclusao\/viewTrabalhoConclusao.jsf?popup=true&amp;id_trabalho=13739717\">Argentina Moror\u00f3 Castro<\/a><\/li>\n<li><a href=\"https:\/\/sucupira-legado.capes.gov.br\/sucupira\/public\/consultas\/coleta\/trabalhoConclusao\/viewTrabalhoConclusao.jsf?popup=true&amp;id_trabalho=13061454\">Artevaldo da Silva Ramalho<\/a><\/li>\n<li><a href=\"https:\/\/sucupira-legado.capes.gov.br\/sucupira\/public\/consultas\/coleta\/trabalhoConclusao\/viewTrabalhoConclusao.jsf?popup=true&amp;id_trabalho=15624889\">Carliana de Moura Dutra<\/a><\/li>\n<li><a href=\"https:\/\/sucupira-legado.capes.gov.br\/sucupira\/public\/consultas\/coleta\/trabalhoConclusao\/viewTrabalhoConclusao.jsf?popup=true&amp;id_trabalho=13857768\">Carlos Alberto de Carvalho Andrade<\/a><\/li>\n<li><a href=\"https:\/\/sucupira-legado.capes.gov.br\/sucupira\/public\/consultas\/coleta\/trabalhoConclusao\/viewTrabalhoConclusao.jsf?popup=true&amp;id_trabalho=15173727\">Clairton Almeida Maia<\/a><\/li>\n<li><a href=\"https:\/\/sucupira-legado.capes.gov.br\/sucupira\/public\/consultas\/coleta\/trabalhoConclusao\/viewTrabalhoConclusao.jsf?popup=true&amp;id_trabalho=13859958\">Cristina Emanuelly da Silva<\/a><\/li>\n<li><a href=\"https:\/\/sucupira-legado.capes.gov.br\/sucupira\/public\/consultas\/coleta\/trabalhoConclusao\/viewTrabalhoConclusao.jsf?popup=true&amp;id_trabalho=15166077\">Daiane Ramile de Oliveira Rodrigues<\/a><\/li>\n<li><a href=\"https:\/\/sucupira-legado.capes.gov.br\/sucupira\/public\/consultas\/coleta\/trabalhoConclusao\/viewTrabalhoConclusao.jsf?popup=true&amp;id_trabalho=14512946\">Danielle Pereira de Almeida<\/a><\/li>\n<li><a href=\"https:\/\/sucupira-legado.capes.gov.br\/sucupira\/public\/consultas\/coleta\/trabalhoConclusao\/viewTrabalhoConclusao.jsf?popup=true&amp;id_trabalho=13754028\">Danielle Taumaturgo Dias Soares<\/a><\/li>\n<li><a href=\"https:\/\/sucupira-legado.capes.gov.br\/sucupira\/public\/consultas\/coleta\/trabalhoConclusao\/viewTrabalhoConclusao.jsf?popup=true&amp;id_trabalho=13862690\">D\u00e9bora Dantas Silva<\/a><\/li>\n<li><a href=\"https:\/\/sucupira-legado.capes.gov.br\/sucupira\/public\/consultas\/coleta\/trabalhoConclusao\/viewTrabalhoConclusao.jsf?popup=true&amp;id_trabalho=13927621\">Debora Raquel dos Santos<\/a><\/li>\n<li><a href=\"https:\/\/sucupira-legado.capes.gov.br\/sucupira\/public\/consultas\/coleta\/trabalhoConclusao\/viewTrabalhoConclusao.jsf?popup=true&amp;id_trabalho=13911147\">Dulcilene Leite de Amorim Moraes<\/a><\/li>\n<li><a href=\"https:\/\/sucupira-legado.capes.gov.br\/sucupira\/public\/consultas\/coleta\/trabalhoConclusao\/viewTrabalhoConclusao.jsf?popup=true&amp;id_trabalho=13862834\">Elaine Cristina do Nascimento Sousa Sales<\/a><\/li>\n<li><a href=\"https:\/\/sucupira-legado.capes.gov.br\/sucupira\/public\/consultas\/coleta\/trabalhoConclusao\/viewTrabalhoConclusao.jsf?popup=true&amp;id_trabalho=14010977\">Erisvaldo Rodrigues Alc\u00e2ntara<\/a><\/li>\n<li><a href=\"https:\/\/repositorio.ufersa.edu.br\/items\/2d253001-7c0e-4201-81cb-cf3b455a53f4\">Gabrielly Thiciane dos Santos Andrade<\/a><\/li>\n<li><a href=\"https:\/\/sucupira-legado.capes.gov.br\/sucupira\/public\/consultas\/coleta\/trabalhoConclusao\/viewTrabalhoConclusao.jsf?popup=true&amp;id_trabalho=13959252\">Germano Farias Pascoal<\/a><\/li>\n<li><a href=\"https:\/\/sucupira-legado.capes.gov.br\/sucupira\/public\/consultas\/coleta\/trabalhoConclusao\/viewTrabalhoConclusao.jsf?popup=true&amp;id_trabalho=13750179\">Gislayne Chiarelle Vieira Soares<\/a><\/li>\n<li><a href=\"https:\/\/sucupira-legado.capes.gov.br\/sucupira\/public\/consultas\/coleta\/trabalhoConclusao\/viewTrabalhoConclusao.jsf?popup=true&amp;id_trabalho=14341614\">Higo Thayrone da Silva Costa<\/a><\/li>\n<li><a href=\"https:\/\/sucupira-legado.capes.gov.br\/sucupira\/public\/consultas\/coleta\/trabalhoConclusao\/viewTrabalhoConclusao.jsf?popup=true&amp;id_trabalho=15178143\">Isabel Cristina Felix da Silva Alves<\/a><\/li>\n<li><a href=\"https:\/\/sucupira-legado.capes.gov.br\/sucupira\/public\/consultas\/coleta\/trabalhoConclusao\/viewTrabalhoConclusao.jsf?popup=true&amp;id_trabalho=13870790\">Joas Ferreira de Andrade<\/a><\/li>\n<li><a href=\"https:\/\/sucupira-legado.capes.gov.br\/sucupira\/public\/consultas\/coleta\/trabalhoConclusao\/viewTrabalhoConclusao.jsf?popup=true&amp;id_trabalho=14546175\">Julane Queiroz Costa Santos<\/a><\/li>\n<li><a href=\"https:\/\/repositorio.ufersa.edu.br\/items\/14930b35-be8e-445e-b8b9-905979be14ee\">Karen Rodrigues Shirahama Modesto<\/a><\/li>\n<li><a href=\"https:\/\/repositorio.ufersa.edu.br\/items\/b2a7b445-78bc-4408-9703-6a0053657ef4\">Larissa Mirelle de Souza Paiva<\/a><\/li>\n<li><a href=\"https:\/\/sucupira-legado.capes.gov.br\/sucupira\/public\/consultas\/coleta\/trabalhoConclusao\/viewTrabalhoConclusao.jsf?popup=true&amp;id_trabalho=15173692\">Luciana Carla da Silva Amaral<\/a><\/li>\n<li><a href=\"https:\/\/sucupira-legado.capes.gov.br\/sucupira\/public\/consultas\/coleta\/trabalhoConclusao\/viewTrabalhoConclusao.jsf?popup=true&amp;id_trabalho=13934998\">Marcineide Medeiros da Silva<\/a><\/li>\n<li><a href=\"https:\/\/repositorio.ufersa.edu.br\/items\/0a2ad0e0-86c0-422d-a809-bc732c9efa96\">M\u00e1rcio Ara\u00fajo de Almeida<\/a><\/li>\n<li><a href=\"https:\/\/sucupira-legado.capes.gov.br\/sucupira\/public\/consultas\/coleta\/trabalhoConclusao\/viewTrabalhoConclusao.jsf?popup=true&amp;id_trabalho=13875737\">Marcos de Sousa Xavier<\/a><\/li>\n<li><a href=\"https:\/\/sucupira-legado.capes.gov.br\/sucupira\/public\/consultas\/coleta\/trabalhoConclusao\/viewTrabalhoConclusao.jsf?popup=true&amp;id_trabalho=14546687\">Maria do Socorro Nogueira de Paula<\/a><\/li>\n<li><a href=\"https:\/\/repositorio.ufersa.edu.br\/items\/d05640d6-6171-48bc-97be-9625a2693a19\">Marta Jussara Morais da Silva Maia<\/a><\/li>\n<li><a href=\"https:\/\/sucupira-legado.capes.gov.br\/sucupira\/public\/consultas\/coleta\/trabalhoConclusao\/viewTrabalhoConclusao.jsf?popup=true&amp;id_trabalho=13787956\">M\u00edssola Arezza Bezerra da Costa Lorena<\/a><\/li>\n<li><a href=\"https:\/\/sucupira-legado.capes.gov.br\/sucupira\/public\/consultas\/coleta\/trabalhoConclusao\/viewTrabalhoConclusao.jsf?popup=true&amp;id_trabalho=13857746\">Myrna Cibelly de Oliveira Silva<\/a><\/li>\n<li><a href=\"https:\/\/sucupira-legado.capes.gov.br\/sucupira\/public\/consultas\/coleta\/trabalhoConclusao\/viewTrabalhoConclusao.jsf?popup=true&amp;id_trabalho=13881967\">Ramilson Medeiros de Mac\u00eado Saldanha<\/a><\/li>\n<li><a href=\"https:\/\/sucupira-legado.capes.gov.br\/sucupira\/public\/consultas\/coleta\/trabalhoConclusao\/viewTrabalhoConclusao.jsf?popup=true&amp;id_trabalho=13878813\">Rayuska Dayelly de Andrade<\/a><\/li>\n<li><a href=\"https:\/\/repositorio.ufersa.edu.br\/items\/eb34a3fd-4616-4d39-9d29-f1b829008906\">Rita Neirijane dos Reis Silva<\/a><\/li>\n<li><a href=\"https:\/\/sucupira-legado.capes.gov.br\/sucupira\/public\/consultas\/coleta\/trabalhoConclusao\/viewTrabalhoConclusao.jsf?popup=true&amp;id_trabalho=13911231\">Roberto Rufino Freire<\/a><\/li>\n<li><a href=\"https:\/\/sucupira-legado.capes.gov.br\/sucupira\/public\/consultas\/coleta\/trabalhoConclusao\/viewTrabalhoConclusao.jsf?popup=true&amp;id_trabalho=15172505\">Thayanny Kelinny Vasconcelos de Lima<\/a><\/li>\n<li><a href=\"https:\/\/sucupira-legado.capes.gov.br\/sucupira\/public\/consultas\/coleta\/trabalhoConclusao\/viewTrabalhoConclusao.jsf?popup=true&amp;id_trabalho=14002326\">Thrycia Viviane Gadelha Macena Oliveira<\/a><\/li>\n<\/ul>\n","protected":false},"excerpt":{"rendered":"<p>Seguem abaixo as disserta\u00e7\u00f5es produzidas pelos alunos da sexta turma do POSENSINO: Alberto Assis Magalh\u00e3es Amanda Aparecida da Costa Ana L\u00facia Costa de Mac\u00eado Ana Paula Vieira Vila\u00e7a Antonio Anderson Brito do Nascimento Argentina Moror\u00f3 Castro Artevaldo da Silva Ramalho Carliana de Moura Dutra Carlos Alberto de Carvalho Andrade Clairton Almeida Maia Cristina Emanuelly da [&hellip;]<\/p>\n","protected":false},"author":22,"featured_media":0,"parent":0,"menu_order":0,"comment_status":"closed","ping_status":"closed","template":"","meta":{"footnotes":""},"class_list":["post-733","page","type-page","status-publish","hentry"],"_links":{"self":[{"href":"https:\/\/portal.uern.br\/propeg\/posensino\/wp-json\/wp\/v2\/pages\/733","targetHints":{"allow":["GET"]}}],"collection":[{"href":"https:\/\/portal.uern.br\/propeg\/posensino\/wp-json\/wp\/v2\/pages"}],"about":[{"href":"https:\/\/portal.uern.br\/propeg\/posensino\/wp-json\/wp\/v2\/types\/page"}],"author":[{"embeddable":true,"href":"https:\/\/portal.uern.br\/propeg\/posensino\/wp-json\/wp\/v2\/users\/22"}],"replies":[{"embeddable":true,"href":"https:\/\/portal.uern.br\/propeg\/posensino\/wp-json\/wp\/v2\/comments?post=733"}],"version-history":[{"count":6,"href":"https:\/\/portal.uern.br\/propeg\/posensino\/wp-json\/wp\/v2\/pages\/733\/revisions"}],"predecessor-version":[{"id":968,"href":"https:\/\/portal.uern.br\/propeg\/posensino\/wp-json\/wp\/v2\/pages\/733\/revisions\/968"}],"wp:attachment":[{"href":"https:\/\/portal.uern.br\/propeg\/posensino\/wp-json\/wp\/v2\/media?parent=733"}],"curies":[{"name":"wp","href":"https:\/\/api.w.org\/{rel}","templated":true}]}}