{"id":729,"date":"2025-05-07T15:00:17","date_gmt":"2025-05-07T18:00:17","guid":{"rendered":"https:\/\/portal.uern.br\/propeg\/posensino\/?page_id=729"},"modified":"2025-07-02T13:57:23","modified_gmt":"2025-07-02T16:57:23","slug":"turma-2019","status":"publish","type":"page","link":"https:\/\/portal.uern.br\/propeg\/posensino\/turma-2019\/","title":{"rendered":"Turma 2019"},"content":{"rendered":"<p style=\"font-family: calibri\" align=\"justify\"><strong>Seguem abaixo as disserta\u00e7\u00f5es produzidas pelos alunos da quarta turma do POSENSINO:<\/strong><\/p>\n<p>&nbsp;<\/p>\n<ul style=\"font-family: calibri\">\n<li><a href=\"https:\/\/repositorio.apps.uern.br\/xmlui\/handle\/123456789\/224\">Alison Sullivan de Sousa Alves<\/a><\/li>\n<li><a href=\"https:\/\/sucupira.capes.gov.br\/sucupira\/public\/consultas\/coleta\/trabalhoConclusao\/viewTrabalhoConclusao.jsf?popup=true&amp;id_trabalho=11371533\">Ana Izabel da Silva Ros\u00e1rio<\/a><\/li>\n<li><a href=\"https:\/\/repositorio.ufersa.edu.br\/items\/29d8376f-e57e-406b-b376-4b56e654e110\">Andr\u00e9 de Ara\u00fajo Pinheiro<\/a><\/li>\n<li><a href=\"https:\/\/sucupira.capes.gov.br\/sucupira\/public\/consultas\/coleta\/trabalhoConclusao\/viewTrabalhoConclusao.jsf?popup=true&amp;id_trabalho=11242340\">Andrea Morais de Menezes<\/a><\/li>\n<li><a href=\"https:\/\/repositorio.ufersa.edu.br\/items\/15c693e2-1b0d-4bd6-a968-0c44b1a954ad\">Andreia Louren\u00e7o Dos Santos<\/a><\/li>\n<li><a href=\"https:\/\/sucupira.capes.gov.br\/sucupira\/public\/consultas\/coleta\/trabalhoConclusao\/viewTrabalhoConclusao.jsf?popup=true&amp;id_trabalho=11524443\">Aristeu Antonio Oliveira de Carvalho<\/a><\/li>\n<li><a href=\"https:\/\/sucupira.capes.gov.br\/sucupira\/public\/consultas\/coleta\/trabalhoConclusao\/viewTrabalhoConclusao.jsf?popup=true&amp;id_trabalho=11074134\">Augusto C\u00e9sar Tavares da Silva<\/a><\/li>\n<li><a href=\"https:\/\/sucupira.capes.gov.br\/sucupira\/public\/consultas\/coleta\/trabalhoConclusao\/viewTrabalhoConclusao.jsf?popup=true&amp;id_trabalho=13511861\">Bruno Vinicius Costa Barbalho<\/a><\/li>\n<li><a href=\"https:\/\/sucupira.capes.gov.br\/sucupira\/public\/consultas\/coleta\/trabalhoConclusao\/viewTrabalhoConclusao.jsf?popup=true&amp;id_trabalho=13511182\">Carla Monara de Paiva Silva<\/a><\/li>\n<li><a href=\"https:\/\/repositorio.ufersa.edu.br\/items\/6d819252-d23b-459e-a8f7-c9c7e6b0cde1\">Carlos Miguel Da Silva Souza<\/a><\/li>\n<li><a href=\"https:\/\/repositorio.ufersa.edu.br\/items\/5db1a67c-7a52-4bba-9b0f-e06043279841\">Danilo Augusto de Menezes<\/a><\/li>\n<li><a href=\"https:\/\/sucupira.capes.gov.br\/sucupira\/public\/consultas\/coleta\/trabalhoConclusao\/viewTrabalhoConclusao.jsf?popup=true&amp;id_trabalho=11371714\">Edilana Carlos da Silva<\/a><\/li>\n<li><a href=\"https:\/\/sucupira.capes.gov.br\/sucupira\/public\/consultas\/coleta\/trabalhoConclusao\/viewTrabalhoConclusao.jsf?popup=true&amp;id_trabalho=11511269\">Edilson Damasceno<\/a><\/li>\n<li><a href=\"https:\/\/sucupira.capes.gov.br\/sucupira\/public\/consultas\/coleta\/trabalhoConclusao\/viewTrabalhoConclusao.jsf?popup=true&amp;id_trabalho=11376959\">Francisca Tayrine St\u00e9phanne Pinho Fernandes<\/a><\/li>\n<li><a href=\"https:\/\/repositorio.ufersa.edu.br\/items\/3689c924-310f-41f7-963f-a3b80b2746d7\">Francisco Antonio de Sousa<\/a><\/li>\n<li><a href=\"https:\/\/sucupira.capes.gov.br\/sucupira\/public\/consultas\/coleta\/trabalhoConclusao\/viewTrabalhoConclusao.jsf?popup=true&amp;id_trabalho=11300236\">Gilvana Gomes Duarte Souza<\/a><\/li>\n<li><a href=\"https:\/\/repositorio.ufersa.edu.br\/items\/e48f5bdd-3b96-418b-8863-591113615ac9\">Gisl\u00e2nia Dias Soares<\/a><\/li>\n<li><a href=\"https:\/\/repositorio.apps.uern.br\/xmlui\/handle\/123456789\/203\">Isadora Oliveira do Nascimento<\/a><\/li>\n<li><a href=\"https:\/\/sucupira.capes.gov.br\/sucupira\/public\/consultas\/coleta\/trabalhoConclusao\/viewTrabalhoConclusao.jsf?popup=true&amp;id_trabalho=11524265\">Izadora Ribeiro de Medeiros<\/a><\/li>\n<li><a href=\"https:\/\/sucupira.capes.gov.br\/sucupira\/public\/consultas\/coleta\/trabalhoConclusao\/viewTrabalhoConclusao.jsf?popup=true&amp;id_trabalho=11359445\">Jaelyca Carolina Ferreira de Souza<\/a><\/li>\n<li><a href=\"https:\/\/sucupira.capes.gov.br\/sucupira\/public\/consultas\/coleta\/trabalhoConclusao\/viewTrabalhoConclusao.jsf?popup=true&amp;id_trabalho=11531648\">Jos\u00e9 Renato Pereira Brasil<\/a><\/li>\n<li><a href=\"https:\/\/repositorio.ufersa.edu.br\/items\/f5fbd169-b5be-4f6d-9dee-a8bdcd2deb18\">Kamilla Katinllyn Fernandes dos Santos<\/a><\/li>\n<li><a href=\"https:\/\/sucupira.capes.gov.br\/sucupira\/public\/consultas\/coleta\/trabalhoConclusao\/viewTrabalhoConclusao.jsf?popup=true&amp;id_trabalho=13560532\">Luana Rayanny Gomes de Oliveira<\/a><\/li>\n<li><a href=\"https:\/\/repositorio.ufersa.edu.br\/items\/d6f571ed-db51-488e-86f3-534b719ac411\">Marielly Pereira Alves de Sousa<\/a><\/li>\n<li><a href=\"https:\/\/sucupira.capes.gov.br\/sucupira\/public\/consultas\/coleta\/trabalhoConclusao\/viewTrabalhoConclusao.jsf?popup=true&amp;id_trabalho=11402012\">Mirl\u00e2ndia Mendes de Vasconcelos Rodrigues da Silva<\/a><\/li>\n<li><a href=\"https:\/\/repositorio.ufersa.edu.br\/items\/ceb9ba36-886b-402d-9f6f-1fb680d9fb19\">Ocimara Fernandes Negreiros Oliveira<\/a><\/li>\n<li><a href=\"https:\/\/repositorio.ufersa.edu.br\/items\/82e349a0-e971-486c-abb4-bd9369665da6\">Rafael Danrley Barra de Menezes<\/a><\/li>\n<li><a href=\"https:\/\/repositorio.ufersa.edu.br\/items\/cb752e41-eaea-425f-afb2-c5318d425698\">Risalva Ferreira Nunes de Medeiros<\/a><\/li>\n<li><a href=\"https:\/\/sucupira.capes.gov.br\/sucupira\/public\/consultas\/coleta\/trabalhoConclusao\/viewTrabalhoConclusao.jsf?popup=true&amp;id_trabalho=11047209\">Roberta Mirnas de Oliveira Gomes<\/a><\/li>\n<li><a href=\"https:\/\/repositorio.apps.uern.br\/xmlui\/handle\/123456789\/225\">Rubens Oliveira Dantas<\/a><\/li>\n<li><a href=\"https:\/\/sucupira.capes.gov.br\/sucupira\/public\/consultas\/coleta\/trabalhoConclusao\/viewTrabalhoConclusao.jsf?popup=true&amp;id_trabalho=11226132\">Rubson Gomes Martins Ramos<\/a><\/li>\n<li><a href=\"https:\/\/sucupira.capes.gov.br\/sucupira\/public\/consultas\/coleta\/trabalhoConclusao\/viewTrabalhoConclusao.jsf?popup=true&amp;id_trabalho=11511407\">Sarita Cavalcante Rodrigues<\/a><\/li>\n<li><a href=\"https:\/\/sucupira.capes.gov.br\/sucupira\/public\/consultas\/coleta\/trabalhoConclusao\/viewTrabalhoConclusao.jsf?popup=true&amp;id_trabalho=11363031\">Silesia Maria Sales Passos<\/a><\/li>\n<li><a href=\"https:\/\/sucupira.capes.gov.br\/sucupira\/public\/consultas\/coleta\/trabalhoConclusao\/viewTrabalhoConclusao.jsf?popup=true&amp;id_trabalho=13623834\">Sonaylli Thaise Souza Cortez<\/a><\/li>\n<li><a href=\"https:\/\/repositorio.ufersa.edu.br\/items\/08a1b610-d203-48b9-8742-531a07e41421\">Stephanie Silva Dantas<\/a><\/li>\n<li><a href=\"https:\/\/sucupira.capes.gov.br\/sucupira\/public\/consultas\/coleta\/trabalhoConclusao\/viewTrabalhoConclusao.jsf?popup=true&amp;id_trabalho=11449508\">Valcilene Nunes de Melo<\/a><\/li>\n<li><a href=\"https:\/\/repositorio.ufersa.edu.br\/items\/50986753-f76a-4e24-87ff-1520d20d3394\">Valden\u00edzia da Concei\u00e7\u00e3o Bezerra<\/a><\/li>\n<li><a href=\"https:\/\/sucupira.capes.gov.br\/sucupira\/public\/consultas\/coleta\/trabalhoConclusao\/viewTrabalhoConclusao.jsf?popup=true&amp;id_trabalho=11144947\">Veroneide Maria de Oliveira<\/a><\/li>\n<li><a href=\"https:\/\/repositorio.ufersa.edu.br\/items\/b2568fca-7feb-4925-9c70-6d09ae82e71b\">Willia Barbosa De Menezes<\/a><\/li>\n<\/ul>\n","protected":false},"excerpt":{"rendered":"<p>Seguem abaixo as disserta\u00e7\u00f5es produzidas pelos alunos da quarta turma do POSENSINO: &nbsp; Alison Sullivan de Sousa Alves Ana Izabel da Silva Ros\u00e1rio Andr\u00e9 de Ara\u00fajo Pinheiro Andrea Morais de Menezes Andreia Louren\u00e7o Dos Santos Aristeu Antonio Oliveira de Carvalho Augusto C\u00e9sar Tavares da Silva Bruno Vinicius Costa Barbalho Carla Monara de Paiva Silva Carlos [&hellip;]<\/p>\n","protected":false},"author":22,"featured_media":0,"parent":0,"menu_order":0,"comment_status":"closed","ping_status":"closed","template":"","meta":{"footnotes":""},"class_list":["post-729","page","type-page","status-publish","hentry"],"_links":{"self":[{"href":"https:\/\/portal.uern.br\/propeg\/posensino\/wp-json\/wp\/v2\/pages\/729","targetHints":{"allow":["GET"]}}],"collection":[{"href":"https:\/\/portal.uern.br\/propeg\/posensino\/wp-json\/wp\/v2\/pages"}],"about":[{"href":"https:\/\/portal.uern.br\/propeg\/posensino\/wp-json\/wp\/v2\/types\/page"}],"author":[{"embeddable":true,"href":"https:\/\/portal.uern.br\/propeg\/posensino\/wp-json\/wp\/v2\/users\/22"}],"replies":[{"embeddable":true,"href":"https:\/\/portal.uern.br\/propeg\/posensino\/wp-json\/wp\/v2\/comments?post=729"}],"version-history":[{"count":4,"href":"https:\/\/portal.uern.br\/propeg\/posensino\/wp-json\/wp\/v2\/pages\/729\/revisions"}],"predecessor-version":[{"id":951,"href":"https:\/\/portal.uern.br\/propeg\/posensino\/wp-json\/wp\/v2\/pages\/729\/revisions\/951"}],"wp:attachment":[{"href":"https:\/\/portal.uern.br\/propeg\/posensino\/wp-json\/wp\/v2\/media?parent=729"}],"curies":[{"name":"wp","href":"https:\/\/api.w.org\/{rel}","templated":true}]}}