{"id":725,"date":"2025-05-07T14:58:38","date_gmt":"2025-05-07T17:58:38","guid":{"rendered":"https:\/\/portal.uern.br\/propeg\/posensino\/?page_id=725"},"modified":"2025-07-02T13:54:17","modified_gmt":"2025-07-02T16:54:17","slug":"turma-2017","status":"publish","type":"page","link":"https:\/\/portal.uern.br\/propeg\/posensino\/turma-2017\/","title":{"rendered":"Turma 2017"},"content":{"rendered":"<p style=\"font-family: calibri\" align=\"justify\"><strong>Seguem abaixo as disserta\u00e7\u00f5es produzidas pelos alunos da segunda turma do POSENSINO:<\/strong><\/p>\n<p>&nbsp;<\/p>\n<ul style=\"font-family: calibri\">\n<li><a href=\"https:\/\/repositorio.apps.uern.br\/xmlui\/handle\/123456789\/169\">Adriel Jonathas Fernandes Siqueira<\/a><\/li>\n<li><a href=\"https:\/\/repositorio.apps.uern.br\/xmlui\/handle\/123456789\/170\">Ag\u00e1pito Pereira T\u00f4rres Neto<\/a><\/li>\n<li><a href=\"https:\/\/repositorio.apps.uern.br\/xmlui\/handle\/123456789\/172\">Ana Rafaella Alves Pereira<\/a><\/li>\n<li><a href=\"https:\/\/repositorio.apps.uern.br\/xmlui\/handle\/123456789\/173\">Brena Kesia Costa Pereira<\/a><\/li>\n<li><a href=\"https:\/\/repositorio.ufersa.edu.br\/items\/6ccbd35f-75f0-4164-a55b-5ae77642256f\">Daiane Duprat Serrano<\/a><\/li>\n<li><a href=\"https:\/\/repositorio.ufersa.edu.br\/items\/2a7cdcab-f6f5-4df3-9878-13236c0ad4b8\">Eliani Jordana da Silva Moreira<\/a><\/li>\n<li><a href=\"https:\/\/repositorio.apps.uern.br\/xmlui\/handle\/123456789\/175\">\u00c9lida Joyce de Oliveira<\/a><\/li>\n<li><a href=\"https:\/\/repositorio.ufersa.edu.br\/items\/519fa7bb-d70d-41aa-b24b-3a3890905dc1\">Eliel Moraes da Silva<\/a><\/li>\n<li><a href=\"https:\/\/repositorio.ufersa.edu.br\/items\/b05ae240-d02b-4b5d-bca2-a026c576396f\">Elys Gard\u00eania de Freitas Lopes<\/a><\/li>\n<li><a href=\"https:\/\/repositorio.ufersa.edu.br\/items\/b5fbe9cd-4390-425d-8a87-b2a6ff37c261\">Enock Douglas Roberto da Silva<\/a><\/li>\n<li><a href=\"https:\/\/repositorio.apps.uern.br\/xmlui\/handle\/123456789\/176\">Erika Guimar\u00e3es de Oliveira<\/a><\/li>\n<li><a href=\"https:\/\/repositorio.apps.uern.br\/xmlui\/handle\/123456789\/177\">Fatima Nailena da Fonseca Cordeiro<\/a><\/li>\n<li><a href=\"https:\/\/sucupira.capes.gov.br\/sucupira\/public\/consultas\/coleta\/envioColeta\/detalhesDados\/viewTrabalhoConclusao.jsf?popup=true&amp;idTrabalho=28654913\">Francisco Jos\u00e9 Baldu\u00edno da Silva<\/a><\/li>\n<li><a href=\"https:\/\/repositorio.apps.uern.br\/xmlui\/handle\/123456789\/178\">Gibson Alves Marinho da Silva<\/a><\/li>\n<li><a href=\"https:\/\/repositorio.ufersa.edu.br\/items\/9945380b-4219-4bea-b4f0-3dbdbbd3d0d7\">Hilma Liana Soares Garcia da Silva<\/a><\/li>\n<li><a href=\"https:\/\/sucupira.capes.gov.br\/sucupira\/public\/consultas\/coleta\/envioColeta\/detalhesDados\/viewTrabalhoConclusao.jsf?popup=true&amp;idTrabalho=28654909\">Isabelle Pinheiro Fagundes<\/a><\/li>\n<li><a href=\"https:\/\/repositorio.ufersa.edu.br\/items\/738b0586-9148-4e89-b497-e2cd485e2e1a\">Ivanessa Castro de Sousa<\/a><\/li>\n<li><a href=\"https:\/\/repositorio.ufersa.edu.br\/items\/9b4cc6ea-25c4-4f70-a856-a4710d183527\">Jo\u00e3o Batista Neves Ferreira<\/a><\/li>\n<li><a href=\"https:\/\/repositorio.ufersa.edu.br\/items\/0b892347-b6e3-46c7-8b73-34c1532d8832\">Kaiser Jackson Pereira de Sousa<\/a><\/li>\n<li><a href=\"https:\/\/sucupira.capes.gov.br\/sucupira\/public\/consultas\/coleta\/envioColeta\/detalhesDados\/viewTrabalhoConclusao.jsf?popup=true&amp;idTrabalho=28654908\">Katamara Medeiros Tavares Melo<\/a><\/li>\n<li><a href=\"https:\/\/repositorio.apps.uern.br\/xmlui\/handle\/123456789\/180\">Keyvilane Fernandes dos Santos<\/a><\/li>\n<li><a href=\"https:\/\/repositorio.apps.uern.br\/xmlui\/handle\/123456789\/181\">Luanna Melo Alves<\/a><\/li>\n<li><a href=\"https:\/\/memoria.ifrn.edu.br\/handle\/1044\/1644?show=full\">Luiz Antonio da Silva dos Santos<\/a><\/li>\n<li><a href=\"https:\/\/repositorio.apps.uern.br\/xmlui\/handle\/123456789\/183\">Maria Juliana de Mac\u00eado Silva<\/a><\/li>\n<li><a href=\"https:\/\/sucupira.capes.gov.br\/sucupira\/public\/consultas\/coleta\/envioColeta\/detalhesDados\/viewTrabalhoConclusao.jsf?popup=true&amp;idTrabalho=28654903\">Maria Valnice da Silva<\/a><\/li>\n<li><a href=\"https:\/\/repositorio.ufersa.edu.br\/items\/567ae482-c3a6-4c58-8bc3-a8485ca63951\">Maria Ver\u00f4nica da Silva<\/a><\/li>\n<li><a href=\"https:\/\/repositorio.ufersa.edu.br\/items\/1fb00ac8-5610-4fbf-85e3-f449fd2e3542\">Najara Raquel de Lima Morais<\/a><\/li>\n<li><a href=\"https:\/\/repositorio.ufersa.edu.br\/items\/8e417a84-a332-46ef-beac-cd611d5de5ba\">S\u00e2mia Magaly Lima de Medeiros Soares<\/a><\/li>\n<li><a href=\"https:\/\/repositorio.ufersa.edu.br\/items\/ecd2d9ca-5048-49e6-a720-716be0685623\">Tiago de Souza Mariano<\/a><\/li>\n<\/ul>\n","protected":false},"excerpt":{"rendered":"<p>Seguem abaixo as disserta\u00e7\u00f5es produzidas pelos alunos da segunda turma do POSENSINO: &nbsp; Adriel Jonathas Fernandes Siqueira Ag\u00e1pito Pereira T\u00f4rres Neto Ana Rafaella Alves Pereira Brena Kesia Costa Pereira Daiane Duprat Serrano Eliani Jordana da Silva Moreira \u00c9lida Joyce de Oliveira Eliel Moraes da Silva Elys Gard\u00eania de Freitas Lopes Enock Douglas Roberto da Silva [&hellip;]<\/p>\n","protected":false},"author":22,"featured_media":0,"parent":0,"menu_order":0,"comment_status":"closed","ping_status":"closed","template":"","meta":{"footnotes":""},"class_list":["post-725","page","type-page","status-publish","hentry"],"_links":{"self":[{"href":"https:\/\/portal.uern.br\/propeg\/posensino\/wp-json\/wp\/v2\/pages\/725","targetHints":{"allow":["GET"]}}],"collection":[{"href":"https:\/\/portal.uern.br\/propeg\/posensino\/wp-json\/wp\/v2\/pages"}],"about":[{"href":"https:\/\/portal.uern.br\/propeg\/posensino\/wp-json\/wp\/v2\/types\/page"}],"author":[{"embeddable":true,"href":"https:\/\/portal.uern.br\/propeg\/posensino\/wp-json\/wp\/v2\/users\/22"}],"replies":[{"embeddable":true,"href":"https:\/\/portal.uern.br\/propeg\/posensino\/wp-json\/wp\/v2\/comments?post=725"}],"version-history":[{"count":5,"href":"https:\/\/portal.uern.br\/propeg\/posensino\/wp-json\/wp\/v2\/pages\/725\/revisions"}],"predecessor-version":[{"id":948,"href":"https:\/\/portal.uern.br\/propeg\/posensino\/wp-json\/wp\/v2\/pages\/725\/revisions\/948"}],"wp:attachment":[{"href":"https:\/\/portal.uern.br\/propeg\/posensino\/wp-json\/wp\/v2\/media?parent=725"}],"curies":[{"name":"wp","href":"https:\/\/api.w.org\/{rel}","templated":true}]}}