{"id":713,"date":"2025-05-07T14:35:26","date_gmt":"2025-05-07T17:35:26","guid":{"rendered":"https:\/\/portal.uern.br\/propeg\/posensino\/?page_id=713"},"modified":"2026-03-16T10:23:43","modified_gmt":"2026-03-16T13:23:43","slug":"formularios","status":"publish","type":"page","link":"https:\/\/portal.uern.br\/propeg\/posensino\/formularios\/","title":{"rendered":"Formul\u00e1rios"},"content":{"rendered":"<p style=\"font-family: calibri\" align=\"justify\"><strong>Links para formul\u00e1rios de solicita\u00e7\u00f5es diversas<\/strong><\/p>\n<p style=\"font-family: calibri\" align=\"justify\"><a href=\"https:\/\/forms.gle\/72zpD5BHuhRDa4fP6\">Solicita\u00e7\u00e3o de Divulga\u00e7\u00e3o de Publica\u00e7\u00f5es<\/a><\/p>\n<p style=\"font-family: calibri\" align=\"justify\"><a href=\"https:\/\/forms.gle\/GMp6RGdihQufSbFa9\">Formul\u00e1rio para cadastro de docentes<\/a><\/p>\n<p style=\"font-family: calibri\" align=\"justify\"><a href=\"https:\/\/forms.gle\/oaNpDgveVUtjt6Hu8\">Matr\u00edcula Institucional<\/a><\/p>\n<p style=\"font-family: calibri\" align=\"justify\"><a href=\"https:\/\/forms.gle\/MxN71Z8WPwnkWgCb6\">Envio de Atividades Acad\u00eamicas<\/a><\/p>\n<p style=\"font-family: calibri\" align=\"justify\"><a href=\"https:\/\/forms.gle\/HaAMeayR7xBE3t7T9\">Solicita\u00e7\u00e3o de Aux\u00edlios Financeiros<\/a><\/p>\n<p style=\"font-family: calibri\" align=\"justify\"><a href=\"https:\/\/forms.gle\/f4ZdGLuAENJh4G2W8\">Solicita\u00e7\u00e3o de Aproveitamento de Disciplinas<\/a><\/p>\n<p style=\"font-family: calibri\" align=\"justify\"><a href=\"https:\/\/forms.gle\/M9jWRcKXEgtRZWUe9\">Solicita\u00e7\u00e3o de Bancas de Qualifica\u00e7\u00e3o e Defesa<\/a><\/p>\n<p style=\"font-family: calibri\" align=\"justify\"><a href=\"https:\/\/forms.gle\/Up4r5L1yzzWd8VwU9\">Consolida\u00e7\u00e3o Discente e Solicita\u00e7\u00e3o de Diploma<\/a><\/p>\n<p style=\"font-family: calibri\" align=\"justify\"><strong>Modelos de documentos em arquivo edit\u00e1vel<\/strong><\/p>\n<table id=\"table_lt\" style=\"font-family: calibri\" align=\"justify\">\n<tbody>\n<tr class=\"linhaPar\">\n<td><a class=\"cor\" href=\"https:\/\/sigaa.uern.br\/sigaa\/verProducao?idProducao=2207037&amp;key=1452f9cfb6b56157b98d8e70459a124d\" target=\"_blank\" rel=\"noopener\">Est\u00e1gio de Doc\u00eancia &#8211; Requerimento de conclus\u00e3o<\/a><\/td>\n<\/tr>\n<tr class=\"linhaImpar\">\n<td><a class=\"cor\" href=\"https:\/\/sigaa.uern.br\/sigaa\/verProducao?idProducao=2207038&amp;key=22aa4ca4e6aa8e873badccd5d3c430ae\" target=\"_blank\" rel=\"noopener\">Est\u00e1gio de Doc\u00eancia &#8211; Requerimento para realiza\u00e7\u00e3o da atividade<\/a><\/td>\n<\/tr>\n<tr class=\"linhaPar\">\n<td><a class=\"cor\" href=\"https:\/\/sigaa.uern.br\/sigaa\/verProducao?idProducao=2297563&amp;key=b98121dea80c7564bc6a2720513c2f03\" target=\"_blank\" rel=\"noopener\">Matr\u00edcula &#8211; Formul\u00e1rio para cadastro de alunos especiais na UERN<\/a><\/td>\n<\/tr>\n<tr class=\"linhaImpar\">\n<td><a class=\"cor\" href=\"https:\/\/sigaa.uern.br\/sigaa\/verProducao?idProducao=2207058&amp;key=b6bca14f940920d67e3724eb5beeeb2c\" target=\"_blank\" rel=\"noopener\">Matr\u00edcula &#8211; Formul\u00e1rio para cadastro de alunos na UFERSA<\/a><\/td>\n<\/tr>\n<tr class=\"linhaPar\">\n<td><a class=\"cor\" href=\"https:\/\/sigaa.uern.br\/sigaa\/verProducao?idProducao=2207059&amp;key=fe600d1c8b4c77b1edb02301f80ad118\" target=\"_blank\" rel=\"noopener\">Matr\u00edcula &#8211; Formul\u00e1rio para cadastro de alunos no IFRN<\/a><\/td>\n<\/tr>\n<tr class=\"linhaImpar\">\n<td><a class=\"cor\" href=\"https:\/\/sigaa.uern.br\/sigaa\/verProducao?idProducao=2207057&amp;key=05a387221214a57a298520322d0dea6b\" target=\"_blank\" rel=\"noopener\">Matr\u00edcula &#8211; Formul\u00e1rio para cadastro de alunos regulares na UERN<\/a><\/td>\n<\/tr>\n<tr class=\"linhaPar\">\n<td><a class=\"cor\" href=\"https:\/\/sigaa.uern.br\/sigaa\/verProducao?idProducao=2207060&amp;key=f15b5d26b09e00d5089ee0a96992472c\" target=\"_blank\" rel=\"noopener\">Matr\u00edcula &#8211; Requerimento de matr\u00edcula no IFRN<\/a><\/td>\n<\/tr>\n<tr class=\"linhaImpar\">\n<td><a class=\"cor\" href=\"https:\/\/sigaa.uern.br\/sigaa\/verProducao?idProducao=2253847&amp;key=2a14dfcb76c36dd7b5939f88de1bea67\" target=\"_blank\" rel=\"noopener\">Modelo de Ata de Semin\u00e1rio de Consolida\u00e7\u00e3o de Est\u00e1gio P\u00f3s-Doutoral<\/a><\/td>\n<\/tr>\n<tr class=\"linhaPar\">\n<td><a class=\"cor\" href=\"http:\/\/portal.uern.br\/propeg\/posensino\/wp-content\/uploads\/sites\/13\/2026\/03\/Carta-de-anuencia-para-prorrogacao-de-prazo-do-aluno.docx\" target=\"_blank\" rel=\"noopener\">Modelo de Carta de anu\u00eancia do orientador para Requerimento de prorroga\u00e7\u00e3o de prazo<\/a><\/td>\n<\/tr>\n<tr class=\"linhaImpar\">\n<td><a href=\"https:\/\/sigaa.uern.br\/sigaa\/verProducao?idProducao=2335673&amp;key=5831e8faf0fac96171b12add71dedc3a\">Modelo de PGD do Posensino<\/a><\/td>\n<\/tr>\n<tr class=\"linhaPar\">\n<td><a class=\"cor\" href=\"https:\/\/sigaa.uern.br\/sigaa\/verProducao?idProducao=2206610&amp;key=1fbe63ed04a104a80e15ce31d514f91b\" target=\"_blank\" rel=\"noopener\">Modelo de Relat\u00f3rio de Viagem<\/a><\/td>\n<\/tr>\n<tr class=\"linhaImpar\">\n<td><a class=\"cor\" href=\"https:\/\/sigaa.uern.br\/sigaa\/verProducao?idProducao=2206579&amp;key=193aa9430de4390bae810d07012ff1ff\" target=\"_blank\" rel=\"noopener\">Modelo de Requerimento de Aux\u00edlio Discente<\/a><\/td>\n<\/tr>\n<tr class=\"linhaPar\">\n<td><a class=\"cor\" href=\"https:\/\/sigaa.uern.br\/sigaa\/verProducao?idProducao=2218836&amp;key=4255a02062989e077eddce3bc4291d46\" target=\"_blank\" rel=\"noopener\">Modelo de requerimento de aux\u00edlio para docentes visitantes<\/a><\/td>\n<\/tr>\n<tr class=\"linhaImpar\">\n<td><a class=\"cor\" href=\"https:\/\/sigaa.uern.br\/sigaa\/verProducao?idProducao=2218834&amp;key=a3553afaf85742e173072ecf77b060f4\" target=\"_blank\" rel=\"noopener\">Modelo de Requerimento de Aux\u00edlios para Docentes do Posensino<\/a><\/td>\n<\/tr>\n<tr class=\"linhaPar\">\n<td><a class=\"cor\" href=\"http:\/\/portal.uern.br\/propeg\/posensino\/wp-content\/uploads\/sites\/13\/2026\/03\/Requerimento-de-prorrogacao-de-prazo-do-aluno.docx\" target=\"_blank\" rel=\"noopener\">Modelo de Requerimento de prorroga\u00e7\u00e3o de prazo<\/a><\/td>\n<\/tr>\n<tr class=\"linhaImpar\">\n<td><a class=\"cor\" href=\"https:\/\/sigaa.uern.br\/sigaa\/verProducao?idProducao=2214547&amp;key=aaf6b762da32cdc93b74697bfc74f231\" target=\"_blank\" rel=\"noopener\">Requerimento de diploma<\/a><\/td>\n<\/tr>\n<tr class=\"linhaPar\">\n<td><a class=\"cor\" href=\"https:\/\/sigaa.uern.br\/sigaa\/verProducao?idProducao=2214552&amp;key=1ea298135a72eb54938c0534c0179484\" target=\"_blank\" rel=\"noopener\">Termo de autoriza\u00e7\u00e3o para publica\u00e7\u00e3o na Biblioteca Central da UERN<\/a><\/td>\n<\/tr>\n<\/tbody>\n<\/table>\n<p>&nbsp;<\/p>\n","protected":false},"excerpt":{"rendered":"<p>Links para formul\u00e1rios de solicita\u00e7\u00f5es diversas Solicita\u00e7\u00e3o de Divulga\u00e7\u00e3o de Publica\u00e7\u00f5es Formul\u00e1rio para cadastro de docentes Matr\u00edcula Institucional Envio de Atividades Acad\u00eamicas Solicita\u00e7\u00e3o de Aux\u00edlios Financeiros Solicita\u00e7\u00e3o de Aproveitamento de Disciplinas Solicita\u00e7\u00e3o de Bancas de Qualifica\u00e7\u00e3o e Defesa Consolida\u00e7\u00e3o Discente e Solicita\u00e7\u00e3o de Diploma Modelos de documentos em arquivo edit\u00e1vel Est\u00e1gio de Doc\u00eancia &#8211; Requerimento [&hellip;]<\/p>\n","protected":false},"author":22,"featured_media":0,"parent":0,"menu_order":0,"comment_status":"closed","ping_status":"closed","template":"","meta":{"footnotes":""},"class_list":["post-713","page","type-page","status-publish","hentry"],"_links":{"self":[{"href":"https:\/\/portal.uern.br\/propeg\/posensino\/wp-json\/wp\/v2\/pages\/713","targetHints":{"allow":["GET"]}}],"collection":[{"href":"https:\/\/portal.uern.br\/propeg\/posensino\/wp-json\/wp\/v2\/pages"}],"about":[{"href":"https:\/\/portal.uern.br\/propeg\/posensino\/wp-json\/wp\/v2\/types\/page"}],"author":[{"embeddable":true,"href":"https:\/\/portal.uern.br\/propeg\/posensino\/wp-json\/wp\/v2\/users\/22"}],"replies":[{"embeddable":true,"href":"https:\/\/portal.uern.br\/propeg\/posensino\/wp-json\/wp\/v2\/comments?post=713"}],"version-history":[{"count":6,"href":"https:\/\/portal.uern.br\/propeg\/posensino\/wp-json\/wp\/v2\/pages\/713\/revisions"}],"predecessor-version":[{"id":1116,"href":"https:\/\/portal.uern.br\/propeg\/posensino\/wp-json\/wp\/v2\/pages\/713\/revisions\/1116"}],"wp:attachment":[{"href":"https:\/\/portal.uern.br\/propeg\/posensino\/wp-json\/wp\/v2\/media?parent=713"}],"curies":[{"name":"wp","href":"https:\/\/api.w.org\/{rel}","templated":true}]}}