{"id":711,"date":"2025-05-07T14:31:39","date_gmt":"2025-05-07T17:31:39","guid":{"rendered":"https:\/\/portal.uern.br\/propeg\/posensino\/?page_id=711"},"modified":"2025-06-27T13:17:32","modified_gmt":"2025-06-27T16:17:32","slug":"resolucoes-internas","status":"publish","type":"page","link":"https:\/\/portal.uern.br\/propeg\/posensino\/resolucoes-internas\/","title":{"rendered":"Resolu\u00e7\u00f5es Internas"},"content":{"rendered":"<p style=\"font-family: calibri\" align=\"justify\"><a class=\"cor\" href=\"https:\/\/sigaa.uern.br\/sigaa\/verProducao?idProducao=2228577&amp;key=1a61d2f92908cf57c0fd4531b01dea40\" target=\"_blank\" rel=\"noopener\">Resolu\u00e7\u00e3o n\u00b0 01\/2021 &#8211; Regulamento do Est\u00e1gio P\u00f3s-Doutoral<\/a><\/p>\n<p style=\"font-family: calibri\" align=\"justify\"><a class=\"cor\" href=\"https:\/\/sigaa.uern.br\/sigaa\/verProducao?idProducao=2228578&amp;key=04e5736f489011fd06ec30603f5552a7\" target=\"_blank\" rel=\"noopener\">Resolu\u00e7\u00e3o n\u00b0 01\/2023 &#8211; Disp\u00f5e sobre o ac\u00famulo de bolsas no Posensino<\/a><\/p>\n<p style=\"font-family: calibri\" align=\"justify\"><a class=\"cor\" href=\"https:\/\/sigaa.uern.br\/sigaa\/verProducao?idProducao=2228571&amp;key=812049bf4b8f28e3beb057bf18987164\" target=\"_blank\" rel=\"noopener\">Resolu\u00e7\u00e3o n\u00b0 01\/2024-POSENSINO &#8211; Aprova normas e procedimentos para acompanhamento de bolsistas<\/a><\/p>\n<p style=\"font-family: calibri\" align=\"justify\"><a class=\"cor\" href=\"https:\/\/sigaa.uern.br\/sigaa\/verProducao?idProducao=2228570&amp;key=16958f68e4d20d41060fd4bd4b478d4d\" target=\"_blank\" rel=\"noopener\">Resolu\u00e7\u00e3o n\u00b0 02\/2024-POSENSINO &#8211; Aprova crit\u00e9rios para aproveitamento de estudos (disciplinas)<\/a><\/p>\n<p>&nbsp;<\/p>\n","protected":false},"excerpt":{"rendered":"<p>Resolu\u00e7\u00e3o n\u00b0 01\/2021 &#8211; Regulamento do Est\u00e1gio P\u00f3s-Doutoral Resolu\u00e7\u00e3o n\u00b0 01\/2023 &#8211; Disp\u00f5e sobre o ac\u00famulo de bolsas no Posensino Resolu\u00e7\u00e3o n\u00b0 01\/2024-POSENSINO &#8211; Aprova normas e procedimentos para acompanhamento de bolsistas Resolu\u00e7\u00e3o n\u00b0 02\/2024-POSENSINO &#8211; Aprova crit\u00e9rios para aproveitamento de estudos (disciplinas) &nbsp;<\/p>\n","protected":false},"author":22,"featured_media":0,"parent":0,"menu_order":0,"comment_status":"closed","ping_status":"closed","template":"","meta":{"footnotes":""},"class_list":["post-711","page","type-page","status-publish","hentry"],"_links":{"self":[{"href":"https:\/\/portal.uern.br\/propeg\/posensino\/wp-json\/wp\/v2\/pages\/711","targetHints":{"allow":["GET"]}}],"collection":[{"href":"https:\/\/portal.uern.br\/propeg\/posensino\/wp-json\/wp\/v2\/pages"}],"about":[{"href":"https:\/\/portal.uern.br\/propeg\/posensino\/wp-json\/wp\/v2\/types\/page"}],"author":[{"embeddable":true,"href":"https:\/\/portal.uern.br\/propeg\/posensino\/wp-json\/wp\/v2\/users\/22"}],"replies":[{"embeddable":true,"href":"https:\/\/portal.uern.br\/propeg\/posensino\/wp-json\/wp\/v2\/comments?post=711"}],"version-history":[{"count":2,"href":"https:\/\/portal.uern.br\/propeg\/posensino\/wp-json\/wp\/v2\/pages\/711\/revisions"}],"predecessor-version":[{"id":877,"href":"https:\/\/portal.uern.br\/propeg\/posensino\/wp-json\/wp\/v2\/pages\/711\/revisions\/877"}],"wp:attachment":[{"href":"https:\/\/portal.uern.br\/propeg\/posensino\/wp-json\/wp\/v2\/media?parent=711"}],"curies":[{"name":"wp","href":"https:\/\/api.w.org\/{rel}","templated":true}]}}