{"id":703,"date":"2025-05-07T14:20:25","date_gmt":"2025-05-07T17:20:25","guid":{"rendered":"https:\/\/portal.uern.br\/propeg\/posensino\/?page_id=703"},"modified":"2025-10-07T11:55:12","modified_gmt":"2025-10-07T14:55:12","slug":"calendarios","status":"publish","type":"page","link":"https:\/\/portal.uern.br\/propeg\/posensino\/calendarios\/","title":{"rendered":"Calend\u00e1rios"},"content":{"rendered":"<p style=\"font-family: calibri\" align=\"justify\"><a class=\"cor\" href=\"https:\/\/sigaa.uern.br\/sigaa\/verProducao?idProducao=2207577&amp;key=1d4f495a828e13ffd382116ea436be05\" target=\"_blank\" rel=\"noopener\">Calend\u00e1rio Letivo do Semestre 2018.2<\/a><\/p>\n<p style=\"font-family: calibri\" align=\"justify\"><a class=\"cor\" href=\"https:\/\/sigaa.uern.br\/sigaa\/verProducao?idProducao=2207580&amp;key=6ca3ce70cb2ffc3cee8e5a6ef033aa0b\" target=\"_blank\" rel=\"noopener\">Calend\u00e1rio Letivo do Semestre 2019.1<\/a><\/p>\n<p style=\"font-family: calibri\" align=\"justify\"><a class=\"cor\" href=\"https:\/\/sigaa.uern.br\/sigaa\/verProducao?idProducao=2207579&amp;key=856afcc950c31ac18bf8aa0ec72f6397\" target=\"_blank\" rel=\"noopener\">Calend\u00e1rio Letivo do Semestre 2019.2<\/a><\/p>\n<p style=\"font-family: calibri\" align=\"justify\"><a class=\"cor\" href=\"https:\/\/sigaa.uern.br\/sigaa\/verProducao?idProducao=2207581&amp;key=36f0ead1f90fc3e3a9ac32796bce154f\" target=\"_blank\" rel=\"noopener\">Calend\u00e1rio Letivo do Semestre 2020.1<\/a><\/p>\n<p style=\"font-family: calibri\" align=\"justify\"><a class=\"cor\" href=\"https:\/\/sigaa.uern.br\/sigaa\/verProducao?idProducao=2207582&amp;key=b228b29368866b441f4650e893e6baf4\" target=\"_blank\" rel=\"noopener\">Calend\u00e1rio Letivo do Semestre 2020.1 retificado em decorr\u00eancia da pandemia do COVID-19<\/a><\/p>\n<p style=\"font-family: calibri\" align=\"justify\"><a class=\"cor\" href=\"https:\/\/sigaa.uern.br\/sigaa\/verProducao?idProducao=2207583&amp;key=b1f58a9573117fa66879c339e1dd865f\" target=\"_blank\" rel=\"noopener\">Calend\u00e1rio Letivo do Semestre 2020.2<\/a><\/p>\n<p style=\"font-family: calibri\" align=\"justify\"><a class=\"cor\" href=\"https:\/\/sigaa.uern.br\/sigaa\/verProducao?idProducao=2207584&amp;key=2cb5db4377c45c19d3be4b22f727a9b5\" target=\"_blank\" rel=\"noopener\">Calend\u00e1rio Letivo do Semestre 2021.1<\/a><\/p>\n<p style=\"font-family: calibri\" align=\"justify\"><a class=\"cor\" href=\"https:\/\/sigaa.uern.br\/sigaa\/verProducao?idProducao=2207585&amp;key=99291631b5688cfc37d838808c78be98\" target=\"_blank\" rel=\"noopener\">Calend\u00e1rio Letivo do Semestre 2021.2<\/a><\/p>\n<p style=\"font-family: calibri\" align=\"justify\"><a class=\"cor\" href=\"https:\/\/sigaa.uern.br\/sigaa\/verProducao?idProducao=2207587&amp;key=09c04853e575de754339ad57a9ee3682\" target=\"_blank\" rel=\"noopener\">Calend\u00e1rio Letivo do Semestre 2022.2<\/a><\/p>\n<p style=\"font-family: calibri\" align=\"justify\"><a class=\"cor\" href=\"https:\/\/sigaa.uern.br\/sigaa\/verProducao?idProducao=2207588&amp;key=bbf28a4dfb8b65de3f42e77b44b99c05\" target=\"_blank\" rel=\"noopener\">Calend\u00e1rio Letivo do Semestre 2023.1<\/a><\/p>\n<p style=\"font-family: calibri\" align=\"justify\"><a class=\"cor\" href=\"https:\/\/sigaa.uern.br\/sigaa\/verProducao?idProducao=2207589&amp;key=0c5b499634a0698710d56cc17d9e93c2\" target=\"_blank\" rel=\"noopener\">Calend\u00e1rio Letivo do Semestre 2023.2<\/a><\/p>\n<p style=\"font-family: calibri\" align=\"justify\"><a class=\"cor\" href=\"https:\/\/sigaa.uern.br\/sigaa\/verProducao?idProducao=2207590&amp;key=9469e2f01d3ce3ff94687ceeab23b210\" target=\"_blank\" rel=\"noopener\">Calend\u00e1rio Letivo do Semestre 2024.1<\/a><\/p>\n<p style=\"font-family: calibri\" align=\"justify\"><a class=\"cor\" href=\"https:\/\/sigaa.uern.br\/sigaa\/verProducao?idProducao=2209941&amp;key=0d6dddcef2bc874aa364fcaabe8885b0\" target=\"_blank\" rel=\"noopener\">Calend\u00e1rio Letivo do Semestre 2024.2<\/a><\/p>\n<p style=\"font-family: calibri\" align=\"justify\"><a class=\"cor\" href=\"https:\/\/sigaa.uern.br\/sigaa\/verProducao?idProducao=2248501&amp;key=940be8accd7d2257c7a746ddac964ff0\" target=\"_blank\" rel=\"noopener\">Calend\u00e1rio Letivo do Semestre 2025.1<\/a><\/p>\n<p style=\"font-family: calibri\" align=\"justify\"><a href=\"https:\/\/sigaa.uern.br\/sigaa\/verProducao?idProducao=2324391&amp;key=0742a98a27d3a6e9caf9315dd35607ac\">Calend\u00e1rio Letivo do Semestre 2025.2<\/a><\/p>\n<p style=\"font-family: calibri\" align=\"justify\"><a href=\"https:\/\/sigaa.uern.br\/sigaa\/verProducao?idProducao=2380171&amp;key=4af1c47e982b0805d86695a30dd01923\">Calend\u00e1rio Letivo do Semestre 2026.1<\/a><\/p>\n","protected":false},"excerpt":{"rendered":"<p>Calend\u00e1rio Letivo do Semestre 2018.2 Calend\u00e1rio Letivo do Semestre 2019.1 Calend\u00e1rio Letivo do Semestre 2019.2 Calend\u00e1rio Letivo do Semestre 2020.1 Calend\u00e1rio Letivo do Semestre 2020.1 retificado em decorr\u00eancia da pandemia do COVID-19 Calend\u00e1rio Letivo do Semestre 2020.2 Calend\u00e1rio Letivo do Semestre 2021.1 Calend\u00e1rio Letivo do Semestre 2021.2 Calend\u00e1rio Letivo do Semestre 2022.2 Calend\u00e1rio Letivo do [&hellip;]<\/p>\n","protected":false},"author":22,"featured_media":0,"parent":0,"menu_order":0,"comment_status":"closed","ping_status":"closed","template":"","meta":{"footnotes":""},"class_list":["post-703","page","type-page","status-publish","hentry"],"_links":{"self":[{"href":"https:\/\/portal.uern.br\/propeg\/posensino\/wp-json\/wp\/v2\/pages\/703","targetHints":{"allow":["GET"]}}],"collection":[{"href":"https:\/\/portal.uern.br\/propeg\/posensino\/wp-json\/wp\/v2\/pages"}],"about":[{"href":"https:\/\/portal.uern.br\/propeg\/posensino\/wp-json\/wp\/v2\/types\/page"}],"author":[{"embeddable":true,"href":"https:\/\/portal.uern.br\/propeg\/posensino\/wp-json\/wp\/v2\/users\/22"}],"replies":[{"embeddable":true,"href":"https:\/\/portal.uern.br\/propeg\/posensino\/wp-json\/wp\/v2\/comments?post=703"}],"version-history":[{"count":5,"href":"https:\/\/portal.uern.br\/propeg\/posensino\/wp-json\/wp\/v2\/pages\/703\/revisions"}],"predecessor-version":[{"id":1013,"href":"https:\/\/portal.uern.br\/propeg\/posensino\/wp-json\/wp\/v2\/pages\/703\/revisions\/1013"}],"wp:attachment":[{"href":"https:\/\/portal.uern.br\/propeg\/posensino\/wp-json\/wp\/v2\/media?parent=703"}],"curies":[{"name":"wp","href":"https:\/\/api.w.org\/{rel}","templated":true}]}}