{"id":687,"date":"2025-05-07T14:12:20","date_gmt":"2025-05-07T17:12:20","guid":{"rendered":"https:\/\/portal.uern.br\/propeg\/posensino\/?page_id=687"},"modified":"2025-07-09T11:02:19","modified_gmt":"2025-07-09T14:02:19","slug":"editais-2023","status":"publish","type":"page","link":"https:\/\/portal.uern.br\/propeg\/posensino\/editais-2023\/","title":{"rendered":"Editais 2023"},"content":{"rendered":"<h4 style=\"font-family: calibri\" align=\"justify\">Sele\u00e7\u00e3o de Alunos Regulares para o Mestrado Acad\u00eamico em Ensino, Turma 2024<\/h4>\n<p style=\"font-family: calibri\" align=\"justify\"><strong><a href=\"https:\/\/sigaa.uern.br\/sigaa\/verProducao?idProducao=2218119&amp;key=9b0652d8b5e3e45bc6470fc96d815be4\">Retifica\u00e7\u00e3o I ao Edital n\u00b0 017\/2023<\/a>\u00a0<\/strong>&#8211; Prorroga o prazo de inscri\u00e7\u00f5es para a sele\u00e7\u00e3o<\/p>\n<p style=\"font-family: calibri\" align=\"justify\"><strong><a href=\"https:\/\/sigaa.uern.br\/sigaa\/verProducao?idProducao=2218097&amp;key=a2ab5b9df8c3f65cb95e311b4d8aa620\">Edital n\u00b0 017\/2023\u00a0RETIFICADO<\/a>\u00a0<\/strong>&#8211; Torna p\u00fablico o processo seletivo de alunos regulares para o Mestrado Acad\u00eamico em Ensino, Turma 2024, do Posensino<\/p>\n<p style=\"font-family: calibri\" align=\"justify\"><a href=\"https:\/\/sigaa.uern.br\/sigaa\/verProducao?idProducao=2218100&amp;key=d74b1d0779f2a39fccbc803f06e340a0\">Anexo I<\/a>\u00a0&#8211; Quadro de vagas por docente<\/p>\n<p style=\"font-family: calibri\" align=\"justify\"><a href=\"https:\/\/sigaa.uern.br\/sigaa\/verProducao?idProducao=2218101&amp;key=1e49e891138e6088355b3216e0adee11\">Anexo II<\/a>\u00a0&#8211; Formul\u00e1rio para assist\u00eancia e condi\u00e7\u00f5es especiais<\/p>\n<p style=\"font-family: calibri\" align=\"justify\"><a href=\"https:\/\/sigaa.uern.br\/sigaa\/verProducao?idProducao=2218102&amp;key=789513624d0dbb1856c03e1e2f3e6b02\">Anexo III<\/a>\u00a0&#8211; Tabela de pontua\u00e7\u00e3o de t\u00edtulos<\/p>\n<p style=\"font-family: calibri\" align=\"justify\"><a href=\"https:\/\/sigaa.uern.br\/sigaa\/verProducao?idProducao=2218104&amp;key=fb2f06037a522542a69ec9c0d669551c\">Anexo IV<\/a>\u00a0&#8211; Modelo para projeto de pesquisa<\/p>\n<p style=\"font-family: calibri\" align=\"justify\"><a href=\"https:\/\/sigaa.uern.br\/sigaa\/verProducao?idProducao=2218105&amp;key=3791dd13efb4ace44553ccf005187dd8\">Anexo V<\/a>\u00a0&#8211; Formul\u00e1rio de Autodeclara\u00e7\u00e3o para candidatos \u00e0s cotas \u00e9tnico-raciais<\/p>\n<p style=\"font-family: calibri\" align=\"justify\"><a href=\"https:\/\/sigaa.uern.br\/sigaa\/verProducao?idProducao=2218106&amp;key=b509da67b48c48507fc976679c186227\">Anexo VI<\/a>\u00a0&#8211; Termo de Compromisso para capacita\u00e7\u00e3o (servidores da UERN)<\/p>\n<p style=\"font-family: calibri\" align=\"justify\"><a href=\"https:\/\/sigaa.uern.br\/sigaa\/verProducao?idProducao=2218112&amp;key=e59b07970bb88701550cc267d9b5e27b\">Anexo VII\u00a0<\/a>&#8211; Formul\u00e1rio modelo para interposi\u00e7\u00e3o de recurso \u00e0 etapa do processo ou impugna\u00e7\u00e3o do edital de lan\u00e7amento da sele\u00e7\u00e3o<\/p>\n<p style=\"font-family: calibri\" align=\"justify\"><a href=\"https:\/\/sigaa.uern.br\/sigaa\/verProducao?idProducao=2218115&amp;key=84801d58bfa1ece1352a0af364906ed0\">Anexo VIII<\/a>\u00a0&#8211; Refer\u00eancias Bibliogr\u00e1ficas para a prova escrita<\/p>\n<p>&nbsp;<\/p>\n<hr \/>\n<h4 style=\"font-family: calibri\" align=\"justify\">Sele\u00e7\u00e3o de bolsistas de p\u00f3s-doutorado 2023<\/h4>\n<p style=\"font-family: calibri\" align=\"justify\"><a href=\"https:\/\/sigaa.uern.br\/sigaa\/verProducao?idProducao=2218120&amp;key=56fe27d9dbfa8d46b42fc6dd53404c6b\"><strong>Edital n\u00b0 016\/2023<\/strong><\/a><strong><a href=\"https:\/\/sigaa.uern.br\/sigaa\/verProducao?idProducao=2218120&amp;key=56fe27d9dbfa8d46b42fc6dd53404c6b\"><span style=\"text-decoration: underline\">-POSENSINO<\/span><\/a>\u00a0<\/strong>&#8211;\u00a0Divulga Resultado final da sele\u00e7\u00e3o de bolsista de p\u00f3s-doutorado<\/p>\n<p style=\"font-family: calibri\" align=\"justify\"><strong><a href=\"https:\/\/sigaa.uern.br\/sigaa\/verProducao?idProducao=2218121&amp;key=330ba73e86fa0215452a111b8a669621\">Edital n\u00b0 015\/2023-POSENSINO<\/a>\u00a0&#8211;\u00a0<\/strong>Divulga Resultado preliminar da sele\u00e7\u00e3o de bolsista de p\u00f3s-doutorado<\/p>\n<p style=\"font-family: calibri\" align=\"justify\"><strong><a title=\"Chamada para a sele\u00e7\u00e3o de bolsistas de p\u00f3s-doutorado\" href=\"https:\/\/sigaa.uern.br\/sigaa\/verProducao?idProducao=2218123&amp;key=065c38d32d2d3ab302b21a24e616c415\" target=\"_self\" rel=\"noopener\">EDITAL N\u00ba 2\/2023 &#8211; COCMEN\/DIAC\/DG\/MO\/RE\/IFRN<\/a>\u00a0&#8211;\u00a0<\/strong>Divulga chamada p\u00fablica para sele\u00e7\u00e3o de bolsistas de p\u00f3s-doutorado para o Programa de P\u00f3s-Gradua\u00e7\u00e3o em Ensino &#8211; POSENSINO<\/p>\n<p>&nbsp;<\/p>\n<hr \/>\n<h4 style=\"font-family: calibri\" align=\"justify\">Sele\u00e7\u00e3o de alunos especiais do Semestre 2023.2<\/h4>\n<p style=\"font-family: calibri\" align=\"justify\"><strong><a href=\"https:\/\/sigaa.uern.br\/sigaa\/verProducao?idProducao=2217585&amp;key=9e5b00409679c2ff8ad37fcbfca01f46\">Edital n\u00b0 001\/2023<\/a>\u00a0&#8211;\u00a0<\/strong>Torna p\u00fablico o processo seletivo de alunos especiais 2023.2 do Posensino<\/p>\n<p style=\"font-family: calibri\" align=\"justify\"><strong><a href=\"https:\/\/sigaa.uern.br\/sigaa\/verProducao?idProducao=2217593&amp;key=1b66860b214da0acc0ecf47c6f77df56\">Edital n\u00b0 014\/2023\u00a0Retificado<\/a>\u00a0&#8211;\u00a0<\/strong>Homologa o resultado do processo seletivo de alunos especiais 2023.2 do Posensino<\/p>\n<p style=\"font-family: calibri\" align=\"justify\"><strong><a href=\"https:\/\/sigaa.uern.br\/sigaa\/verProducao?idProducao=2217590&amp;key=2547c2a276e4e4ca7564a1913535d703\">Retifica\u00e7\u00e3o I ao Edital n\u00b0 014\/2023-POSENSINO<\/a><\/strong><\/p>\n<p>&nbsp;<\/p>\n<hr \/>\n<h4 style=\"font-family: calibri\" align=\"justify\">Sele\u00e7\u00e3o de alunos especiais do Semestre 2023.1<\/h4>\n<p style=\"font-family: calibri\" align=\"justify\"><strong><a href=\"https:\/\/sigaa.uern.br\/sigaa\/verProducao?idProducao=2217601&amp;key=0332b3a022ae0b0c36e64f654af1c5f2\">Edital n\u00b0 007\/2023<\/a>\u00a0&#8211;\u00a0<\/strong>Torna p\u00fablico o processo seletivo de alunos especiais 2023.1 do Posensino<\/p>\n<p style=\"font-family: calibri\" align=\"justify\"><a href=\"https:\/\/sigaa.uern.br\/sigaa\/verProducao?idProducao=2217605&amp;key=0afc237671e11f3b8d20885ffb6b87f9\"><strong>Edital n\u00b0 013\/2023\u00a0<\/strong><\/a>&#8211; Torna p\u00fablico o resultado do processo seletivo de alunos especiais 2023.1 do Posensino<\/p>\n<p>&nbsp;<\/p>\n<hr \/>\n<h4 style=\"font-family: calibri\" align=\"justify\">Sele\u00e7\u00e3o de bolsistas 2023<\/h4>\n<p style=\"font-family: calibri\" align=\"justify\"><strong><a href=\"https:\/\/sigaa.uern.br\/sigaa\/verProducao?idProducao=2218148&amp;key=5be988445e7b752f49f0cb576e83e8f6\">Edital 001\/2023 &#8211; Comiss\u00e3o de Bolsas<\/a>\u00a0<\/strong>&#8211; Torna p\u00fablica a sele\u00e7\u00e3o de novos bolsistas do Posensino<\/p>\n<p style=\"font-family: calibri\" align=\"justify\"><a href=\"https:\/\/sigaa.uern.br\/sigaa\/verProducao?idProducao=2218151&amp;key=4ca8bcc1268eb54923610f0c7d6ebcc5\">Anexo IV<\/a>\u00a0&#8211; Tabela de pontua\u00e7\u00e3o.<\/p>\n<p style=\"font-family: calibri\" align=\"justify\"><a href=\"https:\/\/sigaa.uern.br\/sigaa\/verProducao?idProducao=2218152&amp;key=f26c7d7ee5bc73ffb4fb25174fabf357\">Anexo V<\/a>\u00a0&#8211; Declara\u00e7\u00e3o de Inexist\u00eancia de V\u00ednculo<\/p>\n<p style=\"font-family: calibri\" align=\"justify\"><a href=\"https:\/\/sigaa.uern.br\/sigaa\/verProducao?idProducao=2218157&amp;key=35030fabe291dbe8d8f42dfe7e380cbe\"><strong>Edital 002\/2023 &#8211; Comiss\u00e3o de Bolsas\u00a0<\/strong><\/a>&#8211; Resultado preliminar da sele\u00e7\u00e3o de novos bolsistas do Posensino<\/p>\n<p style=\"font-family: calibri\" align=\"justify\"><a href=\"https:\/\/sigaa.uern.br\/sigaa\/verProducao?idProducao=2218160&amp;key=4a088f16a5551f2b4a0f5e2422bb569d\"><strong>Edital 003\/2022 &#8211; Comiss\u00e3o de Bolsas<\/strong><\/a>\u00a0&#8211; Resultado final da sele\u00e7\u00e3o de novos bolsistas do Posensino<\/p>\n<p>&nbsp;<\/p>\n<hr \/>\n<h4 style=\"font-family: calibri\" align=\"justify\">Credenciamento de docentes do Posensino<\/h4>\n<p style=\"font-family: calibri\" align=\"justify\"><a href=\"https:\/\/sigaa.uern.br\/sigaa\/verProducao?idProducao=2218164&amp;key=bc2504d899cf679c6f98909fb30f751c\"><strong>Chamada &#8211; Edital de Credenciamento<\/strong><\/a>\u00a0&#8211; Chamada p\u00fablica para credenciamento de docentes do Posensino<\/p>\n<p style=\"font-family: calibri\" align=\"justify\"><a href=\"https:\/\/sigaa.uern.br\/sigaa\/verProducao?idProducao=2218166&amp;key=285f06e8109e82a9b008dda3d24dc8c0\"><strong>Resultado das inscri\u00e7\u00f5es da Chamada<\/strong><\/a>\u00a0&#8211; Resultado preliminar das inscri\u00e7\u00f5es de sele\u00e7\u00e3o de credenciamento de docentes do Posensino<\/p>\n<p style=\"font-family: calibri\" align=\"justify\"><strong><a href=\"https:\/\/sigaa.uern.br\/sigaa\/verProducao?idProducao=2218163&amp;key=95806078b891e877b5d6fb4b74c74f84\">Retifica\u00e7\u00e3o da chamada<\/a><\/strong>\u00a0&#8211; Chamada p\u00fablica para credenciamento de docentes do Posensino<\/p>\n<p style=\"font-family: calibri\" align=\"justify\"><a href=\"https:\/\/sigaa.uern.br\/sigaa\/verProducao?idProducao=2218167&amp;key=19329579911a2f1a06165427f8994909\"><strong>Comunicado de cancelamento<\/strong><\/a>\u00a0&#8211; Comunicado de cancelamento da chamada p\u00fablica para credenciamento de docentes do Posensino<\/p>\n<p>&nbsp;<\/p>\n","protected":false},"excerpt":{"rendered":"<p>Sele\u00e7\u00e3o de Alunos Regulares para o Mestrado Acad\u00eamico em Ensino, Turma 2024 Retifica\u00e7\u00e3o I ao Edital n\u00b0 017\/2023\u00a0&#8211; Prorroga o prazo de inscri\u00e7\u00f5es para a sele\u00e7\u00e3o Edital n\u00b0 017\/2023\u00a0RETIFICADO\u00a0&#8211; Torna p\u00fablico o processo seletivo de alunos regulares para o Mestrado Acad\u00eamico em Ensino, Turma 2024, do Posensino Anexo I\u00a0&#8211; Quadro de vagas por docente Anexo [&hellip;]<\/p>\n","protected":false},"author":22,"featured_media":0,"parent":0,"menu_order":0,"comment_status":"closed","ping_status":"closed","template":"","meta":{"footnotes":""},"class_list":["post-687","page","type-page","status-publish","hentry"],"_links":{"self":[{"href":"https:\/\/portal.uern.br\/propeg\/posensino\/wp-json\/wp\/v2\/pages\/687","targetHints":{"allow":["GET"]}}],"collection":[{"href":"https:\/\/portal.uern.br\/propeg\/posensino\/wp-json\/wp\/v2\/pages"}],"about":[{"href":"https:\/\/portal.uern.br\/propeg\/posensino\/wp-json\/wp\/v2\/types\/page"}],"author":[{"embeddable":true,"href":"https:\/\/portal.uern.br\/propeg\/posensino\/wp-json\/wp\/v2\/users\/22"}],"replies":[{"embeddable":true,"href":"https:\/\/portal.uern.br\/propeg\/posensino\/wp-json\/wp\/v2\/comments?post=687"}],"version-history":[{"count":8,"href":"https:\/\/portal.uern.br\/propeg\/posensino\/wp-json\/wp\/v2\/pages\/687\/revisions"}],"predecessor-version":[{"id":975,"href":"https:\/\/portal.uern.br\/propeg\/posensino\/wp-json\/wp\/v2\/pages\/687\/revisions\/975"}],"wp:attachment":[{"href":"https:\/\/portal.uern.br\/propeg\/posensino\/wp-json\/wp\/v2\/media?parent=687"}],"curies":[{"name":"wp","href":"https:\/\/api.w.org\/{rel}","templated":true}]}}