{"id":685,"date":"2025-05-07T14:10:05","date_gmt":"2025-05-07T17:10:05","guid":{"rendered":"https:\/\/portal.uern.br\/propeg\/posensino\/?page_id=685"},"modified":"2025-07-09T11:13:27","modified_gmt":"2025-07-09T14:13:27","slug":"editais-2022","status":"publish","type":"page","link":"https:\/\/portal.uern.br\/propeg\/posensino\/editais-2022\/","title":{"rendered":"Editais 2022"},"content":{"rendered":"<h4 style=\"font-family: calibri\" align=\"justify\">Sele\u00e7\u00e3o de Alunos Regulares Turma 2022<\/h4>\n<p style=\"font-family: calibri\" align=\"justify\"><strong><a href=\"https:\/\/sigaa.uern.br\/sigaa\/verProducao?idProducao=2218865&amp;key=5aad84c902c52dd16f9fef8e36c96249\">Edital n\u00b0 002\/2022\u00a0<\/a>&#8211;\u00a0<\/strong>Convoca candidatos para entrevistas reagendadas<\/p>\n<p style=\"font-family: calibri\" align=\"justify\"><strong><a href=\"https:\/\/sigaa.uern.br\/sigaa\/verProducao?idProducao=2218866&amp;key=87062eab6fe000bd74f97711626999e5\">Edital n\u00b0 003\/2022<\/a>\u00a0&#8211;\u00a0<\/strong>Resultado da etapa de entrevistas da sele\u00e7\u00e3o de alunos regulares Turma 2022<\/p>\n<p style=\"font-family: calibri\" align=\"justify\"><a href=\"https:\/\/sigaa.uern.br\/sigaa\/verProducao?idProducao=2218867&amp;key=16464d795c50164e5bd1ccfdd33491cf\"><strong>Edital n\u00b0 004\/2022<\/strong><\/a>\u00a0&#8211;\u00a0Resultado da an\u00e1lise de recursos \u00e0 etapa de entrevista<\/p>\n<p style=\"font-family: calibri\" align=\"justify\"><strong><a href=\"https:\/\/sigaa.uern.br\/sigaa\/verProducao?idProducao=2218868&amp;key=82bea7f92339c5cf4b7a182886a85f22\">Edital n\u00b0 005\/2022\u00a0<\/a>&#8211;\u00a0<\/strong>Resultado da an\u00e1lise de t\u00edtulos<\/p>\n<p style=\"font-family: calibri\" align=\"justify\"><strong><a href=\"https:\/\/sigaa.uern.br\/sigaa\/verProducao?idProducao=2218871&amp;key=4afeb28f7385f0b29d4dff9881fabc68\">Edital n\u00b0 008\/2022<\/a><\/strong>\u00a0&#8211;\u00a0Resultado da an\u00e1lise de recursos \u00e0 etapa de t\u00edtulos<\/p>\n<p style=\"font-family: calibri\" align=\"justify\"><strong><a href=\"https:\/\/sigaa.uern.br\/sigaa\/verProducao?idProducao=2218872&amp;key=70778c0761fe9ff8f4259770cabd3c1a\">Edital n\u00b0 009\/2022<\/a><\/strong>\u00a0&#8211;\u00a0Resultado preliminar da sele\u00e7\u00e3o de alunos regulares Turma 2022<\/p>\n<p style=\"font-family: calibri\" align=\"justify\"><strong><a href=\"https:\/\/sigaa.uern.br\/sigaa\/verProducao?idProducao=2218932&amp;key=93e2d06ce9491a5fd99e04eaa96fbc57\">Edital n\u00b0 012\/2022\u00a0<\/a>&#8211;\u00a0<\/strong>Resultado da an\u00e1lise de recursos ao resultado preliminar<\/p>\n<p style=\"font-family: calibri\" align=\"justify\"><a href=\"https:\/\/sigaa.uern.br\/sigaa\/verProducao?idProducao=2218933&amp;key=c6a2557279927427a1ee54575c4b046b\"><strong>Edital n\u00b0 013\/2022<\/strong>\u00a0<\/a>&#8211; Resultado final da sele\u00e7\u00e3o de alunos regulares Turma 2022<\/p>\n<p>&nbsp;<\/p>\n<hr \/>\n<h4 style=\"font-family: calibri\" align=\"justify\">Sele\u00e7\u00e3o de Alunos Especiais do Semestre 2022.1<\/h4>\n<p style=\"font-family: calibri\" align=\"justify\"><a href=\"https:\/\/sigaa.uern.br\/sigaa\/verProducao?idProducao=2218930&amp;key=408e650c5b4c6a306a3614461baf049d\"><strong>Edital n\u00b0 011\/2022\u00a0Retificado<\/strong><\/a>\u00a0&#8211; Torna p\u00fablico o processo seletivo de alunos especiais 2022.1 do Posensino<\/p>\n<p style=\"font-family: calibri\" align=\"justify\"><strong><a href=\"https:\/\/sigaa.uern.br\/sigaa\/verProducao?idProducao=2218937&amp;key=52ca05d4979c219b1b16b34653882d6d\">Retifica\u00e7\u00e3o I ao Edital n\u00b0 011\/2022<\/a><\/strong><\/p>\n<p style=\"font-family: calibri\" align=\"justify\"><a href=\"https:\/\/sigaa.uern.br\/sigaa\/verProducao?idProducao=2218935&amp;key=c2d6bc06361d198d3fc0bfcd51784d28\"><strong>Edital n\u00b0 015\/2022<\/strong><\/a>\u00a0&#8211;\u00a0Torna p\u00fablico o resultado da sele\u00e7\u00e3o\u00a0 de alunos especiais 2022.1 do Posensino<\/p>\n<p>&nbsp;<\/p>\n<hr \/>\n<h4 style=\"font-family: calibri\" align=\"justify\">Sele\u00e7\u00e3o interna de artigos para submiss\u00e3o \u00e0 publica\u00e7\u00e3o de livro<\/h4>\n<p style=\"font-family: calibri\" align=\"justify\"><a href=\"https:\/\/sigaa.uern.br\/sigaa\/verProducao?idProducao=2218934&amp;key=917929549dc02c1ba933fe0aedcf3434\">Edital n\u00b0 014\/2022<\/a>\u00a0&#8211;\u00a0Divulga sele\u00e7\u00e3o interna de artigos para submiss\u00e3o \u00e0 publica\u00e7\u00e3o de livro<\/p>\n<p style=\"font-family: calibri\" align=\"justify\"><strong><a href=\"https:\/\/sigaa.uern.br\/sigaa\/verProducao?idProducao=2218936&amp;key=6eabbb9e1c3b2f4d62dda4afa54cd474\">Edital n\u00b0 016\/2022<\/a><\/strong>\u00a0&#8211; Homologa o resulta da sele\u00e7\u00e3o interna de artigos para publica\u00e7\u00e3o de livro<\/p>\n<p>&nbsp;<\/p>\n<hr \/>\n<h4 style=\"font-family: calibri\" align=\"justify\"><span style=\"font-size: 0.7em;letter-spacing: 0px\">\u00a0<\/span>Sele\u00e7\u00e3o de bolsistas 2022<\/h4>\n<p style=\"font-family: calibri\" align=\"justify\"><a href=\"https:\/\/sigaa.uern.br\/sigaa\/verProducao?idProducao=2218963&amp;key=413c06f649fd0679f4458c9a0a972a2c\"><strong>Edital 001\/2022 &#8211; Comiss\u00e3o de Bolsas\u00a0<\/strong><\/a>&#8211; Torna p\u00fablica a sele\u00e7\u00e3o de novos bolsistas do Posensino<\/p>\n<p style=\"font-family: calibri\" align=\"justify\"><a href=\"https:\/\/sigaa.uern.br\/sigaa\/verProducao?idProducao=2218969&amp;key=2d3ec946f19581c6b31ed9d06a1ca991\">Anexo IV<\/a>\u00a0&#8211; Formul\u00e1rio de Produ\u00e7\u00e3o Acad\u00eamica<\/p>\n<p style=\"font-family: calibri\" align=\"justify\"><a href=\"https:\/\/sigaa.uern.br\/sigaa\/verProducao?idProducao=2218970&amp;key=394233b65d9e1d4eeb0c98277e80b09f\">Anexo V<\/a>\u00a0&#8211; Declara\u00e7\u00e3o de Inexist\u00eancia de V\u00ednculo<\/p>\n<p style=\"font-family: calibri\" align=\"justify\"><a href=\"https:\/\/sigaa.uern.br\/sigaa\/verProducao?idProducao=2218965&amp;key=e7ea4dc8176e95a7c46395ef8b1fd793\"><strong>Edital 002\/2022 &#8211; Comiss\u00e3o de Bolsas\u00a0<\/strong><\/a>&#8211; Resultado preliminar da sele\u00e7\u00e3o de novos bolsistas do Posensino<\/p>\n<p style=\"font-family: calibri\" align=\"justify\"><strong><a href=\"https:\/\/sigaa.uern.br\/sigaa\/verProducao?idProducao=2218966&amp;key=2e3c7ecd34c12a0efc92ef632795346a\">Edital 003\/2022 &#8211; Comiss\u00e3o de Bolsas<\/a><\/strong>\u00a0&#8211; Resultado final da sele\u00e7\u00e3o de novos bolsistas do Posensino<\/p>\n<p>&nbsp;<\/p>\n<hr \/>\n<h4 style=\"font-family: calibri\" align=\"justify\">Sele\u00e7\u00e3o de alunos especiais do Semestre 2022.2<\/h4>\n<p style=\"font-family: calibri\" align=\"justify\"><strong><a href=\"https:\/\/sigaa.uern.br\/sigaa\/verProducao?idProducao=2218938&amp;key=e02a4f82defba6d2db2e2a6d83687b3a\">Edital n\u00b0 017\/2022<\/a>\u00a0<\/strong>&#8211;\u00a0Torna p\u00fablico o processo seletivo de alunos especiais 2022.2 do Posensino<\/p>\n<p style=\"font-family: calibri\" align=\"justify\"><a href=\"https:\/\/sigaa.uern.br\/sigaa\/verProducao?idProducao=2218940&amp;key=603411ba26f0e5772b2b7cde63af4490\"><strong>Edital n\u00b0 018\/2022\u00a0<\/strong><\/a>&#8211; Torna p\u00fablico o resultado do processo seletivo de alunos especiais 2022.2 do Posensino<\/p>\n<p>&nbsp;<\/p>\n<hr \/>\n<h4 style=\"font-family: calibri\" align=\"justify\">Sele\u00e7\u00e3o de Alunos Regulares Turma 2023<\/h4>\n<p style=\"font-family: calibri\" align=\"justify\"><strong><a href=\"https:\/\/sigaa.uern.br\/sigaa\/verProducao?idProducao=2218941&amp;key=9de9528a27df48c22025a0b25d8c8bc8\">Edital n\u00b0 019\/2022\u00a0Retificado<\/a>\u00a0<\/strong>&#8211; Torna p\u00fablico o processo seletivo de alunos regulares, Turma 2023, do Posensino<\/p>\n<p style=\"font-family: calibri\" align=\"justify\"><a href=\"https:\/\/sigaa.uern.br\/sigaa\/verProducao?idProducao=2218975&amp;key=ba492db2ad297f545548c80be48ceeb5\">Anexo I<\/a>\u00a0&#8211; Quadro de vagas por docente<\/p>\n<p style=\"font-family: calibri\" align=\"justify\"><a href=\"https:\/\/sigaa.uern.br\/sigaa\/verProducao?idProducao=2218974&amp;key=1fa0ea7c9ffc3f06a761a377ca3820dc\">Anexo II<\/a>\u00a0&#8211; Formul\u00e1rio para assist\u00eancia e condi\u00e7\u00f5es especiais<\/p>\n<p style=\"font-family: calibri\" align=\"justify\"><a href=\"https:\/\/sigaa.uern.br\/sigaa\/verProducao?idProducao=2218977&amp;key=904e22338a142d3efcb6e50bc5da51a5\">Anexo III<\/a>\u00a0&#8211; Tabela de pontua\u00e7\u00e3o de t\u00edtulos<\/p>\n<p style=\"font-family: calibri\" align=\"justify\"><a href=\"https:\/\/sigaa.uern.br\/sigaa\/verProducao?idProducao=2218979&amp;key=b1fbc0bac6a1bd4e1a27af8ff697836b\">Anexo IV<\/a>\u00a0&#8211; Modelo para projeto de pesquisa<\/p>\n<p style=\"font-family: calibri\" align=\"justify\"><a href=\"https:\/\/sigaa.uern.br\/sigaa\/verProducao?idProducao=2218981&amp;key=e5bbc0342e42713aca031cdf5ef5952c\">Anexo V<\/a>\u00a0&#8211; Formul\u00e1rio de Autodeclara\u00e7\u00e3o para candidatos \u00e0s cotas \u00e9tnico-raciais<\/p>\n<p style=\"font-family: calibri\" align=\"justify\"><a href=\"https:\/\/sigaa.uern.br\/sigaa\/verProducao?idProducao=2218983&amp;key=3de9c56fb6675191f5b6a95c3fc43a04\">Anexo VI<\/a>\u00a0&#8211; Termo de Compromisso para capacita\u00e7\u00e3o (servidores da UERN)<\/p>\n<p style=\"font-family: calibri\" align=\"justify\"><a href=\"https:\/\/sigaa.uern.br\/sigaa\/verProducao?idProducao=2218986&amp;key=893312209e159ca9fc22ca390d027d87\">Anexo VII<\/a>\u00a0&#8211; Formul\u00e1rio modelo para interposi\u00e7\u00e3o de recurso \u00e0 etapa do processo ou impugna\u00e7\u00e3o do edital de lan\u00e7amento da sele\u00e7\u00e3o<\/p>\n<p style=\"font-family: calibri\" align=\"justify\"><a href=\"https:\/\/sigaa.uern.br\/sigaa\/verProducao?idProducao=2218988&amp;key=06a96591aa8ec8497a45ac7bb0529fcd\">Anexo VIII<\/a>\u00a0&#8211; Refer\u00eancias Bibliogr\u00e1ficas para a prova escrita<\/p>\n<div>\n<p style=\"font-family: calibri\" align=\"justify\"><strong><a href=\"https:\/\/sigaa.uern.br\/sigaa\/verProducao?idProducao=2218942&amp;key=8f0606879463874a2ec25c94cd260bc8\">Retifica\u00e7\u00e3o I ao Edital n\u00b0 19\/2022<\/a><\/strong><\/p>\n<\/div>\n<div>\n<p style=\"font-family: calibri\" align=\"justify\"><strong><a href=\"https:\/\/sigaa.uern.br\/sigaa\/verProducao?idProducao=2218943&amp;key=cf4b0bd2c6e42f6eb9bd5d030bb0cd22\">Retifica\u00e7\u00e3o II ao Edital n\u00b0 19\/2022-POSENSINO<\/a><\/strong><\/p>\n<\/div>\n<div>\n<p style=\"font-family: calibri\" align=\"justify\"><strong><a href=\"https:\/\/sigaa.uern.br\/sigaa\/verProducao?idProducao=2218945&amp;key=d395b1a3b9f501480de87f5a9fecfa1a\">Retifica\u00e7\u00e3o III ao Edital n\u00b0 19\/2022-POSENSINO<\/a><\/strong><\/p>\n<\/div>\n<div><strong style=\"font-family: calibri\"><a href=\"https:\/\/sigaa.uern.br\/sigaa\/verProducao?idProducao=2218946&amp;key=218a541ae96bc1c4700a7e7e8b8d598d\">Edital n\u00b0 020\/2022\u00a0<\/a>&#8211;\u00a0<\/strong><span style=\"font-family: calibri\">Homologa o resultado da an\u00e1lise do pedido de impugna\u00e7\u00e3o do Edital n\u00b0 019\/2022-POSENSINO<\/span><\/div>\n<p style=\"font-family: calibri\" align=\"justify\"><a href=\"https:\/\/sigaa.uern.br\/sigaa\/verProducao?idProducao=2218951&amp;key=708ba92c096d00f21467db993090bb89\"><strong>Edital n\u00b0 023\/2022<\/strong><\/a>&#8211;\u00a0Homologa as inscri\u00e7\u00f5es recebidas no\u00a0processo seletivo de alunos regulares, Turma 2023, do Posensino<\/p>\n<p style=\"font-family: calibri\" align=\"justify\"><a href=\"https:\/\/sigaa.uern.br\/sigaa\/verProducao?idProducao=2218954&amp;key=d69a21fac6fd398f97d3809e6b4a9a69\"><strong>Edital n\u00b0 024\/2022\u00a0<\/strong><\/a>&#8211; Resultado da an\u00e1lise dos recursos \u00e0 homologa\u00e7\u00e3o das inscri\u00e7\u00f5es<\/p>\n<p>&nbsp;<\/p>\n<hr \/>\n<h4 style=\"font-family: calibri\" align=\"justify\">Sele\u00e7\u00e3o para a concess\u00e3o de bolsas PROPI\/IFRN<\/h4>\n<p style=\"font-family: calibri\" align=\"justify\"><a href=\"https:\/\/sigaa.uern.br\/sigaa\/verProducao?idProducao=2218947&amp;key=75353372be18513514bf87d95dabea48\"><strong>Edital n\u00b0 021\/2022\u00a0<\/strong><\/a>&#8211; Torna p\u00fablico o processo seletivo para concess\u00e3o de bolsas PROPI\/IFRN<\/p>\n<p style=\"font-family: calibri\" align=\"justify\"><strong><a href=\"https:\/\/sigaa.uern.br\/sigaa\/verProducao?idProducao=2218948&amp;key=f058d1c0811c80887714286c2025a896\">Edital n\u00b0 022\/2022<\/a><\/strong>\u00a0&#8211; Torna p\u00fablico o resultado da sele\u00e7\u00e3o para concess\u00e3o de bolsas PROPI\/IFRN<\/p>\n<p>&nbsp;<\/p>\n","protected":false},"excerpt":{"rendered":"<p>Sele\u00e7\u00e3o de Alunos Regulares Turma 2022 Edital n\u00b0 002\/2022\u00a0&#8211;\u00a0Convoca candidatos para entrevistas reagendadas Edital n\u00b0 003\/2022\u00a0&#8211;\u00a0Resultado da etapa de entrevistas da sele\u00e7\u00e3o de alunos regulares Turma 2022 Edital n\u00b0 004\/2022\u00a0&#8211;\u00a0Resultado da an\u00e1lise de recursos \u00e0 etapa de entrevista Edital n\u00b0 005\/2022\u00a0&#8211;\u00a0Resultado da an\u00e1lise de t\u00edtulos Edital n\u00b0 008\/2022\u00a0&#8211;\u00a0Resultado da an\u00e1lise de recursos \u00e0 etapa de [&hellip;]<\/p>\n","protected":false},"author":22,"featured_media":0,"parent":0,"menu_order":0,"comment_status":"closed","ping_status":"closed","template":"","meta":{"footnotes":""},"class_list":["post-685","page","type-page","status-publish","hentry"],"_links":{"self":[{"href":"https:\/\/portal.uern.br\/propeg\/posensino\/wp-json\/wp\/v2\/pages\/685","targetHints":{"allow":["GET"]}}],"collection":[{"href":"https:\/\/portal.uern.br\/propeg\/posensino\/wp-json\/wp\/v2\/pages"}],"about":[{"href":"https:\/\/portal.uern.br\/propeg\/posensino\/wp-json\/wp\/v2\/types\/page"}],"author":[{"embeddable":true,"href":"https:\/\/portal.uern.br\/propeg\/posensino\/wp-json\/wp\/v2\/users\/22"}],"replies":[{"embeddable":true,"href":"https:\/\/portal.uern.br\/propeg\/posensino\/wp-json\/wp\/v2\/comments?post=685"}],"version-history":[{"count":6,"href":"https:\/\/portal.uern.br\/propeg\/posensino\/wp-json\/wp\/v2\/pages\/685\/revisions"}],"predecessor-version":[{"id":976,"href":"https:\/\/portal.uern.br\/propeg\/posensino\/wp-json\/wp\/v2\/pages\/685\/revisions\/976"}],"wp:attachment":[{"href":"https:\/\/portal.uern.br\/propeg\/posensino\/wp-json\/wp\/v2\/media?parent=685"}],"curies":[{"name":"wp","href":"https:\/\/api.w.org\/{rel}","templated":true}]}}