{"id":680,"date":"2025-05-07T13:53:20","date_gmt":"2025-05-07T16:53:20","guid":{"rendered":"https:\/\/portal.uern.br\/propeg\/posensino\/?page_id=680"},"modified":"2025-07-09T11:37:28","modified_gmt":"2025-07-09T14:37:28","slug":"editais-2020","status":"publish","type":"page","link":"https:\/\/portal.uern.br\/propeg\/posensino\/editais-2020\/","title":{"rendered":"Editais 2020"},"content":{"rendered":"<h4 style=\"font-family: calibri\" align=\"justify\">Sele\u00e7\u00e3o de alunos especiais 2020.1<\/h4>\n<p style=\"font-family: calibri\" align=\"justify\"><a href=\"https:\/\/sigaa.uern.br\/sigaa\/verProducao?idProducao=2220688&amp;key=35ca5b23e20a28a018b21015818a7fae\"><strong>Edital n\u00b0 01\/2020<\/strong><\/a>\u00a0&#8211;\u00a0Torna p\u00fablico processo seletivo de alunos especiais 2020.1<\/p>\n<p style=\"font-family: calibri\" align=\"justify\"><a href=\"https:\/\/sigaa.uern.br\/sigaa\/verProducao?idProducao=2220690&amp;key=6cbcd08f1ba947317fb42f45d61c7a94\"><strong>Edital n\u00b0 02\/2020<\/strong><\/a>\u00a0&#8211; Torna p\u00fablico o resultado do processo seletivo de alunos especiais 2020.1<\/p>\n<p>&nbsp;<\/p>\n<hr \/>\n<h4 style=\"font-family: calibri\" align=\"justify\">Sele\u00e7\u00e3o de alunos especiais 2020.2<\/h4>\n<p style=\"font-family: calibri\" align=\"justify\"><strong><a href=\"https:\/\/sigaa.uern.br\/sigaa\/verProducao?idProducao=2220692&amp;key=bf19c9994699b8b71fe2d4e4aea844ce\">Edital n\u00b0 03<\/a><a href=\"\/sigaa\/verProducao?idProducao=2220692&amp;key=bf19c9994699b8b71fe2d4e4aea844ce\"><span style=\"text-decoration: underline\">\/2020<\/span><\/a>\u00a0&#8211;\u00a0<\/strong>Torna p\u00fablico processo seletivo de alunos especiais 2020.2<\/p>\n<p style=\"font-family: calibri\" align=\"justify\"><a href=\"https:\/\/sigaa.uern.br\/sigaa\/verProducao?idProducao=2220693&amp;key=7c0b5c421c3fe82b94b44002d91ca748\"><strong>Retifica\u00e7\u00e3o I ao Edital\u00a0n\u00b0 03\/2020\u00a0<\/strong><\/a>&#8211; Abre novas vagas e faz ajustes<\/p>\n<p style=\"font-family: calibri\" align=\"justify\"><a href=\"https:\/\/sigaa.uern.br\/sigaa\/verProducao?idProducao=2220695&amp;key=0f684141f68f1eae3c07cbfa70260ce0\"><strong>Edital n\u00b0 04\/2020<\/strong>\u00a0<\/a>&#8211; Homologa o resultado do processo seletivo de alunos especiais 2020.2<\/p>\n<p>&nbsp;<\/p>\n","protected":false},"excerpt":{"rendered":"<p>Sele\u00e7\u00e3o de alunos especiais 2020.1 Edital n\u00b0 01\/2020\u00a0&#8211;\u00a0Torna p\u00fablico processo seletivo de alunos especiais 2020.1 Edital n\u00b0 02\/2020\u00a0&#8211; Torna p\u00fablico o resultado do processo seletivo de alunos especiais 2020.1 &nbsp; Sele\u00e7\u00e3o de alunos especiais 2020.2 Edital n\u00b0 03\/2020\u00a0&#8211;\u00a0Torna p\u00fablico processo seletivo de alunos especiais 2020.2 Retifica\u00e7\u00e3o I ao Edital\u00a0n\u00b0 03\/2020\u00a0&#8211; Abre novas vagas e faz [&hellip;]<\/p>\n","protected":false},"author":22,"featured_media":0,"parent":0,"menu_order":0,"comment_status":"closed","ping_status":"closed","template":"","meta":{"footnotes":""},"class_list":["post-680","page","type-page","status-publish","hentry"],"_links":{"self":[{"href":"https:\/\/portal.uern.br\/propeg\/posensino\/wp-json\/wp\/v2\/pages\/680","targetHints":{"allow":["GET"]}}],"collection":[{"href":"https:\/\/portal.uern.br\/propeg\/posensino\/wp-json\/wp\/v2\/pages"}],"about":[{"href":"https:\/\/portal.uern.br\/propeg\/posensino\/wp-json\/wp\/v2\/types\/page"}],"author":[{"embeddable":true,"href":"https:\/\/portal.uern.br\/propeg\/posensino\/wp-json\/wp\/v2\/users\/22"}],"replies":[{"embeddable":true,"href":"https:\/\/portal.uern.br\/propeg\/posensino\/wp-json\/wp\/v2\/comments?post=680"}],"version-history":[{"count":6,"href":"https:\/\/portal.uern.br\/propeg\/posensino\/wp-json\/wp\/v2\/pages\/680\/revisions"}],"predecessor-version":[{"id":981,"href":"https:\/\/portal.uern.br\/propeg\/posensino\/wp-json\/wp\/v2\/pages\/680\/revisions\/981"}],"wp:attachment":[{"href":"https:\/\/portal.uern.br\/propeg\/posensino\/wp-json\/wp\/v2\/media?parent=680"}],"curies":[{"name":"wp","href":"https:\/\/api.w.org\/{rel}","templated":true}]}}