{"id":678,"date":"2025-05-07T13:52:44","date_gmt":"2025-05-07T16:52:44","guid":{"rendered":"https:\/\/portal.uern.br\/propeg\/posensino\/?page_id=678"},"modified":"2025-07-09T11:47:42","modified_gmt":"2025-07-09T14:47:42","slug":"editais-2019","status":"publish","type":"page","link":"https:\/\/portal.uern.br\/propeg\/posensino\/editais-2019\/","title":{"rendered":"Editais 2019"},"content":{"rendered":"<h4 style=\"font-family: calibri\" align=\"justify\">Sele\u00e7\u00e3o de alunos especiais 2019.1<\/h4>\n<p style=\"font-family: calibri\" align=\"justify\"><a href=\"https:\/\/sigaa.uern.br\/sigaa\/verProducao?idProducao=2220706&amp;key=7e5c4636a505dbbc5d294bea466e3006\"><strong>Edital n\u00b0 01\/2019<\/strong><\/a>\u00a0&#8211;\u00a0Torna p\u00fablico processo seletivo de alunos especiais 2019.1<\/p>\n<p style=\"font-family: calibri\" align=\"justify\"><a href=\"https:\/\/sigaa.uern.br\/sigaa\/verProducao?idProducao=2220707&amp;key=a5a0d846c7144aef76c45bca3395e94b\"><strong>Edital n\u00b0 02\/2019<\/strong><\/a>\u00a0&#8211;\u00a0Homologa o resultado da sele\u00e7\u00e3o de alunos especiais 2019.1<\/p>\n<p>&nbsp;<\/p>\n<hr \/>\n<h4 style=\"font-family: calibri\" align=\"justify\">\u00a0Sele\u00e7\u00e3o de alunos especiais 2019.2<\/h4>\n<p style=\"font-family: calibri\" align=\"justify\"><strong><a href=\"https:\/\/sigaa.uern.br\/sigaa\/verProducao?idProducao=2220708&amp;key=8479fa42cb8aab6089487f402e074b99\">Edital n\u00b0 03\/2019<\/a><\/strong>\u00a0&#8211; Torna p\u00fablico processo seletivo de alunos especiais 2019.2<\/p>\n<p style=\"font-family: calibri\" align=\"justify\"><a href=\"https:\/\/sigaa.uern.br\/sigaa\/verProducao?idProducao=2220709&amp;key=0e30d6658141b03a86c75249a8d1d232\"><strong>Edital n\u00b0 04\/2019<\/strong><\/a>\u00a0&#8211;\u00a0Homologa o resultado da sele\u00e7\u00e3o de alunos especiais 2019.2<\/p>\n<p>&nbsp;<\/p>\n<hr \/>\n<h4 style=\"font-family: calibri\" align=\"justify\">Sele\u00e7\u00e3o de bolsistas<\/h4>\n<p style=\"font-family: calibri\" align=\"justify\"><a href=\"https:\/\/sigaa.uern.br\/sigaa\/verProducao?idProducao=2223608&amp;key=aa50265eaff9922663814dc47faa5909\"><strong>Edital 01\/2019<\/strong><\/a>\u00a0&#8211; Comiss\u00e3o de Bolsas\/POSENSINO\u00a0&#8211;\u00a0Edital de concess\u00e3o de bolsas de mestrado para discentes<\/p>\n<p style=\"font-family: calibri\" align=\"justify\"><a href=\"https:\/\/sigaa.uern.br\/sigaa\/verProducao?idProducao=2223606&amp;key=ec2ae0662df2efab3694d5ac20a9fc34\"><strong>Edital 02\/2019<\/strong><\/a>\u00a0&#8211; Comiss\u00e3o de Bolsas\/POSENSINO\u00a0&#8211;\u00a0Resultado da sele\u00e7\u00e3o de alunos bolsistas<\/p>\n<p>&nbsp;<\/p>\n<hr \/>\n<h4 style=\"font-family: calibri\" align=\"justify\">Sele\u00e7\u00e3o de alunos regulares turma 2020<\/h4>\n<p style=\"font-family: calibri\" align=\"justify\"><strong><a href=\"https:\/\/sigaa.uern.br\/sigaa\/verProducao?idProducao=2220710&amp;key=dd55271e0a9f8131f1dbee1147584822\">Edital n\u00b0 05\/2019<\/a><\/strong>\u00a0&#8211;\u00a0Abre sele\u00e7\u00e3o de Alunos Regulares Turma 2020<\/p>\n<p style=\"font-family: calibri\" align=\"justify\"><a href=\"https:\/\/sigaa.uern.br\/sigaa\/verProducao?idProducao=2220711&amp;key=aa7c857356380cd17ea965980eb12fe4\">Anexo I\u00a0<\/a>&#8211;\u00a0Quadro de Vagas<\/p>\n<p style=\"font-family: calibri\" align=\"justify\"><a href=\"https:\/\/sigaa.uern.br\/sigaa\/verProducao?idProducao=2220713&amp;key=2df105d3b713cd815a687b5cb73765bc\">Anexo II<\/a>\u00a0&#8211;\u00a0Formul\u00e1rio para assist\u00eancia e condi\u00e7\u00f5es especiais<\/p>\n<p style=\"font-family: calibri\" align=\"justify\"><a href=\"https:\/\/sigaa.uern.br\/sigaa\/verProducao?idProducao=2220714&amp;key=c931f5c300fe314a456f6d5ff9d886d1\">Anexo III<\/a>&#8211;\u00a0Refer\u00eancias<\/p>\n<p style=\"font-family: calibri\" align=\"justify\"><a href=\"https:\/\/sigaa.uern.br\/sigaa\/verProducao?idProducao=2220715&amp;key=0650cb6935841cec27d8974d23aa4a0f\">Anexo IV<\/a>\u00a0&#8211;\u00a0Tabela de pontua\u00e7\u00e3o de t\u00edtulos<\/p>\n<p style=\"font-family: calibri\" align=\"justify\"><a href=\"https:\/\/sigaa.uern.br\/sigaa\/verProducao?idProducao=2220716&amp;key=9c410f70c307a283e96d0c652c923df2\">Anexo V<\/a>\u00a0&#8211;\u00a0Modelo para projeto de pesquisa<\/p>\n<p style=\"font-family: calibri\" align=\"justify\"><strong><a href=\"https:\/\/sigaa.uern.br\/sigaa\/verProducao?idProducao=2223579&amp;key=157356ddea9f068283546d82ca6fc82d\">Retifica\u00e7\u00e3o I do Edital n\u00b0 05\/2019<\/a><\/strong>\u00a0&#8211; Abre nova vaga para sele\u00e7\u00e3o discente<\/p>\n<p style=\"font-family: calibri\" align=\"justify\"><strong><a href=\"https:\/\/sigaa.uern.br\/sigaa\/verProducao?idProducao=2223604&amp;key=1fd410325432eb63c13f08c7b242e686\">Retifica\u00e7\u00e3o II do Edital n\u00b0 05\/2019<\/a><\/strong>\u00a0&#8211;\u00a0reabre inscri\u00e7\u00f5es para sele\u00e7\u00e3o discente<\/p>\n<p style=\"font-family: calibri\" align=\"justify\"><a href=\"https:\/\/sigaa.uern.br\/sigaa\/verProducao?idProducao=2223571&amp;key=d858bd284a914cbc19e8d939aa855fba\"><strong>Edital \u00a0n\u00b0 06\/2019<\/strong><\/a>\u00a0&#8211;\u00a0Homologa\u00e7\u00e3o de Inscri\u00e7\u00f5es para sele\u00e7\u00e3o de alunos regulares Turma 2020<\/p>\n<p style=\"font-family: calibri\" align=\"justify\"><strong><a href=\"https:\/\/sigaa.uern.br\/sigaa\/verProducao?idProducao=2220718&amp;key=ddea29830bd55c7f0d8d2b756250e8c9\">Edital n\u00b0 07\/2019<\/a><\/strong>\u00a0&#8211; Homolga\u00e7\u00e3o final de inscri\u00e7\u00f5es para sele\u00e7\u00e3o de alunos regulares Turma 2020<\/p>\n<p style=\"font-family: calibri\" align=\"justify\"><strong><a href=\"https:\/\/sigaa.uern.br\/sigaa\/verProducao?idProducao=2220731&amp;key=7c2758e5e8e3c8631403feb317f83e1f\">Edital n\u00b0 08\/2019<\/a><\/strong>\u00a0&#8211; Homologa\u00e7\u00e3o do resultado da prova escrita para sele\u00e7\u00e3o de alunos regulares Turma 2020<\/p>\n<p style=\"font-family: calibri\" align=\"justify\"><strong><a href=\"https:\/\/sigaa.uern.br\/sigaa\/verProducao?idProducao=2223574&amp;key=1e60ab3fc952adcb0f4eba0db897fe99\">Edital n\u00b0 09\/2019<\/a><\/strong>\u00a0&#8211; Resultado da an\u00e1lise de recursos \u00e0 prova escrita para sele\u00e7\u00e3o de alunos regulares Turma 2020<\/p>\n<p style=\"font-family: calibri\" align=\"justify\"><strong><a href=\"https:\/\/sigaa.uern.br\/sigaa\/verProducao?idProducao=2220733&amp;key=0c12654d7132e26d5f7b5fcbd6df273b\">Edital n\u00b0 10\/2019<\/a><\/strong>\u00a0&#8211; Resultado da an\u00e1lise de projetos para sele\u00e7\u00e3o de alunos regulares Turma 2020<\/p>\n<p style=\"font-family: calibri\" align=\"justify\"><strong><a href=\"https:\/\/sigaa.uern.br\/sigaa\/verProducao?idProducao=2223577&amp;key=01422785b7743f333fd38138ff994202\">Edital n\u00b0 11\/2019<\/a><\/strong>\u00a0&#8211; Resultado da an\u00e1lise de t\u00edtulos e entrevistas da sele\u00e7\u00e3o de alunos regulares Turma 2020<\/p>\n<p style=\"font-family: calibri\" align=\"justify\"><a href=\"https:\/\/sigaa.uern.br\/sigaa\/verProducao?idProducao=2220735&amp;key=b29d6bc23e19f7e76d26ddad1405ac5a\"><strong>Edital n\u00b0 12\/2019<\/strong><\/a>&#8211; Resultado final da sele\u00e7\u00e3o de alunos regulares Turma 2020<\/p>\n<p>&nbsp;<\/p>\n","protected":false},"excerpt":{"rendered":"<p>Sele\u00e7\u00e3o de alunos especiais 2019.1 Edital n\u00b0 01\/2019\u00a0&#8211;\u00a0Torna p\u00fablico processo seletivo de alunos especiais 2019.1 Edital n\u00b0 02\/2019\u00a0&#8211;\u00a0Homologa o resultado da sele\u00e7\u00e3o de alunos especiais 2019.1 &nbsp; \u00a0Sele\u00e7\u00e3o de alunos especiais 2019.2 Edital n\u00b0 03\/2019\u00a0&#8211; Torna p\u00fablico processo seletivo de alunos especiais 2019.2 Edital n\u00b0 04\/2019\u00a0&#8211;\u00a0Homologa o resultado da sele\u00e7\u00e3o de alunos especiais 2019.2 &nbsp; [&hellip;]<\/p>\n","protected":false},"author":22,"featured_media":0,"parent":0,"menu_order":0,"comment_status":"closed","ping_status":"closed","template":"","meta":{"footnotes":""},"class_list":["post-678","page","type-page","status-publish","hentry"],"_links":{"self":[{"href":"https:\/\/portal.uern.br\/propeg\/posensino\/wp-json\/wp\/v2\/pages\/678","targetHints":{"allow":["GET"]}}],"collection":[{"href":"https:\/\/portal.uern.br\/propeg\/posensino\/wp-json\/wp\/v2\/pages"}],"about":[{"href":"https:\/\/portal.uern.br\/propeg\/posensino\/wp-json\/wp\/v2\/types\/page"}],"author":[{"embeddable":true,"href":"https:\/\/portal.uern.br\/propeg\/posensino\/wp-json\/wp\/v2\/users\/22"}],"replies":[{"embeddable":true,"href":"https:\/\/portal.uern.br\/propeg\/posensino\/wp-json\/wp\/v2\/comments?post=678"}],"version-history":[{"count":5,"href":"https:\/\/portal.uern.br\/propeg\/posensino\/wp-json\/wp\/v2\/pages\/678\/revisions"}],"predecessor-version":[{"id":983,"href":"https:\/\/portal.uern.br\/propeg\/posensino\/wp-json\/wp\/v2\/pages\/678\/revisions\/983"}],"wp:attachment":[{"href":"https:\/\/portal.uern.br\/propeg\/posensino\/wp-json\/wp\/v2\/media?parent=678"}],"curies":[{"name":"wp","href":"https:\/\/api.w.org\/{rel}","templated":true}]}}