{"id":674,"date":"2025-05-07T13:50:27","date_gmt":"2025-05-07T16:50:27","guid":{"rendered":"https:\/\/portal.uern.br\/propeg\/posensino\/?page_id=674"},"modified":"2025-07-09T12:01:43","modified_gmt":"2025-07-09T15:01:43","slug":"editais-2017","status":"publish","type":"page","link":"https:\/\/portal.uern.br\/propeg\/posensino\/editais-2017\/","title":{"rendered":"Editais 2017"},"content":{"rendered":"<h4 style=\"font-family: calibri\" align=\"justify\">Sele\u00e7\u00e3o de alunos regulares 2017<\/h4>\n<p style=\"font-family: calibri\" align=\"justify\"><strong><a href=\"https:\/\/sigaa.uern.br\/sigaa\/verProducao?idProducao=2224239&amp;key=fec390b24aba49897d9346a941b16a79\">Resultado 01\/2017<\/a><\/strong>\u00a0&#8211;\u00a0Publica resultado da an\u00e1lise dos projetos Sele\u00e7\u00e3o discentes 2017<\/p>\n<p style=\"font-family: calibri\" align=\"justify\"><strong><a href=\"https:\/\/sigaa.uern.br\/sigaa\/verProducao?idProducao=2224240&amp;key=708c541ea7b8da4b5a4b1f4f1ea0399f\">Resultado 02\/2017<\/a>\u00a0<\/strong>&#8211;\u00a0Publica resultado da Prova Escrita Sele\u00e7\u00e3o discentes 2017<\/p>\n<p style=\"font-family: calibri\" align=\"justify\"><a href=\"https:\/\/www.uern.br\/controledepaginas\/posensino-editais-2017\/arquivos\/5609anexo_i_cronograma_entrevistas_2017.pdf\">Anexo I<\/a>\u00a0&#8211;\u00a0Cronograma de entrevistas Sele\u00e7\u00e3o discentes 2017<\/p>\n<p style=\"font-family: calibri\" align=\"justify\"><a href=\"https:\/\/www.uern.br\/controledepaginas\/posensino-editais-2017\/arquivos\/5609anexo_ii_exame_proficiancia.pdf\">Anexo II<\/a>\u00a0<strong>&#8211;\u00a0<\/strong>Orienta\u00e7\u00f5es para Exame Profici\u00eancia Sele\u00e7\u00e3o discentes 2017<\/p>\n<p style=\"font-family: calibri\" align=\"justify\"><strong><a href=\"https:\/\/sigaa.uern.br\/sigaa\/verProducao?idProducao=2224243&amp;key=18ed56fac26c9b0e12d59a93352aa6a7\">Resultado 03\/2017<\/a>\u00a0<\/strong>&#8211;\u00a0Publica Resultado Recurso a prova escrita Sele\u00e7\u00e3o discentes 2017<\/p>\n<p style=\"font-family: calibri\" align=\"justify\"><strong><a href=\"https:\/\/sigaa.uern.br\/sigaa\/verProducao?idProducao=2224244&amp;key=c9b66ac412ccde85195fbd8f55af960e\">Resultado 04\/2017<\/a>\u00a0<\/strong>&#8211;\u00a0Publica Resultado das entrevistas Sele\u00e7\u00e3o discentes 2017<\/p>\n<p style=\"font-family: calibri\" align=\"justify\"><strong><a href=\"https:\/\/sigaa.uern.br\/sigaa\/verProducao?idProducao=2224245&amp;key=31626a81c64498b51044e152b1886464\">Resultado 05\/2017<\/a><\/strong>\u00a0&#8211;\u00a0Publica Resultado do Exame de Profici\u00eancia Sele\u00e7\u00e3o discentes 2017<\/p>\n<p style=\"font-family: calibri\" align=\"justify\"><strong><a href=\"https:\/\/sigaa.uern.br\/sigaa\/verProducao?idProducao=2224249&amp;key=b42ca5dabfc17ad209618a3d12430688\">Resultado 06\/2017<\/a>\u00a0<\/strong>&#8211;\u00a0\u00a0Publica Resultado da An\u00e1lise dos T\u00edtulos Sele\u00e7\u00e3o discentes 2017<\/p>\n<p style=\"font-family: calibri\" align=\"justify\"><strong><a href=\"https:\/\/sigaa.uern.br\/sigaa\/verProducao?idProducao=2224250&amp;key=11d94debd60d17b56c08e559ab13dab9\">Resultado 07\/2017<\/a>\u00a0<\/strong>&#8211;\u00a0Homologa Resultado Final da sele\u00e7\u00e3o discentes 2017 e d\u00e1 encaminhamento<\/p>\n<p>&nbsp;<\/p>\n<hr \/>\n<h4 style=\"font-family: calibri\" align=\"justify\">Sele\u00e7\u00e3o de alunos especiais 2017.2<\/h4>\n<p style=\"font-family: calibri\" align=\"justify\"><strong><a href=\"https:\/\/sigaa.uern.br\/sigaa\/verProducao?idProducao=2223707&amp;key=ee32ff0e74a14f9107719358bfe1eeb1\">Aluno Especial 2017.2<\/a><\/strong>\u00a0&#8211; Edital para sele\u00e7\u00e3o de aluno especial 2017.2<\/p>\n<p style=\"font-family: calibri\" align=\"justify\"><a href=\"https:\/\/sigaa.uern.br\/sigaa\/verProducao?idProducao=2224224&amp;key=2221b0f7b0ff1a412dee9d0307f4c3a6\">Retifica\u00e7\u00e3o Edital 01\/2017<\/a>\u00a0&#8211; Aluno especial 2017.2 Altera hor\u00e1rio disciplina<\/p>\n<p style=\"font-family: calibri\" align=\"justify\"><strong><a href=\"https:\/\/sigaa.uern.br\/sigaa\/verProducao?idProducao=2223708&amp;key=20fa91d15798b0e0ea6e2af6ade3996e\">Edital 02\/2017 &#8211; POSENSINO<\/a><\/strong>\u00a0&#8211;\u00a0Homologa resultado final de aluno especial 2017.2<\/p>\n<p>&nbsp;<\/p>\n<hr \/>\n<h4 style=\"font-family: calibri\" align=\"justify\">Sele\u00e7\u00e3o de alunos regulares 2018<\/h4>\n<p style=\"font-family: calibri\" align=\"justify\"><a href=\"https:\/\/sigaa.uern.br\/sigaa\/verProducao?idProducao=2224197&amp;key=b5dcee9f3c816d040a319f3446aea360\"><strong>Edital N\u00ba 03\/2017<\/strong><\/a>\u00a0&#8211;\u00a0Abre vagas para sele\u00e7\u00e3o discente 2018<\/p>\n<p style=\"font-family: calibri\" align=\"justify\"><strong><a href=\"https:\/\/sigaa.uern.br\/sigaa\/verProducao?idProducao=2224227&amp;key=da17ba04c4ae69c5526c71728ca2e794\">Anexo I<\/a><\/strong>\u00a0&#8211;\u00a0Formul\u00e1rio inscri\u00e7\u00e3o sele\u00e7\u00e3o 2018<\/p>\n<p style=\"font-family: calibri\" align=\"justify\"><strong><a href=\"https:\/\/sigaa.uern.br\/sigaa\/verProducao?idProducao=2224226&amp;key=4ca12ac4b4a37e10ecabdd97ba02e994\">Anexo II<\/a><\/strong>\u00a0&#8211;\u00a0Modelo para projeto de pesquisa<\/p>\n<p style=\"font-family: calibri\" align=\"justify\"><strong><a href=\"https:\/\/sigaa.uern.br\/sigaa\/verProducao?idProducao=2224228&amp;key=49dc1099beb416d4290c45b361d5d5ba\">Anexo III<\/a><\/strong>\u00a0&#8211;\u00a0Quadro de Vagas sele\u00e7\u00e3o 2018<\/p>\n<p style=\"font-family: calibri\" align=\"justify\"><strong><a href=\"https:\/\/sigaa.uern.br\/sigaa\/verProducao?idProducao=2224229&amp;key=5a9ca856457200f6df2c52106e1d01b8\">Anexo IV<\/a><\/strong>\u00a0&#8211;\u00a0Tabela pontua\u00e7\u00e3o de t\u00edtulos sele\u00e7\u00e3o 2018<\/p>\n<p style=\"font-family: calibri\" align=\"justify\"><strong><a href=\"https:\/\/sigaa.uern.br\/sigaa\/verProducao?idProducao=2224230&amp;key=6a44b7cb85b627b96792c8cb06423532\">Anexo V<\/a><\/strong>\u00a0&#8211;\u00a0Formul\u00e1rio para Assist\u00eancia e condi\u00e7\u00f5es especiais<\/p>\n<p style=\"font-family: calibri\" align=\"justify\"><strong><a href=\"https:\/\/sigaa.uern.br\/sigaa\/verProducao?idProducao=2224236&amp;key=426dd483b10bbbed59b2fd1848a65834\">Anexo VI<\/a><\/strong>\u00a0&#8211;\u00a0Referencias indicadas sele\u00e7\u00e3o 2018<\/p>\n<p style=\"font-family: calibri\" align=\"justify\"><strong><a href=\"https:\/\/sigaa.uern.br\/sigaa\/verProducao?idProducao=2224222&amp;key=e62f6ae71695a3986dc0830fad7d466f\">Retifica\u00e7\u00e3o\u00a0ao Edital n\u00ba 03\/2017<\/a><\/strong><\/p>\n<p style=\"font-family: calibri\" align=\"justify\"><strong><a href=\"https:\/\/sigaa.uern.br\/sigaa\/verProducao?idProducao=2224198&amp;key=82f9517debbcbade04111c5e113f25ad\">Edital 04\/2017<\/a><\/strong>\u00a0&#8211; Homologa\u00e7\u00e3o das inscri\u00e7\u00f5es sele\u00e7\u00e3o discente 2018<\/p>\n<p style=\"font-family: calibri\" align=\"justify\"><a href=\"https:\/\/sigaa.uern.br\/sigaa\/verProducao?idProducao=2224217&amp;key=b6623db84cf2fa05bf73d5ba4dac1386\"><strong>Aditivo I ao Edital 04\/2017<\/strong><\/a>\u00a0&#8211;\u00a0Homologa inscri\u00e7\u00f5es que indicaram pend\u00eancias<\/p>\n<p style=\"font-family: calibri\" align=\"justify\"><strong><a href=\"https:\/\/sigaa.uern.br\/sigaa\/verProducao?idProducao=2224218&amp;key=f7a0a5d52934cb133294594a4fb0f0f8\">Aditivo II ao Edital 04\/2017<\/a><\/strong>\u00a0&#8211; Homologa inscri\u00e7\u00f5es que indicaram pend\u00eancias<\/p>\n<p style=\"font-family: calibri\" align=\"justify\"><strong><a href=\"https:\/\/sigaa.uern.br\/sigaa\/verProducao?idProducao=2224199&amp;key=686ef880ba028de0bf997e5d22a1cd14\">Edital N\u00ba 05\/2017<\/a><\/strong>\u00a0&#8211;\u00a0Homologa resultado an\u00e1lise dos projetos sele\u00e7\u00e3o discente 2018.<\/p>\n<p style=\"font-family: calibri\" align=\"justify\"><strong><a href=\"https:\/\/sigaa.uern.br\/sigaa\/verProducao?idProducao=2224200&amp;key=46ac5fcadf5f9931aa110471ebbdfe86\">Edital n\u00ba 06\/2017<\/a><\/strong>\u00a0&#8211;\u00a0Homologa resultado da prova escrita (sele\u00e7\u00e3o discente 2018)<\/p>\n<p style=\"font-family: calibri\" align=\"justify\"><strong><a href=\"https:\/\/sigaa.uern.br\/sigaa\/verProducao?idProducao=2224201&amp;key=faaac8d65dc8d84b9cf472a962e15ddb\">Edital n\u00ba 07\/2017<\/a><\/strong>\u00a0&#8211;\u00a0Homologa resultado do recursos interpostos a prova escrita (sele\u00e7\u00e3o discente 2018)<\/p>\n<p style=\"font-family: calibri\" align=\"justify\"><strong><a href=\"https:\/\/sigaa.uern.br\/sigaa\/verProducao?idProducao=2224216&amp;key=f626e0590a35ffb1346e4e8d5808627b\">Anexo I ao Edital n\u00ba 07\/2017<\/a><\/strong>\u00a0&#8211;\u00a0Conograma de entrevistas\u00a0(sele\u00e7\u00e3o discente 2018)<\/p>\n<p style=\"font-family: calibri\" align=\"justify\"><strong><a href=\"https:\/\/sigaa.uern.br\/sigaa\/verProducao?idProducao=2224202&amp;key=65054f70191e4fccd2293eca051798b3\">Edital n\u00ba 08\/2017<\/a><\/strong>\u00a0&#8211; Homologa resultado das entrevistas (sele\u00e7\u00e3o discente 2018)<\/p>\n<p style=\"font-family: calibri\" align=\"justify\"><strong><a href=\"https:\/\/sigaa.uern.br\/sigaa\/verProducao?idProducao=2224209&amp;key=28945aff4d3ec3c05bdddb502e8564e2\">Edital n\u00ba 09\/2017<\/a><\/strong>\u00a0&#8211; Divulga resultado do Exame de Profici\u00eancia (sele\u00e7\u00e3o discente 2018)<\/p>\n<p style=\"font-family: calibri\" align=\"justify\"><strong><a href=\"https:\/\/sigaa.uern.br\/sigaa\/verProducao?idProducao=2224213&amp;key=7aeb2bf2c272086162c3678c966eeb6a\">Retifica\u00e7\u00e3o ao Edital n\u00ba 09\/2017<\/a><\/strong>\u00a0&#8211; Retifica\u00e7\u00e3o de Exame de Profici\u00eancia<\/p>\n<p style=\"font-family: calibri\" align=\"justify\"><a href=\"https:\/\/sigaa.uern.br\/sigaa\/verProducao?idProducao=2224210&amp;key=a755b9c9c68770a97b9fd91308486e16\"><strong>Edital n\u00ba 010\/2017<\/strong><\/a>\u00a0&#8211; Divulga resultado da An\u00e1lise dos T\u00edtulos (sele\u00e7\u00e3o discente 2018)<\/p>\n<p style=\"font-family: calibri\" align=\"justify\"><a href=\"https:\/\/sigaa.uern.br\/sigaa\/verProducao?idProducao=2224212&amp;key=c6769e453fb2ccd9bd9cad7a3b3c08f5\">Retifica\u00e7\u00e3o ao Edital n\u00ba 010\/2017<\/a>\u00a0&#8211; Retifica\u00e7\u00e3o de An\u00e1lise de T\u00edtulos (sele\u00e7\u00e3o discente 2018)<\/p>\n<p style=\"font-family: calibri\" align=\"justify\"><strong><a href=\"https:\/\/sigaa.uern.br\/sigaa\/verProducao?idProducao=2224211&amp;key=92be421d6e143bb96d643f6043b2103c\">Edital n\u00ba 011\/2017<\/a>\u00a0<\/strong>&#8211; Homologa Resultado Final sele\u00e7\u00e3o discentes 2018<\/p>\n<div>\n<ul>\n<li>Credenciamento de novos docentes &#8211;\u00a0<span style=\"text-decoration: underline\"><strong><a href=\"https:\/\/sigaa.uern.br\/sigaa\/verProducao?idProducao=2224278&amp;key=071b456318c2541c98d69b460f2015d3\">Comunicado<\/a><\/strong><\/span><\/li>\n<\/ul>\n<\/div>\n","protected":false},"excerpt":{"rendered":"<p>Sele\u00e7\u00e3o de alunos regulares 2017 Resultado 01\/2017\u00a0&#8211;\u00a0Publica resultado da an\u00e1lise dos projetos Sele\u00e7\u00e3o discentes 2017 Resultado 02\/2017\u00a0&#8211;\u00a0Publica resultado da Prova Escrita Sele\u00e7\u00e3o discentes 2017 Anexo I\u00a0&#8211;\u00a0Cronograma de entrevistas Sele\u00e7\u00e3o discentes 2017 Anexo II\u00a0&#8211;\u00a0Orienta\u00e7\u00f5es para Exame Profici\u00eancia Sele\u00e7\u00e3o discentes 2017 Resultado 03\/2017\u00a0&#8211;\u00a0Publica Resultado Recurso a prova escrita Sele\u00e7\u00e3o discentes 2017 Resultado 04\/2017\u00a0&#8211;\u00a0Publica Resultado das entrevistas Sele\u00e7\u00e3o [&hellip;]<\/p>\n","protected":false},"author":22,"featured_media":0,"parent":0,"menu_order":0,"comment_status":"closed","ping_status":"closed","template":"","meta":{"footnotes":""},"class_list":["post-674","page","type-page","status-publish","hentry"],"_links":{"self":[{"href":"https:\/\/portal.uern.br\/propeg\/posensino\/wp-json\/wp\/v2\/pages\/674","targetHints":{"allow":["GET"]}}],"collection":[{"href":"https:\/\/portal.uern.br\/propeg\/posensino\/wp-json\/wp\/v2\/pages"}],"about":[{"href":"https:\/\/portal.uern.br\/propeg\/posensino\/wp-json\/wp\/v2\/types\/page"}],"author":[{"embeddable":true,"href":"https:\/\/portal.uern.br\/propeg\/posensino\/wp-json\/wp\/v2\/users\/22"}],"replies":[{"embeddable":true,"href":"https:\/\/portal.uern.br\/propeg\/posensino\/wp-json\/wp\/v2\/comments?post=674"}],"version-history":[{"count":7,"href":"https:\/\/portal.uern.br\/propeg\/posensino\/wp-json\/wp\/v2\/pages\/674\/revisions"}],"predecessor-version":[{"id":986,"href":"https:\/\/portal.uern.br\/propeg\/posensino\/wp-json\/wp\/v2\/pages\/674\/revisions\/986"}],"wp:attachment":[{"href":"https:\/\/portal.uern.br\/propeg\/posensino\/wp-json\/wp\/v2\/media?parent=674"}],"curies":[{"name":"wp","href":"https:\/\/api.w.org\/{rel}","templated":true}]}}