{"id":672,"date":"2025-05-07T13:49:28","date_gmt":"2025-05-07T16:49:28","guid":{"rendered":"https:\/\/portal.uern.br\/propeg\/posensino\/?page_id=672"},"modified":"2025-07-09T12:30:46","modified_gmt":"2025-07-09T15:30:46","slug":"editais-2016","status":"publish","type":"page","link":"https:\/\/portal.uern.br\/propeg\/posensino\/editais-2016\/","title":{"rendered":"Editais 2016"},"content":{"rendered":"<h4 style=\"font-family: calibri\" align=\"justify\">Sele\u00e7\u00e3o de alunos regulares primeira turma<\/h4>\n<p style=\"font-family: calibri\" align=\"justify\"><strong><a href=\"https:\/\/sigaa.uern.br\/sigaa\/verProducao?idProducao=2224283&amp;key=d07452ce9bf2309f12a87614026b9c0e\">Edital 01\/2016<\/a><\/strong>\u00a0&#8211; Inscri\u00e7\u00e3o sele\u00e7\u00e3o mestrado 2016<\/p>\n<p style=\"font-family: calibri\" align=\"justify\"><strong><a href=\"https:\/\/sigaa.uern.br\/sigaa\/verProducao?idProducao=2224284&amp;key=9fd081e2510fa3d2022208f589c6d74a\">Edital 02\/2016<\/a><\/strong>\u00a0&#8211; Homologa inscri\u00e7\u00f5es sele\u00e7\u00e3o mestrado<\/p>\n<p style=\"font-family: calibri\" align=\"justify\"><strong><a href=\"https:\/\/sigaa.uern.br\/sigaa\/verProducao?idProducao=2224287&amp;key=413bbc569716e24db1f2279dc0dc9bfe\">Edital 03\/2016<\/a><\/strong>\u00a0&#8211; Resultado prova escrita<\/p>\n<p style=\"font-family: calibri\" align=\"justify\"><strong><a href=\"https:\/\/sigaa.uern.br\/sigaa\/verProducao?idProducao=2224290&amp;key=e0072f073626613f2f463fef48fad959\">Edital 04\/2016<\/a><\/strong>\u00a0&#8211; Resultado recurso prova escrita<\/p>\n<p style=\"font-family: calibri\" align=\"justify\"><strong><a href=\"https:\/\/sigaa.uern.br\/sigaa\/verProducao?idProducao=2224291&amp;key=0af36ad0bffed5258f1fda49fad28abc\">Edital 05\/2016<\/a><\/strong>\u00a0&#8211; Resultado an\u00e1lise dos projetos<\/p>\n<p style=\"font-family: calibri\" align=\"justify\"><strong><a href=\"https:\/\/sigaa.uern.br\/sigaa\/verProducao?idProducao=2224295&amp;key=9ac56dbb47b3916eb588a39da171bddd\">Edital 06\/2016<\/a><\/strong>\u00a0&#8211; Resultado entrevistas<\/p>\n<p style=\"font-family: calibri\" align=\"justify\"><strong><a href=\"https:\/\/sigaa.uern.br\/sigaa\/verProducao?idProducao=2224296&amp;key=7089b5346161678720c3cb1ee4ada969\">Edital 07\/2016<\/a><\/strong>\u00a0&#8211; Resultado exame profici\u00eancia<\/p>\n<p style=\"font-family: calibri\" align=\"justify\"><strong><a href=\"https:\/\/sigaa.uern.br\/sigaa\/verProducao?idProducao=2224299&amp;key=fe6255d3c6df31542ca98dbaeab2e074\">Edital 08\/2016<\/a><\/strong>\u00a0&#8211; Resultado dos t\u00edtulos e Final da sele\u00e7\u00e3o<\/p>\n<p>&nbsp;<\/p>\n<hr \/>\n<h4 style=\"font-family: calibri\" align=\"justify\">Sele\u00e7\u00e3o de alunos especiais 2016.1<\/h4>\n<p style=\"font-family: calibri\" align=\"justify\"><strong><a href=\"https:\/\/sigaa.uern.br\/sigaa\/verProducao?idProducao=2224302&amp;key=dedd153fc353c97b613a9f26b1bbcc4c\">Edital 09\/2016<\/a><\/strong>\u00a0&#8211; Inscri\u00e7\u00e3o para Aluno Especial 2016.1<\/p>\n<p style=\"font-family: calibri\" align=\"justify\"><strong><a href=\"https:\/\/sigaa.uern.br\/sigaa\/verProducao?idProducao=2224303&amp;key=9f0d09a54a6bf055d62c8416a1965c93\">Retifica\u00e7\u00e3o Edital 09\/2016<\/a><\/strong>\u00a0(Altera item 2.3 endere\u00e7o eletr\u00f4nico para envio de inscri\u00e7\u00e3o)<\/p>\n<p style=\"font-family: calibri\" align=\"justify\"><strong><a href=\"https:\/\/sigaa.uern.br\/sigaa\/verProducao?idProducao=2224304&amp;key=269ce3f9ee5ea75e60308c263195fd16\">Edital 010\/2016<\/a><\/strong>\u00a0&#8211; Resultado para Aluno Especial 2016.1<\/p>\n<p>&nbsp;<\/p>\n<hr \/>\n<h4 style=\"font-family: calibri\" align=\"justify\">Sele\u00e7\u00e3o de alunos especiais 2016.2<\/h4>\n<p style=\"font-family: calibri\" align=\"justify\"><strong><a href=\"https:\/\/sigaa.uern.br\/sigaa\/verProducao?idProducao=2224305&amp;key=9d5dbf8d82e582e9cce03ea95e839097\">Edital 011\/2016<\/a><\/strong>\u00a0&#8211; Inscri\u00e7\u00e3o para aluno especial 2016.2<\/p>\n<p style=\"font-family: calibri\" align=\"justify\"><strong><a href=\"https:\/\/sigaa.uern.br\/sigaa\/verProducao?idProducao=2224306&amp;key=532ed68c5fddd086fc617f639c9ef67c\">Homologa\u00e7\u00e3o resultado final aluno especial 2016.2<\/a><\/strong>\u00a0&#8211; Edital n\u00ba 011\/2016-POSENSINO<\/p>\n<p>&nbsp;<\/p>\n<hr \/>\n<h4 style=\"font-family: calibri\" align=\"justify\">Sele\u00e7\u00e3o de docentes<\/h4>\n<p style=\"font-family: calibri\" align=\"justify\"><a href=\"https:\/\/sigaa.uern.br\/sigaa\/verProducao?idProducao=2224307&amp;key=09ecb7e22e09f5017c0f41967422eeb1\"><strong>Edital 012\/2016<\/strong><\/a>\u00a0&#8211;\u00a0Abre sele\u00e7\u00e3o para novos docentes<span style=\"font-size: 0.7em;letter-spacing: 0px\">\u00a0<\/span><\/p>\n<p style=\"font-family: calibri\" align=\"justify\"><strong><a href=\"https:\/\/sigaa.uern.br\/sigaa\/verProducao?idProducao=2224308&amp;key=248cd6915c84f1a60f8548e6ba7a2e8a\">Edital 013\/2016<\/a>\u00a0&#8211;\u00a0<\/strong>Homologa inscritos sele\u00e7\u00e3o de docente 2016<\/p>\n<p><span style=\"font-size: 0.7em;letter-spacing: 0px\">\u00a0<\/span><\/p>\n<hr \/>\n<h4 style=\"font-family: calibri\" align=\"justify\">Sele\u00e7\u00e3o de alunos regulares &#8211; turma 2017<\/h4>\n<p style=\"font-family: calibri\" align=\"justify\"><strong><a href=\"https:\/\/sigaa.uern.br\/sigaa\/verProducao?idProducao=2224309&amp;key=781fb86a719983ed27d2d5bca7a3a4b3\">Edital 014\/2016<\/a><\/strong>\u00a0&#8211; Abre processo de sele\u00e7\u00e3o POSENSINO 2017<\/p>\n<p style=\"font-family: calibri\" align=\"justify\"><strong><a href=\"https:\/\/sigaa.uern.br\/sigaa\/verProducao?idProducao=2224310&amp;key=c7a27338b1d7459cab7b9a26fc6dda00\">RETIFICA\u00c7\u00c3O &#8211; EDITAL 014\/2016<\/a><\/strong><\/p>\n<p style=\"font-family: calibri\" align=\"justify\"><strong><a href=\"https:\/\/sigaa.uern.br\/sigaa\/verProducao?idProducao=2224312&amp;key=a384c584fa428fddf93d8f0cbfba4ea8\">Aditivo n. 01\/2016<\/a><\/strong>\u00a0&#8211; Homologa resultado das inscri\u00e7\u00f5es sele\u00e7\u00e3o 2017.<\/p>\n<p style=\"font-family: calibri\" align=\"justify\">As publica\u00e7\u00f5es das etapas subsequentes da sele\u00e7\u00e3o est\u00e3o dispon\u00edveis na p\u00e1gina de <a href=\"https:\/\/portal.uern.br\/propeg\/posensino\/editais-2017\/\">editais de 2017<\/a>.<\/p>\n<p>&nbsp;<\/p>\n","protected":false},"excerpt":{"rendered":"<p>Sele\u00e7\u00e3o de alunos regulares primeira turma Edital 01\/2016\u00a0&#8211; Inscri\u00e7\u00e3o sele\u00e7\u00e3o mestrado 2016 Edital 02\/2016\u00a0&#8211; Homologa inscri\u00e7\u00f5es sele\u00e7\u00e3o mestrado Edital 03\/2016\u00a0&#8211; Resultado prova escrita Edital 04\/2016\u00a0&#8211; Resultado recurso prova escrita Edital 05\/2016\u00a0&#8211; Resultado an\u00e1lise dos projetos Edital 06\/2016\u00a0&#8211; Resultado entrevistas Edital 07\/2016\u00a0&#8211; Resultado exame profici\u00eancia Edital 08\/2016\u00a0&#8211; Resultado dos t\u00edtulos e Final da sele\u00e7\u00e3o &nbsp; Sele\u00e7\u00e3o [&hellip;]<\/p>\n","protected":false},"author":22,"featured_media":0,"parent":0,"menu_order":0,"comment_status":"closed","ping_status":"closed","template":"","meta":{"footnotes":""},"class_list":["post-672","page","type-page","status-publish","hentry"],"_links":{"self":[{"href":"https:\/\/portal.uern.br\/propeg\/posensino\/wp-json\/wp\/v2\/pages\/672","targetHints":{"allow":["GET"]}}],"collection":[{"href":"https:\/\/portal.uern.br\/propeg\/posensino\/wp-json\/wp\/v2\/pages"}],"about":[{"href":"https:\/\/portal.uern.br\/propeg\/posensino\/wp-json\/wp\/v2\/types\/page"}],"author":[{"embeddable":true,"href":"https:\/\/portal.uern.br\/propeg\/posensino\/wp-json\/wp\/v2\/users\/22"}],"replies":[{"embeddable":true,"href":"https:\/\/portal.uern.br\/propeg\/posensino\/wp-json\/wp\/v2\/comments?post=672"}],"version-history":[{"count":7,"href":"https:\/\/portal.uern.br\/propeg\/posensino\/wp-json\/wp\/v2\/pages\/672\/revisions"}],"predecessor-version":[{"id":987,"href":"https:\/\/portal.uern.br\/propeg\/posensino\/wp-json\/wp\/v2\/pages\/672\/revisions\/987"}],"wp:attachment":[{"href":"https:\/\/portal.uern.br\/propeg\/posensino\/wp-json\/wp\/v2\/media?parent=672"}],"curies":[{"name":"wp","href":"https:\/\/api.w.org\/{rel}","templated":true}]}}