{"id":668,"date":"2025-05-07T13:45:03","date_gmt":"2025-05-07T16:45:03","guid":{"rendered":"https:\/\/portal.uern.br\/propeg\/posensino\/?page_id=668"},"modified":"2025-07-01T13:29:21","modified_gmt":"2025-07-01T16:29:21","slug":"pos-doutorado","status":"publish","type":"page","link":"https:\/\/portal.uern.br\/propeg\/posensino\/pos-doutorado\/","title":{"rendered":"P\u00f3s-Doutorado"},"content":{"rendered":"<p style=\"font-family: calibri\" align=\"justify\">O Est\u00e1gio P\u00f3s-Doutoral no Programa de P\u00f3s-Gradua\u00e7\u00e3o em Ensino (POSENSINO\/UERN\/IFRN\/UFERSA) consiste em um est\u00e1gio acad\u00eamico com a finalidade de estabelecer interc\u00e2mbio cient\u00edfico e consolida\u00e7\u00e3o de tem\u00e1ticas de pesquisa com relev\u00e2ncia para o desenvolvimento da \u00e1rea do Ensino. \u00c9 regulamentado pela Resolu\u00e7\u00e3o N\u00b0 01\/2021 &#8211; POSENSINO\/UERN\/UFERSA\/IFRN.<\/p>\n<p style=\"font-family: calibri\" align=\"justify\">Clique\u00a0<strong><a href=\"https:\/\/sigaa.uern.br\/sigaa\/verProducao?idProducao=2228577&amp;key=1a61d2f92908cf57c0fd4531b01dea40\"><span style=\"text-decoration: underline\">aqui<\/span><\/a><\/strong>\u00a0para conferir o documento.<\/p>\n<p>&nbsp;<\/p>\n<p style=\"font-family: calibri\" align=\"justify\">Para solicita\u00e7\u00e3o da emiss\u00e3o de certificado de realiza\u00e7\u00e3o de est\u00e1gio \u00f3s-doutoral no Posensino, conforme\u00a0<a href=\"https:\/\/portal.uern.br\/propeg\/wp-content\/uploads\/2024\/05\/6-Instrucao_Normativa_Certificado_Pos_Doc.pdf\"><span style=\"text-decoration: underline\"><strong>Instru\u00e7\u00e3o Normativa n\u00b0 02\/2024-PROPEG\/UERN<\/strong><\/span><\/a>, \u00e9 necess\u00e1rio encaminhar para o email da coordena\u00e7\u00e3o geral do programa os documentos a seguir elencados:<\/p>\n<p>&nbsp;<\/p>\n<pre style=\"font-family: calibri\">I. Relat\u00f3rio T\u00e9cnico-Cient\u00edfico, apresentando todos os resultados e a\u00e7\u00f5es desenvolvidas conforme plano de\u00a0trabalho inicial;<\/pre>\n<pre style=\"font-family: calibri\">II. Registro de ata da apresenta\u00e7\u00e3o dos resultados a partir do Semin\u00e1rio de Consolida\u00e7\u00e3o, modelo dispon\u00edvel\u00a0<a href=\"https:\/\/sigaa.uern.br\/sigaa\/verProducao?idProducao=2253847&amp;key=2a14dfcb76c36dd7b5939f88de1bea67\"><span style=\"text-decoration: underline\"><strong>aqui<\/strong><\/span><\/a>;<\/pre>\n<pre style=\"font-family: calibri\">III. Parecer final de recomenda\u00e7\u00e3o desenvolvido pela Comiss\u00e3o Interna de Avalia\u00e7\u00e3o do Programa de P\u00f3s-\u00a0Gradua\u00e7\u00e3o.<\/pre>\n<pre style=\"font-family: calibri\">IV. Ata de aprova\u00e7\u00e3o do parecer no colegiado do Programa de P\u00f3s-gradua\u00e7\u00e3o.\r\n<\/pre>\n","protected":false},"excerpt":{"rendered":"<p>O Est\u00e1gio P\u00f3s-Doutoral no Programa de P\u00f3s-Gradua\u00e7\u00e3o em Ensino (POSENSINO\/UERN\/IFRN\/UFERSA) consiste em um est\u00e1gio acad\u00eamico com a finalidade de estabelecer interc\u00e2mbio cient\u00edfico e consolida\u00e7\u00e3o de tem\u00e1ticas de pesquisa com relev\u00e2ncia para o desenvolvimento da \u00e1rea do Ensino. \u00c9 regulamentado pela Resolu\u00e7\u00e3o N\u00b0 01\/2021 &#8211; POSENSINO\/UERN\/UFERSA\/IFRN. Clique\u00a0aqui\u00a0para conferir o documento. &nbsp; Para solicita\u00e7\u00e3o da emiss\u00e3o de [&hellip;]<\/p>\n","protected":false},"author":22,"featured_media":0,"parent":0,"menu_order":0,"comment_status":"closed","ping_status":"closed","template":"","meta":{"footnotes":""},"class_list":["post-668","page","type-page","status-publish","hentry"],"_links":{"self":[{"href":"https:\/\/portal.uern.br\/propeg\/posensino\/wp-json\/wp\/v2\/pages\/668","targetHints":{"allow":["GET"]}}],"collection":[{"href":"https:\/\/portal.uern.br\/propeg\/posensino\/wp-json\/wp\/v2\/pages"}],"about":[{"href":"https:\/\/portal.uern.br\/propeg\/posensino\/wp-json\/wp\/v2\/types\/page"}],"author":[{"embeddable":true,"href":"https:\/\/portal.uern.br\/propeg\/posensino\/wp-json\/wp\/v2\/users\/22"}],"replies":[{"embeddable":true,"href":"https:\/\/portal.uern.br\/propeg\/posensino\/wp-json\/wp\/v2\/comments?post=668"}],"version-history":[{"count":4,"href":"https:\/\/portal.uern.br\/propeg\/posensino\/wp-json\/wp\/v2\/pages\/668\/revisions"}],"predecessor-version":[{"id":917,"href":"https:\/\/portal.uern.br\/propeg\/posensino\/wp-json\/wp\/v2\/pages\/668\/revisions\/917"}],"wp:attachment":[{"href":"https:\/\/portal.uern.br\/propeg\/posensino\/wp-json\/wp\/v2\/media?parent=668"}],"curies":[{"name":"wp","href":"https:\/\/api.w.org\/{rel}","templated":true}]}}