{"id":665,"date":"2025-05-07T13:42:37","date_gmt":"2025-05-07T16:42:37","guid":{"rendered":"https:\/\/portal.uern.br\/propeg\/posensino\/?page_id=665"},"modified":"2025-07-01T13:42:30","modified_gmt":"2025-07-01T16:42:30","slug":"links-uteis","status":"publish","type":"page","link":"https:\/\/portal.uern.br\/propeg\/posensino\/links-uteis\/","title":{"rendered":"Links \u00dateis"},"content":{"rendered":"<p style=\"font-family: calibri\" align=\"justify\">&gt;\u00a0<a href=\"https:\/\/posensino.ufersa.edu.br\/\">P\u00e1gina do POSENSINO no Portal da UFERSA<\/a><\/p>\n<p style=\"font-family: calibri\" align=\"justify\">&gt;\u00a0<a href=\"https:\/\/periodicos.apps.uern.br\/index.php\/RECEI\">RECEI \u2013 Revista Eletr\u00f4nica Cient\u00edfica Ensino Interdisciplinar<\/a><\/p>\n<p style=\"font-family: calibri\" align=\"justify\">&gt;\u00a0<a href=\"https:\/\/repositorio.apps.uern.br\/xmlui\/\">Reposit\u00f3rio da Biblioteca central da uern<\/a><\/p>\n<p style=\"font-family: calibri\" align=\"justify\">&gt;\u00a0<a href=\"https:\/\/plataforma2125.de\/formulario\/cadastro\">Formul\u00e1rio para cadastro na Biblioteca Central da UERN<\/a><\/p>\n<p style=\"font-family: calibri\" align=\"justify\">&gt;\u00a0<a href=\"http:\/\/www.fapern.rn.gov.br\/\">FAPERN<\/a><\/p>\n<p style=\"font-family: calibri\" align=\"justify\">&gt;\u00a0<a href=\"https:\/\/www.gov.br\/capes\/pt-br\">CAPES<\/a><\/p>\n<p style=\"font-family: calibri\" align=\"justify\">&gt;\u00a0<a href=\"https:\/\/www.gov.br\/capes\/pt-br\/acesso-a-informacao\/acoes-e-programas\/avaliacao\/sobre-a-avaliacao\/areas-avaliacao\/sobre-as-areas-de-avaliacao\/colegio-de-ciencias-exatas-tecnologicas-e-multidisciplinar\/multidisciplinar\/ensino\">\u00c1rea de Ensino &#8211; CAPES<\/a><\/p>\n<p style=\"font-family: calibri\" align=\"justify\">&gt;\u00a0<a href=\"https:\/\/www.gov.br\/cnpq\/pt-br\">CNPq<\/a><\/p>\n<p style=\"font-family: calibri\" align=\"justify\">&gt;\u00a0<a href=\"http:\/\/www.finep.gov.br\/\">FINEP<\/a><\/p>\n<p style=\"font-family: calibri\" align=\"justify\">&gt;\u00a0<a href=\"https:\/\/www.gov.br\/mec\/pt-br\">MEC<\/a><\/p>\n<p>&nbsp;<\/p>\n<p style=\"font-family: calibri\" align=\"justify\">&gt;<strong>\u00a0Para informa\u00e7\u00f5es sobre cursos de l\u00ednguas estrangeiras e exames de profici\u00eancia, visite as p\u00e1ginas do CELIS\/UFERSA\u00a0e NEEL\/UERN<\/strong><\/p>\n<p style=\"font-family: calibri\" align=\"justify\">&gt;\u00a0<a href=\"https:\/\/celis.ufersa.edu.br\/\">CELIS\/UFERSA<\/a><\/p>\n<p style=\"font-family: calibri\" align=\"justify\">&gt;\u00a0<a href=\"https:\/\/portal.uern.br\/fala\/neel\/\">NEEL\/UERN<\/a><\/p>\n","protected":false},"excerpt":{"rendered":"<p>&gt;\u00a0P\u00e1gina do POSENSINO no Portal da UFERSA &gt;\u00a0RECEI \u2013 Revista Eletr\u00f4nica Cient\u00edfica Ensino Interdisciplinar &gt;\u00a0Reposit\u00f3rio da Biblioteca central da uern &gt;\u00a0Formul\u00e1rio para cadastro na Biblioteca Central da UERN &gt;\u00a0FAPERN &gt;\u00a0CAPES &gt;\u00a0\u00c1rea de Ensino &#8211; CAPES &gt;\u00a0CNPq &gt;\u00a0FINEP &gt;\u00a0MEC &nbsp; &gt;\u00a0Para informa\u00e7\u00f5es sobre cursos de l\u00ednguas estrangeiras e exames de profici\u00eancia, visite as p\u00e1ginas do CELIS\/UFERSA\u00a0e [&hellip;]<\/p>\n","protected":false},"author":22,"featured_media":0,"parent":0,"menu_order":0,"comment_status":"closed","ping_status":"closed","template":"","meta":{"footnotes":""},"class_list":["post-665","page","type-page","status-publish","hentry"],"_links":{"self":[{"href":"https:\/\/portal.uern.br\/propeg\/posensino\/wp-json\/wp\/v2\/pages\/665","targetHints":{"allow":["GET"]}}],"collection":[{"href":"https:\/\/portal.uern.br\/propeg\/posensino\/wp-json\/wp\/v2\/pages"}],"about":[{"href":"https:\/\/portal.uern.br\/propeg\/posensino\/wp-json\/wp\/v2\/types\/page"}],"author":[{"embeddable":true,"href":"https:\/\/portal.uern.br\/propeg\/posensino\/wp-json\/wp\/v2\/users\/22"}],"replies":[{"embeddable":true,"href":"https:\/\/portal.uern.br\/propeg\/posensino\/wp-json\/wp\/v2\/comments?post=665"}],"version-history":[{"count":7,"href":"https:\/\/portal.uern.br\/propeg\/posensino\/wp-json\/wp\/v2\/pages\/665\/revisions"}],"predecessor-version":[{"id":922,"href":"https:\/\/portal.uern.br\/propeg\/posensino\/wp-json\/wp\/v2\/pages\/665\/revisions\/922"}],"wp:attachment":[{"href":"https:\/\/portal.uern.br\/propeg\/posensino\/wp-json\/wp\/v2\/media?parent=665"}],"curies":[{"name":"wp","href":"https:\/\/api.w.org\/{rel}","templated":true}]}}