{"id":648,"date":"2025-05-05T13:43:08","date_gmt":"2025-05-05T16:43:08","guid":{"rendered":"https:\/\/portal.uern.br\/propeg\/posensino\/?page_id=648"},"modified":"2025-07-01T11:10:00","modified_gmt":"2025-07-01T14:10:00","slug":"recredenciamento","status":"publish","type":"page","link":"https:\/\/portal.uern.br\/propeg\/posensino\/recredenciamento\/","title":{"rendered":"Recredenciamento"},"content":{"rendered":"<p style=\"font-family: calibri\" align=\"justify\">O \u00faltimo processo de recredenciamento ocorreu em 2022, conforme processo abaixo:<\/p>\n<p>&nbsp;<\/p>\n<p style=\"font-family: calibri\" align=\"justify\"><strong>Recredenciamento do quadro docente do POSENSINO 2022<\/strong><\/p>\n<p style=\"font-family: calibri\" align=\"justify\">A Coordena\u00e7\u00e3o do Programa de P\u00f3s-Gradua\u00e7\u00e3o em Ensino \u2013 POSENSINO, associa\u00e7\u00e3o ampla da Universidade do Estado do Rio Grande do Norte \u2013 UERN, Universidade Federal Rural do Semi-\u00c1rido \u2013 UFERSA e Instituto Federal de Educa\u00e7\u00e3o, Ci\u00eancia e Tecnologia \u2013 IFRN, torna p\u00fablico o processo de recredenciamento de docentes permanentes e\/ou colaboradores do Programa.<\/p>\n<p>&nbsp;<\/p>\n<div style=\"font-family: calibri\" align=\"justify\">\n<table class=\"table table-striped\" border=\"1px\" cellspacing=\"0\" cellpadding=\"0\">\n<tbody>\n<tr>\n<td>Per\u00edodo de inscri\u00e7\u00f5es<\/td>\n<td>03 a 25 de fevereiro de 2022<\/td>\n<\/tr>\n<tr>\n<td>Homologa\u00e7\u00e3o das inscri\u00e7\u00f5es<\/td>\n<td>04 de mar\u00e7o de 2022<\/td>\n<\/tr>\n<tr>\n<td>Divulga\u00e7\u00e3o de resultado parcial<\/td>\n<td>07 de mar\u00e7o de 2022<\/td>\n<\/tr>\n<tr>\n<td>Per\u00edodo para recursos<\/td>\n<td>08 de mar\u00e7o de 2022<\/td>\n<\/tr>\n<tr>\n<td>Resultado dos recursos<\/td>\n<td>09 de mar\u00e7o de 2022<\/td>\n<\/tr>\n<tr>\n<td>Homologa\u00e7\u00e3o e resultado final<\/td>\n<td>10 de mar\u00e7o de 2022<\/td>\n<\/tr>\n<\/tbody>\n<\/table>\n<\/div>\n<p>&nbsp;<\/p>\n<p style=\"font-family: calibri\" align=\"justify\"><a href=\"https:\/\/sigaa.uern.br\/sigaa\/verProducao?idProducao=2218862&amp;key=4f4a85994cbaa94fbeb56d8617f0126f\"><span style=\"text-decoration: underline\"><strong>Edital 001\/2022<\/strong><\/span><\/a><\/p>\n<p style=\"font-family: calibri\" align=\"justify\">Formul\u00e1rio para inscri\u00e7\u00e3o dispon\u00edvel\u00a0<a href=\"https:\/\/forms.gle\/rzUuK2jJdaNPKhWj7\">aqui<\/a><\/p>\n<p style=\"font-family: calibri\" align=\"justify\"><span style=\"text-decoration: underline\"><strong><a href=\"https:\/\/sigaa.uern.br\/sigaa\/verProducao?idProducao=2218869&amp;key=e8c92f6746c500a8fda741caa3341da5\">Edital 006\/2022<\/a><\/strong><\/span>\u00a0&#8211; Homologa inscri\u00e7\u00f5es para o recredenciamento docente do POSENSINO<\/p>\n<p style=\"font-family: calibri\" align=\"justify\"><a href=\"https:\/\/sigaa.uern.br\/sigaa\/verProducao?idProducao=2218870&amp;key=53285e6b75c05960f3ce95b714ab1c98\"><span style=\"text-decoration: underline\"><strong>Edital 007\/2022<\/strong><\/span><\/a>\u00a0&#8211; Resultado parcial do recredenciamento docente do POSENSINO<\/p>\n<p style=\"font-family: calibri\" align=\"justify\"><span style=\"text-decoration: underline\"><strong><a href=\"https:\/\/sigaa.uern.br\/sigaa\/verProducao?idProducao=2218873&amp;key=0e9153407d5c9704c92056393fd97367\">Edital 010\/2022<\/a><\/strong><\/span>\u00a0&#8211; Resultado final do recredenciamento docente do POSENSINO<\/p>\n<div><\/div>\n<div><\/div>\n","protected":false},"excerpt":{"rendered":"<p>O \u00faltimo processo de recredenciamento ocorreu em 2022, conforme processo abaixo: &nbsp; Recredenciamento do quadro docente do POSENSINO 2022 A Coordena\u00e7\u00e3o do Programa de P\u00f3s-Gradua\u00e7\u00e3o em Ensino \u2013 POSENSINO, associa\u00e7\u00e3o ampla da Universidade do Estado do Rio Grande do Norte \u2013 UERN, Universidade Federal Rural do Semi-\u00c1rido \u2013 UFERSA e Instituto Federal de Educa\u00e7\u00e3o, Ci\u00eancia [&hellip;]<\/p>\n","protected":false},"author":22,"featured_media":0,"parent":0,"menu_order":0,"comment_status":"closed","ping_status":"closed","template":"","meta":{"footnotes":""},"class_list":["post-648","page","type-page","status-publish","hentry"],"_links":{"self":[{"href":"https:\/\/portal.uern.br\/propeg\/posensino\/wp-json\/wp\/v2\/pages\/648","targetHints":{"allow":["GET"]}}],"collection":[{"href":"https:\/\/portal.uern.br\/propeg\/posensino\/wp-json\/wp\/v2\/pages"}],"about":[{"href":"https:\/\/portal.uern.br\/propeg\/posensino\/wp-json\/wp\/v2\/types\/page"}],"author":[{"embeddable":true,"href":"https:\/\/portal.uern.br\/propeg\/posensino\/wp-json\/wp\/v2\/users\/22"}],"replies":[{"embeddable":true,"href":"https:\/\/portal.uern.br\/propeg\/posensino\/wp-json\/wp\/v2\/comments?post=648"}],"version-history":[{"count":4,"href":"https:\/\/portal.uern.br\/propeg\/posensino\/wp-json\/wp\/v2\/pages\/648\/revisions"}],"predecessor-version":[{"id":914,"href":"https:\/\/portal.uern.br\/propeg\/posensino\/wp-json\/wp\/v2\/pages\/648\/revisions\/914"}],"wp:attachment":[{"href":"https:\/\/portal.uern.br\/propeg\/posensino\/wp-json\/wp\/v2\/media?parent=648"}],"curies":[{"name":"wp","href":"https:\/\/api.w.org\/{rel}","templated":true}]}}