{"id":646,"date":"2025-05-05T13:41:41","date_gmt":"2025-05-05T16:41:41","guid":{"rendered":"https:\/\/portal.uern.br\/propeg\/posensino\/?page_id=646"},"modified":"2025-06-25T14:05:05","modified_gmt":"2025-06-25T17:05:05","slug":"credenciamento-de-docentes","status":"publish","type":"page","link":"https:\/\/portal.uern.br\/propeg\/posensino\/credenciamento-de-docentes\/","title":{"rendered":"Credenciamento de Docentes"},"content":{"rendered":"<p style=\"font-family: calibri\" align=\"justify\">Os processos seletivos para credenciamento de docentes permanentes e\/ou colaboradores do\u00a0Programa acontece\u00a0em demanda cont\u00ednua.<\/p>\n<p>&nbsp;<\/p>\n<p style=\"font-family: calibri\" align=\"justify\">Visualize a \u00faltima Chamada P\u00fablica de 2024 abaixo:<\/p>\n<p>&nbsp;<\/p>\n<p style=\"font-family: calibri\" align=\"justify\"><strong><a href=\"https:\/\/sigaa.uern.br\/sigaa\/verProducao?idProducao=2208342&amp;key=3483a6926bfc0215b34259f3a9e09a8b\">Edital n\u00b0 022\/2024-POSENSINO<\/a><\/strong>\u00a0&#8211;\u00a0 Chamada P\u00fablica para credenciamento docente no Posensino<\/p>\n<p style=\"font-family: calibri\" align=\"justify\"><strong><a href=\"https:\/\/sigaa.uern.br\/sigaa\/verProducao?idProducao=2217801&amp;key=b6e2edc05c3d89777201f242284614fb\">Edital N\u00b0 024\/2024-POSENSINO<\/a>\u00a0<\/strong><strong>&#8211;\u00a0<\/strong>Homologa\u00e7\u00e3o das Inscri\u00e7\u00f5es para credenciamento docente no Posensino<\/p>\n<p style=\"font-family: calibri\" align=\"justify\"><a href=\"https:\/\/sigaa.uern.br\/sigaa\/verProducao?idProducao=2218823&amp;key=d6f1e969949f2c5415c363aeedb7078d\"><strong>Edital N\u00b0 025\/2024-POSENSINO<\/strong><\/a>\u00a0&#8211;\u00a0Homologa\u00e7\u00e3o das Inscri\u00e7\u00f5es para credenciamento docente no Posensino ap\u00f3s interposi\u00e7\u00e3o de recursos<\/p>\n<p>&nbsp;<\/p>\n","protected":false},"excerpt":{"rendered":"<p>Os processos seletivos para credenciamento de docentes permanentes e\/ou colaboradores do\u00a0Programa acontece\u00a0em demanda cont\u00ednua. &nbsp; Visualize a \u00faltima Chamada P\u00fablica de 2024 abaixo: &nbsp; Edital n\u00b0 022\/2024-POSENSINO\u00a0&#8211;\u00a0 Chamada P\u00fablica para credenciamento docente no Posensino Edital N\u00b0 024\/2024-POSENSINO\u00a0&#8211;\u00a0Homologa\u00e7\u00e3o das Inscri\u00e7\u00f5es para credenciamento docente no Posensino Edital N\u00b0 025\/2024-POSENSINO\u00a0&#8211;\u00a0Homologa\u00e7\u00e3o das Inscri\u00e7\u00f5es para credenciamento docente no Posensino ap\u00f3s [&hellip;]<\/p>\n","protected":false},"author":22,"featured_media":0,"parent":0,"menu_order":0,"comment_status":"closed","ping_status":"closed","template":"","meta":{"footnotes":""},"class_list":["post-646","page","type-page","status-publish","hentry"],"_links":{"self":[{"href":"https:\/\/portal.uern.br\/propeg\/posensino\/wp-json\/wp\/v2\/pages\/646","targetHints":{"allow":["GET"]}}],"collection":[{"href":"https:\/\/portal.uern.br\/propeg\/posensino\/wp-json\/wp\/v2\/pages"}],"about":[{"href":"https:\/\/portal.uern.br\/propeg\/posensino\/wp-json\/wp\/v2\/types\/page"}],"author":[{"embeddable":true,"href":"https:\/\/portal.uern.br\/propeg\/posensino\/wp-json\/wp\/v2\/users\/22"}],"replies":[{"embeddable":true,"href":"https:\/\/portal.uern.br\/propeg\/posensino\/wp-json\/wp\/v2\/comments?post=646"}],"version-history":[{"count":3,"href":"https:\/\/portal.uern.br\/propeg\/posensino\/wp-json\/wp\/v2\/pages\/646\/revisions"}],"predecessor-version":[{"id":863,"href":"https:\/\/portal.uern.br\/propeg\/posensino\/wp-json\/wp\/v2\/pages\/646\/revisions\/863"}],"wp:attachment":[{"href":"https:\/\/portal.uern.br\/propeg\/posensino\/wp-json\/wp\/v2\/media?parent=646"}],"curies":[{"name":"wp","href":"https:\/\/api.w.org\/{rel}","templated":true}]}}